{"id":98,"date":"2014-03-06T12:00:00","date_gmt":"2014-03-06T11:00:00","guid":{"rendered":"http:\/\/incognito.vu\/wordpress\/?page_id=98"},"modified":"2017-01-16T11:28:46","modified_gmt":"2017-01-16T10:28:46","slug":"bp","status":"publish","type":"page","link":"https:\/\/incognito24h24.com\/ru\/artistes-resident\/bp\/","title":{"rendered":"BP"},"content":{"rendered":"<p>On conna\u00eet le travail du groupe d\u2019artiste BP qui depuis la fin des ann\u00e9es quatre-vingt d\u00e9veloppe une vision critique et ironique d\u2019une r\u00e9alit\u00e9 contemporaine r\u00e9gie par les int\u00e9r\u00eats convergents du billet vert et de l\u2019industrie p\u00e9troli\u00e8re.<br \/>\nUne industrie o\u00f9 les \u00e9changes se monnaient en P\u00e9trodollars, valeur vindicative et virtuelle \u00e0 laquelle BP donne corps en r\u00e9alisant, pour la galerie incognito, une s\u00e9rie de dollars encadr\u00e9s, imbib\u00e9s d\u2019huile de vidange et diffusant une aur\u00e9ole sombre et graisseuse. De l\u2019argent sale en quelque sorte, par\u00e9 de l\u2019envo\u00fbtant parfum des hydrocarbures.<br \/>\n<br \/><a href=\"www.bp-officialsite.com\"><img class=\"alignleft size-full wp-image-72\" alt=\"lien vers le site le groupe BP sur le net\" src=\"\/wordpress\/wp-content\/uploads\/bounce.png\" \/><\/a> <a href=\"www.bp-officialsite.com\"> le groupe BP sur le net<\/a><\/p>\n<h2>Vernissages \/ \u00e9v\u00e9nements :<\/h2>\n<p> &bull; (2002-12-12 &#8211; 2003-02-28) Petrodollars<\/p>\n<p>Visuels :<br \/><img src=\"\/wordpress\/wp-content\/uploads\/img\/1wb2.jpg\" title=\"un dollar (billet, huile de vidange sur papier Arches - 42 x 22, Edition #100 : 350 euros)\" \/>&nbsp;&nbsp;<img src=\"\/wordpress\/wp-content\/uploads\/img\/2wb.jpg\" title=\"deux dollars (billet, huile de vidange sur papier Arches - 42 x 22 : collection priv\u00e9e)\" \/>&nbsp;&nbsp;<img src=\"\/wordpress\/wp-content\/uploads\/img\/10wb.jpg\" title=\"dix dollars (billet, huile de vidange sur papier Arches - 42 x 22 : collection priv\u00e9e)\" \/>&nbsp;&nbsp;<img src=\"\/wordpress\/wp-content\/uploads\/img\/50wb.jpg\" title=\"cinquante dollars (billet, huile de vidange sur papier Arches - 42 x 22 : 800 euros)\" \/>&nbsp;&nbsp;<img src=\"\/wordpress\/wp-content\/uploads\/img\/5wb2.jpg\" title=\"cinq dollars (billet, huile de vidange sur papier Arches - 42 x 22 : 500 euros)\" \/>&nbsp;&nbsp;<img src=\"\/wordpress\/wp-content\/uploads\/img\/20wb2.jpg\" title=\"vingt dollars (billet, huile de vidange sur papier Arches - 42 x 22 : 600 euros)\" \/>&nbsp;&nbsp;<img src=\"\/wordpress\/wp-content\/uploads\/img\/100wb.jpg\" title=\"cent dollars (billet, huile de vidange sur papier Arches - 42 x 22 : 1000 euros)\" \/>&nbsp;&nbsp;<br \/>&bull; (2002-12-12 &#8211; 0000-00-00) opening BP Renaud Layrac (photo) &#038; Fr\u00e9d\u00e9ric Pohl<\/p>\n<p>Visuels :<br \/><img src=\"\/wordpress\/wp-content\/uploads\/img\/vern2wb.jpg\" title=\" ( -  : )\" \/>&nbsp;&nbsp;<img src=\"\/wordpress\/wp-content\/uploads\/img\/vern3wb.jpg\" title=\" ( -  : )\" \/>&nbsp;&nbsp;<img src=\"\/wordpress\/wp-content\/uploads\/img\/vern4wb.jpg\" title=\" ( -  : )\" \/>&nbsp;&nbsp;<img src=\"\/wordpress\/wp-content\/uploads\/img\/vern5wb.jpg\" title=\" ( -  : )\" \/>&nbsp;&nbsp;<img src=\"\/wordpress\/wp-content\/uploads\/img\/vern6wb.jpg\" title=\" ( -  : )\" \/>&nbsp;&nbsp;<img src=\"\/wordpress\/wp-content\/uploads\/img\/vern7wb.jpg\" title=\" ( -  : )\" \/>&nbsp;&nbsp;<img src=\"\/wordpress\/wp-content\/uploads\/img\/vern8wb.jpg\" title=\" ( -  : )\" \/>&nbsp;&nbsp;<\/p>\n<!-- AddThis Advanced Settings generic via filter on the_content --><!-- AddThis Share Buttons generic via filter on the_content -->","protected":false},"excerpt":{"rendered":"<p>On conna\u00eet le travail du groupe d\u2019artiste BP qui depuis la fin des ann\u00e9es quatre-vingt d\u00e9veloppe une vision critique et ironique d\u2019une r\u00e9alit\u00e9 contemporaine r\u00e9gie par les int\u00e9r\u00eats convergents du billet vert et de l\u2019industrie p\u00e9troli\u00e8re. Une industrie o\u00f9 les \u00e9changes se monnaient en P\u00e9trodollars, valeur vindicative et virtuelle \u00e0 laquelle BP donne corps en [&hellip;]<!-- AddThis Advanced Settings generic via filter on get_the_excerpt --><!-- AddThis Share Buttons generic via filter on get_the_excerpt --><\/p>\n","protected":false},"author":1,"featured_media":0,"parent":13,"menu_order":0,"comment_status":"closed","ping_status":"open","template":"","meta":[],"translation":{"provider":"WPGlobus","version":"2.8.4","language":"ru","enabled_languages":["en","es","de","fr","ru"],"languages":{"en":{"title":true,"content":true,"excerpt":false},"es":{"title":false,"content":false,"excerpt":false},"de":{"title":false,"content":false,"excerpt":false},"fr":{"title":false,"content":false,"excerpt":false},"ru":{"title":false,"content":false,"excerpt":false}}},"yoast_head":"<!-- This site is optimized with the Yoast SEO plugin v17.4 - https:\/\/yoast.com\/wordpress\/plugins\/seo\/ -->\n<meta name=\"robots\" content=\"index, follow, max-snippet:-1, max-image-preview:large, max-video-preview:-1\" \/>\n<link rel=\"canonical\" href=\"https:\/\/incognito24h24.com\/ru\/artistes-resident\/bp\/\" \/>\n<meta property=\"og:locale\" content=\"ru_RU\" \/>\n<meta property=\"og:type\" content=\"article\" \/>\n<meta property=\"og:title\" content=\"BP - incognito artclub\" \/>\n<meta property=\"og:url\" content=\"https:\/\/incognito24h24.com\/ru\/artistes-resident\/bp\/\" \/>\n<meta property=\"og:site_name\" content=\"incognito artclub\" \/>\n<meta property=\"article:modified_time\" content=\"2017-01-16T10:28:46+00:00\" \/>\n<meta property=\"og:image\" content=\"https:\/\/incognito24h24.com\/wordpress\/wp-content\/uploads\/bounce.png\" \/>\n<meta name=\"twitter:label1\" content=\"Est. reading time\" \/>\n\t<meta name=\"twitter:data1\" content=\"1 minute\" \/>\n<script type=\"application\/ld+json\" class=\"yoast-schema-graph\">{\"@context\":\"https:\/\/schema.org\",\"@graph\":[{\"@type\":\"WebSite\",\"@id\":\"https:\/\/incognito24h24.com\/ru\/#website\",\"url\":\"https:\/\/incognito24h24.com\/ru\/\",\"name\":\"incognito artclub\",\"description\":\"galerie d&#039;art contemporain \\u00e0 Paris\",\"potentialAction\":[{\"@type\":\"SearchAction\",\"target\":{\"@type\":\"EntryPoint\",\"urlTemplate\":\"https:\/\/incognito24h24.com\/ru\/?s={search_term_string}\"},\"query-input\":\"required name=search_term_string\"}],\"inLanguage\":\"ru-RU\"},{\"@type\":\"ImageObject\",\"@id\":\"https:\/\/incognito24h24.com\/ru\/artistes-resident\/bp\/#primaryimage\",\"inLanguage\":\"ru-RU\",\"url\":\"\/wordpress\/wp-content\/uploads\/bounce.png\",\"contentUrl\":\"\/wordpress\/wp-content\/uploads\/bounce.png\"},{\"@type\":\"WebPage\",\"@id\":\"https:\/\/incognito24h24.com\/ru\/artistes-resident\/bp\/#webpage\",\"url\":\"https:\/\/incognito24h24.com\/ru\/artistes-resident\/bp\/\",\"name\":\"BP - incognito artclub\",\"isPartOf\":{\"@id\":\"https:\/\/incognito24h24.com\/ru\/#website\"},\"primaryImageOfPage\":{\"@id\":\"https:\/\/incognito24h24.com\/ru\/artistes-resident\/bp\/#primaryimage\"},\"datePublished\":\"2014-03-06T11:00:00+00:00\",\"dateModified\":\"2017-01-16T10:28:46+00:00\",\"breadcrumb\":{\"@id\":\"https:\/\/incognito24h24.com\/ru\/artistes-resident\/bp\/#breadcrumb\"},\"inLanguage\":\"ru-RU\",\"potentialAction\":[{\"@type\":\"ReadAction\",\"target\":[\"https:\/\/incognito24h24.com\/ru\/artistes-resident\/bp\/\"]}]},{\"@type\":\"BreadcrumbList\",\"@id\":\"https:\/\/incognito24h24.com\/ru\/artistes-resident\/bp\/#breadcrumb\",\"itemListElement\":[{\"@type\":\"ListItem\",\"position\":1,\"name\":\"Accueil\",\"item\":\"https:\/\/incognito24h24.com\/ru\/\"},{\"@type\":\"ListItem\",\"position\":2,\"name\":\"artistes resident\",\"item\":\"https:\/\/incognito24h24.com\/ru\/artistes-resident\/\"},{\"@type\":\"ListItem\",\"position\":3,\"name\":\"BP\"}]}]}<\/script>\n<!-- \/ Yoast SEO plugin. -->","yoast_head_json":{"robots":{"index":"index","follow":"follow","max-snippet":"max-snippet:-1","max-image-preview":"max-image-preview:large","max-video-preview":"max-video-preview:-1"},"canonical":"https:\/\/incognito24h24.com\/ru\/artistes-resident\/bp\/","og_locale":"ru_RU","og_type":"article","og_title":"BP - incognito artclub","og_url":"https:\/\/incognito24h24.com\/ru\/artistes-resident\/bp\/","og_site_name":"incognito artclub","article_modified_time":"2017-01-16T10:28:46+00:00","og_image":[{"url":"https:\/\/incognito24h24.com\/wordpress\/wp-content\/uploads\/bounce.png"}],"twitter_misc":{"Est. reading time":"1 minute"},"schema":{"@context":"https:\/\/schema.org","@graph":[{"@type":"WebSite","@id":"https:\/\/incognito24h24.com\/ru\/#website","url":"https:\/\/incognito24h24.com\/ru\/","name":"incognito artclub","description":"galerie d&#039;art contemporain \u00e0 Paris","potentialAction":[{"@type":"SearchAction","target":{"@type":"EntryPoint","urlTemplate":"https:\/\/incognito24h24.com\/ru\/?s={search_term_string}"},"query-input":"required name=search_term_string"}],"inLanguage":"ru-RU"},{"@type":"ImageObject","@id":"https:\/\/incognito24h24.com\/ru\/artistes-resident\/bp\/#primaryimage","inLanguage":"ru-RU","url":"\/wordpress\/wp-content\/uploads\/bounce.png","contentUrl":"\/wordpress\/wp-content\/uploads\/bounce.png"},{"@type":"WebPage","@id":"https:\/\/incognito24h24.com\/ru\/artistes-resident\/bp\/#webpage","url":"https:\/\/incognito24h24.com\/ru\/artistes-resident\/bp\/","name":"BP - incognito artclub","isPartOf":{"@id":"https:\/\/incognito24h24.com\/ru\/#website"},"primaryImageOfPage":{"@id":"https:\/\/incognito24h24.com\/ru\/artistes-resident\/bp\/#primaryimage"},"datePublished":"2014-03-06T11:00:00+00:00","dateModified":"2017-01-16T10:28:46+00:00","breadcrumb":{"@id":"https:\/\/incognito24h24.com\/ru\/artistes-resident\/bp\/#breadcrumb"},"inLanguage":"ru-RU","potentialAction":[{"@type":"ReadAction","target":["https:\/\/incognito24h24.com\/ru\/artistes-resident\/bp\/"]}]},{"@type":"BreadcrumbList","@id":"https:\/\/incognito24h24.com\/ru\/artistes-resident\/bp\/#breadcrumb","itemListElement":[{"@type":"ListItem","position":1,"name":"Accueil","item":"https:\/\/incognito24h24.com\/ru\/"},{"@type":"ListItem","position":2,"name":"artistes resident","item":"https:\/\/incognito24h24.com\/ru\/artistes-resident\/"},{"@type":"ListItem","position":3,"name":"BP"}]}]}},"_links":{"self":[{"href":"https:\/\/incognito24h24.com\/ru\/wp-json\/wp\/v2\/pages\/98"}],"collection":[{"href":"https:\/\/incognito24h24.com\/ru\/wp-json\/wp\/v2\/pages"}],"about":[{"href":"https:\/\/incognito24h24.com\/ru\/wp-json\/wp\/v2\/types\/page"}],"author":[{"embeddable":true,"href":"https:\/\/incognito24h24.com\/ru\/wp-json\/wp\/v2\/users\/1"}],"replies":[{"embeddable":true,"href":"https:\/\/incognito24h24.com\/ru\/wp-json\/wp\/v2\/comments?post=98"}],"version-history":[{"count":0,"href":"https:\/\/incognito24h24.com\/ru\/wp-json\/wp\/v2\/pages\/98\/revisions"}],"up":[{"embeddable":true,"href":"https:\/\/incognito24h24.com\/ru\/wp-json\/wp\/v2\/pages\/13"}],"wp:attachment":[{"href":"https:\/\/incognito24h24.com\/ru\/wp-json\/wp\/v2\/media?parent=98"}],"curies":[{"name":"wp","href":"https:\/\/api.w.org\/{rel}","templated":true}]}}