{"id":292,"date":"2014-10-14T10:22:16","date_gmt":"2014-10-14T09:22:16","guid":{"rendered":"http:\/\/incognito.vu\/wordpress\/?page_id=292"},"modified":"2017-01-16T11:28:30","modified_gmt":"2017-01-16T10:28:30","slug":"bernard-joisten","status":"publish","type":"page","link":"https:\/\/incognito24h24.com\/ru\/artistes-guest%e2%80%8e\/bernard-joisten\/","title":{"rendered":"Bernard Joisten"},"content":{"rendered":"<div id=\"attachment_293\" style=\"width: 219px\" class=\"wp-caption aligncenter\"><img aria-describedby=\"caption-attachment-293\" loading=\"lazy\" src=\"http:\/\/incognito.vu\/wordpress\/wp-content\/uploads\/2014\/10\/cartondinvitationapplati-209x300.jpg\" alt=\"invitation Joisten\" width=\"209\" height=\"300\" class=\"size-medium wp-image-293\" srcset=\"https:\/\/incognito24h24.com\/wordpress\/wp-content\/uploads\/2014\/10\/cartondinvitationapplati-209x300.jpg 209w, https:\/\/incognito24h24.com\/wordpress\/wp-content\/uploads\/2014\/10\/cartondinvitationapplati-714x1024.jpg 714w, https:\/\/incognito24h24.com\/wordpress\/wp-content\/uploads\/2014\/10\/cartondinvitationapplati-240x343.jpg 240w, https:\/\/incognito24h24.com\/wordpress\/wp-content\/uploads\/2014\/10\/cartondinvitationapplati-430x615.jpg 430w, https:\/\/incognito24h24.com\/wordpress\/wp-content\/uploads\/2014\/10\/cartondinvitationapplati-1047x1500.jpg 1047w, https:\/\/incognito24h24.com\/wordpress\/wp-content\/uploads\/2014\/10\/cartondinvitationapplati.jpg 1119w\" sizes=\"(max-width: 209px) 100vw, 209px\" \/><p id=\"caption-attachment-293\" class=\"wp-caption-text\">invitation Joisten<\/p><\/div>\n<p>Il y a de l\u2019image dans les peintures de Bernard Joisten, mais aussi de l\u2019imagerie. Pour autant, on ne se trouve pas sur le terrain de l\u2019anecdote. C\u2019est qu\u2019il joue des codes picturaux avec une certaine joie du mensonge. Si bien qu\u2019au bout du compte, l\u2019image termin\u00e9e tombe dans l\u2019ambivalence de l\u2019abstrait-figuratif. On navigue dans la s\u00e9duction de l\u2019image comme dans l\u2019opacit\u00e9 sensorielle d\u2019un monochrome. Bernard Joisten traite le sujet toujours comme possibilit\u00e9 abstraite. Les formes ont du temp\u00e9rament ou plut\u00f4t sont comme des temp\u00e9raments tremp\u00e9s dans un destin plastique. <\/p>\n<p>Le tableau r\u00e9sout le probl\u00e8me de l\u2019accrochage\u00a0: l\u2019installation passe au second rang, devient le figurant de la mise en sc\u00e8ne artistique. Le tableau est le dernier maillon d\u2019une cha\u00eene de production qui commence par la photo et l\u2019ordinateur. La technologie reste hors-champ. Le geste devient n\u00e9cessaire et son caract\u00e8re unique d\u00e9termine le prestige du produit. Ainsi, la loi ouvri\u00e8re de la peinture rejoint son fondement aristocratique. <\/p>\n<p>Christian Kernbach<\/p>\n<!-- AddThis Advanced Settings generic via filter on the_content --><!-- AddThis Share Buttons generic via filter on the_content -->","protected":false},"excerpt":{"rendered":"<p>Il y a de l\u2019image dans les peintures de Bernard Joisten, mais aussi de l\u2019imagerie. Pour autant, on ne se trouve pas sur le terrain de l\u2019anecdote. C\u2019est qu\u2019il joue des codes picturaux avec une certaine joie du mensonge. Si bien qu\u2019au bout du compte, l\u2019image termin\u00e9e tombe dans l\u2019ambivalence de l\u2019abstrait-figuratif. On navigue dans [&hellip;]<!-- AddThis Advanced Settings generic via filter on get_the_excerpt --><!-- AddThis Share Buttons generic via filter on get_the_excerpt --><\/p>\n","protected":false},"author":1,"featured_media":0,"parent":15,"menu_order":0,"comment_status":"closed","ping_status":"open","template":"","meta":[],"translation":{"provider":"WPGlobus","version":"2.8.4","language":"ru","enabled_languages":["en","es","de","fr","ru"],"languages":{"en":{"title":true,"content":true,"excerpt":false},"es":{"title":false,"content":false,"excerpt":false},"de":{"title":false,"content":false,"excerpt":false},"fr":{"title":false,"content":false,"excerpt":false},"ru":{"title":false,"content":false,"excerpt":false}}},"yoast_head":"<!-- This site is optimized with the Yoast SEO plugin v17.4 - https:\/\/yoast.com\/wordpress\/plugins\/seo\/ -->\n<meta name=\"robots\" content=\"index, follow, max-snippet:-1, max-image-preview:large, max-video-preview:-1\" \/>\n<link rel=\"canonical\" href=\"https:\/\/incognito24h24.com\/ru\/artistes-guest\u200e\/bernard-joisten\/\" \/>\n<meta property=\"og:locale\" content=\"ru_RU\" \/>\n<meta property=\"og:type\" content=\"article\" \/>\n<meta property=\"og:title\" content=\"Bernard Joisten - incognito artclub\" \/>\n<meta property=\"og:url\" content=\"https:\/\/incognito24h24.com\/ru\/artistes-guest\u200e\/bernard-joisten\/\" \/>\n<meta property=\"og:site_name\" content=\"incognito artclub\" \/>\n<meta property=\"article:modified_time\" content=\"2017-01-16T10:28:30+00:00\" \/>\n<meta property=\"og:image\" content=\"http:\/\/incognito.vu\/wordpress\/wp-content\/uploads\/2014\/10\/cartondinvitationapplati-209x300.jpg\" \/>\n<meta name=\"twitter:label1\" content=\"Est. reading time\" \/>\n\t<meta name=\"twitter:data1\" content=\"1 minute\" \/>\n<script type=\"application\/ld+json\" class=\"yoast-schema-graph\">{\"@context\":\"https:\/\/schema.org\",\"@graph\":[{\"@type\":\"WebSite\",\"@id\":\"https:\/\/incognito24h24.com\/ru\/#website\",\"url\":\"https:\/\/incognito24h24.com\/ru\/\",\"name\":\"incognito artclub\",\"description\":\"galerie d&#039;art contemporain \\u00e0 Paris\",\"potentialAction\":[{\"@type\":\"SearchAction\",\"target\":{\"@type\":\"EntryPoint\",\"urlTemplate\":\"https:\/\/incognito24h24.com\/ru\/?s={search_term_string}\"},\"query-input\":\"required name=search_term_string\"}],\"inLanguage\":\"ru-RU\"},{\"@type\":\"ImageObject\",\"@id\":\"https:\/\/incognito24h24.com\/ru\/artistes-guest%e2%80%8e\/bernard-joisten\/#primaryimage\",\"inLanguage\":\"ru-RU\",\"url\":\"http:\/\/incognito.vu\/wordpress\/wp-content\/uploads\/2014\/10\/cartondinvitationapplati-209x300.jpg\",\"contentUrl\":\"http:\/\/incognito.vu\/wordpress\/wp-content\/uploads\/2014\/10\/cartondinvitationapplati-209x300.jpg\"},{\"@type\":\"WebPage\",\"@id\":\"https:\/\/incognito24h24.com\/ru\/artistes-guest%e2%80%8e\/bernard-joisten\/#webpage\",\"url\":\"https:\/\/incognito24h24.com\/ru\/artistes-guest%e2%80%8e\/bernard-joisten\/\",\"name\":\"Bernard Joisten - incognito artclub\",\"isPartOf\":{\"@id\":\"https:\/\/incognito24h24.com\/ru\/#website\"},\"primaryImageOfPage\":{\"@id\":\"https:\/\/incognito24h24.com\/ru\/artistes-guest%e2%80%8e\/bernard-joisten\/#primaryimage\"},\"datePublished\":\"2014-10-14T09:22:16+00:00\",\"dateModified\":\"2017-01-16T10:28:30+00:00\",\"breadcrumb\":{\"@id\":\"https:\/\/incognito24h24.com\/ru\/artistes-guest%e2%80%8e\/bernard-joisten\/#breadcrumb\"},\"inLanguage\":\"ru-RU\",\"potentialAction\":[{\"@type\":\"ReadAction\",\"target\":[\"https:\/\/incognito24h24.com\/ru\/artistes-guest%e2%80%8e\/bernard-joisten\/\"]}]},{\"@type\":\"BreadcrumbList\",\"@id\":\"https:\/\/incognito24h24.com\/ru\/artistes-guest%e2%80%8e\/bernard-joisten\/#breadcrumb\",\"itemListElement\":[{\"@type\":\"ListItem\",\"position\":1,\"name\":\"Accueil\",\"item\":\"https:\/\/incognito24h24.com\/ru\/\"},{\"@type\":\"ListItem\",\"position\":2,\"name\":\"artistes guest\",\"item\":\"https:\/\/incognito24h24.com\/ru\/artistes-guest%e2%80%8e\/\"},{\"@type\":\"ListItem\",\"position\":3,\"name\":\"Bernard Joisten\"}]}]}<\/script>\n<!-- \/ Yoast SEO plugin. -->","yoast_head_json":{"robots":{"index":"index","follow":"follow","max-snippet":"max-snippet:-1","max-image-preview":"max-image-preview:large","max-video-preview":"max-video-preview:-1"},"canonical":"https:\/\/incognito24h24.com\/ru\/artistes-guest\u200e\/bernard-joisten\/","og_locale":"ru_RU","og_type":"article","og_title":"Bernard Joisten - incognito artclub","og_url":"https:\/\/incognito24h24.com\/ru\/artistes-guest\u200e\/bernard-joisten\/","og_site_name":"incognito artclub","article_modified_time":"2017-01-16T10:28:30+00:00","og_image":[{"url":"http:\/\/incognito.vu\/wordpress\/wp-content\/uploads\/2014\/10\/cartondinvitationapplati-209x300.jpg"}],"twitter_misc":{"Est. reading time":"1 minute"},"schema":{"@context":"https:\/\/schema.org","@graph":[{"@type":"WebSite","@id":"https:\/\/incognito24h24.com\/ru\/#website","url":"https:\/\/incognito24h24.com\/ru\/","name":"incognito artclub","description":"galerie d&#039;art contemporain \u00e0 Paris","potentialAction":[{"@type":"SearchAction","target":{"@type":"EntryPoint","urlTemplate":"https:\/\/incognito24h24.com\/ru\/?s={search_term_string}"},"query-input":"required name=search_term_string"}],"inLanguage":"ru-RU"},{"@type":"ImageObject","@id":"https:\/\/incognito24h24.com\/ru\/artistes-guest%e2%80%8e\/bernard-joisten\/#primaryimage","inLanguage":"ru-RU","url":"http:\/\/incognito.vu\/wordpress\/wp-content\/uploads\/2014\/10\/cartondinvitationapplati-209x300.jpg","contentUrl":"http:\/\/incognito.vu\/wordpress\/wp-content\/uploads\/2014\/10\/cartondinvitationapplati-209x300.jpg"},{"@type":"WebPage","@id":"https:\/\/incognito24h24.com\/ru\/artistes-guest%e2%80%8e\/bernard-joisten\/#webpage","url":"https:\/\/incognito24h24.com\/ru\/artistes-guest%e2%80%8e\/bernard-joisten\/","name":"Bernard Joisten - incognito artclub","isPartOf":{"@id":"https:\/\/incognito24h24.com\/ru\/#website"},"primaryImageOfPage":{"@id":"https:\/\/incognito24h24.com\/ru\/artistes-guest%e2%80%8e\/bernard-joisten\/#primaryimage"},"datePublished":"2014-10-14T09:22:16+00:00","dateModified":"2017-01-16T10:28:30+00:00","breadcrumb":{"@id":"https:\/\/incognito24h24.com\/ru\/artistes-guest%e2%80%8e\/bernard-joisten\/#breadcrumb"},"inLanguage":"ru-RU","potentialAction":[{"@type":"ReadAction","target":["https:\/\/incognito24h24.com\/ru\/artistes-guest%e2%80%8e\/bernard-joisten\/"]}]},{"@type":"BreadcrumbList","@id":"https:\/\/incognito24h24.com\/ru\/artistes-guest%e2%80%8e\/bernard-joisten\/#breadcrumb","itemListElement":[{"@type":"ListItem","position":1,"name":"Accueil","item":"https:\/\/incognito24h24.com\/ru\/"},{"@type":"ListItem","position":2,"name":"artistes guest","item":"https:\/\/incognito24h24.com\/ru\/artistes-guest%e2%80%8e\/"},{"@type":"ListItem","position":3,"name":"Bernard Joisten"}]}]}},"_links":{"self":[{"href":"https:\/\/incognito24h24.com\/ru\/wp-json\/wp\/v2\/pages\/292"}],"collection":[{"href":"https:\/\/incognito24h24.com\/ru\/wp-json\/wp\/v2\/pages"}],"about":[{"href":"https:\/\/incognito24h24.com\/ru\/wp-json\/wp\/v2\/types\/page"}],"author":[{"embeddable":true,"href":"https:\/\/incognito24h24.com\/ru\/wp-json\/wp\/v2\/users\/1"}],"replies":[{"embeddable":true,"href":"https:\/\/incognito24h24.com\/ru\/wp-json\/wp\/v2\/comments?post=292"}],"version-history":[{"count":1,"href":"https:\/\/incognito24h24.com\/ru\/wp-json\/wp\/v2\/pages\/292\/revisions"}],"predecessor-version":[{"id":862,"href":"https:\/\/incognito24h24.com\/ru\/wp-json\/wp\/v2\/pages\/292\/revisions\/862"}],"up":[{"embeddable":true,"href":"https:\/\/incognito24h24.com\/ru\/wp-json\/wp\/v2\/pages\/15"}],"wp:attachment":[{"href":"https:\/\/incognito24h24.com\/ru\/wp-json\/wp\/v2\/media?parent=292"}],"curies":[{"name":"wp","href":"https:\/\/api.w.org\/{rel}","templated":true}]}}