{"id":275,"date":"2014-10-14T09:07:45","date_gmt":"2014-10-14T08:07:45","guid":{"rendered":"http:\/\/incognito.vu\/wordpress\/?page_id=275"},"modified":"2017-01-16T11:28:30","modified_gmt":"2017-01-16T10:28:30","slug":"anita-molinero","status":"publish","type":"page","link":"https:\/\/incognito24h24.com\/ru\/artistes-guest%e2%80%8e\/anita-molinero\/","title":{"rendered":"Anita Molinero"},"content":{"rendered":"<div id=\"attachment_277\" style=\"width: 310px\" class=\"wp-caption aligncenter\"><img aria-describedby=\"caption-attachment-277\" loading=\"lazy\" src=\"http:\/\/incognito.vu\/wordpress\/wp-content\/uploads\/2014\/10\/extrusoit-300x224.jpg\" alt=\"\u0152uvre de Anita Molinero pour incognito MC\" width=\"300\" height=\"224\" class=\"size-medium wp-image-277\" srcset=\"https:\/\/incognito24h24.com\/wordpress\/wp-content\/uploads\/2014\/10\/extrusoit-300x224.jpg 300w, https:\/\/incognito24h24.com\/wordpress\/wp-content\/uploads\/2014\/10\/extrusoit-1024x768.jpg 1024w, https:\/\/incognito24h24.com\/wordpress\/wp-content\/uploads\/2014\/10\/extrusoit-240x180.jpg 240w, https:\/\/incognito24h24.com\/wordpress\/wp-content\/uploads\/2014\/10\/extrusoit-430x322.jpg 430w, https:\/\/incognito24h24.com\/wordpress\/wp-content\/uploads\/2014\/10\/extrusoit-1500x1125.jpg 1500w\" sizes=\"(max-width: 300px) 100vw, 300px\" \/><p id=\"caption-attachment-277\" class=\"wp-caption-text\">\u0152uvre de Anita Molinero pour incognito MC<\/p><\/div>\n<p>Extruso\u00eft de Monaco, 2007<\/p>\n<p>Longtemps la sculpture a \u00e9t\u00e9 pr\u00e9sent\u00e9e comme une affaire d&#8217;homme, c&#8217;est \u00e0 dire de force, d&#8217;affirmation virile contre la mati\u00e8re, de conqu\u00eate expressive sur l&#8217;opacit\u00e9 inerte de l&#8217;informe.<br \/>\nCamille Claudel fit ainsi figure de sublime victime de Rodin et Eva Hesse d&#8217;h\u00e9ro\u00efne tragique terrass\u00e9e dans sa lutte contre le machisme minimaliste par les effluves nocives des nouvelles mati\u00e8res plastiques.Rares sont aujourd&#8217;hui les artistes -et, a fortiori, les artistes femmes- qui comme Anita Molinero (1953 ; vit \u00e0 Marseille) continuent de s&#8217;affronter \u00e0 la sculpture dans son acceptation classique : s&#8217;attaquer au mat\u00e9riau par soustraction, d\u00e9coupe, dechirure, d\u00e9formation, perforation, trituration, comme en un combat sans merci o\u00f9 la violence et la forme sont l&#8217;avers et l&#8217;envers d&#8217;un geste destructeur dont pourtant surgit l&#8217;oeuvre.<\/p>\n<p>Anita Molinero conduit des batailles dans le champ de la sculpture contemporaine.<br \/>\nLes mat\u00e9riaux qu&#8217;elle toture sont issus de notre environnement le plus quotidien : emballages en polystyr\u00e8ne extrud\u00e9, onduline, films \u00e9tirables, sacs poubelles, conteneurs et tous autres objets en plastique moul\u00e9 ou thermoform\u00e9.<br \/>\nCe sont des choses p\u00e9riph\u00e9riques, des mat\u00e9riaux fant\u00f4mes. Anita Molinero, les place au centre de son travail, elle y trouve ses moyens m\u00eames, elle en fait ses objets propres, les chairs qu&#8217;elle m\u00e9tamorphose par dilac\u00e9rations et br\u00fblures.<br \/>\nIl en r\u00e9sulte une sculpture polychrome d&#8217;un nouveau genre qui rel\u00e8ve de l&#8217;esth\u00e9tique du trou, de la coulure, de l&#8217;\u00e9visc\u00e9ration, de l&#8217;affaissement, de l&#8217;effondrement.<\/p>\n<p>L&#8217;ombre port\u00e9e d&#8217;Hiroshima s&#8217;\u00e9tend parfois insidieusement sur ces peaux boursoufl\u00e9es, ces armures fondues, ces champignons grotesques.<br \/>\nD&#8217;excroissances en ablations, le monde des formes que Anita Molinero arrache aux outils b\u00e9nins de la protection et de la conservation de notre \u00e9xistence anodine lib\u00e8re la stridence intol\u00e9rable de l&#8217;\u00e9poque.<br \/>\n[extrait du texte du Mamco pour l&#8217;exposition d juin-sept 2006]\n<p>Anita Molinero organise, parall\u00e9lement, \u00e0 son exposition \u00e0 la galerie incognito, un workshop au Pavillon Bosio (Ecole des Beaux-Arts de la Principaut\u00e9 de Monaco).<\/p>\n<div id=\"attachment_279\" style=\"width: 310px\" class=\"wp-caption aligncenter\"><img aria-describedby=\"caption-attachment-279\" loading=\"lazy\" src=\"http:\/\/incognito.vu\/wordpress\/wp-content\/uploads\/2014\/10\/vern1-300x277.jpg\" alt=\"Anita Molinero\" width=\"300\" height=\"277\" class=\"size-medium wp-image-279\" srcset=\"https:\/\/incognito24h24.com\/wordpress\/wp-content\/uploads\/2014\/10\/vern1-300x277.jpg 300w, https:\/\/incognito24h24.com\/wordpress\/wp-content\/uploads\/2014\/10\/vern1-1024x948.jpg 1024w, https:\/\/incognito24h24.com\/wordpress\/wp-content\/uploads\/2014\/10\/vern1-240x222.jpg 240w, https:\/\/incognito24h24.com\/wordpress\/wp-content\/uploads\/2014\/10\/vern1-430x398.jpg 430w, https:\/\/incognito24h24.com\/wordpress\/wp-content\/uploads\/2014\/10\/vern1-1500x1388.jpg 1500w, https:\/\/incognito24h24.com\/wordpress\/wp-content\/uploads\/2014\/10\/vern1.jpg 1820w\" sizes=\"(max-width: 300px) 100vw, 300px\" \/><p id=\"caption-attachment-279\" class=\"wp-caption-text\">Anita Molinero<\/p><\/div>\n<!-- AddThis Advanced Settings generic via filter on the_content --><!-- AddThis Share Buttons generic via filter on the_content -->","protected":false},"excerpt":{"rendered":"<p>Extruso\u00eft de Monaco, 2007 Longtemps la sculpture a \u00e9t\u00e9 pr\u00e9sent\u00e9e comme une affaire d&#8217;homme, c&#8217;est \u00e0 dire de force, d&#8217;affirmation virile contre la mati\u00e8re, de conqu\u00eate expressive sur l&#8217;opacit\u00e9 inerte de l&#8217;informe. Camille Claudel fit ainsi figure de sublime victime de Rodin et Eva Hesse d&#8217;h\u00e9ro\u00efne tragique terrass\u00e9e dans sa lutte contre le machisme minimaliste [&hellip;]<!-- AddThis Advanced Settings generic via filter on get_the_excerpt --><!-- AddThis Share Buttons generic via filter on get_the_excerpt --><\/p>\n","protected":false},"author":1,"featured_media":0,"parent":15,"menu_order":0,"comment_status":"closed","ping_status":"closed","template":"","meta":[],"translation":{"provider":"WPGlobus","version":"2.8.4","language":"ru","enabled_languages":["en","es","de","fr","ru"],"languages":{"en":{"title":true,"content":true,"excerpt":false},"es":{"title":false,"content":false,"excerpt":false},"de":{"title":false,"content":false,"excerpt":false},"fr":{"title":false,"content":false,"excerpt":false},"ru":{"title":false,"content":false,"excerpt":false}}},"yoast_head":"<!-- This site is optimized with the Yoast SEO plugin v17.4 - https:\/\/yoast.com\/wordpress\/plugins\/seo\/ -->\n<meta name=\"robots\" content=\"index, follow, max-snippet:-1, max-image-preview:large, max-video-preview:-1\" \/>\n<link rel=\"canonical\" href=\"https:\/\/incognito24h24.com\/ru\/artistes-guest\u200e\/anita-molinero\/\" \/>\n<meta property=\"og:locale\" content=\"ru_RU\" \/>\n<meta property=\"og:type\" content=\"article\" \/>\n<meta property=\"og:title\" content=\"Anita Molinero - incognito artclub\" \/>\n<meta property=\"og:url\" content=\"https:\/\/incognito24h24.com\/ru\/artistes-guest\u200e\/anita-molinero\/\" \/>\n<meta property=\"og:site_name\" content=\"incognito artclub\" \/>\n<meta property=\"article:modified_time\" content=\"2017-01-16T10:28:30+00:00\" \/>\n<meta property=\"og:image\" content=\"http:\/\/incognito.vu\/wordpress\/wp-content\/uploads\/2014\/10\/extrusoit-300x224.jpg\" \/>\n<meta name=\"twitter:label1\" content=\"Est. reading time\" \/>\n\t<meta name=\"twitter:data1\" content=\"2 minutes\" \/>\n<script type=\"application\/ld+json\" class=\"yoast-schema-graph\">{\"@context\":\"https:\/\/schema.org\",\"@graph\":[{\"@type\":\"WebSite\",\"@id\":\"https:\/\/incognito24h24.com\/ru\/#website\",\"url\":\"https:\/\/incognito24h24.com\/ru\/\",\"name\":\"incognito artclub\",\"description\":\"galerie d&#039;art contemporain \\u00e0 Paris\",\"potentialAction\":[{\"@type\":\"SearchAction\",\"target\":{\"@type\":\"EntryPoint\",\"urlTemplate\":\"https:\/\/incognito24h24.com\/ru\/?s={search_term_string}\"},\"query-input\":\"required name=search_term_string\"}],\"inLanguage\":\"ru-RU\"},{\"@type\":\"ImageObject\",\"@id\":\"https:\/\/incognito24h24.com\/ru\/artistes-guest%e2%80%8e\/anita-molinero\/#primaryimage\",\"inLanguage\":\"ru-RU\",\"url\":\"http:\/\/incognito.vu\/wordpress\/wp-content\/uploads\/2014\/10\/extrusoit-300x224.jpg\",\"contentUrl\":\"http:\/\/incognito.vu\/wordpress\/wp-content\/uploads\/2014\/10\/extrusoit-300x224.jpg\"},{\"@type\":\"WebPage\",\"@id\":\"https:\/\/incognito24h24.com\/ru\/artistes-guest%e2%80%8e\/anita-molinero\/#webpage\",\"url\":\"https:\/\/incognito24h24.com\/ru\/artistes-guest%e2%80%8e\/anita-molinero\/\",\"name\":\"Anita Molinero - incognito artclub\",\"isPartOf\":{\"@id\":\"https:\/\/incognito24h24.com\/ru\/#website\"},\"primaryImageOfPage\":{\"@id\":\"https:\/\/incognito24h24.com\/ru\/artistes-guest%e2%80%8e\/anita-molinero\/#primaryimage\"},\"datePublished\":\"2014-10-14T08:07:45+00:00\",\"dateModified\":\"2017-01-16T10:28:30+00:00\",\"breadcrumb\":{\"@id\":\"https:\/\/incognito24h24.com\/ru\/artistes-guest%e2%80%8e\/anita-molinero\/#breadcrumb\"},\"inLanguage\":\"ru-RU\",\"potentialAction\":[{\"@type\":\"ReadAction\",\"target\":[\"https:\/\/incognito24h24.com\/ru\/artistes-guest%e2%80%8e\/anita-molinero\/\"]}]},{\"@type\":\"BreadcrumbList\",\"@id\":\"https:\/\/incognito24h24.com\/ru\/artistes-guest%e2%80%8e\/anita-molinero\/#breadcrumb\",\"itemListElement\":[{\"@type\":\"ListItem\",\"position\":1,\"name\":\"Accueil\",\"item\":\"https:\/\/incognito24h24.com\/ru\/\"},{\"@type\":\"ListItem\",\"position\":2,\"name\":\"artistes guest\",\"item\":\"https:\/\/incognito24h24.com\/ru\/artistes-guest%e2%80%8e\/\"},{\"@type\":\"ListItem\",\"position\":3,\"name\":\"Anita Molinero\"}]}]}<\/script>\n<!-- \/ Yoast SEO plugin. -->","yoast_head_json":{"robots":{"index":"index","follow":"follow","max-snippet":"max-snippet:-1","max-image-preview":"max-image-preview:large","max-video-preview":"max-video-preview:-1"},"canonical":"https:\/\/incognito24h24.com\/ru\/artistes-guest\u200e\/anita-molinero\/","og_locale":"ru_RU","og_type":"article","og_title":"Anita Molinero - incognito artclub","og_url":"https:\/\/incognito24h24.com\/ru\/artistes-guest\u200e\/anita-molinero\/","og_site_name":"incognito artclub","article_modified_time":"2017-01-16T10:28:30+00:00","og_image":[{"url":"http:\/\/incognito.vu\/wordpress\/wp-content\/uploads\/2014\/10\/extrusoit-300x224.jpg"}],"twitter_misc":{"Est. reading time":"2 minutes"},"schema":{"@context":"https:\/\/schema.org","@graph":[{"@type":"WebSite","@id":"https:\/\/incognito24h24.com\/ru\/#website","url":"https:\/\/incognito24h24.com\/ru\/","name":"incognito artclub","description":"galerie d&#039;art contemporain \u00e0 Paris","potentialAction":[{"@type":"SearchAction","target":{"@type":"EntryPoint","urlTemplate":"https:\/\/incognito24h24.com\/ru\/?s={search_term_string}"},"query-input":"required name=search_term_string"}],"inLanguage":"ru-RU"},{"@type":"ImageObject","@id":"https:\/\/incognito24h24.com\/ru\/artistes-guest%e2%80%8e\/anita-molinero\/#primaryimage","inLanguage":"ru-RU","url":"http:\/\/incognito.vu\/wordpress\/wp-content\/uploads\/2014\/10\/extrusoit-300x224.jpg","contentUrl":"http:\/\/incognito.vu\/wordpress\/wp-content\/uploads\/2014\/10\/extrusoit-300x224.jpg"},{"@type":"WebPage","@id":"https:\/\/incognito24h24.com\/ru\/artistes-guest%e2%80%8e\/anita-molinero\/#webpage","url":"https:\/\/incognito24h24.com\/ru\/artistes-guest%e2%80%8e\/anita-molinero\/","name":"Anita Molinero - incognito artclub","isPartOf":{"@id":"https:\/\/incognito24h24.com\/ru\/#website"},"primaryImageOfPage":{"@id":"https:\/\/incognito24h24.com\/ru\/artistes-guest%e2%80%8e\/anita-molinero\/#primaryimage"},"datePublished":"2014-10-14T08:07:45+00:00","dateModified":"2017-01-16T10:28:30+00:00","breadcrumb":{"@id":"https:\/\/incognito24h24.com\/ru\/artistes-guest%e2%80%8e\/anita-molinero\/#breadcrumb"},"inLanguage":"ru-RU","potentialAction":[{"@type":"ReadAction","target":["https:\/\/incognito24h24.com\/ru\/artistes-guest%e2%80%8e\/anita-molinero\/"]}]},{"@type":"BreadcrumbList","@id":"https:\/\/incognito24h24.com\/ru\/artistes-guest%e2%80%8e\/anita-molinero\/#breadcrumb","itemListElement":[{"@type":"ListItem","position":1,"name":"Accueil","item":"https:\/\/incognito24h24.com\/ru\/"},{"@type":"ListItem","position":2,"name":"artistes guest","item":"https:\/\/incognito24h24.com\/ru\/artistes-guest%e2%80%8e\/"},{"@type":"ListItem","position":3,"name":"Anita Molinero"}]}]}},"_links":{"self":[{"href":"https:\/\/incognito24h24.com\/ru\/wp-json\/wp\/v2\/pages\/275"}],"collection":[{"href":"https:\/\/incognito24h24.com\/ru\/wp-json\/wp\/v2\/pages"}],"about":[{"href":"https:\/\/incognito24h24.com\/ru\/wp-json\/wp\/v2\/types\/page"}],"author":[{"embeddable":true,"href":"https:\/\/incognito24h24.com\/ru\/wp-json\/wp\/v2\/users\/1"}],"replies":[{"embeddable":true,"href":"https:\/\/incognito24h24.com\/ru\/wp-json\/wp\/v2\/comments?post=275"}],"version-history":[{"count":0,"href":"https:\/\/incognito24h24.com\/ru\/wp-json\/wp\/v2\/pages\/275\/revisions"}],"up":[{"embeddable":true,"href":"https:\/\/incognito24h24.com\/ru\/wp-json\/wp\/v2\/pages\/15"}],"wp:attachment":[{"href":"https:\/\/incognito24h24.com\/ru\/wp-json\/wp\/v2\/media?parent=275"}],"curies":[{"name":"wp","href":"https:\/\/api.w.org\/{rel}","templated":true}]}}