{"id":268,"date":"2014-10-14T08:50:59","date_gmt":"2014-10-14T07:50:59","guid":{"rendered":"http:\/\/incognito.vu\/wordpress\/?page_id=268"},"modified":"2017-01-16T11:28:46","modified_gmt":"2017-01-16T10:28:46","slug":"arthur-aeschbacher","status":"publish","type":"page","link":"https:\/\/incognito24h24.com\/ru\/artistes-resident\/arthur-aeschbacher\/","title":{"rendered":"Arthur Aeschbacher"},"content":{"rendered":"<div id=\"attachment_269\" style=\"width: 234px\" class=\"wp-caption aligncenter\"><img aria-describedby=\"caption-attachment-269\" loading=\"lazy\" class=\" wp-image-269\" style=\"width: 217px; height: 238px;\" alt=\"signature de l'\u0153uvre Turn-Cut Pacifico\" src=\"http:\/\/incognito.vu\/wordpress\/wp-content\/uploads\/2014\/10\/2013-10-09-18.32.03-224x300.jpg\" width=\"224\" height=\"300\" srcset=\"https:\/\/incognito24h24.com\/wordpress\/wp-content\/uploads\/2014\/10\/2013-10-09-18.32.03-224x300.jpg 224w, https:\/\/incognito24h24.com\/wordpress\/wp-content\/uploads\/2014\/10\/2013-10-09-18.32.03-764x1024.jpg 764w, https:\/\/incognito24h24.com\/wordpress\/wp-content\/uploads\/2014\/10\/2013-10-09-18.32.03-240x321.jpg 240w, https:\/\/incognito24h24.com\/wordpress\/wp-content\/uploads\/2014\/10\/2013-10-09-18.32.03-430x575.jpg 430w, https:\/\/incognito24h24.com\/wordpress\/wp-content\/uploads\/2014\/10\/2013-10-09-18.32.03-1120x1500.jpg 1120w, https:\/\/incognito24h24.com\/wordpress\/wp-content\/uploads\/2014\/10\/2013-10-09-18.32.03.jpg 1936w\" sizes=\"(max-width: 224px) 100vw, 224px\" \/><p id=\"caption-attachment-269\" class=\"wp-caption-text\">signature de l&#8217;\u0153uvre Turn-Cut Pacifico<\/p><\/div>\n<p>Peintre suisse (Gen\u00e8ve 1923)<\/p>\n<p>Apr\u00e8s des \u00e9tudes \u00e0 l&#8217;\u00e9cole des Beaux-Arts de Gen\u00e8ve, il fr\u00e9quente \u00e0 Paris l&#8217;Acad\u00e9mie Julian et l&#8217;atelier de Fernand L\u00e9ger. Il pr\u00e9sente sa premi\u00e8re exposition en 1951\u00a0\u00a0\u00a0\u00a0\u00a0 (gal. de l&#8217;\u00c9toile scell\u00e9e, Paris) sous le patronage d&#8217;Andr\u00e9 Breton, et Jacques Pr\u00e9vert pr\u00e9face le catalogue de sa deuxi\u00e8me exposition parisienne. Rattach\u00e9 aux affichistes, il se tient n\u00e9anmoins \u00e0 l&#8217;\u00e9cart du mouvement des Nouveaux R\u00e9alistes, dont il ne partage pas les vis\u00e9es sociologiques. Plut\u00f4t que de c\u00e9l\u00e9brer le &#8221; lac\u00e9r\u00e9 anonyme &#8221; comme Hains ou La Villegl\u00e9, Aeschbacher utilise l&#8217;affiche comme un &#8221; mat\u00e9riau de peintre &#8220;. Pour lui, le langage de l&#8217;affiche, qu&#8217;il d\u00e9colle puis recolle et recompose, est avant tout celui de ses couleurs, de son \u00e9paisseur et de ses d\u00e9crochements. Ses tableaux sont ainsi, dans les ann\u00e9es 60, compos\u00e9s de couches successives d&#8217;affiches lac\u00e9r\u00e9es, dont les textes sont devenus illisibles. Avec la s\u00e9rie des &#8221; lettres \u00e9clat\u00e9es &#8221; ou des &#8221; stores surfaces &#8221; (1973), il d\u00e9veloppe sa relation aux lettres en abandonnant progressivement la pratique du collage\/d\u00e9collage. Peintes en noir, bleu ou sombre sur un fond gris, ces &#8221; lettres \u00e9clat\u00e9es &#8221; se dispersent derri\u00e8re des grilles de couleurs qui structurent la toile. Puis, avec la s\u00e9rie &#8221; 6, 4, 2 &#8221; (1984), Aeschbacher \u00e9pure ses compositions : les r\u00e9f\u00e9rences linguistiques s&#8217;organisent en fonction d&#8217;arcs de cercle qui rompent avec la rectitude du pr\u00e9c\u00e9dent syst\u00e8me de grille. Ses derni\u00e8res \u0153uvres restent fid\u00e8les \u00e0 l&#8217;esprit des &#8221; joutes graphiques &#8221; o\u00f9 la lettre est charg\u00e9e d&#8217;une force picturale, brisant ce que l&#8217;\u00e9chelel Butor appelle le &#8221; mur fondamental \u00e9difi\u00e9 entre les lettres et les arts &#8220;. Ses \u0153uvres sont pr\u00e9sentes dans de nombreuses collections publiques en France et \u00e0 l&#8217;\u00e9tranger. Le centre d&#8217;Art contemporain de Corbeil-Essonnes lui a consacr\u00e9 une exposition en 1993.<\/p>\n<!-- AddThis Advanced Settings generic via filter on the_content --><!-- AddThis Share Buttons generic via filter on the_content -->","protected":false},"excerpt":{"rendered":"<p>Peintre suisse (Gen\u00e8ve 1923) Apr\u00e8s des \u00e9tudes \u00e0 l&#8217;\u00e9cole des Beaux-Arts de Gen\u00e8ve, il fr\u00e9quente \u00e0 Paris l&#8217;Acad\u00e9mie Julian et l&#8217;atelier de Fernand L\u00e9ger. Il pr\u00e9sente sa premi\u00e8re exposition en 1951\u00a0\u00a0\u00a0\u00a0\u00a0 (gal. de l&#8217;\u00c9toile scell\u00e9e, Paris) sous le patronage d&#8217;Andr\u00e9 Breton, et Jacques Pr\u00e9vert pr\u00e9face le catalogue de sa deuxi\u00e8me exposition parisienne. Rattach\u00e9 aux affichistes, [&hellip;]<!-- AddThis Advanced Settings generic via filter on get_the_excerpt --><!-- AddThis Share Buttons generic via filter on get_the_excerpt --><\/p>\n","protected":false},"author":1,"featured_media":0,"parent":13,"menu_order":0,"comment_status":"closed","ping_status":"closed","template":"","meta":[],"translation":{"provider":"WPGlobus","version":"2.8.4","language":"ru","enabled_languages":["en","es","de","fr","ru"],"languages":{"en":{"title":true,"content":true,"excerpt":false},"es":{"title":false,"content":false,"excerpt":false},"de":{"title":false,"content":false,"excerpt":false},"fr":{"title":false,"content":false,"excerpt":false},"ru":{"title":false,"content":false,"excerpt":false}}},"yoast_head":"<!-- This site is optimized with the Yoast SEO plugin v17.4 - https:\/\/yoast.com\/wordpress\/plugins\/seo\/ -->\n<meta name=\"robots\" content=\"index, follow, max-snippet:-1, max-image-preview:large, max-video-preview:-1\" \/>\n<link rel=\"canonical\" href=\"https:\/\/incognito24h24.com\/ru\/artistes-resident\/arthur-aeschbacher\/\" \/>\n<meta property=\"og:locale\" content=\"ru_RU\" \/>\n<meta property=\"og:type\" content=\"article\" \/>\n<meta property=\"og:title\" content=\"Arthur Aeschbacher - incognito artclub\" \/>\n<meta property=\"og:url\" content=\"https:\/\/incognito24h24.com\/ru\/artistes-resident\/arthur-aeschbacher\/\" \/>\n<meta property=\"og:site_name\" content=\"incognito artclub\" \/>\n<meta property=\"article:modified_time\" content=\"2017-01-16T10:28:46+00:00\" \/>\n<meta property=\"og:image\" content=\"http:\/\/incognito.vu\/wordpress\/wp-content\/uploads\/2014\/10\/2013-10-09-18.32.03-224x300.jpg\" \/>\n<meta name=\"twitter:label1\" content=\"Est. reading time\" \/>\n\t<meta name=\"twitter:data1\" content=\"2 minutes\" \/>\n<script type=\"application\/ld+json\" class=\"yoast-schema-graph\">{\"@context\":\"https:\/\/schema.org\",\"@graph\":[{\"@type\":\"WebSite\",\"@id\":\"https:\/\/incognito24h24.com\/ru\/#website\",\"url\":\"https:\/\/incognito24h24.com\/ru\/\",\"name\":\"incognito artclub\",\"description\":\"galerie d&#039;art contemporain \\u00e0 Paris\",\"potentialAction\":[{\"@type\":\"SearchAction\",\"target\":{\"@type\":\"EntryPoint\",\"urlTemplate\":\"https:\/\/incognito24h24.com\/ru\/?s={search_term_string}\"},\"query-input\":\"required name=search_term_string\"}],\"inLanguage\":\"ru-RU\"},{\"@type\":\"ImageObject\",\"@id\":\"https:\/\/incognito24h24.com\/ru\/artistes-resident\/arthur-aeschbacher\/#primaryimage\",\"inLanguage\":\"ru-RU\",\"url\":\"http:\/\/incognito.vu\/wordpress\/wp-content\/uploads\/2014\/10\/2013-10-09-18.32.03-224x300.jpg\",\"contentUrl\":\"http:\/\/incognito.vu\/wordpress\/wp-content\/uploads\/2014\/10\/2013-10-09-18.32.03-224x300.jpg\"},{\"@type\":\"WebPage\",\"@id\":\"https:\/\/incognito24h24.com\/ru\/artistes-resident\/arthur-aeschbacher\/#webpage\",\"url\":\"https:\/\/incognito24h24.com\/ru\/artistes-resident\/arthur-aeschbacher\/\",\"name\":\"Arthur Aeschbacher - incognito artclub\",\"isPartOf\":{\"@id\":\"https:\/\/incognito24h24.com\/ru\/#website\"},\"primaryImageOfPage\":{\"@id\":\"https:\/\/incognito24h24.com\/ru\/artistes-resident\/arthur-aeschbacher\/#primaryimage\"},\"datePublished\":\"2014-10-14T07:50:59+00:00\",\"dateModified\":\"2017-01-16T10:28:46+00:00\",\"breadcrumb\":{\"@id\":\"https:\/\/incognito24h24.com\/ru\/artistes-resident\/arthur-aeschbacher\/#breadcrumb\"},\"inLanguage\":\"ru-RU\",\"potentialAction\":[{\"@type\":\"ReadAction\",\"target\":[\"https:\/\/incognito24h24.com\/ru\/artistes-resident\/arthur-aeschbacher\/\"]}]},{\"@type\":\"BreadcrumbList\",\"@id\":\"https:\/\/incognito24h24.com\/ru\/artistes-resident\/arthur-aeschbacher\/#breadcrumb\",\"itemListElement\":[{\"@type\":\"ListItem\",\"position\":1,\"name\":\"Accueil\",\"item\":\"https:\/\/incognito24h24.com\/ru\/\"},{\"@type\":\"ListItem\",\"position\":2,\"name\":\"artistes resident\",\"item\":\"https:\/\/incognito24h24.com\/ru\/artistes-resident\/\"},{\"@type\":\"ListItem\",\"position\":3,\"name\":\"Arthur Aeschbacher\"}]}]}<\/script>\n<!-- \/ Yoast SEO plugin. -->","yoast_head_json":{"robots":{"index":"index","follow":"follow","max-snippet":"max-snippet:-1","max-image-preview":"max-image-preview:large","max-video-preview":"max-video-preview:-1"},"canonical":"https:\/\/incognito24h24.com\/ru\/artistes-resident\/arthur-aeschbacher\/","og_locale":"ru_RU","og_type":"article","og_title":"Arthur Aeschbacher - incognito artclub","og_url":"https:\/\/incognito24h24.com\/ru\/artistes-resident\/arthur-aeschbacher\/","og_site_name":"incognito artclub","article_modified_time":"2017-01-16T10:28:46+00:00","og_image":[{"url":"http:\/\/incognito.vu\/wordpress\/wp-content\/uploads\/2014\/10\/2013-10-09-18.32.03-224x300.jpg"}],"twitter_misc":{"Est. reading time":"2 minutes"},"schema":{"@context":"https:\/\/schema.org","@graph":[{"@type":"WebSite","@id":"https:\/\/incognito24h24.com\/ru\/#website","url":"https:\/\/incognito24h24.com\/ru\/","name":"incognito artclub","description":"galerie d&#039;art contemporain \u00e0 Paris","potentialAction":[{"@type":"SearchAction","target":{"@type":"EntryPoint","urlTemplate":"https:\/\/incognito24h24.com\/ru\/?s={search_term_string}"},"query-input":"required name=search_term_string"}],"inLanguage":"ru-RU"},{"@type":"ImageObject","@id":"https:\/\/incognito24h24.com\/ru\/artistes-resident\/arthur-aeschbacher\/#primaryimage","inLanguage":"ru-RU","url":"http:\/\/incognito.vu\/wordpress\/wp-content\/uploads\/2014\/10\/2013-10-09-18.32.03-224x300.jpg","contentUrl":"http:\/\/incognito.vu\/wordpress\/wp-content\/uploads\/2014\/10\/2013-10-09-18.32.03-224x300.jpg"},{"@type":"WebPage","@id":"https:\/\/incognito24h24.com\/ru\/artistes-resident\/arthur-aeschbacher\/#webpage","url":"https:\/\/incognito24h24.com\/ru\/artistes-resident\/arthur-aeschbacher\/","name":"Arthur Aeschbacher - incognito artclub","isPartOf":{"@id":"https:\/\/incognito24h24.com\/ru\/#website"},"primaryImageOfPage":{"@id":"https:\/\/incognito24h24.com\/ru\/artistes-resident\/arthur-aeschbacher\/#primaryimage"},"datePublished":"2014-10-14T07:50:59+00:00","dateModified":"2017-01-16T10:28:46+00:00","breadcrumb":{"@id":"https:\/\/incognito24h24.com\/ru\/artistes-resident\/arthur-aeschbacher\/#breadcrumb"},"inLanguage":"ru-RU","potentialAction":[{"@type":"ReadAction","target":["https:\/\/incognito24h24.com\/ru\/artistes-resident\/arthur-aeschbacher\/"]}]},{"@type":"BreadcrumbList","@id":"https:\/\/incognito24h24.com\/ru\/artistes-resident\/arthur-aeschbacher\/#breadcrumb","itemListElement":[{"@type":"ListItem","position":1,"name":"Accueil","item":"https:\/\/incognito24h24.com\/ru\/"},{"@type":"ListItem","position":2,"name":"artistes resident","item":"https:\/\/incognito24h24.com\/ru\/artistes-resident\/"},{"@type":"ListItem","position":3,"name":"Arthur Aeschbacher"}]}]}},"_links":{"self":[{"href":"https:\/\/incognito24h24.com\/ru\/wp-json\/wp\/v2\/pages\/268"}],"collection":[{"href":"https:\/\/incognito24h24.com\/ru\/wp-json\/wp\/v2\/pages"}],"about":[{"href":"https:\/\/incognito24h24.com\/ru\/wp-json\/wp\/v2\/types\/page"}],"author":[{"embeddable":true,"href":"https:\/\/incognito24h24.com\/ru\/wp-json\/wp\/v2\/users\/1"}],"replies":[{"embeddable":true,"href":"https:\/\/incognito24h24.com\/ru\/wp-json\/wp\/v2\/comments?post=268"}],"version-history":[{"count":0,"href":"https:\/\/incognito24h24.com\/ru\/wp-json\/wp\/v2\/pages\/268\/revisions"}],"up":[{"embeddable":true,"href":"https:\/\/incognito24h24.com\/ru\/wp-json\/wp\/v2\/pages\/13"}],"wp:attachment":[{"href":"https:\/\/incognito24h24.com\/ru\/wp-json\/wp\/v2\/media?parent=268"}],"curies":[{"name":"wp","href":"https:\/\/api.w.org\/{rel}","templated":true}]}}