{"id":154,"date":"2014-03-06T12:00:00","date_gmt":"2014-03-06T11:00:00","guid":{"rendered":"http:\/\/incognito.vu\/wordpress\/?page_id=154"},"modified":"2017-01-16T11:28:30","modified_gmt":"2017-01-16T10:28:30","slug":"roy-stuart-ronce-noire","status":"publish","type":"page","link":"https:\/\/incognito24h24.com\/ru\/artistes-guest%e2%80%8e\/roy-stuart-ronce-noire\/","title":{"rendered":"Roy Stuart @ ronce noire"},"content":{"rendered":"<p>La ronce noire est nimb\u00e9e d\u2019un parfum de myst\u00e8re qui n\u2019est pas sans \u00e9voquer les lointains rivages d\u2019une soci\u00e9t\u00e9 secr\u00e8te. C\u2019est sous cette d\u00e9nomination qu\u2019elle devient aujourd\u2019hui un lieu d\u2019\u00e9mulation, de cr\u00e9ation et de rencontres, o\u00f9 se croisent et se relaient, parfois sous la forme de cadavres exquis, les projets de personnalit\u00e9s de la litt\u00e9rature, de la photographie, des arts plastiques, de la mode, de l\u2019architecture&#8230; La ronce noire souhaite donner forme \u00e0 ce d\u00e9sir en menant une activit\u00e9 \u00e9ditoriale et artistique, conjointement \u00e0 une activit\u00e9 d\u2019agence dont le corps dur se trouve en permanence sur son site www.roncenoire.com.<\/p>\n<p>Pour la pr\u00e9sentation du travail photographique de l\u2019artiste am\u00e9ricain Roy Stuart, Incognito a invit\u00e9 la ronce noire \u00e0 occuper, du 1er novembre au 1er d\u00e9cembre 2002, son espace 16 rue Gu\u00e9n\u00e9gaud.<\/p>\n<p>Roy Stuart est un artiste hors norme. Fort d\u2019une exp\u00e9rience dans la photographie de mode et d\u2019une observation de la culture de l\u2019\u00e9rotisme dans notre soci\u00e9t\u00e9, il prend \u00e0 rebours les id\u00e9es pr\u00e9con\u00e7ues, les formes traditionnelles et les carcans moralisateurs qui collent \u00e0 la compr\u00e9hension de la photographie \u00e9rotique. Socialement subversif, son travail photographique est une r\u00e9flexion sur l\u2019ambivalence des relations entre r\u00e9alit\u00e9 et illusions, sans s\u2019embarrasser de pudeur et autres tabous devenus inutiles. Son regard photographique exprime \u00e9galement une \u00e9tude de l\u2019image du corps, des rapports de domination, de s\u00e9duction, de d\u00e9sir et d\u2019affects d\u2019une soci\u00e9t\u00e9 dont les r\u00e9flexes iconographiques sont bas\u00e9es sur l\u2019apparence.<\/p>\n<p>Ses photographies ont une belle surface lisse et trompeuse. Les filles sont superbes, en tenues suggestives, mises en sc\u00e8ne dans des contextes corrects et soyeux. Mais il se d\u00e9gage de ses photographies lisses des d\u00e9tails qui choquent et \u00e9meuvent, \u00e0 l\u2019antipode du sexe qui n\u2019est pas sexy. Ses photos br\u00fblent d\u2019une \u00e9rotisation intense et attirantes.<\/p>\n<p>Benedikt Taschen a consacr\u00e9 \u00e0 son travail trois volumes \u00e0 ce jour qui se sont vendus \u00e0 plus de 300 000 exemplaires ; un quatri\u00e8me est en pr\u00e9paration pour l\u2019\u00e9t\u00e9 2003. R\u00e9alisateur des films exp\u00e9rimentaux, il pr\u00e9pare en ce moment un long-m\u00e9trage.<br \/>\n<div id=\"attachment_350\" style=\"width: 310px\" class=\"wp-caption aligncenter\"><img aria-describedby=\"caption-attachment-350\" loading=\"lazy\" src=\"http:\/\/incognito.vu\/wordpress\/wp-content\/uploads\/2014\/03\/Dala-et-Kaori2-300x199.jpg\" alt=\"Roy Stuart, Dala &amp; Kaori\" width=\"300\" height=\"199\" class=\"size-medium wp-image-350\" srcset=\"https:\/\/incognito24h24.com\/wordpress\/wp-content\/uploads\/2014\/03\/Dala-et-Kaori2-300x199.jpg 300w, https:\/\/incognito24h24.com\/wordpress\/wp-content\/uploads\/2014\/03\/Dala-et-Kaori2-240x159.jpg 240w, https:\/\/incognito24h24.com\/wordpress\/wp-content\/uploads\/2014\/03\/Dala-et-Kaori2-430x286.jpg 430w, https:\/\/incognito24h24.com\/wordpress\/wp-content\/uploads\/2014\/03\/Dala-et-Kaori2.jpg 610w\" sizes=\"(max-width: 300px) 100vw, 300px\" \/><p id=\"caption-attachment-350\" class=\"wp-caption-text\">Roy Stuart, Dala &#038; Kaori<\/p><\/div>\n<!-- AddThis Advanced Settings generic via filter on the_content --><!-- AddThis Share Buttons generic via filter on the_content -->","protected":false},"excerpt":{"rendered":"<p>La ronce noire est nimb\u00e9e d\u2019un parfum de myst\u00e8re qui n\u2019est pas sans \u00e9voquer les lointains rivages d\u2019une soci\u00e9t\u00e9 secr\u00e8te. C\u2019est sous cette d\u00e9nomination qu\u2019elle devient aujourd\u2019hui un lieu d\u2019\u00e9mulation, de cr\u00e9ation et de rencontres, o\u00f9 se croisent et se relaient, parfois sous la forme de cadavres exquis, les projets de personnalit\u00e9s de la litt\u00e9rature, [&hellip;]<!-- AddThis Advanced Settings generic via filter on get_the_excerpt --><!-- AddThis Share Buttons generic via filter on get_the_excerpt --><\/p>\n","protected":false},"author":1,"featured_media":0,"parent":15,"menu_order":0,"comment_status":"closed","ping_status":"open","template":"","meta":[],"translation":{"provider":"WPGlobus","version":"2.8.4","language":"ru","enabled_languages":["en","es","de","fr","ru"],"languages":{"en":{"title":true,"content":true,"excerpt":false},"es":{"title":false,"content":false,"excerpt":false},"de":{"title":false,"content":false,"excerpt":false},"fr":{"title":false,"content":false,"excerpt":false},"ru":{"title":false,"content":false,"excerpt":false}}},"yoast_head":"<!-- This site is optimized with the Yoast SEO plugin v17.4 - https:\/\/yoast.com\/wordpress\/plugins\/seo\/ -->\n<meta name=\"robots\" content=\"index, follow, max-snippet:-1, max-image-preview:large, max-video-preview:-1\" \/>\n<link rel=\"canonical\" href=\"https:\/\/incognito24h24.com\/ru\/artistes-guest\u200e\/roy-stuart-ronce-noire\/\" \/>\n<meta property=\"og:locale\" content=\"ru_RU\" \/>\n<meta property=\"og:type\" content=\"article\" \/>\n<meta property=\"og:title\" content=\"Roy Stuart @ ronce noire - incognito artclub\" \/>\n<meta property=\"og:url\" content=\"https:\/\/incognito24h24.com\/ru\/artistes-guest\u200e\/roy-stuart-ronce-noire\/\" \/>\n<meta property=\"og:site_name\" content=\"incognito artclub\" \/>\n<meta property=\"article:modified_time\" content=\"2017-01-16T10:28:30+00:00\" \/>\n<meta property=\"og:image\" content=\"http:\/\/incognito.vu\/wordpress\/wp-content\/uploads\/2014\/03\/Dala-et-Kaori2-300x199.jpg\" \/>\n<meta name=\"twitter:label1\" content=\"Est. reading time\" \/>\n\t<meta name=\"twitter:data1\" content=\"2 minutes\" \/>\n<script type=\"application\/ld+json\" class=\"yoast-schema-graph\">{\"@context\":\"https:\/\/schema.org\",\"@graph\":[{\"@type\":\"WebSite\",\"@id\":\"https:\/\/incognito24h24.com\/ru\/#website\",\"url\":\"https:\/\/incognito24h24.com\/ru\/\",\"name\":\"incognito artclub\",\"description\":\"galerie d&#039;art contemporain \\u00e0 Paris\",\"potentialAction\":[{\"@type\":\"SearchAction\",\"target\":{\"@type\":\"EntryPoint\",\"urlTemplate\":\"https:\/\/incognito24h24.com\/ru\/?s={search_term_string}\"},\"query-input\":\"required name=search_term_string\"}],\"inLanguage\":\"ru-RU\"},{\"@type\":\"ImageObject\",\"@id\":\"https:\/\/incognito24h24.com\/ru\/artistes-guest%e2%80%8e\/roy-stuart-ronce-noire\/#primaryimage\",\"inLanguage\":\"ru-RU\",\"url\":\"http:\/\/incognito.vu\/wordpress\/wp-content\/uploads\/2014\/03\/Dala-et-Kaori2-300x199.jpg\",\"contentUrl\":\"http:\/\/incognito.vu\/wordpress\/wp-content\/uploads\/2014\/03\/Dala-et-Kaori2-300x199.jpg\"},{\"@type\":\"WebPage\",\"@id\":\"https:\/\/incognito24h24.com\/ru\/artistes-guest%e2%80%8e\/roy-stuart-ronce-noire\/#webpage\",\"url\":\"https:\/\/incognito24h24.com\/ru\/artistes-guest%e2%80%8e\/roy-stuart-ronce-noire\/\",\"name\":\"Roy Stuart @ ronce noire - incognito artclub\",\"isPartOf\":{\"@id\":\"https:\/\/incognito24h24.com\/ru\/#website\"},\"primaryImageOfPage\":{\"@id\":\"https:\/\/incognito24h24.com\/ru\/artistes-guest%e2%80%8e\/roy-stuart-ronce-noire\/#primaryimage\"},\"datePublished\":\"2014-03-06T11:00:00+00:00\",\"dateModified\":\"2017-01-16T10:28:30+00:00\",\"breadcrumb\":{\"@id\":\"https:\/\/incognito24h24.com\/ru\/artistes-guest%e2%80%8e\/roy-stuart-ronce-noire\/#breadcrumb\"},\"inLanguage\":\"ru-RU\",\"potentialAction\":[{\"@type\":\"ReadAction\",\"target\":[\"https:\/\/incognito24h24.com\/ru\/artistes-guest%e2%80%8e\/roy-stuart-ronce-noire\/\"]}]},{\"@type\":\"BreadcrumbList\",\"@id\":\"https:\/\/incognito24h24.com\/ru\/artistes-guest%e2%80%8e\/roy-stuart-ronce-noire\/#breadcrumb\",\"itemListElement\":[{\"@type\":\"ListItem\",\"position\":1,\"name\":\"Accueil\",\"item\":\"https:\/\/incognito24h24.com\/ru\/\"},{\"@type\":\"ListItem\",\"position\":2,\"name\":\"artistes guest\",\"item\":\"https:\/\/incognito24h24.com\/ru\/artistes-guest%e2%80%8e\/\"},{\"@type\":\"ListItem\",\"position\":3,\"name\":\"Roy Stuart @ ronce noire\"}]}]}<\/script>\n<!-- \/ Yoast SEO plugin. -->","yoast_head_json":{"robots":{"index":"index","follow":"follow","max-snippet":"max-snippet:-1","max-image-preview":"max-image-preview:large","max-video-preview":"max-video-preview:-1"},"canonical":"https:\/\/incognito24h24.com\/ru\/artistes-guest\u200e\/roy-stuart-ronce-noire\/","og_locale":"ru_RU","og_type":"article","og_title":"Roy Stuart @ ronce noire - incognito artclub","og_url":"https:\/\/incognito24h24.com\/ru\/artistes-guest\u200e\/roy-stuart-ronce-noire\/","og_site_name":"incognito artclub","article_modified_time":"2017-01-16T10:28:30+00:00","og_image":[{"url":"http:\/\/incognito.vu\/wordpress\/wp-content\/uploads\/2014\/03\/Dala-et-Kaori2-300x199.jpg"}],"twitter_misc":{"Est. reading time":"2 minutes"},"schema":{"@context":"https:\/\/schema.org","@graph":[{"@type":"WebSite","@id":"https:\/\/incognito24h24.com\/ru\/#website","url":"https:\/\/incognito24h24.com\/ru\/","name":"incognito artclub","description":"galerie d&#039;art contemporain \u00e0 Paris","potentialAction":[{"@type":"SearchAction","target":{"@type":"EntryPoint","urlTemplate":"https:\/\/incognito24h24.com\/ru\/?s={search_term_string}"},"query-input":"required name=search_term_string"}],"inLanguage":"ru-RU"},{"@type":"ImageObject","@id":"https:\/\/incognito24h24.com\/ru\/artistes-guest%e2%80%8e\/roy-stuart-ronce-noire\/#primaryimage","inLanguage":"ru-RU","url":"http:\/\/incognito.vu\/wordpress\/wp-content\/uploads\/2014\/03\/Dala-et-Kaori2-300x199.jpg","contentUrl":"http:\/\/incognito.vu\/wordpress\/wp-content\/uploads\/2014\/03\/Dala-et-Kaori2-300x199.jpg"},{"@type":"WebPage","@id":"https:\/\/incognito24h24.com\/ru\/artistes-guest%e2%80%8e\/roy-stuart-ronce-noire\/#webpage","url":"https:\/\/incognito24h24.com\/ru\/artistes-guest%e2%80%8e\/roy-stuart-ronce-noire\/","name":"Roy Stuart @ ronce noire - incognito artclub","isPartOf":{"@id":"https:\/\/incognito24h24.com\/ru\/#website"},"primaryImageOfPage":{"@id":"https:\/\/incognito24h24.com\/ru\/artistes-guest%e2%80%8e\/roy-stuart-ronce-noire\/#primaryimage"},"datePublished":"2014-03-06T11:00:00+00:00","dateModified":"2017-01-16T10:28:30+00:00","breadcrumb":{"@id":"https:\/\/incognito24h24.com\/ru\/artistes-guest%e2%80%8e\/roy-stuart-ronce-noire\/#breadcrumb"},"inLanguage":"ru-RU","potentialAction":[{"@type":"ReadAction","target":["https:\/\/incognito24h24.com\/ru\/artistes-guest%e2%80%8e\/roy-stuart-ronce-noire\/"]}]},{"@type":"BreadcrumbList","@id":"https:\/\/incognito24h24.com\/ru\/artistes-guest%e2%80%8e\/roy-stuart-ronce-noire\/#breadcrumb","itemListElement":[{"@type":"ListItem","position":1,"name":"Accueil","item":"https:\/\/incognito24h24.com\/ru\/"},{"@type":"ListItem","position":2,"name":"artistes guest","item":"https:\/\/incognito24h24.com\/ru\/artistes-guest%e2%80%8e\/"},{"@type":"ListItem","position":3,"name":"Roy Stuart @ ronce noire"}]}]}},"_links":{"self":[{"href":"https:\/\/incognito24h24.com\/ru\/wp-json\/wp\/v2\/pages\/154"}],"collection":[{"href":"https:\/\/incognito24h24.com\/ru\/wp-json\/wp\/v2\/pages"}],"about":[{"href":"https:\/\/incognito24h24.com\/ru\/wp-json\/wp\/v2\/types\/page"}],"author":[{"embeddable":true,"href":"https:\/\/incognito24h24.com\/ru\/wp-json\/wp\/v2\/users\/1"}],"replies":[{"embeddable":true,"href":"https:\/\/incognito24h24.com\/ru\/wp-json\/wp\/v2\/comments?post=154"}],"version-history":[{"count":0,"href":"https:\/\/incognito24h24.com\/ru\/wp-json\/wp\/v2\/pages\/154\/revisions"}],"up":[{"embeddable":true,"href":"https:\/\/incognito24h24.com\/ru\/wp-json\/wp\/v2\/pages\/15"}],"wp:attachment":[{"href":"https:\/\/incognito24h24.com\/ru\/wp-json\/wp\/v2\/media?parent=154"}],"curies":[{"name":"wp","href":"https:\/\/api.w.org\/{rel}","templated":true}]}}