{"id":143,"date":"2014-03-06T12:00:00","date_gmt":"2014-03-06T11:00:00","guid":{"rendered":"http:\/\/incognito.vu\/wordpress\/?page_id=143"},"modified":"2017-01-16T11:28:30","modified_gmt":"2017-01-16T10:28:30","slug":"gilbert-della-noce","status":"publish","type":"page","link":"https:\/\/incognito24h24.com\/ru\/artistes-guest%e2%80%8e\/gilbert-della-noce\/","title":{"rendered":"Gilbert Della Noce"},"content":{"rendered":"<p>Exposition rendue possible gr\u00e2ce au soutien de la soci\u00e9t\u00e9 LV intermediations<\/p>\n<h2>Vernissages \/ \u00e9v\u00e9nements :<\/h2>\n<div id=\"attachment_305\" style=\"width: 210px\" class=\"wp-caption aligncenter\"><img aria-describedby=\"caption-attachment-305\" loading=\"lazy\" src=\"http:\/\/incognito.vu\/wordpress\/wp-content\/uploads\/2014\/03\/zpfile000-200x300.jpg\" alt=\"La dur\u00e9e et moi 27 juin- 26 juillet 2007 incognito MC\" width=\"200\" height=\"300\" class=\"size-medium wp-image-305\" srcset=\"https:\/\/incognito24h24.com\/wordpress\/wp-content\/uploads\/2014\/03\/zpfile000-200x300.jpg 200w, https:\/\/incognito24h24.com\/wordpress\/wp-content\/uploads\/2014\/03\/zpfile000-682x1024.jpg 682w, https:\/\/incognito24h24.com\/wordpress\/wp-content\/uploads\/2014\/03\/zpfile000-240x360.jpg 240w, https:\/\/incognito24h24.com\/wordpress\/wp-content\/uploads\/2014\/03\/zpfile000-430x645.jpg 430w, https:\/\/incognito24h24.com\/wordpress\/wp-content\/uploads\/2014\/03\/zpfile000-1000x1500.jpg 1000w\" sizes=\"(max-width: 200px) 100vw, 200px\" \/><p id=\"caption-attachment-305\" class=\"wp-caption-text\">La dur\u00e9e et moi<br \/>27 juin- 26 juillet 2007<br \/>incognito MC<\/p><\/div>\n<div id=\"attachment_307\" style=\"width: 310px\" class=\"wp-caption aligncenter\"><img aria-describedby=\"caption-attachment-307\" loading=\"lazy\" src=\"http:\/\/incognito.vu\/wordpress\/wp-content\/uploads\/2014\/03\/IMG_5467-300x224.jpg\" alt=\"Gilbert Della Noce\" width=\"300\" height=\"224\" class=\"size-medium wp-image-307\" srcset=\"https:\/\/incognito24h24.com\/wordpress\/wp-content\/uploads\/2014\/03\/IMG_5467-300x224.jpg 300w, https:\/\/incognito24h24.com\/wordpress\/wp-content\/uploads\/2014\/03\/IMG_5467-1024x768.jpg 1024w, https:\/\/incognito24h24.com\/wordpress\/wp-content\/uploads\/2014\/03\/IMG_5467-240x180.jpg 240w, https:\/\/incognito24h24.com\/wordpress\/wp-content\/uploads\/2014\/03\/IMG_5467-430x322.jpg 430w, https:\/\/incognito24h24.com\/wordpress\/wp-content\/uploads\/2014\/03\/IMG_5467-1500x1125.jpg 1500w\" sizes=\"(max-width: 300px) 100vw, 300px\" \/><p id=\"caption-attachment-307\" class=\"wp-caption-text\">Gilbert Della Noce<\/p><\/div>\n<!-- AddThis Advanced Settings generic via filter on the_content --><!-- AddThis Share Buttons generic via filter on the_content -->","protected":false},"excerpt":{"rendered":"<p>Exposition rendue possible gr\u00e2ce au soutien de la soci\u00e9t\u00e9 LV intermediations Vernissages \/ \u00e9v\u00e9nements :<!-- AddThis Advanced Settings generic via filter on get_the_excerpt --><!-- AddThis Share Buttons generic via filter on get_the_excerpt --><\/p>\n","protected":false},"author":1,"featured_media":0,"parent":15,"menu_order":0,"comment_status":"closed","ping_status":"open","template":"","meta":[],"translation":{"provider":"WPGlobus","version":"2.8.4","language":"ru","enabled_languages":["en","es","de","fr","ru"],"languages":{"en":{"title":true,"content":true,"excerpt":false},"es":{"title":false,"content":false,"excerpt":false},"de":{"title":false,"content":false,"excerpt":false},"fr":{"title":false,"content":false,"excerpt":false},"ru":{"title":false,"content":false,"excerpt":false}}},"yoast_head":"<!-- This site is optimized with the Yoast SEO plugin v17.4 - https:\/\/yoast.com\/wordpress\/plugins\/seo\/ -->\n<meta name=\"robots\" content=\"index, follow, max-snippet:-1, max-image-preview:large, max-video-preview:-1\" \/>\n<link rel=\"canonical\" href=\"https:\/\/incognito24h24.com\/ru\/artistes-guest\u200e\/gilbert-della-noce\/\" \/>\n<meta property=\"og:locale\" content=\"ru_RU\" \/>\n<meta property=\"og:type\" content=\"article\" \/>\n<meta property=\"og:title\" content=\"Gilbert Della Noce - incognito artclub\" \/>\n<meta property=\"og:url\" content=\"https:\/\/incognito24h24.com\/ru\/artistes-guest\u200e\/gilbert-della-noce\/\" \/>\n<meta property=\"og:site_name\" content=\"incognito artclub\" \/>\n<meta property=\"article:modified_time\" content=\"2017-01-16T10:28:30+00:00\" \/>\n<meta property=\"og:image\" content=\"http:\/\/incognito.vu\/wordpress\/wp-content\/uploads\/2014\/03\/zpfile000-200x300.jpg\" \/>\n<script type=\"application\/ld+json\" class=\"yoast-schema-graph\">{\"@context\":\"https:\/\/schema.org\",\"@graph\":[{\"@type\":\"WebSite\",\"@id\":\"https:\/\/incognito24h24.com\/ru\/#website\",\"url\":\"https:\/\/incognito24h24.com\/ru\/\",\"name\":\"incognito artclub\",\"description\":\"galerie d&#039;art contemporain \\u00e0 Paris\",\"potentialAction\":[{\"@type\":\"SearchAction\",\"target\":{\"@type\":\"EntryPoint\",\"urlTemplate\":\"https:\/\/incognito24h24.com\/ru\/?s={search_term_string}\"},\"query-input\":\"required name=search_term_string\"}],\"inLanguage\":\"ru-RU\"},{\"@type\":\"ImageObject\",\"@id\":\"https:\/\/incognito24h24.com\/ru\/artistes-guest%e2%80%8e\/gilbert-della-noce\/#primaryimage\",\"inLanguage\":\"ru-RU\",\"url\":\"http:\/\/incognito.vu\/wordpress\/wp-content\/uploads\/2014\/03\/zpfile000-200x300.jpg\",\"contentUrl\":\"http:\/\/incognito.vu\/wordpress\/wp-content\/uploads\/2014\/03\/zpfile000-200x300.jpg\"},{\"@type\":\"WebPage\",\"@id\":\"https:\/\/incognito24h24.com\/ru\/artistes-guest%e2%80%8e\/gilbert-della-noce\/#webpage\",\"url\":\"https:\/\/incognito24h24.com\/ru\/artistes-guest%e2%80%8e\/gilbert-della-noce\/\",\"name\":\"Gilbert Della Noce - incognito artclub\",\"isPartOf\":{\"@id\":\"https:\/\/incognito24h24.com\/ru\/#website\"},\"primaryImageOfPage\":{\"@id\":\"https:\/\/incognito24h24.com\/ru\/artistes-guest%e2%80%8e\/gilbert-della-noce\/#primaryimage\"},\"datePublished\":\"2014-03-06T11:00:00+00:00\",\"dateModified\":\"2017-01-16T10:28:30+00:00\",\"breadcrumb\":{\"@id\":\"https:\/\/incognito24h24.com\/ru\/artistes-guest%e2%80%8e\/gilbert-della-noce\/#breadcrumb\"},\"inLanguage\":\"ru-RU\",\"potentialAction\":[{\"@type\":\"ReadAction\",\"target\":[\"https:\/\/incognito24h24.com\/ru\/artistes-guest%e2%80%8e\/gilbert-della-noce\/\"]}]},{\"@type\":\"BreadcrumbList\",\"@id\":\"https:\/\/incognito24h24.com\/ru\/artistes-guest%e2%80%8e\/gilbert-della-noce\/#breadcrumb\",\"itemListElement\":[{\"@type\":\"ListItem\",\"position\":1,\"name\":\"Accueil\",\"item\":\"https:\/\/incognito24h24.com\/ru\/\"},{\"@type\":\"ListItem\",\"position\":2,\"name\":\"artistes guest\",\"item\":\"https:\/\/incognito24h24.com\/ru\/artistes-guest%e2%80%8e\/\"},{\"@type\":\"ListItem\",\"position\":3,\"name\":\"Gilbert Della Noce\"}]}]}<\/script>\n<!-- \/ Yoast SEO plugin. -->","yoast_head_json":{"robots":{"index":"index","follow":"follow","max-snippet":"max-snippet:-1","max-image-preview":"max-image-preview:large","max-video-preview":"max-video-preview:-1"},"canonical":"https:\/\/incognito24h24.com\/ru\/artistes-guest\u200e\/gilbert-della-noce\/","og_locale":"ru_RU","og_type":"article","og_title":"Gilbert Della Noce - incognito artclub","og_url":"https:\/\/incognito24h24.com\/ru\/artistes-guest\u200e\/gilbert-della-noce\/","og_site_name":"incognito artclub","article_modified_time":"2017-01-16T10:28:30+00:00","og_image":[{"url":"http:\/\/incognito.vu\/wordpress\/wp-content\/uploads\/2014\/03\/zpfile000-200x300.jpg"}],"schema":{"@context":"https:\/\/schema.org","@graph":[{"@type":"WebSite","@id":"https:\/\/incognito24h24.com\/ru\/#website","url":"https:\/\/incognito24h24.com\/ru\/","name":"incognito artclub","description":"galerie d&#039;art contemporain \u00e0 Paris","potentialAction":[{"@type":"SearchAction","target":{"@type":"EntryPoint","urlTemplate":"https:\/\/incognito24h24.com\/ru\/?s={search_term_string}"},"query-input":"required name=search_term_string"}],"inLanguage":"ru-RU"},{"@type":"ImageObject","@id":"https:\/\/incognito24h24.com\/ru\/artistes-guest%e2%80%8e\/gilbert-della-noce\/#primaryimage","inLanguage":"ru-RU","url":"http:\/\/incognito.vu\/wordpress\/wp-content\/uploads\/2014\/03\/zpfile000-200x300.jpg","contentUrl":"http:\/\/incognito.vu\/wordpress\/wp-content\/uploads\/2014\/03\/zpfile000-200x300.jpg"},{"@type":"WebPage","@id":"https:\/\/incognito24h24.com\/ru\/artistes-guest%e2%80%8e\/gilbert-della-noce\/#webpage","url":"https:\/\/incognito24h24.com\/ru\/artistes-guest%e2%80%8e\/gilbert-della-noce\/","name":"Gilbert Della Noce - incognito artclub","isPartOf":{"@id":"https:\/\/incognito24h24.com\/ru\/#website"},"primaryImageOfPage":{"@id":"https:\/\/incognito24h24.com\/ru\/artistes-guest%e2%80%8e\/gilbert-della-noce\/#primaryimage"},"datePublished":"2014-03-06T11:00:00+00:00","dateModified":"2017-01-16T10:28:30+00:00","breadcrumb":{"@id":"https:\/\/incognito24h24.com\/ru\/artistes-guest%e2%80%8e\/gilbert-della-noce\/#breadcrumb"},"inLanguage":"ru-RU","potentialAction":[{"@type":"ReadAction","target":["https:\/\/incognito24h24.com\/ru\/artistes-guest%e2%80%8e\/gilbert-della-noce\/"]}]},{"@type":"BreadcrumbList","@id":"https:\/\/incognito24h24.com\/ru\/artistes-guest%e2%80%8e\/gilbert-della-noce\/#breadcrumb","itemListElement":[{"@type":"ListItem","position":1,"name":"Accueil","item":"https:\/\/incognito24h24.com\/ru\/"},{"@type":"ListItem","position":2,"name":"artistes guest","item":"https:\/\/incognito24h24.com\/ru\/artistes-guest%e2%80%8e\/"},{"@type":"ListItem","position":3,"name":"Gilbert Della Noce"}]}]}},"_links":{"self":[{"href":"https:\/\/incognito24h24.com\/ru\/wp-json\/wp\/v2\/pages\/143"}],"collection":[{"href":"https:\/\/incognito24h24.com\/ru\/wp-json\/wp\/v2\/pages"}],"about":[{"href":"https:\/\/incognito24h24.com\/ru\/wp-json\/wp\/v2\/types\/page"}],"author":[{"embeddable":true,"href":"https:\/\/incognito24h24.com\/ru\/wp-json\/wp\/v2\/users\/1"}],"replies":[{"embeddable":true,"href":"https:\/\/incognito24h24.com\/ru\/wp-json\/wp\/v2\/comments?post=143"}],"version-history":[{"count":0,"href":"https:\/\/incognito24h24.com\/ru\/wp-json\/wp\/v2\/pages\/143\/revisions"}],"up":[{"embeddable":true,"href":"https:\/\/incognito24h24.com\/ru\/wp-json\/wp\/v2\/pages\/15"}],"wp:attachment":[{"href":"https:\/\/incognito24h24.com\/ru\/wp-json\/wp\/v2\/media?parent=143"}],"curies":[{"name":"wp","href":"https:\/\/api.w.org\/{rel}","templated":true}]}}