{"id":107,"date":"2014-03-06T12:00:00","date_gmt":"2014-03-06T11:00:00","guid":{"rendered":"http:\/\/incognito.vu\/wordpress\/?page_id=107"},"modified":"2017-01-16T11:28:46","modified_gmt":"2017-01-16T10:28:46","slug":"gette","status":"publish","type":"page","link":"https:\/\/incognito24h24.com\/ru\/artistes-resident\/gette\/","title":{"rendered":"Gette"},"content":{"rendered":"<p><a href=\"www.incognito.vu\/docs\/cartoGette.pdf\"><img class=\"alignleft size-full wp-image-72\" alt=\"lien vers le site communiqu\u00e9 et texte\" src=\"\/wordpress\/wp-content\/uploads\/bounce.png\" \/><\/a> <a href=\"www.incognito.vu\/docs\/cartoGette.pdf\"> communiqu\u00e9 et texte<\/a><\/p>\n<h2>Vernissages \/ \u00e9v\u00e9nements :<\/h2>\n<p> &bull; (2008-10-24 &#8211; 2008-11-29) Rapprochements et Dechirures (photocopies)<\/p>\n<p>Visuels :<br \/><img src=\"\/wordpress\/wp-content\/uploads\/img\/rd1_wb_copy.jpg\" title=\" ( -  : )\" \/>&nbsp;&nbsp;<img src=\"\/wordpress\/wp-content\/uploads\/img\/rd2_wb_copy.jpg\" title=\" ( -  : )\" \/>&nbsp;&nbsp;<img src=\"\/wordpress\/wp-content\/uploads\/img\/rd3_wb_copy.jpg\" title=\" ( -  : )\" \/>&nbsp;&nbsp;<img src=\"\/wordpress\/wp-content\/uploads\/img\/rd4_wb_copy.jpg\" title=\" ( -  : )\" \/>&nbsp;&nbsp;<img src=\"\/wordpress\/wp-content\/uploads\/img\/rd5_wb_copy.jpg\" title=\" ( -  : )\" \/>&nbsp;&nbsp;<img src=\"\/wordpress\/wp-content\/uploads\/img\/rd6_wb_copy.jpg\" title=\" ( -  : )\" \/>&nbsp;&nbsp;<img src=\"\/wordpress\/wp-content\/uploads\/img\/rd7_wb_copy.jpg\" title=\" ( -  : )\" \/>&nbsp;&nbsp;<img src=\"\/wordpress\/wp-content\/uploads\/img\/rd8_wb_copy.jpg\" title=\" ( -  : )\" \/>&nbsp;&nbsp;<img src=\"\/wordpress\/wp-content\/uploads\/img\/rd9_wb_copy.jpg\" title=\" ( -  : )\" \/>&nbsp;&nbsp;<img src=\"\/wordpress\/wp-content\/uploads\/img\/rd10_wb_copy.jpg\" title=\" ( -  : )\" \/>&nbsp;&nbsp;<img src=\"\/wordpress\/wp-content\/uploads\/img\/rd11_wb_copy.jpg\" title=\" ( -  : )\" \/>&nbsp;&nbsp;<img src=\"\/wordpress\/wp-content\/uploads\/img\/rd12_wb_copy.jpg\" title=\" ( -  : )\" \/>&nbsp;&nbsp;<img src=\"\/wordpress\/wp-content\/uploads\/img\/rd13_wb_copy.jpg\" title=\" ( -  : )\" \/>&nbsp;&nbsp;<img src=\"\/wordpress\/wp-content\/uploads\/img\/rd14_wb_copy.jpg\" title=\" ( -  : )\" \/>&nbsp;&nbsp;<img src=\"\/wordpress\/wp-content\/uploads\/img\/rd15_wb_copy.jpg\" title=\" ( -  : )\" \/>&nbsp;&nbsp;<img src=\"\/wordpress\/wp-content\/uploads\/img\/rd16_wb_copy.jpg\" title=\" ( -  : )\" \/>&nbsp;&nbsp;<br \/>&bull; (2011-11-04 &#8211; 2011-12-10) Ce parcours, voit l\u2019arriv\u00e9e des fant\u00f4mes qui ne sont pas ici ceux de la min\u00e9ralogie, mais ceux se trouvant autour d\u2019Art\u00e9mis.<br \/>\nDepuis le 19\u00e8me si\u00e8cle on s\u2019ing\u00e9nie \u00e0 les photographier, les miens sont moins craintifs, ils ressortent tous du regard rapproch\u00e9, si rapproch\u00e9 parfois que l\u2019accommodation n\u2019a plus la possibilit\u00e9 de se faire.<br \/>\nQuand \u00e0 l\u2019intimit\u00e9 de la si court v\u00eatue et pourtant pudique d\u00e9esse, le dessin de souvenance remplacera la photographie.<br \/>\nLes deux vont donc devoir voisiner dans le m\u00eame espace plastique !<\/p>\n<p>Visuels :<br \/><img src=\"\/wordpress\/wp-content\/uploads\/img\/p1080296.jpg_wb.jpg\" title=\"Dessin encre ind\u00e9l\u00e9bile, crayon de couleur et salive (Photographie coul. - 30 x 40 cm : Sign\u00e9 et dat\u00e9 2011)\" \/>&nbsp;&nbsp;<img src=\"\/wordpress\/wp-content\/uploads\/img\/p1080298.jpg_wb.jpg\" title=\"Dessin encre ind\u00e9l\u00e9bile, crayon de couleur et salive (Photographie coul. - Sign\u00e9 et dat\u00e9 2011 : 30 x 40 cm)\" \/>&nbsp;&nbsp;<img src=\"\/wordpress\/wp-content\/uploads\/img\/p1080303.jpg_wb.jpg\" title=\"Dessin encre ind\u00e9l\u00e9bile, crayon de couleur et salive (Photographie coul. - Sign\u00e9 et dat\u00e9 2011 : 30 x 40 cm)\" \/>&nbsp;&nbsp;<img src=\"\/wordpress\/wp-content\/uploads\/img\/p1080309.jpg_wb.jpg\" title=\"Dessin encre ind\u00e9l\u00e9bile, crayon de couleur et salive (Photographie coul. - Sign\u00e9 et dat\u00e9 2011 : 30 x 40 cm)\" \/>&nbsp;&nbsp;<img src=\"\/wordpress\/wp-content\/uploads\/img\/p1080308.jpg_wb.jpg\" title=\"Dessin encre ind\u00e9l\u00e9bile, crayon de couleur et salive (Photographie coul. - Sign\u00e9 et dat\u00e9 2011 : 30 x 40 cm)\" \/>&nbsp;&nbsp;<img src=\"\/wordpress\/wp-content\/uploads\/img\/p1080310.jpg_wb.jpg\" title=\"Dessin encre ind\u00e9l\u00e9bile, crayon de couleur et salive (Photographie coul. - Sign\u00e9 et dat\u00e9 2011 : 30 x 40 cm)\" \/>&nbsp;&nbsp;<img src=\"\/wordpress\/wp-content\/uploads\/img\/p1080314.jpg_wb.jpg\" title=\"Dessin encre ind\u00e9l\u00e9bile, crayon de couleur et salive (Photographie coul. - Sign\u00e9 et dat\u00e9 2011 : 30 x 40 cm)\" \/>&nbsp;&nbsp;<img src=\"\/wordpress\/wp-content\/uploads\/img\/p1080311.jpg_wb.jpg\" title=\"Dessin encre ind\u00e9l\u00e9bile, crayon de couleur et salive (Photographie coul. - Sign\u00e9 et dat\u00e9 2011 : 30 x 40 cm)\" \/>&nbsp;&nbsp;<\/p>\n<!-- AddThis Advanced Settings generic via filter on the_content --><!-- AddThis Share Buttons generic via filter on the_content -->","protected":false},"excerpt":{"rendered":"<p>communiqu\u00e9 et texte Vernissages \/ \u00e9v\u00e9nements : &bull; (2008-10-24 &#8211; 2008-11-29) Rapprochements et Dechirures (photocopies) Visuels :&nbsp;&nbsp;&nbsp;&nbsp;&nbsp;&nbsp;&nbsp;&nbsp;&nbsp;&nbsp;&nbsp;&nbsp;&nbsp;&nbsp;&nbsp;&nbsp;&nbsp;&nbsp;&nbsp;&nbsp;&nbsp;&nbsp;&nbsp;&nbsp;&nbsp;&nbsp;&nbsp;&nbsp;&nbsp;&nbsp;&nbsp;&nbsp;&bull; (2011-11-04 &#8211; 2011-12-10) Ce parcours, voit l\u2019arriv\u00e9e des fant\u00f4mes qui ne sont pas ici ceux de la min\u00e9ralogie, mais ceux se trouvant autour d\u2019Art\u00e9mis. Depuis le 19\u00e8me si\u00e8cle on s\u2019ing\u00e9nie \u00e0 les photographier, les miens sont moins craintifs, [&hellip;]<!-- AddThis Advanced Settings generic via filter on get_the_excerpt --><!-- AddThis Share Buttons generic via filter on get_the_excerpt --><\/p>\n","protected":false},"author":1,"featured_media":0,"parent":13,"menu_order":0,"comment_status":"closed","ping_status":"open","template":"","meta":[],"translation":{"provider":"WPGlobus","version":"2.8.4","language":"ru","enabled_languages":["en","es","de","fr","ru"],"languages":{"en":{"title":true,"content":true,"excerpt":false},"es":{"title":false,"content":false,"excerpt":false},"de":{"title":false,"content":false,"excerpt":false},"fr":{"title":false,"content":false,"excerpt":false},"ru":{"title":false,"content":false,"excerpt":false}}},"yoast_head":"<!-- This site is optimized with the Yoast SEO plugin v17.4 - https:\/\/yoast.com\/wordpress\/plugins\/seo\/ -->\n<meta name=\"robots\" content=\"index, follow, max-snippet:-1, max-image-preview:large, max-video-preview:-1\" \/>\n<link rel=\"canonical\" href=\"https:\/\/incognito24h24.com\/ru\/artistes-resident\/gette\/\" \/>\n<meta property=\"og:locale\" content=\"ru_RU\" \/>\n<meta property=\"og:type\" content=\"article\" \/>\n<meta property=\"og:title\" content=\"Gette - incognito artclub\" \/>\n<meta property=\"og:url\" content=\"https:\/\/incognito24h24.com\/ru\/artistes-resident\/gette\/\" \/>\n<meta property=\"og:site_name\" content=\"incognito artclub\" \/>\n<meta property=\"article:modified_time\" content=\"2017-01-16T10:28:46+00:00\" \/>\n<meta property=\"og:image\" content=\"https:\/\/incognito24h24.com\/wordpress\/wp-content\/uploads\/bounce.png\" \/>\n<meta name=\"twitter:label1\" content=\"Est. reading time\" \/>\n\t<meta name=\"twitter:data1\" content=\"1 minute\" \/>\n<script type=\"application\/ld+json\" class=\"yoast-schema-graph\">{\"@context\":\"https:\/\/schema.org\",\"@graph\":[{\"@type\":\"WebSite\",\"@id\":\"https:\/\/incognito24h24.com\/ru\/#website\",\"url\":\"https:\/\/incognito24h24.com\/ru\/\",\"name\":\"incognito artclub\",\"description\":\"galerie d&#039;art contemporain \\u00e0 Paris\",\"potentialAction\":[{\"@type\":\"SearchAction\",\"target\":{\"@type\":\"EntryPoint\",\"urlTemplate\":\"https:\/\/incognito24h24.com\/ru\/?s={search_term_string}\"},\"query-input\":\"required name=search_term_string\"}],\"inLanguage\":\"ru-RU\"},{\"@type\":\"ImageObject\",\"@id\":\"https:\/\/incognito24h24.com\/ru\/artistes-resident\/gette\/#primaryimage\",\"inLanguage\":\"ru-RU\",\"url\":\"\/wordpress\/wp-content\/uploads\/bounce.png\",\"contentUrl\":\"\/wordpress\/wp-content\/uploads\/bounce.png\"},{\"@type\":\"WebPage\",\"@id\":\"https:\/\/incognito24h24.com\/ru\/artistes-resident\/gette\/#webpage\",\"url\":\"https:\/\/incognito24h24.com\/ru\/artistes-resident\/gette\/\",\"name\":\"Gette - incognito artclub\",\"isPartOf\":{\"@id\":\"https:\/\/incognito24h24.com\/ru\/#website\"},\"primaryImageOfPage\":{\"@id\":\"https:\/\/incognito24h24.com\/ru\/artistes-resident\/gette\/#primaryimage\"},\"datePublished\":\"2014-03-06T11:00:00+00:00\",\"dateModified\":\"2017-01-16T10:28:46+00:00\",\"breadcrumb\":{\"@id\":\"https:\/\/incognito24h24.com\/ru\/artistes-resident\/gette\/#breadcrumb\"},\"inLanguage\":\"ru-RU\",\"potentialAction\":[{\"@type\":\"ReadAction\",\"target\":[\"https:\/\/incognito24h24.com\/ru\/artistes-resident\/gette\/\"]}]},{\"@type\":\"BreadcrumbList\",\"@id\":\"https:\/\/incognito24h24.com\/ru\/artistes-resident\/gette\/#breadcrumb\",\"itemListElement\":[{\"@type\":\"ListItem\",\"position\":1,\"name\":\"Accueil\",\"item\":\"https:\/\/incognito24h24.com\/ru\/\"},{\"@type\":\"ListItem\",\"position\":2,\"name\":\"artistes resident\",\"item\":\"https:\/\/incognito24h24.com\/ru\/artistes-resident\/\"},{\"@type\":\"ListItem\",\"position\":3,\"name\":\"Gette\"}]}]}<\/script>\n<!-- \/ Yoast SEO plugin. -->","yoast_head_json":{"robots":{"index":"index","follow":"follow","max-snippet":"max-snippet:-1","max-image-preview":"max-image-preview:large","max-video-preview":"max-video-preview:-1"},"canonical":"https:\/\/incognito24h24.com\/ru\/artistes-resident\/gette\/","og_locale":"ru_RU","og_type":"article","og_title":"Gette - incognito artclub","og_url":"https:\/\/incognito24h24.com\/ru\/artistes-resident\/gette\/","og_site_name":"incognito artclub","article_modified_time":"2017-01-16T10:28:46+00:00","og_image":[{"url":"https:\/\/incognito24h24.com\/wordpress\/wp-content\/uploads\/bounce.png"}],"twitter_misc":{"Est. reading time":"1 minute"},"schema":{"@context":"https:\/\/schema.org","@graph":[{"@type":"WebSite","@id":"https:\/\/incognito24h24.com\/ru\/#website","url":"https:\/\/incognito24h24.com\/ru\/","name":"incognito artclub","description":"galerie d&#039;art contemporain \u00e0 Paris","potentialAction":[{"@type":"SearchAction","target":{"@type":"EntryPoint","urlTemplate":"https:\/\/incognito24h24.com\/ru\/?s={search_term_string}"},"query-input":"required name=search_term_string"}],"inLanguage":"ru-RU"},{"@type":"ImageObject","@id":"https:\/\/incognito24h24.com\/ru\/artistes-resident\/gette\/#primaryimage","inLanguage":"ru-RU","url":"\/wordpress\/wp-content\/uploads\/bounce.png","contentUrl":"\/wordpress\/wp-content\/uploads\/bounce.png"},{"@type":"WebPage","@id":"https:\/\/incognito24h24.com\/ru\/artistes-resident\/gette\/#webpage","url":"https:\/\/incognito24h24.com\/ru\/artistes-resident\/gette\/","name":"Gette - incognito artclub","isPartOf":{"@id":"https:\/\/incognito24h24.com\/ru\/#website"},"primaryImageOfPage":{"@id":"https:\/\/incognito24h24.com\/ru\/artistes-resident\/gette\/#primaryimage"},"datePublished":"2014-03-06T11:00:00+00:00","dateModified":"2017-01-16T10:28:46+00:00","breadcrumb":{"@id":"https:\/\/incognito24h24.com\/ru\/artistes-resident\/gette\/#breadcrumb"},"inLanguage":"ru-RU","potentialAction":[{"@type":"ReadAction","target":["https:\/\/incognito24h24.com\/ru\/artistes-resident\/gette\/"]}]},{"@type":"BreadcrumbList","@id":"https:\/\/incognito24h24.com\/ru\/artistes-resident\/gette\/#breadcrumb","itemListElement":[{"@type":"ListItem","position":1,"name":"Accueil","item":"https:\/\/incognito24h24.com\/ru\/"},{"@type":"ListItem","position":2,"name":"artistes resident","item":"https:\/\/incognito24h24.com\/ru\/artistes-resident\/"},{"@type":"ListItem","position":3,"name":"Gette"}]}]}},"_links":{"self":[{"href":"https:\/\/incognito24h24.com\/ru\/wp-json\/wp\/v2\/pages\/107"}],"collection":[{"href":"https:\/\/incognito24h24.com\/ru\/wp-json\/wp\/v2\/pages"}],"about":[{"href":"https:\/\/incognito24h24.com\/ru\/wp-json\/wp\/v2\/types\/page"}],"author":[{"embeddable":true,"href":"https:\/\/incognito24h24.com\/ru\/wp-json\/wp\/v2\/users\/1"}],"replies":[{"embeddable":true,"href":"https:\/\/incognito24h24.com\/ru\/wp-json\/wp\/v2\/comments?post=107"}],"version-history":[{"count":0,"href":"https:\/\/incognito24h24.com\/ru\/wp-json\/wp\/v2\/pages\/107\/revisions"}],"up":[{"embeddable":true,"href":"https:\/\/incognito24h24.com\/ru\/wp-json\/wp\/v2\/pages\/13"}],"wp:attachment":[{"href":"https:\/\/incognito24h24.com\/ru\/wp-json\/wp\/v2\/media?parent=107"}],"curies":[{"name":"wp","href":"https:\/\/api.w.org\/{rel}","templated":true}]}}