{"id":94,"date":"2014-03-06T12:00:00","date_gmt":"2014-03-06T11:00:00","guid":{"rendered":"http:\/\/incognito.vu\/wordpress\/?page_id=94"},"modified":"2017-01-16T11:28:46","modified_gmt":"2017-01-16T10:28:46","slug":"aude-tincelin","status":"publish","type":"page","link":"https:\/\/incognito24h24.com\/fr\/artistes-resident\/aude-tincelin\/","title":{"rendered":"Adel Tincelin"},"content":{"rendered":"<h2>BODY DOUBLE<\/h2>\n<p>09.05-15.10 2002<br \/>\nFace aux photos d\u2019Adel Tincelin, une question hante insidieusement le spectateur.<\/p>\n<p>Que sont les passants ici devenus ? Ont-il \u00e9t\u00e9 nuitamment remplac\u00e9s par ces mannequins g\u00e9ants qui sondent imperturbablement le vide ?<\/p>\n<p>Corps morcel\u00e9s, \u00e0 demi mang\u00e9s par la muraille, prisonniers encore de l\u2019architecture urbaine mais d\u00e9finitivement all\u00e9g\u00e9s de leur affiliation marchande, ces parfaites r\u00e9plique semblent bien d\u00e9terminer \u00e0 s\u2019affranchir de leurs imparfaits mod\u00e8les.<\/p>\n<p>Certaines oublient d\u00e9j\u00e0 le regard qui les fixe, s\u2019entrelacent ou se repoussent, discutent entre Grandes Personnes. Hypoth\u00e8se parano\u00efaque et conte fantastique : dans le silence de la ville, les doublures ont enfin pris le dessus.<\/p>\n<p>Patrice BLOUIN<br \/>\nCollaborateur \u00e0 la revue ArtPress et aux Cahiers du Cin\u00e9ma<\/p>\n<p>Visuels :<br \/>\n<img title=\"sans titre, 2001 (photo, edition # 3 EX + 1 EA - 80 x 20 : )\" alt=\"\" src=\"\/wordpress\/wp-content\/uploads\/img\/etamrougewb.jpg\" \/>\u00a0\u00a0<img title=\"sans titre, 2001 (photo, edition #3 + 1 EA - 20 x 30 : )\" alt=\"\" src=\"\/wordpress\/wp-content\/uploads\/img\/gantwb.jpg\" \/>\u00a0\u00a0<img title=\"sans titre (photo, edition #3 + 1 EA - 20 x 30 : )\" alt=\"\" src=\"\/wordpress\/wp-content\/uploads\/img\/gapfillewb.jpg\" \/>\u00a0\u00a0<img title=\"sans titre, 2001 (photo, edition #3 + 1 EA - 20 x 30 : )\" alt=\"\" src=\"\/wordpress\/wp-content\/uploads\/img\/gapgarswb.jpg\" \/>\u00a0\u00a0<img title=\"sans titre, 2001 (photo, edition #3 + 1 EA - 20 x 30 : )\" alt=\"\" src=\"\/wordpress\/wp-content\/uploads\/img\/hechterwb.jpg\" \/>\u00a0\u00a0<img title=\"sans titre, 2001 (photo, edition #3 + 1 EA - 30 x 40 : )\" alt=\"\" src=\"\/wordpress\/wp-content\/uploads\/img\/lafayettewb.jpg\" \/>\u00a0\u00a0<img title=\"sans titre, 2001 (photo, edition #3 + 1 EA - 25 x 35 : )\" alt=\"\" src=\"\/wordpress\/wp-content\/uploads\/img\/mariewb.jpg\" \/>\u00a0\u00a0<img title=\"sans titre, 2001 (photo, edition #3 + 1 EA - 20 x 30 : )\" alt=\"\" src=\"\/wordpress\/wp-content\/uploads\/img\/zarawb.jpg\" \/>\u00a0\u00a0<img title=\"sans titre, 2001 (photo, edition #3 + 1 EA -  25 x 35 : )\" alt=\"\" src=\"\/wordpress\/wp-content\/uploads\/img\/couplewb.jpg\" \/><\/p>\n<p>Vernissage :<br \/>\n<img title=\" ( -  : )\" alt=\"\" src=\"\/wordpress\/wp-content\/uploads\/img\/audelive1wb.jpg\" \/>\u00a0\u00a0<img title=\" ( -  : )\" alt=\"\" src=\"\/wordpress\/wp-content\/uploads\/img\/audelive2wb.jpg\" \/>\u00a0\u00a0<img title=\" ( -  : )\" alt=\"\" src=\"\/wordpress\/wp-content\/uploads\/img\/audelive3wb.jpg\" \/>\u00a0\u00a0<img title=\" ( -  : )\" alt=\"\" src=\"\/wordpress\/wp-content\/uploads\/img\/audelive4wb.jpg\" \/>\u00a0\u00a0<img title=\" ( -  : )\" alt=\"\" src=\"\/wordpress\/wp-content\/uploads\/img\/audelive5wb.jpg\" \/>\u00a0\u00a0<img title=\" ( -  : )\" alt=\"\" src=\"\/wordpress\/wp-content\/uploads\/img\/audelive6wb.jpg\" \/><\/p>\n<!-- AddThis Advanced Settings generic via filter on the_content --><!-- AddThis Share Buttons generic via filter on the_content -->","protected":false},"excerpt":{"rendered":"<p>BODY DOUBLE 09.05-15.10 2002 Face aux photos d\u2019Adel Tincelin, une question hante insidieusement le spectateur. Que sont les passants ici devenus ? Ont-il \u00e9t\u00e9 nuitamment remplac\u00e9s par ces mannequins g\u00e9ants qui sondent imperturbablement le vide ? Corps morcel\u00e9s, \u00e0 demi mang\u00e9s par la muraille, prisonniers encore de l\u2019architecture urbaine mais d\u00e9finitivement all\u00e9g\u00e9s de leur affiliation [&hellip;]<!-- AddThis Advanced Settings generic via filter on get_the_excerpt --><!-- AddThis Share Buttons generic via filter on get_the_excerpt --><\/p>\n","protected":false},"author":1,"featured_media":0,"parent":13,"menu_order":0,"comment_status":"closed","ping_status":"open","template":"","meta":[],"translation":{"provider":"WPGlobus","version":"2.8.4","language":"fr","enabled_languages":["en","es","de","fr","ru"],"languages":{"en":{"title":true,"content":true,"excerpt":false},"es":{"title":false,"content":false,"excerpt":false},"de":{"title":false,"content":false,"excerpt":false},"fr":{"title":false,"content":false,"excerpt":false},"ru":{"title":false,"content":false,"excerpt":false}}},"yoast_head":"<!-- This site is optimized with the Yoast SEO plugin v17.4 - https:\/\/yoast.com\/wordpress\/plugins\/seo\/ -->\n<meta name=\"robots\" content=\"index, follow, max-snippet:-1, max-image-preview:large, max-video-preview:-1\" \/>\n<link rel=\"canonical\" href=\"https:\/\/incognito24h24.com\/fr\/artistes-resident\/aude-tincelin\/\" \/>\n<meta property=\"og:locale\" content=\"fr_FR\" \/>\n<meta property=\"og:type\" content=\"article\" \/>\n<meta property=\"og:title\" content=\"Adel Tincelin - incognito artclub\" \/>\n<meta property=\"og:url\" content=\"https:\/\/incognito24h24.com\/fr\/artistes-resident\/aude-tincelin\/\" \/>\n<meta property=\"og:site_name\" content=\"incognito artclub\" \/>\n<meta property=\"article:modified_time\" content=\"2017-01-16T10:28:46+00:00\" \/>\n<meta property=\"og:image\" content=\"https:\/\/incognito24h24.com\/wordpress\/wp-content\/uploads\/img\/etamrougewb.jpg\" \/>\n<meta name=\"twitter:label1\" content=\"Dur\u00e9e de lecture est.\" \/>\n\t<meta name=\"twitter:data1\" content=\"1 minute\" \/>\n<script type=\"application\/ld+json\" class=\"yoast-schema-graph\">{\"@context\":\"https:\/\/schema.org\",\"@graph\":[{\"@type\":\"WebSite\",\"@id\":\"https:\/\/incognito24h24.com\/fr\/#website\",\"url\":\"https:\/\/incognito24h24.com\/fr\/\",\"name\":\"incognito artclub\",\"description\":\"galerie d&#039;art contemporain \\u00e0 Paris\",\"potentialAction\":[{\"@type\":\"SearchAction\",\"target\":{\"@type\":\"EntryPoint\",\"urlTemplate\":\"https:\/\/incognito24h24.com\/fr\/?s={search_term_string}\"},\"query-input\":\"required name=search_term_string\"}],\"inLanguage\":\"fr-FR\"},{\"@type\":\"ImageObject\",\"@id\":\"https:\/\/incognito24h24.com\/fr\/artistes-resident\/aude-tincelin\/#primaryimage\",\"inLanguage\":\"fr-FR\",\"url\":\"\/wordpress\/wp-content\/uploads\/img\/etamrougewb.jpg\",\"contentUrl\":\"\/wordpress\/wp-content\/uploads\/img\/etamrougewb.jpg\"},{\"@type\":\"WebPage\",\"@id\":\"https:\/\/incognito24h24.com\/fr\/artistes-resident\/aude-tincelin\/#webpage\",\"url\":\"https:\/\/incognito24h24.com\/fr\/artistes-resident\/aude-tincelin\/\",\"name\":\"Adel Tincelin - incognito artclub\",\"isPartOf\":{\"@id\":\"https:\/\/incognito24h24.com\/fr\/#website\"},\"primaryImageOfPage\":{\"@id\":\"https:\/\/incognito24h24.com\/fr\/artistes-resident\/aude-tincelin\/#primaryimage\"},\"datePublished\":\"2014-03-06T11:00:00+00:00\",\"dateModified\":\"2017-01-16T10:28:46+00:00\",\"breadcrumb\":{\"@id\":\"https:\/\/incognito24h24.com\/fr\/artistes-resident\/aude-tincelin\/#breadcrumb\"},\"inLanguage\":\"fr-FR\",\"potentialAction\":[{\"@type\":\"ReadAction\",\"target\":[\"https:\/\/incognito24h24.com\/fr\/artistes-resident\/aude-tincelin\/\"]}]},{\"@type\":\"BreadcrumbList\",\"@id\":\"https:\/\/incognito24h24.com\/fr\/artistes-resident\/aude-tincelin\/#breadcrumb\",\"itemListElement\":[{\"@type\":\"ListItem\",\"position\":1,\"name\":\"Accueil\",\"item\":\"https:\/\/incognito24h24.com\/fr\/\"},{\"@type\":\"ListItem\",\"position\":2,\"name\":\"artistes resident\",\"item\":\"https:\/\/incognito24h24.com\/fr\/artistes-resident\/\"},{\"@type\":\"ListItem\",\"position\":3,\"name\":\"Adel Tincelin\"}]}]}<\/script>\n<!-- \/ Yoast SEO plugin. -->","yoast_head_json":{"robots":{"index":"index","follow":"follow","max-snippet":"max-snippet:-1","max-image-preview":"max-image-preview:large","max-video-preview":"max-video-preview:-1"},"canonical":"https:\/\/incognito24h24.com\/fr\/artistes-resident\/aude-tincelin\/","og_locale":"fr_FR","og_type":"article","og_title":"Adel Tincelin - incognito artclub","og_url":"https:\/\/incognito24h24.com\/fr\/artistes-resident\/aude-tincelin\/","og_site_name":"incognito artclub","article_modified_time":"2017-01-16T10:28:46+00:00","og_image":[{"url":"https:\/\/incognito24h24.com\/wordpress\/wp-content\/uploads\/img\/etamrougewb.jpg"}],"twitter_misc":{"Dur\u00e9e de lecture est.":"1 minute"},"schema":{"@context":"https:\/\/schema.org","@graph":[{"@type":"WebSite","@id":"https:\/\/incognito24h24.com\/fr\/#website","url":"https:\/\/incognito24h24.com\/fr\/","name":"incognito artclub","description":"galerie d&#039;art contemporain \u00e0 Paris","potentialAction":[{"@type":"SearchAction","target":{"@type":"EntryPoint","urlTemplate":"https:\/\/incognito24h24.com\/fr\/?s={search_term_string}"},"query-input":"required name=search_term_string"}],"inLanguage":"fr-FR"},{"@type":"ImageObject","@id":"https:\/\/incognito24h24.com\/fr\/artistes-resident\/aude-tincelin\/#primaryimage","inLanguage":"fr-FR","url":"\/wordpress\/wp-content\/uploads\/img\/etamrougewb.jpg","contentUrl":"\/wordpress\/wp-content\/uploads\/img\/etamrougewb.jpg"},{"@type":"WebPage","@id":"https:\/\/incognito24h24.com\/fr\/artistes-resident\/aude-tincelin\/#webpage","url":"https:\/\/incognito24h24.com\/fr\/artistes-resident\/aude-tincelin\/","name":"Adel Tincelin - incognito artclub","isPartOf":{"@id":"https:\/\/incognito24h24.com\/fr\/#website"},"primaryImageOfPage":{"@id":"https:\/\/incognito24h24.com\/fr\/artistes-resident\/aude-tincelin\/#primaryimage"},"datePublished":"2014-03-06T11:00:00+00:00","dateModified":"2017-01-16T10:28:46+00:00","breadcrumb":{"@id":"https:\/\/incognito24h24.com\/fr\/artistes-resident\/aude-tincelin\/#breadcrumb"},"inLanguage":"fr-FR","potentialAction":[{"@type":"ReadAction","target":["https:\/\/incognito24h24.com\/fr\/artistes-resident\/aude-tincelin\/"]}]},{"@type":"BreadcrumbList","@id":"https:\/\/incognito24h24.com\/fr\/artistes-resident\/aude-tincelin\/#breadcrumb","itemListElement":[{"@type":"ListItem","position":1,"name":"Accueil","item":"https:\/\/incognito24h24.com\/fr\/"},{"@type":"ListItem","position":2,"name":"artistes resident","item":"https:\/\/incognito24h24.com\/fr\/artistes-resident\/"},{"@type":"ListItem","position":3,"name":"Adel Tincelin"}]}]}},"_links":{"self":[{"href":"https:\/\/incognito24h24.com\/fr\/wp-json\/wp\/v2\/pages\/94"}],"collection":[{"href":"https:\/\/incognito24h24.com\/fr\/wp-json\/wp\/v2\/pages"}],"about":[{"href":"https:\/\/incognito24h24.com\/fr\/wp-json\/wp\/v2\/types\/page"}],"author":[{"embeddable":true,"href":"https:\/\/incognito24h24.com\/fr\/wp-json\/wp\/v2\/users\/1"}],"replies":[{"embeddable":true,"href":"https:\/\/incognito24h24.com\/fr\/wp-json\/wp\/v2\/comments?post=94"}],"version-history":[{"count":0,"href":"https:\/\/incognito24h24.com\/fr\/wp-json\/wp\/v2\/pages\/94\/revisions"}],"up":[{"embeddable":true,"href":"https:\/\/incognito24h24.com\/fr\/wp-json\/wp\/v2\/pages\/13"}],"wp:attachment":[{"href":"https:\/\/incognito24h24.com\/fr\/wp-json\/wp\/v2\/media?parent=94"}],"curies":[{"name":"wp","href":"https:\/\/api.w.org\/{rel}","templated":true}]}}