{"id":401,"date":"2014-10-17T12:13:21","date_gmt":"2014-10-17T11:13:21","guid":{"rendered":"http:\/\/incognito.vu\/wordpress\/?page_id=401"},"modified":"2017-01-16T11:29:06","modified_gmt":"2017-01-16T10:29:06","slug":"ingrid-luche","status":"publish","type":"page","link":"https:\/\/incognito24h24.com\/fr\/artistes-resident\/ingrid-luche\/","title":{"rendered":"Ingrid Luche"},"content":{"rendered":"<div id=\"attachment_402\" style=\"width: 310px\" class=\"wp-caption aligncenter\"><img aria-describedby=\"caption-attachment-402\" loading=\"lazy\" src=\"http:\/\/incognito.vu\/wordpress\/wp-content\/uploads\/2014\/10\/chiens-300x50.jpg\" alt=\"Edition sign\u00e9e \u00e0 cinq cent exemplaires\" width=\"300\" height=\"50\" class=\"size-medium wp-image-402\" srcset=\"https:\/\/incognito24h24.com\/wordpress\/wp-content\/uploads\/2014\/10\/chiens-300x50.jpg 300w, https:\/\/incognito24h24.com\/wordpress\/wp-content\/uploads\/2014\/10\/chiens-1024x170.jpg 1024w, https:\/\/incognito24h24.com\/wordpress\/wp-content\/uploads\/2014\/10\/chiens-240x40.jpg 240w, https:\/\/incognito24h24.com\/wordpress\/wp-content\/uploads\/2014\/10\/chiens-430x71.jpg 430w, https:\/\/incognito24h24.com\/wordpress\/wp-content\/uploads\/2014\/10\/chiens-1500x250.jpg 1500w\" sizes=\"(max-width: 300px) 100vw, 300px\" \/><p id=\"caption-attachment-402\" class=\"wp-caption-text\">Edition sign\u00e9e \u00e0 cinq cent exemplaires<\/p><\/div>\n<p>Exposition du 6 mai 2004 au 6 juin 2004<\/p>\n<p>\u00a0\u00bb Perros, gossos, chiens, dogs \u00ab\u00a0, 2002<\/p>\n<p>Une dizaine de chiens dessin\u00e9s ou peints figurent align\u00e9s au mur sur un poster de 1 m x 6 m de long. La frise est napp\u00e9e depuis le sol et \u00e0 hauteur de l&rsquo;animal r\u00e9el. \u00ab\u00a0Perros\u2026\u00a0\u00bb est une \u00e9dition imprim\u00e9e (offset, 500 ex. num\u00e9rot\u00e9s et sign\u00e9s) dont les protagonistes multicolores posent, isol\u00e9s sur fond blanc. Entre l&rsquo;exercice de style pictural et le d\u00e9fil\u00e9 de meilleurs amis, cette compagnie d&rsquo;animaux fid\u00e8les s&rsquo;affiche sur un mur blanc dont les asp\u00e9rit\u00e9s fusionnent avec la page glac\u00e9e qui les pr\u00e9sente comme autant d&rsquo;objets \u00e0 adopter.<\/p>\n<!-- AddThis Advanced Settings generic via filter on the_content --><!-- AddThis Share Buttons generic via filter on the_content -->","protected":false},"excerpt":{"rendered":"<p>Exposition du 6 mai 2004 au 6 juin 2004 \u00a0\u00bb Perros, gossos, chiens, dogs \u00ab\u00a0, 2002 Une dizaine de chiens dessin\u00e9s ou peints figurent align\u00e9s au mur sur un poster de 1 m x 6 m de long. La frise est napp\u00e9e depuis le sol et \u00e0 hauteur de l&rsquo;animal r\u00e9el. \u00ab\u00a0Perros\u2026\u00a0\u00bb est une \u00e9dition [&hellip;]<!-- AddThis Advanced Settings generic via filter on get_the_excerpt --><!-- AddThis Share Buttons generic via filter on get_the_excerpt --><\/p>\n","protected":false},"author":1,"featured_media":0,"parent":13,"menu_order":0,"comment_status":"closed","ping_status":"open","template":"","meta":[],"translation":{"provider":"WPGlobus","version":"2.8.4","language":"fr","enabled_languages":["en","es","de","fr","ru"],"languages":{"en":{"title":true,"content":true,"excerpt":false},"es":{"title":false,"content":false,"excerpt":false},"de":{"title":false,"content":false,"excerpt":false},"fr":{"title":false,"content":false,"excerpt":false},"ru":{"title":false,"content":false,"excerpt":false}}},"yoast_head":"<!-- This site is optimized with the Yoast SEO plugin v17.4 - https:\/\/yoast.com\/wordpress\/plugins\/seo\/ -->\n<meta name=\"robots\" content=\"index, follow, max-snippet:-1, max-image-preview:large, max-video-preview:-1\" \/>\n<link rel=\"canonical\" href=\"https:\/\/incognito24h24.com\/fr\/artistes-resident\/ingrid-luche\/\" \/>\n<meta property=\"og:locale\" content=\"fr_FR\" \/>\n<meta property=\"og:type\" content=\"article\" \/>\n<meta property=\"og:title\" content=\"Ingrid Luche - incognito artclub\" \/>\n<meta property=\"og:url\" content=\"https:\/\/incognito24h24.com\/fr\/artistes-resident\/ingrid-luche\/\" \/>\n<meta property=\"og:site_name\" content=\"incognito artclub\" \/>\n<meta property=\"article:modified_time\" content=\"2017-01-16T10:29:06+00:00\" \/>\n<meta property=\"og:image\" content=\"http:\/\/incognito.vu\/wordpress\/wp-content\/uploads\/2014\/10\/chiens-300x50.jpg\" \/>\n<meta name=\"twitter:label1\" content=\"Dur\u00e9e de lecture est.\" \/>\n\t<meta name=\"twitter:data1\" content=\"1 minute\" \/>\n<script type=\"application\/ld+json\" class=\"yoast-schema-graph\">{\"@context\":\"https:\/\/schema.org\",\"@graph\":[{\"@type\":\"WebSite\",\"@id\":\"https:\/\/incognito24h24.com\/fr\/#website\",\"url\":\"https:\/\/incognito24h24.com\/fr\/\",\"name\":\"incognito artclub\",\"description\":\"galerie d&#039;art contemporain \\u00e0 Paris\",\"potentialAction\":[{\"@type\":\"SearchAction\",\"target\":{\"@type\":\"EntryPoint\",\"urlTemplate\":\"https:\/\/incognito24h24.com\/fr\/?s={search_term_string}\"},\"query-input\":\"required name=search_term_string\"}],\"inLanguage\":\"fr-FR\"},{\"@type\":\"ImageObject\",\"@id\":\"https:\/\/incognito24h24.com\/fr\/artistes-resident\/ingrid-luche\/#primaryimage\",\"inLanguage\":\"fr-FR\",\"url\":\"http:\/\/incognito.vu\/wordpress\/wp-content\/uploads\/2014\/10\/chiens-300x50.jpg\",\"contentUrl\":\"http:\/\/incognito.vu\/wordpress\/wp-content\/uploads\/2014\/10\/chiens-300x50.jpg\"},{\"@type\":\"WebPage\",\"@id\":\"https:\/\/incognito24h24.com\/fr\/artistes-resident\/ingrid-luche\/#webpage\",\"url\":\"https:\/\/incognito24h24.com\/fr\/artistes-resident\/ingrid-luche\/\",\"name\":\"Ingrid Luche - incognito artclub\",\"isPartOf\":{\"@id\":\"https:\/\/incognito24h24.com\/fr\/#website\"},\"primaryImageOfPage\":{\"@id\":\"https:\/\/incognito24h24.com\/fr\/artistes-resident\/ingrid-luche\/#primaryimage\"},\"datePublished\":\"2014-10-17T11:13:21+00:00\",\"dateModified\":\"2017-01-16T10:29:06+00:00\",\"breadcrumb\":{\"@id\":\"https:\/\/incognito24h24.com\/fr\/artistes-resident\/ingrid-luche\/#breadcrumb\"},\"inLanguage\":\"fr-FR\",\"potentialAction\":[{\"@type\":\"ReadAction\",\"target\":[\"https:\/\/incognito24h24.com\/fr\/artistes-resident\/ingrid-luche\/\"]}]},{\"@type\":\"BreadcrumbList\",\"@id\":\"https:\/\/incognito24h24.com\/fr\/artistes-resident\/ingrid-luche\/#breadcrumb\",\"itemListElement\":[{\"@type\":\"ListItem\",\"position\":1,\"name\":\"Accueil\",\"item\":\"https:\/\/incognito24h24.com\/fr\/\"},{\"@type\":\"ListItem\",\"position\":2,\"name\":\"artistes resident\",\"item\":\"https:\/\/incognito24h24.com\/fr\/artistes-resident\/\"},{\"@type\":\"ListItem\",\"position\":3,\"name\":\"Ingrid Luche\"}]}]}<\/script>\n<!-- \/ Yoast SEO plugin. -->","yoast_head_json":{"robots":{"index":"index","follow":"follow","max-snippet":"max-snippet:-1","max-image-preview":"max-image-preview:large","max-video-preview":"max-video-preview:-1"},"canonical":"https:\/\/incognito24h24.com\/fr\/artistes-resident\/ingrid-luche\/","og_locale":"fr_FR","og_type":"article","og_title":"Ingrid Luche - incognito artclub","og_url":"https:\/\/incognito24h24.com\/fr\/artistes-resident\/ingrid-luche\/","og_site_name":"incognito artclub","article_modified_time":"2017-01-16T10:29:06+00:00","og_image":[{"url":"http:\/\/incognito.vu\/wordpress\/wp-content\/uploads\/2014\/10\/chiens-300x50.jpg"}],"twitter_misc":{"Dur\u00e9e de lecture est.":"1 minute"},"schema":{"@context":"https:\/\/schema.org","@graph":[{"@type":"WebSite","@id":"https:\/\/incognito24h24.com\/fr\/#website","url":"https:\/\/incognito24h24.com\/fr\/","name":"incognito artclub","description":"galerie d&#039;art contemporain \u00e0 Paris","potentialAction":[{"@type":"SearchAction","target":{"@type":"EntryPoint","urlTemplate":"https:\/\/incognito24h24.com\/fr\/?s={search_term_string}"},"query-input":"required name=search_term_string"}],"inLanguage":"fr-FR"},{"@type":"ImageObject","@id":"https:\/\/incognito24h24.com\/fr\/artistes-resident\/ingrid-luche\/#primaryimage","inLanguage":"fr-FR","url":"http:\/\/incognito.vu\/wordpress\/wp-content\/uploads\/2014\/10\/chiens-300x50.jpg","contentUrl":"http:\/\/incognito.vu\/wordpress\/wp-content\/uploads\/2014\/10\/chiens-300x50.jpg"},{"@type":"WebPage","@id":"https:\/\/incognito24h24.com\/fr\/artistes-resident\/ingrid-luche\/#webpage","url":"https:\/\/incognito24h24.com\/fr\/artistes-resident\/ingrid-luche\/","name":"Ingrid Luche - incognito artclub","isPartOf":{"@id":"https:\/\/incognito24h24.com\/fr\/#website"},"primaryImageOfPage":{"@id":"https:\/\/incognito24h24.com\/fr\/artistes-resident\/ingrid-luche\/#primaryimage"},"datePublished":"2014-10-17T11:13:21+00:00","dateModified":"2017-01-16T10:29:06+00:00","breadcrumb":{"@id":"https:\/\/incognito24h24.com\/fr\/artistes-resident\/ingrid-luche\/#breadcrumb"},"inLanguage":"fr-FR","potentialAction":[{"@type":"ReadAction","target":["https:\/\/incognito24h24.com\/fr\/artistes-resident\/ingrid-luche\/"]}]},{"@type":"BreadcrumbList","@id":"https:\/\/incognito24h24.com\/fr\/artistes-resident\/ingrid-luche\/#breadcrumb","itemListElement":[{"@type":"ListItem","position":1,"name":"Accueil","item":"https:\/\/incognito24h24.com\/fr\/"},{"@type":"ListItem","position":2,"name":"artistes resident","item":"https:\/\/incognito24h24.com\/fr\/artistes-resident\/"},{"@type":"ListItem","position":3,"name":"Ingrid Luche"}]}]}},"_links":{"self":[{"href":"https:\/\/incognito24h24.com\/fr\/wp-json\/wp\/v2\/pages\/401"}],"collection":[{"href":"https:\/\/incognito24h24.com\/fr\/wp-json\/wp\/v2\/pages"}],"about":[{"href":"https:\/\/incognito24h24.com\/fr\/wp-json\/wp\/v2\/types\/page"}],"author":[{"embeddable":true,"href":"https:\/\/incognito24h24.com\/fr\/wp-json\/wp\/v2\/users\/1"}],"replies":[{"embeddable":true,"href":"https:\/\/incognito24h24.com\/fr\/wp-json\/wp\/v2\/comments?post=401"}],"version-history":[{"count":0,"href":"https:\/\/incognito24h24.com\/fr\/wp-json\/wp\/v2\/pages\/401\/revisions"}],"up":[{"embeddable":true,"href":"https:\/\/incognito24h24.com\/fr\/wp-json\/wp\/v2\/pages\/13"}],"wp:attachment":[{"href":"https:\/\/incognito24h24.com\/fr\/wp-json\/wp\/v2\/media?parent=401"}],"curies":[{"name":"wp","href":"https:\/\/api.w.org\/{rel}","templated":true}]}}