{"id":376,"date":"2014-10-17T10:10:21","date_gmt":"2014-10-17T09:10:21","guid":{"rendered":"http:\/\/incognito.vu\/wordpress\/?page_id=376"},"modified":"2017-01-16T11:29:06","modified_gmt":"2017-01-16T10:29:06","slug":"magali-brenon-nicolas-tourre","status":"publish","type":"page","link":"https:\/\/incognito24h24.com\/fr\/artistes-resident\/magali-brenon-nicolas-tourre\/","title":{"rendered":"Magali Br\u00e9non &#038; Nicolas Tourre"},"content":{"rendered":"<div id=\"attachment_377\" style=\"width: 223px\" class=\"wp-caption aligncenter\"><img aria-describedby=\"caption-attachment-377\" loading=\"lazy\" src=\"http:\/\/incognito.vu\/wordpress\/wp-content\/uploads\/2014\/10\/vue-densemble-213x300.jpg\" alt=\"vue d&#039;ensemble, novembre 2009\" width=\"213\" height=\"300\" class=\"size-medium wp-image-377\" srcset=\"https:\/\/incognito24h24.com\/wordpress\/wp-content\/uploads\/2014\/10\/vue-densemble-213x300.jpg 213w, https:\/\/incognito24h24.com\/wordpress\/wp-content\/uploads\/2014\/10\/vue-densemble-727x1024.jpg 727w, https:\/\/incognito24h24.com\/wordpress\/wp-content\/uploads\/2014\/10\/vue-densemble-240x337.jpg 240w, https:\/\/incognito24h24.com\/wordpress\/wp-content\/uploads\/2014\/10\/vue-densemble-430x605.jpg 430w, https:\/\/incognito24h24.com\/wordpress\/wp-content\/uploads\/2014\/10\/vue-densemble-1065x1500.jpg 1065w, https:\/\/incognito24h24.com\/wordpress\/wp-content\/uploads\/2014\/10\/vue-densemble.jpg 1933w\" sizes=\"(max-width: 213px) 100vw, 213px\" \/><p id=\"caption-attachment-377\" class=\"wp-caption-text\">vue d&rsquo;ensemble, novembre 2009<\/p><\/div>\nL\u2019\u00c9CART<br \/>\nJe suis un outil de travail, une chose curieuse. Je suis le lac ouvert d\u2019une fissure \u00e9ruptive sur le trajet d\u2019un cours d\u2019eau, n\u00e9 de la chute d\u2019une nappe sur la fusion des roches. Dans la chambre d\u2019explosion j\u2019ai coul\u00e9\u00a0; j\u2019ai vu les effondrements circulaires du socle o\u00f9 je me reposais. \u00c9ruption phr\u00e9ato-magmatique. Expression\u00a0: panaches \u00e9ph\u00e9m\u00e8res\u00a0; surface arrach\u00e9e. Mon corps \u00e9pouse \u00e0 pr\u00e9sent le lieu du contact, une d\u00e9pression au ras du sol et de plusieurs hectares, vestige d\u2019une rencontre explosive.<br \/>\nJe suis une eau dormante, vou\u00e9e \u00e0 dispara\u00eetre\u00a0? Je suis une eau stagnante, vuln\u00e9rable et peu profonde, solide l\u2019hiver dans son int\u00e9gralit\u00e9\u00a0; variable. Je m\u2019\u00e9paissis, m\u2019opacifie, j\u2019en perds la vue.<br \/>\nComment choisir ce qui m\u2019arrive\u00a0? Un craquement de banquise ou les assauts du vent\u00a0? Opter pour la fissure et la b\u00e9ance soudaines. Pour les icebergs, les souterrains. Choisir la fracture, le morcellement. Puis la r\u00e9duction, la fonte\u00a0; la disparition. Effacement des reliefs, des routes\u00a0; d\u00e9faillance des sources\u00a0; suppression du paysage.<br \/>\n\u00c9couter les faux silences qui peuplent ma maison et donner corps \u00e0 mes fant\u00f4mes. Ouvrir les pi\u00e8ces referm\u00e9es sur les splendeurs et les atrocit\u00e9s. Desserrer, d\u00e9sunir, diviser, d\u00e9tisser les liens invent\u00e9s. Entailler les mod\u00e8les, les arch\u00e9types et les copies\u00a0; inciser les croyances et les images, renverser les id\u00e9es, fendre les blocs, d\u00e9vaster les lieux communs, retourner le terrain, tomber en ruines.<br \/>\nSur le champ de bataille je vide mes poches et je descends dans une eau \u00e9chauff\u00e9e par des filets souterrains de lave. Partout autour de moi, des pens\u00e9es sauvages. Mon incorrection est impardonnable, mes \u00e9carts de langage, mon entorse au r\u00e9gime\u2026 Je me d\u00e9leste, je vide mes poches et je jette \u00e0 l\u2019eau mes pens\u00e9es pour qu\u2019elles infusent\u00a0; ne pas rester sans voix, dans l\u2019extinction d\u2019un sommeil \u00e9carlate.<br \/>\n Je me d\u00e9tends\u00a0; dans le vent ti\u00e8de quelque chose c\u00e8de. J\u2019\u00e9coute ce qui r\u00e9sonne dans ce lieu ouvert, offert, ce lieu \u00e0 l\u2019air libre et aux tapis d\u2019herbes, aux lacs et aux cascades, aux ruisseaux perdus. J\u2019\u00e9coute les murmures. D\u2019\u00eatre sortie des eaux je ne mourrai pas\u00a0; je suis en vie. Comment abattre les derni\u00e8res r\u00e9sistances\u00a0?<br \/>\nJ\u2019appartiens au monde sauvage\u00a0; je partirai \u00e0 sa rencontre. Jusqu\u2019au non-sens j\u2019\u00e9puiserai la substance des mots. Qui suis-je\u00a0? Je marche dans les bois et je suis d\u00e9sorient\u00e9e mais je n\u2019ai pas peur. J\u2019entre dans la distance, dans la possibilit\u00e9 d\u2019une erreur, et, dans l\u2019\u00e9cartement, je cherche. Le triangle n\u2019est pas ferm\u00e9\u00a0; son style est form\u00e9 d\u2019\u00e9clats. \u00c0 l\u2019origine, il n\u2019y a rien d\u2019original\u00a0; je cherche des \u00e9chapp\u00e9es, un point de vue. Je cherche dans ce qui s\u00e9pare, dans ce qui tombe, je cherche dans l\u2019insu, dans le lav\u00e9, relav\u00e9, d\u00e9lav\u00e9 et essor\u00e9\u00a0; je choisirai dans ce qui choit. Je fouillerai les b\u00e9ances, j\u2019\u00e9carterai les bords pour regarder \u00e0 l\u2019int\u00e9rieur.<br \/>\nTendue comme un arc me voil\u00e0 face \u00e0 la r\u00e9serve. Franchir la retenue, passer \u00e0 travers les mailles du filet\u00a0? Traverser la vall\u00e9e par la surface, nager au-dessus des villages engloutis\u00a0? Sur ce lac d\u2019artifices, qui me m\u00e8ne en bateau\u00a0?<br \/>\nRel\u00e2che.<br \/>\nDu temps, \u00e0 plus d\u2019un titre.<br \/>\nJe fais fl\u00e8che de tout bois, je laisse faire, j\u2019ai plus d\u2019une corde (vocale).<br \/>\nMagali Br\u00e9non<\/p>\n<!-- AddThis Advanced Settings generic via filter on the_content --><!-- AddThis Share Buttons generic via filter on the_content -->","protected":false},"excerpt":{"rendered":"<p>L\u2019\u00c9CART Je suis un outil de travail, une chose curieuse. Je suis le lac ouvert d\u2019une fissure \u00e9ruptive sur le trajet d\u2019un cours d\u2019eau, n\u00e9 de la chute d\u2019une nappe sur la fusion des roches. Dans la chambre d\u2019explosion j\u2019ai coul\u00e9\u00a0; j\u2019ai vu les effondrements circulaires du socle o\u00f9 je me reposais. \u00c9ruption phr\u00e9ato-magmatique. Expression\u00a0: [&hellip;]<!-- AddThis Advanced Settings generic via filter on get_the_excerpt --><!-- AddThis Share Buttons generic via filter on get_the_excerpt --><\/p>\n","protected":false},"author":1,"featured_media":0,"parent":13,"menu_order":0,"comment_status":"closed","ping_status":"open","template":"","meta":[],"translation":{"provider":"WPGlobus","version":"2.8.4","language":"fr","enabled_languages":["en","es","de","fr","ru"],"languages":{"en":{"title":true,"content":true,"excerpt":false},"es":{"title":false,"content":false,"excerpt":false},"de":{"title":false,"content":false,"excerpt":false},"fr":{"title":false,"content":false,"excerpt":false},"ru":{"title":false,"content":false,"excerpt":false}}},"yoast_head":"<!-- This site is optimized with the Yoast SEO plugin v17.4 - https:\/\/yoast.com\/wordpress\/plugins\/seo\/ -->\n<meta name=\"robots\" content=\"index, follow, max-snippet:-1, max-image-preview:large, max-video-preview:-1\" \/>\n<link rel=\"canonical\" href=\"https:\/\/incognito24h24.com\/fr\/artistes-resident\/magali-brenon-nicolas-tourre\/\" \/>\n<meta property=\"og:locale\" content=\"fr_FR\" \/>\n<meta property=\"og:type\" content=\"article\" \/>\n<meta property=\"og:title\" content=\"Magali Br\u00e9non &amp; Nicolas Tourre - incognito artclub\" \/>\n<meta property=\"og:url\" content=\"https:\/\/incognito24h24.com\/fr\/artistes-resident\/magali-brenon-nicolas-tourre\/\" \/>\n<meta property=\"og:site_name\" content=\"incognito artclub\" \/>\n<meta property=\"article:modified_time\" content=\"2017-01-16T10:29:06+00:00\" \/>\n<meta property=\"og:image\" content=\"http:\/\/incognito.vu\/wordpress\/wp-content\/uploads\/2014\/10\/vue-densemble-213x300.jpg\" \/>\n<meta name=\"twitter:label1\" content=\"Dur\u00e9e de lecture est.\" \/>\n\t<meta name=\"twitter:data1\" content=\"3 minutes\" \/>\n<script type=\"application\/ld+json\" class=\"yoast-schema-graph\">{\"@context\":\"https:\/\/schema.org\",\"@graph\":[{\"@type\":\"WebSite\",\"@id\":\"https:\/\/incognito24h24.com\/fr\/#website\",\"url\":\"https:\/\/incognito24h24.com\/fr\/\",\"name\":\"incognito artclub\",\"description\":\"galerie d&#039;art contemporain \\u00e0 Paris\",\"potentialAction\":[{\"@type\":\"SearchAction\",\"target\":{\"@type\":\"EntryPoint\",\"urlTemplate\":\"https:\/\/incognito24h24.com\/fr\/?s={search_term_string}\"},\"query-input\":\"required name=search_term_string\"}],\"inLanguage\":\"fr-FR\"},{\"@type\":\"ImageObject\",\"@id\":\"https:\/\/incognito24h24.com\/fr\/artistes-resident\/magali-brenon-nicolas-tourre\/#primaryimage\",\"inLanguage\":\"fr-FR\",\"url\":\"http:\/\/incognito.vu\/wordpress\/wp-content\/uploads\/2014\/10\/vue-densemble-213x300.jpg\",\"contentUrl\":\"http:\/\/incognito.vu\/wordpress\/wp-content\/uploads\/2014\/10\/vue-densemble-213x300.jpg\"},{\"@type\":\"WebPage\",\"@id\":\"https:\/\/incognito24h24.com\/fr\/artistes-resident\/magali-brenon-nicolas-tourre\/#webpage\",\"url\":\"https:\/\/incognito24h24.com\/fr\/artistes-resident\/magali-brenon-nicolas-tourre\/\",\"name\":\"Magali Br\\u00e9non & Nicolas Tourre - incognito artclub\",\"isPartOf\":{\"@id\":\"https:\/\/incognito24h24.com\/fr\/#website\"},\"primaryImageOfPage\":{\"@id\":\"https:\/\/incognito24h24.com\/fr\/artistes-resident\/magali-brenon-nicolas-tourre\/#primaryimage\"},\"datePublished\":\"2014-10-17T09:10:21+00:00\",\"dateModified\":\"2017-01-16T10:29:06+00:00\",\"breadcrumb\":{\"@id\":\"https:\/\/incognito24h24.com\/fr\/artistes-resident\/magali-brenon-nicolas-tourre\/#breadcrumb\"},\"inLanguage\":\"fr-FR\",\"potentialAction\":[{\"@type\":\"ReadAction\",\"target\":[\"https:\/\/incognito24h24.com\/fr\/artistes-resident\/magali-brenon-nicolas-tourre\/\"]}]},{\"@type\":\"BreadcrumbList\",\"@id\":\"https:\/\/incognito24h24.com\/fr\/artistes-resident\/magali-brenon-nicolas-tourre\/#breadcrumb\",\"itemListElement\":[{\"@type\":\"ListItem\",\"position\":1,\"name\":\"Accueil\",\"item\":\"https:\/\/incognito24h24.com\/fr\/\"},{\"@type\":\"ListItem\",\"position\":2,\"name\":\"artistes resident\",\"item\":\"https:\/\/incognito24h24.com\/fr\/artistes-resident\/\"},{\"@type\":\"ListItem\",\"position\":3,\"name\":\"Magali Br\\u00e9non &#038; Nicolas Tourre\"}]}]}<\/script>\n<!-- \/ Yoast SEO plugin. -->","yoast_head_json":{"robots":{"index":"index","follow":"follow","max-snippet":"max-snippet:-1","max-image-preview":"max-image-preview:large","max-video-preview":"max-video-preview:-1"},"canonical":"https:\/\/incognito24h24.com\/fr\/artistes-resident\/magali-brenon-nicolas-tourre\/","og_locale":"fr_FR","og_type":"article","og_title":"Magali Br\u00e9non & Nicolas Tourre - incognito artclub","og_url":"https:\/\/incognito24h24.com\/fr\/artistes-resident\/magali-brenon-nicolas-tourre\/","og_site_name":"incognito artclub","article_modified_time":"2017-01-16T10:29:06+00:00","og_image":[{"url":"http:\/\/incognito.vu\/wordpress\/wp-content\/uploads\/2014\/10\/vue-densemble-213x300.jpg"}],"twitter_misc":{"Dur\u00e9e de lecture est.":"3 minutes"},"schema":{"@context":"https:\/\/schema.org","@graph":[{"@type":"WebSite","@id":"https:\/\/incognito24h24.com\/fr\/#website","url":"https:\/\/incognito24h24.com\/fr\/","name":"incognito artclub","description":"galerie d&#039;art contemporain \u00e0 Paris","potentialAction":[{"@type":"SearchAction","target":{"@type":"EntryPoint","urlTemplate":"https:\/\/incognito24h24.com\/fr\/?s={search_term_string}"},"query-input":"required name=search_term_string"}],"inLanguage":"fr-FR"},{"@type":"ImageObject","@id":"https:\/\/incognito24h24.com\/fr\/artistes-resident\/magali-brenon-nicolas-tourre\/#primaryimage","inLanguage":"fr-FR","url":"http:\/\/incognito.vu\/wordpress\/wp-content\/uploads\/2014\/10\/vue-densemble-213x300.jpg","contentUrl":"http:\/\/incognito.vu\/wordpress\/wp-content\/uploads\/2014\/10\/vue-densemble-213x300.jpg"},{"@type":"WebPage","@id":"https:\/\/incognito24h24.com\/fr\/artistes-resident\/magali-brenon-nicolas-tourre\/#webpage","url":"https:\/\/incognito24h24.com\/fr\/artistes-resident\/magali-brenon-nicolas-tourre\/","name":"Magali Br\u00e9non & Nicolas Tourre - incognito artclub","isPartOf":{"@id":"https:\/\/incognito24h24.com\/fr\/#website"},"primaryImageOfPage":{"@id":"https:\/\/incognito24h24.com\/fr\/artistes-resident\/magali-brenon-nicolas-tourre\/#primaryimage"},"datePublished":"2014-10-17T09:10:21+00:00","dateModified":"2017-01-16T10:29:06+00:00","breadcrumb":{"@id":"https:\/\/incognito24h24.com\/fr\/artistes-resident\/magali-brenon-nicolas-tourre\/#breadcrumb"},"inLanguage":"fr-FR","potentialAction":[{"@type":"ReadAction","target":["https:\/\/incognito24h24.com\/fr\/artistes-resident\/magali-brenon-nicolas-tourre\/"]}]},{"@type":"BreadcrumbList","@id":"https:\/\/incognito24h24.com\/fr\/artistes-resident\/magali-brenon-nicolas-tourre\/#breadcrumb","itemListElement":[{"@type":"ListItem","position":1,"name":"Accueil","item":"https:\/\/incognito24h24.com\/fr\/"},{"@type":"ListItem","position":2,"name":"artistes resident","item":"https:\/\/incognito24h24.com\/fr\/artistes-resident\/"},{"@type":"ListItem","position":3,"name":"Magali Br\u00e9non &#038; Nicolas Tourre"}]}]}},"_links":{"self":[{"href":"https:\/\/incognito24h24.com\/fr\/wp-json\/wp\/v2\/pages\/376"}],"collection":[{"href":"https:\/\/incognito24h24.com\/fr\/wp-json\/wp\/v2\/pages"}],"about":[{"href":"https:\/\/incognito24h24.com\/fr\/wp-json\/wp\/v2\/types\/page"}],"author":[{"embeddable":true,"href":"https:\/\/incognito24h24.com\/fr\/wp-json\/wp\/v2\/users\/1"}],"replies":[{"embeddable":true,"href":"https:\/\/incognito24h24.com\/fr\/wp-json\/wp\/v2\/comments?post=376"}],"version-history":[{"count":0,"href":"https:\/\/incognito24h24.com\/fr\/wp-json\/wp\/v2\/pages\/376\/revisions"}],"up":[{"embeddable":true,"href":"https:\/\/incognito24h24.com\/fr\/wp-json\/wp\/v2\/pages\/13"}],"wp:attachment":[{"href":"https:\/\/incognito24h24.com\/fr\/wp-json\/wp\/v2\/media?parent=376"}],"curies":[{"name":"wp","href":"https:\/\/api.w.org\/{rel}","templated":true}]}}