{"id":156,"date":"2014-03-06T12:00:00","date_gmt":"2014-03-06T11:00:00","guid":{"rendered":"http:\/\/incognito.vu\/wordpress\/?page_id=156"},"modified":"2017-01-16T11:28:46","modified_gmt":"2017-01-16T10:28:46","slug":"sylvana-lorenz","status":"publish","type":"page","link":"https:\/\/incognito24h24.com\/fr\/artistes-guest%e2%80%8e\/sylvana-lorenz\/","title":{"rendered":"Sylvana Lorenz"},"content":{"rendered":"<div id=\"attachment_356\" style=\"width: 210px\" class=\"wp-caption aligncenter\"><img aria-describedby=\"caption-attachment-356\" loading=\"lazy\" src=\"http:\/\/incognito.vu\/wordpress\/wp-content\/uploads\/2014\/03\/S-Lorenz-NB-200x300.jpg\" alt=\"Autoportrait au chapeau nue, 2007\" width=\"200\" height=\"300\" class=\"size-medium wp-image-356\" srcset=\"https:\/\/incognito24h24.com\/wordpress\/wp-content\/uploads\/2014\/03\/S-Lorenz-NB-200x300.jpg 200w, https:\/\/incognito24h24.com\/wordpress\/wp-content\/uploads\/2014\/03\/S-Lorenz-NB-682x1024.jpg 682w, https:\/\/incognito24h24.com\/wordpress\/wp-content\/uploads\/2014\/03\/S-Lorenz-NB-240x359.jpg 240w, https:\/\/incognito24h24.com\/wordpress\/wp-content\/uploads\/2014\/03\/S-Lorenz-NB-430x644.jpg 430w, https:\/\/incognito24h24.com\/wordpress\/wp-content\/uploads\/2014\/03\/S-Lorenz-NB.jpg 945w\" sizes=\"(max-width: 200px) 100vw, 200px\" \/><p id=\"caption-attachment-356\" class=\"wp-caption-text\">Autoportrait au chapeau nue, 2007<\/p><\/div>\n<p>Autoportrait au chapeau, nue <\/p>\n<p>\nDu 11 janvier au 16 f\u00e9vrier 2008 Vernissage le jeudi 1O janvier \u00e0 partir de 18h incognito <i>artclub<\/i> Paris 16 rue Gu\u00e9n\u00e9gaud. 75006 Paris <\/p>\n<p>\nN\u00e9e en 1953, Sylvana Lorenz a \u00e9t\u00e9:<br \/>\n&#8211; Cr\u00e9atrice d&rsquo;une galerie d&rsquo;art, situ\u00e9e pr\u00e8s du Centre Georges Pompidou, de 1987 \u00e0 1996. Durant dix ans, elle s&rsquo;est attach\u00e9e \u00e0 y faire conna\u00eetre plusieurs artistes fran\u00e7ais et internationaux tels Martin Kippenberger, Gerwald Rockenschaub, Steven Parrino, Mark Dion, Erwin Wurm etc&#8230; &#8211; Expert en Art contemporain \u00e0 Drouot, de 1986 \u00e0 1991 et \u00e0 l&rsquo;origine des premi\u00e8res ventes d&rsquo;art conceptuel en collaboration avec Ghislain Mollet-Vi\u00e9ville. &#8211; Professeur d&rsquo;art contemporain \u00e0 l&rsquo;institut europ\u00e9en sup\u00e9rieur d&rsquo;art (IESA), de 1991 \u00e0 1999.<br \/>\nDepuis 1997, elle est responsable de la communication artistique chez PIERRE CARDIN. Son action s&rsquo;apparente \u00e0 celles des artistes du groupe \u00ab\u00a0Esth\u00e9tique de la communication\u00a0\u00bb qui existe depuis les ann\u00e9es 70. et dont la figure embl\u00e9matique est Yoko Ono. Ce mouvement offre aux artistes un champ de recherche critique sur les m\u00e9dias et sur les techniques de manipulation de l&rsquo;opinion. Il donne naissance \u00e0 des oeuvres qui prennent la forme de journaux, d&rsquo;interventions dans les quotidiens, reportages photographiques, d&rsquo;affiches publicitaires&#8230;<br \/>\nSylvana Lorenz, en participant \u00e0 des \u00e9missions de t\u00e9l\u00e9vision a trouv\u00e9 le moyen de communiquer sur PIERRE CARDIN  mais aussi \u00e0 travers l&rsquo;\u00e9dition avec la publication en 2003 de son autobiographie \u00a0\u00bb A nous deux, Paris!\u00a0\u00bb (Ed.Flammarion) et la biographie de Pierre Cardin (Ed.Calmann-L\u00e9vy).<\/p>\n<p>Dans cette exposition, Sylvana LORENZ communique \u00e0 travers la photographie.<br \/>\n<a href=\"http:\/\/incognito.vu\/wordpress\/wp-content\/uploads\/2014\/03\/Sylvana-Lorenz-_la-Reine-de-la-Jet-Set_.avi\">Sylvana Lorenz _la Reine de la Jet-Set_<\/a><\/p>\n<!-- AddThis Advanced Settings generic via filter on the_content --><!-- AddThis Share Buttons generic via filter on the_content -->","protected":false},"excerpt":{"rendered":"<p>Autoportrait au chapeau, nue Du 11 janvier au 16 f\u00e9vrier 2008 Vernissage le jeudi 1O janvier \u00e0 partir de 18h incognito artclub Paris 16 rue Gu\u00e9n\u00e9gaud. 75006 Paris N\u00e9e en 1953, Sylvana Lorenz a \u00e9t\u00e9: &#8211; Cr\u00e9atrice d&rsquo;une galerie d&rsquo;art, situ\u00e9e pr\u00e8s du Centre Georges Pompidou, de 1987 \u00e0 1996. Durant dix ans, elle s&rsquo;est [&hellip;]<!-- AddThis Advanced Settings generic via filter on get_the_excerpt --><!-- AddThis Share Buttons generic via filter on get_the_excerpt --><\/p>\n","protected":false},"author":1,"featured_media":0,"parent":15,"menu_order":0,"comment_status":"closed","ping_status":"open","template":"","meta":[],"translation":{"provider":"WPGlobus","version":"2.8.4","language":"fr","enabled_languages":["en","es","de","fr","ru"],"languages":{"en":{"title":true,"content":true,"excerpt":false},"es":{"title":false,"content":false,"excerpt":false},"de":{"title":false,"content":false,"excerpt":false},"fr":{"title":false,"content":false,"excerpt":false},"ru":{"title":false,"content":false,"excerpt":false}}},"yoast_head":"<!-- This site is optimized with the Yoast SEO plugin v17.4 - https:\/\/yoast.com\/wordpress\/plugins\/seo\/ -->\n<meta name=\"robots\" content=\"index, follow, max-snippet:-1, max-image-preview:large, max-video-preview:-1\" \/>\n<link rel=\"canonical\" href=\"https:\/\/incognito24h24.com\/fr\/artistes-guest\u200e\/sylvana-lorenz\/\" \/>\n<meta property=\"og:locale\" content=\"fr_FR\" \/>\n<meta property=\"og:type\" content=\"article\" \/>\n<meta property=\"og:title\" content=\"Sylvana Lorenz - incognito artclub\" \/>\n<meta property=\"og:url\" content=\"https:\/\/incognito24h24.com\/fr\/artistes-guest\u200e\/sylvana-lorenz\/\" \/>\n<meta property=\"og:site_name\" content=\"incognito artclub\" \/>\n<meta property=\"article:modified_time\" content=\"2017-01-16T10:28:46+00:00\" \/>\n<meta property=\"og:image\" content=\"http:\/\/incognito.vu\/wordpress\/wp-content\/uploads\/2014\/03\/S-Lorenz-NB-200x300.jpg\" \/>\n<meta name=\"twitter:label1\" content=\"Dur\u00e9e de lecture est.\" \/>\n\t<meta name=\"twitter:data1\" content=\"1 minute\" \/>\n<script type=\"application\/ld+json\" class=\"yoast-schema-graph\">{\"@context\":\"https:\/\/schema.org\",\"@graph\":[{\"@type\":\"WebSite\",\"@id\":\"https:\/\/incognito24h24.com\/fr\/#website\",\"url\":\"https:\/\/incognito24h24.com\/fr\/\",\"name\":\"incognito artclub\",\"description\":\"galerie d&#039;art contemporain \\u00e0 Paris\",\"potentialAction\":[{\"@type\":\"SearchAction\",\"target\":{\"@type\":\"EntryPoint\",\"urlTemplate\":\"https:\/\/incognito24h24.com\/fr\/?s={search_term_string}\"},\"query-input\":\"required name=search_term_string\"}],\"inLanguage\":\"fr-FR\"},{\"@type\":\"ImageObject\",\"@id\":\"https:\/\/incognito24h24.com\/fr\/artistes-guest%e2%80%8e\/sylvana-lorenz\/#primaryimage\",\"inLanguage\":\"fr-FR\",\"url\":\"http:\/\/incognito.vu\/wordpress\/wp-content\/uploads\/2014\/03\/S-Lorenz-NB-200x300.jpg\",\"contentUrl\":\"http:\/\/incognito.vu\/wordpress\/wp-content\/uploads\/2014\/03\/S-Lorenz-NB-200x300.jpg\"},{\"@type\":\"WebPage\",\"@id\":\"https:\/\/incognito24h24.com\/fr\/artistes-guest%e2%80%8e\/sylvana-lorenz\/#webpage\",\"url\":\"https:\/\/incognito24h24.com\/fr\/artistes-guest%e2%80%8e\/sylvana-lorenz\/\",\"name\":\"Sylvana Lorenz - incognito artclub\",\"isPartOf\":{\"@id\":\"https:\/\/incognito24h24.com\/fr\/#website\"},\"primaryImageOfPage\":{\"@id\":\"https:\/\/incognito24h24.com\/fr\/artistes-guest%e2%80%8e\/sylvana-lorenz\/#primaryimage\"},\"datePublished\":\"2014-03-06T11:00:00+00:00\",\"dateModified\":\"2017-01-16T10:28:46+00:00\",\"breadcrumb\":{\"@id\":\"https:\/\/incognito24h24.com\/fr\/artistes-guest%e2%80%8e\/sylvana-lorenz\/#breadcrumb\"},\"inLanguage\":\"fr-FR\",\"potentialAction\":[{\"@type\":\"ReadAction\",\"target\":[\"https:\/\/incognito24h24.com\/fr\/artistes-guest%e2%80%8e\/sylvana-lorenz\/\"]}]},{\"@type\":\"BreadcrumbList\",\"@id\":\"https:\/\/incognito24h24.com\/fr\/artistes-guest%e2%80%8e\/sylvana-lorenz\/#breadcrumb\",\"itemListElement\":[{\"@type\":\"ListItem\",\"position\":1,\"name\":\"Accueil\",\"item\":\"https:\/\/incognito24h24.com\/fr\/\"},{\"@type\":\"ListItem\",\"position\":2,\"name\":\"artistes guest\",\"item\":\"https:\/\/incognito24h24.com\/fr\/artistes-guest%e2%80%8e\/\"},{\"@type\":\"ListItem\",\"position\":3,\"name\":\"Sylvana Lorenz\"}]}]}<\/script>\n<!-- \/ Yoast SEO plugin. -->","yoast_head_json":{"robots":{"index":"index","follow":"follow","max-snippet":"max-snippet:-1","max-image-preview":"max-image-preview:large","max-video-preview":"max-video-preview:-1"},"canonical":"https:\/\/incognito24h24.com\/fr\/artistes-guest\u200e\/sylvana-lorenz\/","og_locale":"fr_FR","og_type":"article","og_title":"Sylvana Lorenz - incognito artclub","og_url":"https:\/\/incognito24h24.com\/fr\/artistes-guest\u200e\/sylvana-lorenz\/","og_site_name":"incognito artclub","article_modified_time":"2017-01-16T10:28:46+00:00","og_image":[{"url":"http:\/\/incognito.vu\/wordpress\/wp-content\/uploads\/2014\/03\/S-Lorenz-NB-200x300.jpg"}],"twitter_misc":{"Dur\u00e9e de lecture est.":"1 minute"},"schema":{"@context":"https:\/\/schema.org","@graph":[{"@type":"WebSite","@id":"https:\/\/incognito24h24.com\/fr\/#website","url":"https:\/\/incognito24h24.com\/fr\/","name":"incognito artclub","description":"galerie d&#039;art contemporain \u00e0 Paris","potentialAction":[{"@type":"SearchAction","target":{"@type":"EntryPoint","urlTemplate":"https:\/\/incognito24h24.com\/fr\/?s={search_term_string}"},"query-input":"required name=search_term_string"}],"inLanguage":"fr-FR"},{"@type":"ImageObject","@id":"https:\/\/incognito24h24.com\/fr\/artistes-guest%e2%80%8e\/sylvana-lorenz\/#primaryimage","inLanguage":"fr-FR","url":"http:\/\/incognito.vu\/wordpress\/wp-content\/uploads\/2014\/03\/S-Lorenz-NB-200x300.jpg","contentUrl":"http:\/\/incognito.vu\/wordpress\/wp-content\/uploads\/2014\/03\/S-Lorenz-NB-200x300.jpg"},{"@type":"WebPage","@id":"https:\/\/incognito24h24.com\/fr\/artistes-guest%e2%80%8e\/sylvana-lorenz\/#webpage","url":"https:\/\/incognito24h24.com\/fr\/artistes-guest%e2%80%8e\/sylvana-lorenz\/","name":"Sylvana Lorenz - incognito artclub","isPartOf":{"@id":"https:\/\/incognito24h24.com\/fr\/#website"},"primaryImageOfPage":{"@id":"https:\/\/incognito24h24.com\/fr\/artistes-guest%e2%80%8e\/sylvana-lorenz\/#primaryimage"},"datePublished":"2014-03-06T11:00:00+00:00","dateModified":"2017-01-16T10:28:46+00:00","breadcrumb":{"@id":"https:\/\/incognito24h24.com\/fr\/artistes-guest%e2%80%8e\/sylvana-lorenz\/#breadcrumb"},"inLanguage":"fr-FR","potentialAction":[{"@type":"ReadAction","target":["https:\/\/incognito24h24.com\/fr\/artistes-guest%e2%80%8e\/sylvana-lorenz\/"]}]},{"@type":"BreadcrumbList","@id":"https:\/\/incognito24h24.com\/fr\/artistes-guest%e2%80%8e\/sylvana-lorenz\/#breadcrumb","itemListElement":[{"@type":"ListItem","position":1,"name":"Accueil","item":"https:\/\/incognito24h24.com\/fr\/"},{"@type":"ListItem","position":2,"name":"artistes guest","item":"https:\/\/incognito24h24.com\/fr\/artistes-guest%e2%80%8e\/"},{"@type":"ListItem","position":3,"name":"Sylvana Lorenz"}]}]}},"_links":{"self":[{"href":"https:\/\/incognito24h24.com\/fr\/wp-json\/wp\/v2\/pages\/156"}],"collection":[{"href":"https:\/\/incognito24h24.com\/fr\/wp-json\/wp\/v2\/pages"}],"about":[{"href":"https:\/\/incognito24h24.com\/fr\/wp-json\/wp\/v2\/types\/page"}],"author":[{"embeddable":true,"href":"https:\/\/incognito24h24.com\/fr\/wp-json\/wp\/v2\/users\/1"}],"replies":[{"embeddable":true,"href":"https:\/\/incognito24h24.com\/fr\/wp-json\/wp\/v2\/comments?post=156"}],"version-history":[{"count":0,"href":"https:\/\/incognito24h24.com\/fr\/wp-json\/wp\/v2\/pages\/156\/revisions"}],"up":[{"embeddable":true,"href":"https:\/\/incognito24h24.com\/fr\/wp-json\/wp\/v2\/pages\/15"}],"wp:attachment":[{"href":"https:\/\/incognito24h24.com\/fr\/wp-json\/wp\/v2\/media?parent=156"}],"curies":[{"name":"wp","href":"https:\/\/api.w.org\/{rel}","templated":true}]}}