{"id":124,"date":"2014-03-06T12:00:00","date_gmt":"2014-03-06T11:00:00","guid":{"rendered":"http:\/\/incognito.vu\/wordpress\/?page_id=124"},"modified":"2017-01-16T11:29:06","modified_gmt":"2017-01-16T10:29:06","slug":"olivier-mosset","status":"publish","type":"page","link":"https:\/\/incognito24h24.com\/fr\/artistes-resident\/olivier-mosset\/","title":{"rendered":"Olivier Mosset"},"content":{"rendered":"<h2>Vernissages \/ \u00e9v\u00e9nements :<\/h2>\n<p> &bull; (2005-01-27 &#8211; 2005-03-12) ENOUGH<\/p>\n<p>Dans la tradition de l\u2019art conceptuel (Mel Bochner, Joseph Kosuth), on pr\u00e9sente \u00e0 la galerie incognito des travaux \u00e0 plat sur des socles.<br \/>\nDans les conditions qui sont sp\u00e9cifiques \u00e0 cette galerie, si on fait partie du club, on pourra m\u00eame, comme chez Felix Gonzales-Torres, en prendre avec soi (un exemplaire par personne, svp).<\/p>\n<p>Quant \u00e0 ce que sont ces travaux, ils sont sur papier, sign\u00e9s, num\u00e9rot\u00e9s.<br \/>\nM\u00eame, s\u2019ils font vaguement r\u00e9f\u00e9rence \u00e0 des peintures du si\u00e8cle dernier, ils ne repr\u00e9sentent rien, mais il nous a sembl\u00e9 qu\u2019ils suffisaient \u00e0 faire une exposition.<\/p>\n<p>\t\t\t\t\t\t\tOM 2004<\/p>\n<p>Visuels :<br \/><img src=\"\/wordpress\/wp-content\/uploads\/img\/mosset1_wb2.jpg\" title=\"ENOUGH, 2004 (s\u00e9rigraphie sign\u00e9e et num\u00e9rot\u00e9e - 30 x 60 (1\u00e8re partie) : Ed 100 + 10 Hors-Commerce (I \u00e0 X))\" \/>&nbsp;&nbsp;<img src=\"\/wordpress\/wp-content\/uploads\/img\/mosset2_wb3.jpg\" title=\"ENOUGH, 2004 (s\u00e9rigraphie sign\u00e9e et num\u00e9rot\u00e9e - 30 x 60 (2\u00e9me partie) : Ed 100 + 10 Hors-Commerce (I \u00e0 X))\" \/>&nbsp;&nbsp;<img src=\"\/wordpress\/wp-content\/uploads\/img\/mosset3_wb4.jpg\" title=\"ENOUGH, 2004 (s\u00e9rigraphie sign\u00e9e et num\u00e9rot\u00e9e - 30 x 60 (3\u00e9me partie) : Ed 100 + 10 Hors-Commerce (I \u00e0 X))\" \/>&nbsp;&nbsp;<br \/>&bull; (2005-01-27 &#8211; 2005-01-27) <\/p>\n<p>Visuels :<br \/><img src=\"\/wordpress\/wp-content\/uploads\/img\/im000431_wb.jpg\" title=\"Olivier Mosset et Amy (artiste) actuellement au CAN de Neuch\u00e2tel avec Alain Dister ( -  : )\" \/>&nbsp;&nbsp;<img src=\"\/wordpress\/wp-content\/uploads\/img\/im000432_wb.jpg\" title=\"Catherine Issert d\u00e9laisse la douceur de St Paul de Vence pour la neige parisienne ! ( -  : )\" \/>&nbsp;&nbsp;<img src=\"\/wordpress\/wp-content\/uploads\/img\/im000433_wb.jpg\" title=\"Laetitia Benat et Agn\u00e9s Violeau...incognito artclub, la galerie des jolies filles ! ( -  : )\" \/>&nbsp;&nbsp;<img src=\"\/wordpress\/wp-content\/uploads\/img\/im000434_wb.jpg\" title=\"Georges Verney-Carron (\u00e0 dr) avec le directeur des Editions Janninck ( -  : )\" \/>&nbsp;&nbsp;<img src=\"\/wordpress\/wp-content\/uploads\/img\/im000435_wb.jpg\" title=\"Agn\u00e8s (Site Od\u00e9on\u00b05) &#038; Alexandra (Galerie Loevenbruck) ( -  : )\" \/>&nbsp;&nbsp;<img src=\"\/wordpress\/wp-content\/uploads\/img\/im000436_wb.jpg\" title=\"Olivier Mosset avec Philippe Cazal ( -  : )\" \/>&nbsp;&nbsp;<img src=\"\/wordpress\/wp-content\/uploads\/img\/im000437_wb.jpg\" title=\"Ema de Site Od\u00e9on\u00b05 ( -  : )\" \/>&nbsp;&nbsp;<img src=\"\/wordpress\/wp-content\/uploads\/img\/im000438_wb.jpg\" title=\"Arnaud Lefebvre au Tokyo Eat ( -  : )\" \/>&nbsp;&nbsp;<img src=\"\/wordpress\/wp-content\/uploads\/img\/im000442_wb.jpg\" title=\"Galerie Bares &#038; Galerie Argiles ( -  : )\" \/>&nbsp;&nbsp;<\/p>\n<!-- AddThis Advanced Settings generic via filter on the_content --><!-- AddThis Share Buttons generic via filter on the_content -->","protected":false},"excerpt":{"rendered":"<p>Vernissages \/ \u00e9v\u00e9nements : &bull; (2005-01-27 &#8211; 2005-03-12) ENOUGH Dans la tradition de l\u2019art conceptuel (Mel Bochner, Joseph Kosuth), on pr\u00e9sente \u00e0 la galerie incognito des travaux \u00e0 plat sur des socles. Dans les conditions qui sont sp\u00e9cifiques \u00e0 cette galerie, si on fait partie du club, on pourra m\u00eame, comme chez Felix Gonzales-Torres, en [&hellip;]<!-- AddThis Advanced Settings generic via filter on get_the_excerpt --><!-- AddThis Share Buttons generic via filter on get_the_excerpt --><\/p>\n","protected":false},"author":1,"featured_media":0,"parent":13,"menu_order":0,"comment_status":"closed","ping_status":"open","template":"","meta":[],"translation":{"provider":"WPGlobus","version":"2.8.4","language":"fr","enabled_languages":["en","es","de","fr","ru"],"languages":{"en":{"title":true,"content":true,"excerpt":false},"es":{"title":false,"content":false,"excerpt":false},"de":{"title":false,"content":false,"excerpt":false},"fr":{"title":false,"content":false,"excerpt":false},"ru":{"title":false,"content":false,"excerpt":false}}},"yoast_head":"<!-- This site is optimized with the Yoast SEO plugin v17.4 - https:\/\/yoast.com\/wordpress\/plugins\/seo\/ -->\n<meta name=\"robots\" content=\"index, follow, max-snippet:-1, max-image-preview:large, max-video-preview:-1\" \/>\n<link rel=\"canonical\" href=\"https:\/\/incognito24h24.com\/fr\/artistes-resident\/olivier-mosset\/\" \/>\n<meta property=\"og:locale\" content=\"fr_FR\" \/>\n<meta property=\"og:type\" content=\"article\" \/>\n<meta property=\"og:title\" content=\"Olivier Mosset - incognito artclub\" \/>\n<meta property=\"og:url\" content=\"https:\/\/incognito24h24.com\/fr\/artistes-resident\/olivier-mosset\/\" \/>\n<meta property=\"og:site_name\" content=\"incognito artclub\" \/>\n<meta property=\"article:modified_time\" content=\"2017-01-16T10:29:06+00:00\" \/>\n<meta property=\"og:image\" content=\"https:\/\/incognito24h24.com\/wordpress\/wp-content\/uploads\/img\/mosset1_wb2.jpg\" \/>\n<meta name=\"twitter:label1\" content=\"Dur\u00e9e de lecture est.\" \/>\n\t<meta name=\"twitter:data1\" content=\"1 minute\" \/>\n<script type=\"application\/ld+json\" class=\"yoast-schema-graph\">{\"@context\":\"https:\/\/schema.org\",\"@graph\":[{\"@type\":\"WebSite\",\"@id\":\"https:\/\/incognito24h24.com\/fr\/#website\",\"url\":\"https:\/\/incognito24h24.com\/fr\/\",\"name\":\"incognito artclub\",\"description\":\"galerie d&#039;art contemporain \\u00e0 Paris\",\"potentialAction\":[{\"@type\":\"SearchAction\",\"target\":{\"@type\":\"EntryPoint\",\"urlTemplate\":\"https:\/\/incognito24h24.com\/fr\/?s={search_term_string}\"},\"query-input\":\"required name=search_term_string\"}],\"inLanguage\":\"fr-FR\"},{\"@type\":\"ImageObject\",\"@id\":\"https:\/\/incognito24h24.com\/fr\/artistes-resident\/olivier-mosset\/#primaryimage\",\"inLanguage\":\"fr-FR\",\"url\":\"\/wordpress\/wp-content\/uploads\/img\/mosset1_wb2.jpg\",\"contentUrl\":\"\/wordpress\/wp-content\/uploads\/img\/mosset1_wb2.jpg\"},{\"@type\":\"WebPage\",\"@id\":\"https:\/\/incognito24h24.com\/fr\/artistes-resident\/olivier-mosset\/#webpage\",\"url\":\"https:\/\/incognito24h24.com\/fr\/artistes-resident\/olivier-mosset\/\",\"name\":\"Olivier Mosset - incognito artclub\",\"isPartOf\":{\"@id\":\"https:\/\/incognito24h24.com\/fr\/#website\"},\"primaryImageOfPage\":{\"@id\":\"https:\/\/incognito24h24.com\/fr\/artistes-resident\/olivier-mosset\/#primaryimage\"},\"datePublished\":\"2014-03-06T11:00:00+00:00\",\"dateModified\":\"2017-01-16T10:29:06+00:00\",\"breadcrumb\":{\"@id\":\"https:\/\/incognito24h24.com\/fr\/artistes-resident\/olivier-mosset\/#breadcrumb\"},\"inLanguage\":\"fr-FR\",\"potentialAction\":[{\"@type\":\"ReadAction\",\"target\":[\"https:\/\/incognito24h24.com\/fr\/artistes-resident\/olivier-mosset\/\"]}]},{\"@type\":\"BreadcrumbList\",\"@id\":\"https:\/\/incognito24h24.com\/fr\/artistes-resident\/olivier-mosset\/#breadcrumb\",\"itemListElement\":[{\"@type\":\"ListItem\",\"position\":1,\"name\":\"Accueil\",\"item\":\"https:\/\/incognito24h24.com\/fr\/\"},{\"@type\":\"ListItem\",\"position\":2,\"name\":\"artistes resident\",\"item\":\"https:\/\/incognito24h24.com\/fr\/artistes-resident\/\"},{\"@type\":\"ListItem\",\"position\":3,\"name\":\"Olivier Mosset\"}]}]}<\/script>\n<!-- \/ Yoast SEO plugin. -->","yoast_head_json":{"robots":{"index":"index","follow":"follow","max-snippet":"max-snippet:-1","max-image-preview":"max-image-preview:large","max-video-preview":"max-video-preview:-1"},"canonical":"https:\/\/incognito24h24.com\/fr\/artistes-resident\/olivier-mosset\/","og_locale":"fr_FR","og_type":"article","og_title":"Olivier Mosset - incognito artclub","og_url":"https:\/\/incognito24h24.com\/fr\/artistes-resident\/olivier-mosset\/","og_site_name":"incognito artclub","article_modified_time":"2017-01-16T10:29:06+00:00","og_image":[{"url":"https:\/\/incognito24h24.com\/wordpress\/wp-content\/uploads\/img\/mosset1_wb2.jpg"}],"twitter_misc":{"Dur\u00e9e de lecture est.":"1 minute"},"schema":{"@context":"https:\/\/schema.org","@graph":[{"@type":"WebSite","@id":"https:\/\/incognito24h24.com\/fr\/#website","url":"https:\/\/incognito24h24.com\/fr\/","name":"incognito artclub","description":"galerie d&#039;art contemporain \u00e0 Paris","potentialAction":[{"@type":"SearchAction","target":{"@type":"EntryPoint","urlTemplate":"https:\/\/incognito24h24.com\/fr\/?s={search_term_string}"},"query-input":"required name=search_term_string"}],"inLanguage":"fr-FR"},{"@type":"ImageObject","@id":"https:\/\/incognito24h24.com\/fr\/artistes-resident\/olivier-mosset\/#primaryimage","inLanguage":"fr-FR","url":"\/wordpress\/wp-content\/uploads\/img\/mosset1_wb2.jpg","contentUrl":"\/wordpress\/wp-content\/uploads\/img\/mosset1_wb2.jpg"},{"@type":"WebPage","@id":"https:\/\/incognito24h24.com\/fr\/artistes-resident\/olivier-mosset\/#webpage","url":"https:\/\/incognito24h24.com\/fr\/artistes-resident\/olivier-mosset\/","name":"Olivier Mosset - incognito artclub","isPartOf":{"@id":"https:\/\/incognito24h24.com\/fr\/#website"},"primaryImageOfPage":{"@id":"https:\/\/incognito24h24.com\/fr\/artistes-resident\/olivier-mosset\/#primaryimage"},"datePublished":"2014-03-06T11:00:00+00:00","dateModified":"2017-01-16T10:29:06+00:00","breadcrumb":{"@id":"https:\/\/incognito24h24.com\/fr\/artistes-resident\/olivier-mosset\/#breadcrumb"},"inLanguage":"fr-FR","potentialAction":[{"@type":"ReadAction","target":["https:\/\/incognito24h24.com\/fr\/artistes-resident\/olivier-mosset\/"]}]},{"@type":"BreadcrumbList","@id":"https:\/\/incognito24h24.com\/fr\/artistes-resident\/olivier-mosset\/#breadcrumb","itemListElement":[{"@type":"ListItem","position":1,"name":"Accueil","item":"https:\/\/incognito24h24.com\/fr\/"},{"@type":"ListItem","position":2,"name":"artistes resident","item":"https:\/\/incognito24h24.com\/fr\/artistes-resident\/"},{"@type":"ListItem","position":3,"name":"Olivier Mosset"}]}]}},"_links":{"self":[{"href":"https:\/\/incognito24h24.com\/fr\/wp-json\/wp\/v2\/pages\/124"}],"collection":[{"href":"https:\/\/incognito24h24.com\/fr\/wp-json\/wp\/v2\/pages"}],"about":[{"href":"https:\/\/incognito24h24.com\/fr\/wp-json\/wp\/v2\/types\/page"}],"author":[{"embeddable":true,"href":"https:\/\/incognito24h24.com\/fr\/wp-json\/wp\/v2\/users\/1"}],"replies":[{"embeddable":true,"href":"https:\/\/incognito24h24.com\/fr\/wp-json\/wp\/v2\/comments?post=124"}],"version-history":[{"count":0,"href":"https:\/\/incognito24h24.com\/fr\/wp-json\/wp\/v2\/pages\/124\/revisions"}],"up":[{"embeddable":true,"href":"https:\/\/incognito24h24.com\/fr\/wp-json\/wp\/v2\/pages\/13"}],"wp:attachment":[{"href":"https:\/\/incognito24h24.com\/fr\/wp-json\/wp\/v2\/media?parent=124"}],"curies":[{"name":"wp","href":"https:\/\/api.w.org\/{rel}","templated":true}]}}