{"id":1028,"date":"2020-03-17T15:45:25","date_gmt":"2020-03-17T14:45:25","guid":{"rendered":"http:\/\/incognito.vu\/?page_id=1028"},"modified":"2021-05-18T18:59:03","modified_gmt":"2021-05-18T17:59:03","slug":"laura-bel-hengsha-dao-540","status":"publish","type":"page","link":"https:\/\/incognito24h24.com\/fr\/artbench\/laura-bel-hengsha-dao-540\/","title":{"rendered":"Laura BEL \u00ab\u00a0Hengsha Dao\u00a0\u00bb"},"content":{"rendered":"\n<figure class=\"wp-block-embed is-type-video is-provider-youtube wp-block-embed-youtube wp-embed-aspect-16-9 wp-has-aspect-ratio\"><div class=\"wp-block-embed__wrapper\">\n<iframe loading=\"lazy\" title=\"Laure Bel vid\u00e9o Hengsha Dao  5&#039;40&quot;\" width=\"500\" height=\"281\" src=\"https:\/\/www.youtube.com\/embed\/DfFRBkBsvNM?feature=oembed\" frameborder=\"0\" allow=\"accelerometer; autoplay; encrypted-media; gyroscope; picture-in-picture\" allowfullscreen><\/iframe>\n<\/div><figcaption>Laura BEL, Hengsha Dao, 5&rsquo;40\u00a0\u00bb, Coul., Son<\/figcaption><\/figure>\n\n\n\n<p> Ce projet retrace l\u2019exploration d\u2019une \u00eele situ\u00e9e au nord de Shanghai qui s&rsquo;est effectu\u00e9e dans un premier temps par le biais distanci\u00e9 de vues satellites, sur diff\u00e9rents moteurs de recherche. Proposant tous une vision diff\u00e9rente de ce m\u00eame territoire, ces vues satellites avaient cependant pour point commun de supprimer, de flouter ou de rendre abstraite la partie Est de l&rsquo;\u00eele.  <\/p>\n\n\n\n<p>\nDans\nun second temps, j&rsquo;ai cherch\u00e9 \u00e0 savoir si cette zone, aux\nrepr\u00e9sentations impr\u00e9cises et dissemblables, pouvait \u00eatre\nr\u00e9ellement arpent\u00e9e. Accompagn\u00e9e d\u2019un habitant de l\u2019\u00eele\nrencontr\u00e9 sur place, j\u2019ai pu acc\u00e9der \u00e0 ce territoire interdit\npar un chemin \u00e0 peine dessin\u00e9 et comprendre qu&rsquo;il constituait en\nr\u00e9alit\u00e9 un immense chantier d\u2019une centaine de kilom\u00e8tres carr\u00e9s.\n\n<\/p>\n\n\n\n<p>\nCe\nterritoire artificiel fa\u00e7onn\u00e9 par l&rsquo;homme, est quadrill\u00e9 par\nplusieurs digues entre lesquelles des s\u00e9diments sont achemin\u00e9s par\ndes syst\u00e8mes de tuyauterie, comme on peut effectivement le deviner\ndepuis certaines vues satellites. \n<\/p>\n\n\n\n<p> Cette vid\u00e9o, que l&rsquo;on peut situer entre le documentaire et le road-movie, r\u00e9sulte de cette exploration sur le terrain.<\/p>\n<!-- AddThis Advanced Settings generic via filter on the_content --><!-- AddThis Share Buttons generic via filter on the_content -->","protected":false},"excerpt":{"rendered":"<p>Ce projet retrace l\u2019exploration d\u2019une \u00eele situ\u00e9e au nord de Shanghai qui s&rsquo;est effectu\u00e9e dans un premier temps par le biais distanci\u00e9 de vues satellites, sur diff\u00e9rents moteurs de recherche. Proposant tous une vision diff\u00e9rente de ce m\u00eame territoire, ces vues satellites avaient cependant pour point commun de supprimer, de flouter ou de rendre abstraite [&hellip;]<!-- AddThis Advanced Settings generic via filter on get_the_excerpt --><!-- AddThis Share Buttons generic via filter on get_the_excerpt --><\/p>\n","protected":false},"author":1,"featured_media":0,"parent":913,"menu_order":2,"comment_status":"closed","ping_status":"closed","template":"","meta":[],"translation":{"provider":"WPGlobus","version":"2.8.4","language":"fr","enabled_languages":["en","es","de","fr","ru"],"languages":{"en":{"title":true,"content":true,"excerpt":false},"es":{"title":false,"content":false,"excerpt":false},"de":{"title":false,"content":false,"excerpt":false},"fr":{"title":false,"content":false,"excerpt":false},"ru":{"title":false,"content":false,"excerpt":false}}},"yoast_head":"<!-- This site is optimized with the Yoast SEO plugin v17.4 - https:\/\/yoast.com\/wordpress\/plugins\/seo\/ -->\n<meta name=\"robots\" content=\"index, follow, max-snippet:-1, max-image-preview:large, max-video-preview:-1\" \/>\n<link rel=\"canonical\" href=\"https:\/\/incognito24h24.com\/fr\/artbench\/laura-bel-hengsha-dao-540\/\" \/>\n<meta property=\"og:locale\" content=\"fr_FR\" \/>\n<meta property=\"og:type\" content=\"article\" \/>\n<meta property=\"og:title\" content=\"Laura BEL &quot;Hengsha Dao&quot; - incognito artclub\" \/>\n<meta property=\"og:url\" content=\"https:\/\/incognito24h24.com\/fr\/artbench\/laura-bel-hengsha-dao-540\/\" \/>\n<meta property=\"og:site_name\" content=\"incognito artclub\" \/>\n<meta property=\"article:modified_time\" content=\"2021-05-18T17:59:03+00:00\" \/>\n<meta name=\"twitter:label1\" content=\"Dur\u00e9e de lecture est.\" \/>\n\t<meta name=\"twitter:data1\" content=\"1 minute\" \/>\n<script type=\"application\/ld+json\" class=\"yoast-schema-graph\">{\"@context\":\"https:\/\/schema.org\",\"@graph\":[{\"@type\":\"WebSite\",\"@id\":\"https:\/\/incognito24h24.com\/fr\/#website\",\"url\":\"https:\/\/incognito24h24.com\/fr\/\",\"name\":\"incognito artclub\",\"description\":\"galerie d&#039;art contemporain \\u00e0 Paris\",\"potentialAction\":[{\"@type\":\"SearchAction\",\"target\":{\"@type\":\"EntryPoint\",\"urlTemplate\":\"https:\/\/incognito24h24.com\/fr\/?s={search_term_string}\"},\"query-input\":\"required name=search_term_string\"}],\"inLanguage\":\"fr-FR\"},{\"@type\":\"WebPage\",\"@id\":\"https:\/\/incognito24h24.com\/fr\/artbench\/laura-bel-hengsha-dao-540\/#webpage\",\"url\":\"https:\/\/incognito24h24.com\/fr\/artbench\/laura-bel-hengsha-dao-540\/\",\"name\":\"Laura BEL \\\"Hengsha Dao\\\" - incognito artclub\",\"isPartOf\":{\"@id\":\"https:\/\/incognito24h24.com\/fr\/#website\"},\"datePublished\":\"2020-03-17T14:45:25+00:00\",\"dateModified\":\"2021-05-18T17:59:03+00:00\",\"breadcrumb\":{\"@id\":\"https:\/\/incognito24h24.com\/fr\/artbench\/laura-bel-hengsha-dao-540\/#breadcrumb\"},\"inLanguage\":\"fr-FR\",\"potentialAction\":[{\"@type\":\"ReadAction\",\"target\":[\"https:\/\/incognito24h24.com\/fr\/artbench\/laura-bel-hengsha-dao-540\/\"]}]},{\"@type\":\"BreadcrumbList\",\"@id\":\"https:\/\/incognito24h24.com\/fr\/artbench\/laura-bel-hengsha-dao-540\/#breadcrumb\",\"itemListElement\":[{\"@type\":\"ListItem\",\"position\":1,\"name\":\"Accueil\",\"item\":\"https:\/\/incognito24h24.com\/fr\/\"},{\"@type\":\"ListItem\",\"position\":2,\"name\":\"ArtBench X Monnaie de Paris\",\"item\":\"https:\/\/incognito24h24.com\/fr\/artbench\/\"},{\"@type\":\"ListItem\",\"position\":3,\"name\":\"Laura BEL \\u00ab\\u00a0Hengsha Dao\\u00a0\\u00bb\"}]}]}<\/script>\n<!-- \/ Yoast SEO plugin. -->","yoast_head_json":{"robots":{"index":"index","follow":"follow","max-snippet":"max-snippet:-1","max-image-preview":"max-image-preview:large","max-video-preview":"max-video-preview:-1"},"canonical":"https:\/\/incognito24h24.com\/fr\/artbench\/laura-bel-hengsha-dao-540\/","og_locale":"fr_FR","og_type":"article","og_title":"Laura BEL \"Hengsha Dao\" - incognito artclub","og_url":"https:\/\/incognito24h24.com\/fr\/artbench\/laura-bel-hengsha-dao-540\/","og_site_name":"incognito artclub","article_modified_time":"2021-05-18T17:59:03+00:00","twitter_misc":{"Dur\u00e9e de lecture est.":"1 minute"},"schema":{"@context":"https:\/\/schema.org","@graph":[{"@type":"WebSite","@id":"https:\/\/incognito24h24.com\/fr\/#website","url":"https:\/\/incognito24h24.com\/fr\/","name":"incognito artclub","description":"galerie d&#039;art contemporain \u00e0 Paris","potentialAction":[{"@type":"SearchAction","target":{"@type":"EntryPoint","urlTemplate":"https:\/\/incognito24h24.com\/fr\/?s={search_term_string}"},"query-input":"required name=search_term_string"}],"inLanguage":"fr-FR"},{"@type":"WebPage","@id":"https:\/\/incognito24h24.com\/fr\/artbench\/laura-bel-hengsha-dao-540\/#webpage","url":"https:\/\/incognito24h24.com\/fr\/artbench\/laura-bel-hengsha-dao-540\/","name":"Laura BEL \"Hengsha Dao\" - incognito artclub","isPartOf":{"@id":"https:\/\/incognito24h24.com\/fr\/#website"},"datePublished":"2020-03-17T14:45:25+00:00","dateModified":"2021-05-18T17:59:03+00:00","breadcrumb":{"@id":"https:\/\/incognito24h24.com\/fr\/artbench\/laura-bel-hengsha-dao-540\/#breadcrumb"},"inLanguage":"fr-FR","potentialAction":[{"@type":"ReadAction","target":["https:\/\/incognito24h24.com\/fr\/artbench\/laura-bel-hengsha-dao-540\/"]}]},{"@type":"BreadcrumbList","@id":"https:\/\/incognito24h24.com\/fr\/artbench\/laura-bel-hengsha-dao-540\/#breadcrumb","itemListElement":[{"@type":"ListItem","position":1,"name":"Accueil","item":"https:\/\/incognito24h24.com\/fr\/"},{"@type":"ListItem","position":2,"name":"ArtBench X Monnaie de Paris","item":"https:\/\/incognito24h24.com\/fr\/artbench\/"},{"@type":"ListItem","position":3,"name":"Laura BEL \u00ab\u00a0Hengsha Dao\u00a0\u00bb"}]}]}},"_links":{"self":[{"href":"https:\/\/incognito24h24.com\/fr\/wp-json\/wp\/v2\/pages\/1028"}],"collection":[{"href":"https:\/\/incognito24h24.com\/fr\/wp-json\/wp\/v2\/pages"}],"about":[{"href":"https:\/\/incognito24h24.com\/fr\/wp-json\/wp\/v2\/types\/page"}],"author":[{"embeddable":true,"href":"https:\/\/incognito24h24.com\/fr\/wp-json\/wp\/v2\/users\/1"}],"replies":[{"embeddable":true,"href":"https:\/\/incognito24h24.com\/fr\/wp-json\/wp\/v2\/comments?post=1028"}],"version-history":[{"count":4,"href":"https:\/\/incognito24h24.com\/fr\/wp-json\/wp\/v2\/pages\/1028\/revisions"}],"predecessor-version":[{"id":1260,"href":"https:\/\/incognito24h24.com\/fr\/wp-json\/wp\/v2\/pages\/1028\/revisions\/1260"}],"up":[{"embeddable":true,"href":"https:\/\/incognito24h24.com\/fr\/wp-json\/wp\/v2\/pages\/913"}],"wp:attachment":[{"href":"https:\/\/incognito24h24.com\/fr\/wp-json\/wp\/v2\/media?parent=1028"}],"curies":[{"name":"wp","href":"https:\/\/api.w.org\/{rel}","templated":true}]}}