{"id":926,"date":"2019-02-12T11:53:59","date_gmt":"2019-02-12T10:53:59","guid":{"rendered":"http:\/\/incognito.vu\/?page_id=926"},"modified":"2022-02-13T19:35:53","modified_gmt":"2022-02-13T18:35:53","slug":"communique-de-presse","status":"publish","type":"page","link":"https:\/\/incognito24h24.com\/es\/artbench\/communique-de-presse\/","title":{"rendered":"About"},"content":{"rendered":"<p>incognito artclub 24h\/24, la galerie d\u2019art contemporain ouverte non-stop par carte magn\u00e9tique* au 16 rue Gu\u00e9n\u00e9gaud 75006 Paris est heureuse de vous annoncer l\u2019ouverture de son second lieu :<\/p>\n<p>incognito artbench 24h\/24<br \/>&gt;&gt;&gt; Inauguration \u00e0 la Monnaie de Paris en 2019<\/p>\n<p>La galerie incognito est heureuse et fi\u00e8re d\u2019avoir particip\u00e9e \u00e0 la campagne de m\u00e9c\u00e9nat du #11Conti pour l\u2019installation de 12 nouveaux bancs dans les cours et jardins int\u00e9rieurs de cette institution cr\u00e9\u00e9e en 864.<\/p>\n<p>Ces 12 bancs pens\u00e9s et r\u00e9alis\u00e9s par des \u00e9l\u00e8ves de l\u2019Ecole Boulle seront diss\u00e9min\u00e9s au coeur des cours int\u00e9rieures de la plus ancienne entreprise au monde.<br \/>Le banc financ\u00e9 par la galerie incognito sera un lieu d\u2019exposition \u00e0 part enti\u00e8re.<br \/>Un objet ou plus pr\u00e9cis\u00e9ment, un lieu connect\u00e9 !<\/p>\n<p>L\u2019assise sera grav\u00e9e au nom du incognito artclub 24h\/24 et pourvue d\u2019un QR code generator.<br \/>Les visiteurs de la Monnaie de Paris pourront, avec leur smartphone flasher ce QR code.<br \/>Ils seront redirig\u00e9s vers une oeuvre d\u2019art vid\u00e9o propos\u00e9 par incognito artclub 24h\/24.<\/p>\n<p>Nous sommes ravis de proposer cette salle de projection en plein air dans un cadre aussi prestigieux !<br \/>incognito artbench \u201couvrira ses portes\u201d au printemps 2019.<\/p>\n<p>*pour ses membres<\/p>\n\n\n<figure class=\"wp-block-image size-large\"><img loading=\"lazy\" width=\"1024\" height=\"422\" src=\"https:\/\/incognito24h24.com\/wordpress\/wp-content\/uploads\/2018\/09\/bancs_1140x470-1024x422.jpg\" alt=\"12 bancs cours int\u00e9rieur 11Conti\" class=\"wp-image-854\" srcset=\"https:\/\/incognito24h24.com\/wordpress\/wp-content\/uploads\/2018\/09\/bancs_1140x470-1024x422.jpg 1024w, https:\/\/incognito24h24.com\/wordpress\/wp-content\/uploads\/2018\/09\/bancs_1140x470-300x124.jpg 300w, https:\/\/incognito24h24.com\/wordpress\/wp-content\/uploads\/2018\/09\/bancs_1140x470-768x317.jpg 768w, https:\/\/incognito24h24.com\/wordpress\/wp-content\/uploads\/2018\/09\/bancs_1140x470-240x99.jpg 240w, https:\/\/incognito24h24.com\/wordpress\/wp-content\/uploads\/2018\/09\/bancs_1140x470-430x177.jpg 430w, https:\/\/incognito24h24.com\/wordpress\/wp-content\/uploads\/2018\/09\/bancs_1140x470.jpg 1140w\" sizes=\"(max-width: 1024px) 100vw, 1024px\" \/><figcaption>Banc UNAE\nMonnaie de Paris\nR\u00e9alisation Ecole Boulle\nPrintemps 2019<\/figcaption><\/figure>\n<!-- AddThis Advanced Settings generic via filter on the_content --><!-- AddThis Share Buttons generic via filter on the_content -->","protected":false},"excerpt":{"rendered":"<p>incognito artclub 24h\/24, la galerie d\u2019art contemporain ouverte non-stop par carte magn\u00e9tique* au 16 rue Gu\u00e9n\u00e9gaud 75006 Paris est heureuse de vous annoncer l\u2019ouverture de son second lieu : incognito artbench 24h\/24&gt;&gt;&gt; Inauguration \u00e0 la Monnaie de Paris en 2019 La galerie incognito est heureuse et fi\u00e8re d\u2019avoir particip\u00e9e \u00e0 la campagne de m\u00e9c\u00e9nat du [&hellip;]<!-- AddThis Advanced Settings generic via filter on get_the_excerpt --><!-- AddThis Share Buttons generic via filter on get_the_excerpt --><\/p>\n","protected":false},"author":1,"featured_media":0,"parent":913,"menu_order":0,"comment_status":"closed","ping_status":"closed","template":"","meta":[],"translation":{"provider":"WPGlobus","version":"2.8.4","language":"es","enabled_languages":["en","es","de","fr","ru"],"languages":{"en":{"title":true,"content":true,"excerpt":false},"es":{"title":false,"content":false,"excerpt":false},"de":{"title":false,"content":false,"excerpt":false},"fr":{"title":false,"content":false,"excerpt":false},"ru":{"title":false,"content":false,"excerpt":false}}},"yoast_head":"<!-- This site is optimized with the Yoast SEO plugin v17.4 - https:\/\/yoast.com\/wordpress\/plugins\/seo\/ -->\n<meta name=\"robots\" content=\"index, follow, max-snippet:-1, max-image-preview:large, max-video-preview:-1\" \/>\n<link rel=\"canonical\" href=\"https:\/\/incognito24h24.com\/es\/artbench\/communique-de-presse\/\" \/>\n<meta property=\"og:locale\" content=\"es_ES\" \/>\n<meta property=\"og:type\" content=\"article\" \/>\n<meta property=\"og:title\" content=\"About - incognito artclub\" \/>\n<meta property=\"og:url\" content=\"https:\/\/incognito24h24.com\/es\/artbench\/communique-de-presse\/\" \/>\n<meta property=\"og:site_name\" content=\"incognito artclub\" \/>\n<meta property=\"article:modified_time\" content=\"2022-02-13T18:35:53+00:00\" \/>\n<meta property=\"og:image\" content=\"https:\/\/incognito24h24.com\/wordpress\/wp-content\/uploads\/2018\/09\/bancs_1140x470-1024x422.jpg\" \/>\n<meta name=\"twitter:label1\" content=\"Est. reading time\" \/>\n\t<meta name=\"twitter:data1\" content=\"2 minutes\" \/>\n<script type=\"application\/ld+json\" class=\"yoast-schema-graph\">{\"@context\":\"https:\/\/schema.org\",\"@graph\":[{\"@type\":\"WebSite\",\"@id\":\"https:\/\/incognito24h24.com\/es\/#website\",\"url\":\"https:\/\/incognito24h24.com\/es\/\",\"name\":\"incognito artclub\",\"description\":\"galerie d&#039;art contemporain \\u00e0 Paris\",\"potentialAction\":[{\"@type\":\"SearchAction\",\"target\":{\"@type\":\"EntryPoint\",\"urlTemplate\":\"https:\/\/incognito24h24.com\/es\/?s={search_term_string}\"},\"query-input\":\"required name=search_term_string\"}],\"inLanguage\":\"es-ES\"},{\"@type\":\"ImageObject\",\"@id\":\"https:\/\/incognito24h24.com\/es\/artbench\/communique-de-presse\/#primaryimage\",\"inLanguage\":\"es-ES\",\"url\":\"https:\/\/incognito24h24.com\/wordpress\/wp-content\/uploads\/2018\/09\/bancs_1140x470.jpg\",\"contentUrl\":\"https:\/\/incognito24h24.com\/wordpress\/wp-content\/uploads\/2018\/09\/bancs_1140x470.jpg\",\"width\":1140,\"height\":470,\"caption\":\"Banc UNAE Monnaie de Paris R\\u00e9alisation Ecole Boulle Printemps 2019\"},{\"@type\":\"WebPage\",\"@id\":\"https:\/\/incognito24h24.com\/es\/artbench\/communique-de-presse\/#webpage\",\"url\":\"https:\/\/incognito24h24.com\/es\/artbench\/communique-de-presse\/\",\"name\":\"About - incognito artclub\",\"isPartOf\":{\"@id\":\"https:\/\/incognito24h24.com\/es\/#website\"},\"primaryImageOfPage\":{\"@id\":\"https:\/\/incognito24h24.com\/es\/artbench\/communique-de-presse\/#primaryimage\"},\"datePublished\":\"2019-02-12T10:53:59+00:00\",\"dateModified\":\"2022-02-13T18:35:53+00:00\",\"breadcrumb\":{\"@id\":\"https:\/\/incognito24h24.com\/es\/artbench\/communique-de-presse\/#breadcrumb\"},\"inLanguage\":\"es-ES\",\"potentialAction\":[{\"@type\":\"ReadAction\",\"target\":[\"https:\/\/incognito24h24.com\/es\/artbench\/communique-de-presse\/\"]}]},{\"@type\":\"BreadcrumbList\",\"@id\":\"https:\/\/incognito24h24.com\/es\/artbench\/communique-de-presse\/#breadcrumb\",\"itemListElement\":[{\"@type\":\"ListItem\",\"position\":1,\"name\":\"Accueil\",\"item\":\"https:\/\/incognito24h24.com\/es\/\"},{\"@type\":\"ListItem\",\"position\":2,\"name\":\"ArtBench X Monnaie de Paris\",\"item\":\"https:\/\/incognito24h24.com\/es\/artbench\/\"},{\"@type\":\"ListItem\",\"position\":3,\"name\":\"About\"}]}]}<\/script>\n<!-- \/ Yoast SEO plugin. -->","yoast_head_json":{"robots":{"index":"index","follow":"follow","max-snippet":"max-snippet:-1","max-image-preview":"max-image-preview:large","max-video-preview":"max-video-preview:-1"},"canonical":"https:\/\/incognito24h24.com\/es\/artbench\/communique-de-presse\/","og_locale":"es_ES","og_type":"article","og_title":"About - incognito artclub","og_url":"https:\/\/incognito24h24.com\/es\/artbench\/communique-de-presse\/","og_site_name":"incognito artclub","article_modified_time":"2022-02-13T18:35:53+00:00","og_image":[{"url":"https:\/\/incognito24h24.com\/wordpress\/wp-content\/uploads\/2018\/09\/bancs_1140x470-1024x422.jpg"}],"twitter_misc":{"Est. reading time":"2 minutes"},"schema":{"@context":"https:\/\/schema.org","@graph":[{"@type":"WebSite","@id":"https:\/\/incognito24h24.com\/es\/#website","url":"https:\/\/incognito24h24.com\/es\/","name":"incognito artclub","description":"galerie d&#039;art contemporain \u00e0 Paris","potentialAction":[{"@type":"SearchAction","target":{"@type":"EntryPoint","urlTemplate":"https:\/\/incognito24h24.com\/es\/?s={search_term_string}"},"query-input":"required name=search_term_string"}],"inLanguage":"es-ES"},{"@type":"ImageObject","@id":"https:\/\/incognito24h24.com\/es\/artbench\/communique-de-presse\/#primaryimage","inLanguage":"es-ES","url":"https:\/\/incognito24h24.com\/wordpress\/wp-content\/uploads\/2018\/09\/bancs_1140x470.jpg","contentUrl":"https:\/\/incognito24h24.com\/wordpress\/wp-content\/uploads\/2018\/09\/bancs_1140x470.jpg","width":1140,"height":470,"caption":"Banc UNAE Monnaie de Paris R\u00e9alisation Ecole Boulle Printemps 2019"},{"@type":"WebPage","@id":"https:\/\/incognito24h24.com\/es\/artbench\/communique-de-presse\/#webpage","url":"https:\/\/incognito24h24.com\/es\/artbench\/communique-de-presse\/","name":"About - incognito artclub","isPartOf":{"@id":"https:\/\/incognito24h24.com\/es\/#website"},"primaryImageOfPage":{"@id":"https:\/\/incognito24h24.com\/es\/artbench\/communique-de-presse\/#primaryimage"},"datePublished":"2019-02-12T10:53:59+00:00","dateModified":"2022-02-13T18:35:53+00:00","breadcrumb":{"@id":"https:\/\/incognito24h24.com\/es\/artbench\/communique-de-presse\/#breadcrumb"},"inLanguage":"es-ES","potentialAction":[{"@type":"ReadAction","target":["https:\/\/incognito24h24.com\/es\/artbench\/communique-de-presse\/"]}]},{"@type":"BreadcrumbList","@id":"https:\/\/incognito24h24.com\/es\/artbench\/communique-de-presse\/#breadcrumb","itemListElement":[{"@type":"ListItem","position":1,"name":"Accueil","item":"https:\/\/incognito24h24.com\/es\/"},{"@type":"ListItem","position":2,"name":"ArtBench X Monnaie de Paris","item":"https:\/\/incognito24h24.com\/es\/artbench\/"},{"@type":"ListItem","position":3,"name":"About"}]}]}},"_links":{"self":[{"href":"https:\/\/incognito24h24.com\/es\/wp-json\/wp\/v2\/pages\/926"}],"collection":[{"href":"https:\/\/incognito24h24.com\/es\/wp-json\/wp\/v2\/pages"}],"about":[{"href":"https:\/\/incognito24h24.com\/es\/wp-json\/wp\/v2\/types\/page"}],"author":[{"embeddable":true,"href":"https:\/\/incognito24h24.com\/es\/wp-json\/wp\/v2\/users\/1"}],"replies":[{"embeddable":true,"href":"https:\/\/incognito24h24.com\/es\/wp-json\/wp\/v2\/comments?post=926"}],"version-history":[{"count":9,"href":"https:\/\/incognito24h24.com\/es\/wp-json\/wp\/v2\/pages\/926\/revisions"}],"predecessor-version":[{"id":1291,"href":"https:\/\/incognito24h24.com\/es\/wp-json\/wp\/v2\/pages\/926\/revisions\/1291"}],"up":[{"embeddable":true,"href":"https:\/\/incognito24h24.com\/es\/wp-json\/wp\/v2\/pages\/913"}],"wp:attachment":[{"href":"https:\/\/incognito24h24.com\/es\/wp-json\/wp\/v2\/media?parent=926"}],"curies":[{"name":"wp","href":"https:\/\/api.w.org\/{rel}","templated":true}]}}