{"id":387,"date":"2014-10-17T11:04:36","date_gmt":"2014-10-17T10:04:36","guid":{"rendered":"http:\/\/incognito.vu\/wordpress\/?page_id=387"},"modified":"2017-01-16T11:28:46","modified_gmt":"2017-01-16T10:28:46","slug":"emilie-noteris","status":"publish","type":"page","link":"https:\/\/incognito24h24.com\/es\/artistes-resident\/emilie-noteris\/","title":{"rendered":"Emilie Noteris"},"content":{"rendered":"<p>Morning Star<\/p>\n<p>11 janvier > 25 fevrier 2007<\/p>\n<p>Pistes<br \/>\nDeux cordons de bonne facture au style quasi-neutre pour sonner ses laquais servant de support (de tige) \u00e0 une fleur g\u00e9ante et piquante qui se serait gliss\u00e9e l\u00e0 par hasard ou par excroissance. Fronde de luxe dispos\u00e9e sur son support que l&#8217;on utilise en saisissant les poign\u00e9es puis en envoyant le projectile \u00e0 l&#8217;aide de la force du bras. Pi\u00e8ge trop beau pour \u00eatre actionn\u00e9, symbolisant l&#8217;enchev\u00eatrement incessant de la beaut\u00e9 et de la violence, jeux permanents de s\u00e9duction. Incarnation ultime du capitalisme par la richesse et le soyeux des mati\u00e8res flanqu\u00e9e d&#8217;\u00e9pingles que certains ne peuvent \u00e9viter ni m\u00eame voir. All\u00e9gorie \u00e9loquente de l&#8217;esth\u00e9tisation de la r\u00e9sistance et de sa suspension. Pi\u00e8ge \u00e0 collectionneur. Parabole de la globalisation et de l&#8217;acharnement de l&#8217;\u00e9conomie \u00e0 d\u00e9truire Ga\u00efa. M\u00e9taphore post baroque de la deep ecology et de l&#8217;imminence du passage \u00e0 l&#8217;action violente. Repr\u00e9sentation hyperesth\u00e9tis\u00e9e de cellules canc\u00e9reuses pr\u00eates \u00e0 nous tomber sur la tronche. Assemblage de mises en bouche pour fakir branch\u00e9 ne se produisant qu&#8217;en loft exag\u00e9r\u00e9ment spacieux. Globe terrestre \u00e0 l&#8217;aspect doux prot\u00e9g\u00e9 par des armes destin\u00e9es \u00e0 maintenir \u00e0 distance 2 milliards de pauvres. Ballon de foot pour Gina Pane. Parodie de l&#8217;envers du d\u00e9cor, d&#8217;un retournement de situation, de la face cach\u00e9e de la frivolit\u00e9. Dispositif de mise \u00e0 feu d&#8217;explosions de canons \u00e0 peinture mauve se pr\u00e9sentant comme sculpture et agissant par cela comme potentialit\u00e9 dangereuse. Sch\u00e9ma de neurones et de synapses (grossis 1 milliard de fois) repr\u00e9sentant le moment m\u00eame ou l&#8217;\u00e9motion violente surgit dans un cerveau humain. All\u00e9gorie l\u00e9g\u00e8re et s\u00e9duisante du cynisme de l&#8217;hyperclasse. Fleurs rev\u00eatues de leur \u00ab\u00a0gel\u00e9e hyperactive\u00a0\u00bb poussant dans le \u00ab\u00a0palais de cristal\u00a0\u00bb. <\/p>\n<p>\u00c9ric Arlix. D\u00e9cembre 2006.<\/p>\n<div id=\"attachment_389\" style=\"width: 234px\" class=\"wp-caption aligncenter\"><img aria-describedby=\"caption-attachment-389\" loading=\"lazy\" src=\"http:\/\/incognito.vu\/wordpress\/wp-content\/uploads\/2014\/10\/STA_4707-224x300.jpg\" alt=\"vue de l&#039;exposition\" width=\"224\" height=\"300\" class=\"size-medium wp-image-389\" srcset=\"https:\/\/incognito24h24.com\/wordpress\/wp-content\/uploads\/2014\/10\/STA_4707-224x300.jpg 224w, https:\/\/incognito24h24.com\/wordpress\/wp-content\/uploads\/2014\/10\/STA_4707-768x1024.jpg 768w, https:\/\/incognito24h24.com\/wordpress\/wp-content\/uploads\/2014\/10\/STA_4707-240x320.jpg 240w, https:\/\/incognito24h24.com\/wordpress\/wp-content\/uploads\/2014\/10\/STA_4707-1125x1500.jpg 1125w, https:\/\/incognito24h24.com\/wordpress\/wp-content\/uploads\/2014\/10\/STA_4707.jpg 1704w\" sizes=\"(max-width: 224px) 100vw, 224px\" \/><p id=\"caption-attachment-389\" class=\"wp-caption-text\">vue de l&#8217;exposition<\/p><\/div>\n<!-- AddThis Advanced Settings generic via filter on the_content --><!-- AddThis Share Buttons generic via filter on the_content -->","protected":false},"excerpt":{"rendered":"<p>Morning Star 11 janvier > 25 fevrier 2007 Pistes Deux cordons de bonne facture au style quasi-neutre pour sonner ses laquais servant de support (de tige) \u00e0 une fleur g\u00e9ante et piquante qui se serait gliss\u00e9e l\u00e0 par hasard ou par excroissance. Fronde de luxe dispos\u00e9e sur son support que l&#8217;on utilise en saisissant les [&hellip;]<!-- AddThis Advanced Settings generic via filter on get_the_excerpt --><!-- AddThis Share Buttons generic via filter on get_the_excerpt --><\/p>\n","protected":false},"author":1,"featured_media":0,"parent":13,"menu_order":0,"comment_status":"closed","ping_status":"open","template":"","meta":[],"translation":{"provider":"WPGlobus","version":"2.8.4","language":"es","enabled_languages":["en","es","de","fr","ru"],"languages":{"en":{"title":true,"content":true,"excerpt":false},"es":{"title":false,"content":false,"excerpt":false},"de":{"title":false,"content":false,"excerpt":false},"fr":{"title":false,"content":false,"excerpt":false},"ru":{"title":false,"content":false,"excerpt":false}}},"yoast_head":"<!-- This site is optimized with the Yoast SEO plugin v17.4 - https:\/\/yoast.com\/wordpress\/plugins\/seo\/ -->\n<meta name=\"robots\" content=\"index, follow, max-snippet:-1, max-image-preview:large, max-video-preview:-1\" \/>\n<link rel=\"canonical\" href=\"https:\/\/incognito24h24.com\/es\/artistes-resident\/emilie-noteris\/\" \/>\n<meta property=\"og:locale\" content=\"es_ES\" \/>\n<meta property=\"og:type\" content=\"article\" \/>\n<meta property=\"og:title\" content=\"Emilie Noteris - incognito artclub\" \/>\n<meta property=\"og:url\" content=\"https:\/\/incognito24h24.com\/es\/artistes-resident\/emilie-noteris\/\" \/>\n<meta property=\"og:site_name\" content=\"incognito artclub\" \/>\n<meta property=\"article:modified_time\" content=\"2017-01-16T10:28:46+00:00\" \/>\n<meta property=\"og:image\" content=\"http:\/\/incognito.vu\/wordpress\/wp-content\/uploads\/2014\/10\/STA_4707-224x300.jpg\" \/>\n<meta name=\"twitter:label1\" content=\"Est. reading time\" \/>\n\t<meta name=\"twitter:data1\" content=\"2 minutes\" \/>\n<script type=\"application\/ld+json\" class=\"yoast-schema-graph\">{\"@context\":\"https:\/\/schema.org\",\"@graph\":[{\"@type\":\"WebSite\",\"@id\":\"https:\/\/incognito24h24.com\/es\/#website\",\"url\":\"https:\/\/incognito24h24.com\/es\/\",\"name\":\"incognito artclub\",\"description\":\"galerie d&#039;art contemporain \\u00e0 Paris\",\"potentialAction\":[{\"@type\":\"SearchAction\",\"target\":{\"@type\":\"EntryPoint\",\"urlTemplate\":\"https:\/\/incognito24h24.com\/es\/?s={search_term_string}\"},\"query-input\":\"required name=search_term_string\"}],\"inLanguage\":\"es-ES\"},{\"@type\":\"ImageObject\",\"@id\":\"https:\/\/incognito24h24.com\/es\/artistes-resident\/emilie-noteris\/#primaryimage\",\"inLanguage\":\"es-ES\",\"url\":\"http:\/\/incognito.vu\/wordpress\/wp-content\/uploads\/2014\/10\/STA_4707-224x300.jpg\",\"contentUrl\":\"http:\/\/incognito.vu\/wordpress\/wp-content\/uploads\/2014\/10\/STA_4707-224x300.jpg\"},{\"@type\":\"WebPage\",\"@id\":\"https:\/\/incognito24h24.com\/es\/artistes-resident\/emilie-noteris\/#webpage\",\"url\":\"https:\/\/incognito24h24.com\/es\/artistes-resident\/emilie-noteris\/\",\"name\":\"Emilie Noteris - incognito artclub\",\"isPartOf\":{\"@id\":\"https:\/\/incognito24h24.com\/es\/#website\"},\"primaryImageOfPage\":{\"@id\":\"https:\/\/incognito24h24.com\/es\/artistes-resident\/emilie-noteris\/#primaryimage\"},\"datePublished\":\"2014-10-17T10:04:36+00:00\",\"dateModified\":\"2017-01-16T10:28:46+00:00\",\"breadcrumb\":{\"@id\":\"https:\/\/incognito24h24.com\/es\/artistes-resident\/emilie-noteris\/#breadcrumb\"},\"inLanguage\":\"es-ES\",\"potentialAction\":[{\"@type\":\"ReadAction\",\"target\":[\"https:\/\/incognito24h24.com\/es\/artistes-resident\/emilie-noteris\/\"]}]},{\"@type\":\"BreadcrumbList\",\"@id\":\"https:\/\/incognito24h24.com\/es\/artistes-resident\/emilie-noteris\/#breadcrumb\",\"itemListElement\":[{\"@type\":\"ListItem\",\"position\":1,\"name\":\"Accueil\",\"item\":\"https:\/\/incognito24h24.com\/es\/\"},{\"@type\":\"ListItem\",\"position\":2,\"name\":\"artistes resident\",\"item\":\"https:\/\/incognito24h24.com\/es\/artistes-resident\/\"},{\"@type\":\"ListItem\",\"position\":3,\"name\":\"Emilie Noteris\"}]}]}<\/script>\n<!-- \/ Yoast SEO plugin. -->","yoast_head_json":{"robots":{"index":"index","follow":"follow","max-snippet":"max-snippet:-1","max-image-preview":"max-image-preview:large","max-video-preview":"max-video-preview:-1"},"canonical":"https:\/\/incognito24h24.com\/es\/artistes-resident\/emilie-noteris\/","og_locale":"es_ES","og_type":"article","og_title":"Emilie Noteris - incognito artclub","og_url":"https:\/\/incognito24h24.com\/es\/artistes-resident\/emilie-noteris\/","og_site_name":"incognito artclub","article_modified_time":"2017-01-16T10:28:46+00:00","og_image":[{"url":"http:\/\/incognito.vu\/wordpress\/wp-content\/uploads\/2014\/10\/STA_4707-224x300.jpg"}],"twitter_misc":{"Est. reading time":"2 minutes"},"schema":{"@context":"https:\/\/schema.org","@graph":[{"@type":"WebSite","@id":"https:\/\/incognito24h24.com\/es\/#website","url":"https:\/\/incognito24h24.com\/es\/","name":"incognito artclub","description":"galerie d&#039;art contemporain \u00e0 Paris","potentialAction":[{"@type":"SearchAction","target":{"@type":"EntryPoint","urlTemplate":"https:\/\/incognito24h24.com\/es\/?s={search_term_string}"},"query-input":"required name=search_term_string"}],"inLanguage":"es-ES"},{"@type":"ImageObject","@id":"https:\/\/incognito24h24.com\/es\/artistes-resident\/emilie-noteris\/#primaryimage","inLanguage":"es-ES","url":"http:\/\/incognito.vu\/wordpress\/wp-content\/uploads\/2014\/10\/STA_4707-224x300.jpg","contentUrl":"http:\/\/incognito.vu\/wordpress\/wp-content\/uploads\/2014\/10\/STA_4707-224x300.jpg"},{"@type":"WebPage","@id":"https:\/\/incognito24h24.com\/es\/artistes-resident\/emilie-noteris\/#webpage","url":"https:\/\/incognito24h24.com\/es\/artistes-resident\/emilie-noteris\/","name":"Emilie Noteris - incognito artclub","isPartOf":{"@id":"https:\/\/incognito24h24.com\/es\/#website"},"primaryImageOfPage":{"@id":"https:\/\/incognito24h24.com\/es\/artistes-resident\/emilie-noteris\/#primaryimage"},"datePublished":"2014-10-17T10:04:36+00:00","dateModified":"2017-01-16T10:28:46+00:00","breadcrumb":{"@id":"https:\/\/incognito24h24.com\/es\/artistes-resident\/emilie-noteris\/#breadcrumb"},"inLanguage":"es-ES","potentialAction":[{"@type":"ReadAction","target":["https:\/\/incognito24h24.com\/es\/artistes-resident\/emilie-noteris\/"]}]},{"@type":"BreadcrumbList","@id":"https:\/\/incognito24h24.com\/es\/artistes-resident\/emilie-noteris\/#breadcrumb","itemListElement":[{"@type":"ListItem","position":1,"name":"Accueil","item":"https:\/\/incognito24h24.com\/es\/"},{"@type":"ListItem","position":2,"name":"artistes resident","item":"https:\/\/incognito24h24.com\/es\/artistes-resident\/"},{"@type":"ListItem","position":3,"name":"Emilie Noteris"}]}]}},"_links":{"self":[{"href":"https:\/\/incognito24h24.com\/es\/wp-json\/wp\/v2\/pages\/387"}],"collection":[{"href":"https:\/\/incognito24h24.com\/es\/wp-json\/wp\/v2\/pages"}],"about":[{"href":"https:\/\/incognito24h24.com\/es\/wp-json\/wp\/v2\/types\/page"}],"author":[{"embeddable":true,"href":"https:\/\/incognito24h24.com\/es\/wp-json\/wp\/v2\/users\/1"}],"replies":[{"embeddable":true,"href":"https:\/\/incognito24h24.com\/es\/wp-json\/wp\/v2\/comments?post=387"}],"version-history":[{"count":0,"href":"https:\/\/incognito24h24.com\/es\/wp-json\/wp\/v2\/pages\/387\/revisions"}],"up":[{"embeddable":true,"href":"https:\/\/incognito24h24.com\/es\/wp-json\/wp\/v2\/pages\/13"}],"wp:attachment":[{"href":"https:\/\/incognito24h24.com\/es\/wp-json\/wp\/v2\/media?parent=387"}],"curies":[{"name":"wp","href":"https:\/\/api.w.org\/{rel}","templated":true}]}}