{"id":150,"date":"2014-03-06T12:00:00","date_gmt":"2014-03-06T11:00:00","guid":{"rendered":"http:\/\/incognito.vu\/wordpress\/?page_id=150"},"modified":"2017-01-16T11:28:30","modified_gmt":"2017-01-16T10:28:30","slug":"nadia-boursin-piraud-2","status":"publish","type":"page","link":"https:\/\/incognito24h24.com\/es\/artistes-guest%e2%80%8e\/nadia-boursin-piraud-2\/","title":{"rendered":"Nadia Boursin-Piraud"},"content":{"rendered":"<p>Nadia a r\u00e9alis\u00e9e la carte privil\u00e8ge de notre homepage en 2001<\/p>\n<!-- AddThis Advanced Settings generic via filter on the_content --><!-- AddThis Share Buttons generic via filter on the_content -->","protected":false},"excerpt":{"rendered":"<p>Nadia a r\u00e9alis\u00e9e la carte privil\u00e8ge de notre homepage en 2001<!-- AddThis Advanced Settings generic via filter on get_the_excerpt --><!-- AddThis Share Buttons generic via filter on get_the_excerpt --><\/p>\n","protected":false},"author":1,"featured_media":0,"parent":15,"menu_order":0,"comment_status":"closed","ping_status":"open","template":"","meta":[],"translation":{"provider":"WPGlobus","version":"2.8.4","language":"es","enabled_languages":["en","es","de","fr","ru"],"languages":{"en":{"title":true,"content":true,"excerpt":false},"es":{"title":false,"content":false,"excerpt":false},"de":{"title":false,"content":false,"excerpt":false},"fr":{"title":false,"content":false,"excerpt":false},"ru":{"title":false,"content":false,"excerpt":false}}},"yoast_head":"<!-- This site is optimized with the Yoast SEO plugin v17.4 - https:\/\/yoast.com\/wordpress\/plugins\/seo\/ -->\n<meta name=\"robots\" content=\"index, follow, max-snippet:-1, max-image-preview:large, max-video-preview:-1\" \/>\n<link rel=\"canonical\" href=\"https:\/\/incognito24h24.com\/es\/artistes-guest\u200e\/nadia-boursin-piraud-2\/\" \/>\n<meta property=\"og:locale\" content=\"es_ES\" \/>\n<meta property=\"og:type\" content=\"article\" \/>\n<meta property=\"og:title\" content=\"Nadia Boursin-Piraud - incognito artclub\" \/>\n<meta property=\"og:url\" content=\"https:\/\/incognito24h24.com\/es\/artistes-guest\u200e\/nadia-boursin-piraud-2\/\" \/>\n<meta property=\"og:site_name\" content=\"incognito artclub\" \/>\n<meta property=\"article:modified_time\" content=\"2017-01-16T10:28:30+00:00\" \/>\n<script type=\"application\/ld+json\" class=\"yoast-schema-graph\">{\"@context\":\"https:\/\/schema.org\",\"@graph\":[{\"@type\":\"WebSite\",\"@id\":\"https:\/\/incognito24h24.com\/es\/#website\",\"url\":\"https:\/\/incognito24h24.com\/es\/\",\"name\":\"incognito artclub\",\"description\":\"galerie d&#039;art contemporain \\u00e0 Paris\",\"potentialAction\":[{\"@type\":\"SearchAction\",\"target\":{\"@type\":\"EntryPoint\",\"urlTemplate\":\"https:\/\/incognito24h24.com\/es\/?s={search_term_string}\"},\"query-input\":\"required name=search_term_string\"}],\"inLanguage\":\"es-ES\"},{\"@type\":\"WebPage\",\"@id\":\"https:\/\/incognito24h24.com\/es\/artistes-guest%e2%80%8e\/nadia-boursin-piraud-2\/#webpage\",\"url\":\"https:\/\/incognito24h24.com\/es\/artistes-guest%e2%80%8e\/nadia-boursin-piraud-2\/\",\"name\":\"Nadia Boursin-Piraud - incognito artclub\",\"isPartOf\":{\"@id\":\"https:\/\/incognito24h24.com\/es\/#website\"},\"datePublished\":\"2014-03-06T11:00:00+00:00\",\"dateModified\":\"2017-01-16T10:28:30+00:00\",\"breadcrumb\":{\"@id\":\"https:\/\/incognito24h24.com\/es\/artistes-guest%e2%80%8e\/nadia-boursin-piraud-2\/#breadcrumb\"},\"inLanguage\":\"es-ES\",\"potentialAction\":[{\"@type\":\"ReadAction\",\"target\":[\"https:\/\/incognito24h24.com\/es\/artistes-guest%e2%80%8e\/nadia-boursin-piraud-2\/\"]}]},{\"@type\":\"BreadcrumbList\",\"@id\":\"https:\/\/incognito24h24.com\/es\/artistes-guest%e2%80%8e\/nadia-boursin-piraud-2\/#breadcrumb\",\"itemListElement\":[{\"@type\":\"ListItem\",\"position\":1,\"name\":\"Accueil\",\"item\":\"https:\/\/incognito24h24.com\/es\/\"},{\"@type\":\"ListItem\",\"position\":2,\"name\":\"artistes guest\",\"item\":\"https:\/\/incognito24h24.com\/es\/artistes-guest%e2%80%8e\/\"},{\"@type\":\"ListItem\",\"position\":3,\"name\":\"Nadia Boursin-Piraud\"}]}]}<\/script>\n<!-- \/ Yoast SEO plugin. -->","yoast_head_json":{"robots":{"index":"index","follow":"follow","max-snippet":"max-snippet:-1","max-image-preview":"max-image-preview:large","max-video-preview":"max-video-preview:-1"},"canonical":"https:\/\/incognito24h24.com\/es\/artistes-guest\u200e\/nadia-boursin-piraud-2\/","og_locale":"es_ES","og_type":"article","og_title":"Nadia Boursin-Piraud - incognito artclub","og_url":"https:\/\/incognito24h24.com\/es\/artistes-guest\u200e\/nadia-boursin-piraud-2\/","og_site_name":"incognito artclub","article_modified_time":"2017-01-16T10:28:30+00:00","schema":{"@context":"https:\/\/schema.org","@graph":[{"@type":"WebSite","@id":"https:\/\/incognito24h24.com\/es\/#website","url":"https:\/\/incognito24h24.com\/es\/","name":"incognito artclub","description":"galerie d&#039;art contemporain \u00e0 Paris","potentialAction":[{"@type":"SearchAction","target":{"@type":"EntryPoint","urlTemplate":"https:\/\/incognito24h24.com\/es\/?s={search_term_string}"},"query-input":"required name=search_term_string"}],"inLanguage":"es-ES"},{"@type":"WebPage","@id":"https:\/\/incognito24h24.com\/es\/artistes-guest%e2%80%8e\/nadia-boursin-piraud-2\/#webpage","url":"https:\/\/incognito24h24.com\/es\/artistes-guest%e2%80%8e\/nadia-boursin-piraud-2\/","name":"Nadia Boursin-Piraud - incognito artclub","isPartOf":{"@id":"https:\/\/incognito24h24.com\/es\/#website"},"datePublished":"2014-03-06T11:00:00+00:00","dateModified":"2017-01-16T10:28:30+00:00","breadcrumb":{"@id":"https:\/\/incognito24h24.com\/es\/artistes-guest%e2%80%8e\/nadia-boursin-piraud-2\/#breadcrumb"},"inLanguage":"es-ES","potentialAction":[{"@type":"ReadAction","target":["https:\/\/incognito24h24.com\/es\/artistes-guest%e2%80%8e\/nadia-boursin-piraud-2\/"]}]},{"@type":"BreadcrumbList","@id":"https:\/\/incognito24h24.com\/es\/artistes-guest%e2%80%8e\/nadia-boursin-piraud-2\/#breadcrumb","itemListElement":[{"@type":"ListItem","position":1,"name":"Accueil","item":"https:\/\/incognito24h24.com\/es\/"},{"@type":"ListItem","position":2,"name":"artistes guest","item":"https:\/\/incognito24h24.com\/es\/artistes-guest%e2%80%8e\/"},{"@type":"ListItem","position":3,"name":"Nadia Boursin-Piraud"}]}]}},"_links":{"self":[{"href":"https:\/\/incognito24h24.com\/es\/wp-json\/wp\/v2\/pages\/150"}],"collection":[{"href":"https:\/\/incognito24h24.com\/es\/wp-json\/wp\/v2\/pages"}],"about":[{"href":"https:\/\/incognito24h24.com\/es\/wp-json\/wp\/v2\/types\/page"}],"author":[{"embeddable":true,"href":"https:\/\/incognito24h24.com\/es\/wp-json\/wp\/v2\/users\/1"}],"replies":[{"embeddable":true,"href":"https:\/\/incognito24h24.com\/es\/wp-json\/wp\/v2\/comments?post=150"}],"version-history":[{"count":0,"href":"https:\/\/incognito24h24.com\/es\/wp-json\/wp\/v2\/pages\/150\/revisions"}],"up":[{"embeddable":true,"href":"https:\/\/incognito24h24.com\/es\/wp-json\/wp\/v2\/pages\/15"}],"wp:attachment":[{"href":"https:\/\/incognito24h24.com\/es\/wp-json\/wp\/v2\/media?parent=150"}],"curies":[{"name":"wp","href":"https:\/\/api.w.org\/{rel}","templated":true}]}}