{"id":137,"date":"2014-03-06T12:00:00","date_gmt":"2014-03-06T11:00:00","guid":{"rendered":"http:\/\/incognito.vu\/wordpress\/?page_id=137"},"modified":"2017-01-16T11:28:30","modified_gmt":"2017-01-16T10:28:30","slug":"aldo-caredda","status":"publish","type":"page","link":"https:\/\/incognito24h24.com\/es\/artistes-guest%e2%80%8e\/aldo-caredda\/","title":{"rendered":"Aldo Caredda"},"content":{"rendered":"<p>One two three four<\/p>\n<p>( L\u2019empreinte,l\u2019unique )<br \/>\nUn index, un peu d\u2019encre, un chewing \u2013gum, un support, un geste. Voil\u00e0 ce qui constitue l\u2019essence de la production d\u2019Aldo Caredda depuis bient\u00f4t quinze ans. Utilisant son empreinte digitale comme motif unique, r\u00e9current, obs\u00e9dant, l\u2019artiste appose sans rel\u00e2che le m\u00eame geste  sur les divers supports qu\u2019il investit. Image de l\u2019unique par excellence, l\u2019impression du geste apparait comme le reste indiciel du travail plastique, la trace de son investissement corporel, la preuve de son passage. Telle une signature, l\u2019empreinte apparait dans son travail comme garante de l\u2019individualit\u00e9 et de l\u2019unicit\u00e9 de son auteur.<\/p>\n<p>( Multiple, vous avez dit multiples ? )<br \/>\nCe geste est r\u00e9p\u00e9t\u00e9 machinalement, faisant de la production une trame qui se d\u00e8ploie dans l\u2019espace et dans le temps. Par ce proc\u00e9d\u00e9 m\u00e9canique, l\u2019artiste op\u00e8re un glissement de l\u2019unique vers le multiple en poussant le principe de s\u00e9rialit\u00e9 dans ses derniers retranchements. 1813 empreintes sur une toile de deux m\u00e8tres sur un m\u00e8tre cinquante, 1813 petits carreaux de c\u00e9ramique, portant la trace de l\u2019index, diss\u00e9min\u00e9s sur quarante-deux kilom\u00e8tres de sentiers forestiers. Perdu dans la profusion d\u2019une forme qui semble se redire sans cesse, l\u2019\u0153il y perd la trace de l\u2019unique.<\/p>\n<p>( O\u00f9 te caches-tu )<br \/>\nEn y regardant de plus pr\u00e8s, en faisant l\u2019effort de lecture n\u00e9cessaire \u00e0 la distinction des empreintes les unes par rapport aux autres, le myst\u00e8re s\u2019\u00e9paissit encore plus. En effet superposant aux lignes digitales un filament de chewing-gum dispos\u00e9 al\u00e9atoirement sur son doigt, l\u2019empreinte devient l\u2019image du hasard, d\u2019un hypoth\u00e9tique &#8220;autre&#8221;. Le geste m\u00e9canique en apparence, laisse la place \u00e0 l\u2018accident. C\u2019est pr\u00e9cis\u00e9ment \u00e0 ce niveau que l\u2019artiste s\u2019exprime en tant qu\u2019homme, \u00eatre perceptible soumis au doute et \u00e0 la r\u00e9flexion.<\/p>\n<p>( L\u2019identit\u00e9 )<br \/>\nChaque empreinte noire apparait dans son unicit\u00e9 ayant pourtant toujours le m\u00eame index comme vecteur. Exig\u00e9e pour l\u2019obtention d\u2019une carte d\u2019identit\u00e9, bient\u00f4t utilis\u00e9e comme cl\u00e9 par le truchement de la biom\u00e9trie, comment une empreinte digitale pourrait-elle assumer tout ce que nous sommes ? Par la confrontation dualiste de notions telles que l\u2019apparition et la disparition, l\u2019unique et le multiple, la pr\u00e9sence et l\u2019absence, le travail d\u2019Aldo Caredda semble nous interpeller sur la place de l\u2019individu dans une soci\u00e9t\u00e9 en crise identitaire\u2026<\/p>\n<p>                                                                                                                 Nicolas Franchot, 2004<br \/><a href=\"www.aldocaredda.com\"><img class=\"alignleft size-full wp-image-72\" alt=\"lien vers le site Aldo Caredda\" src=\"\/wordpress\/wp-content\/uploads\/bounce.png\" \/><\/a> <a href=\"www.aldocaredda.com\"> Aldo Caredda<\/a><\/p>\n<h2>Vernissages \/ \u00e9v\u00e9nements :<\/h2>\n<!-- AddThis Advanced Settings generic via filter on the_content --><!-- AddThis Share Buttons generic via filter on the_content -->","protected":false},"excerpt":{"rendered":"<p>One two three four ( L\u2019empreinte,l\u2019unique ) Un index, un peu d\u2019encre, un chewing \u2013gum, un support, un geste. Voil\u00e0 ce qui constitue l\u2019essence de la production d\u2019Aldo Caredda depuis bient\u00f4t quinze ans. Utilisant son empreinte digitale comme motif unique, r\u00e9current, obs\u00e9dant, l\u2019artiste appose sans rel\u00e2che le m\u00eame geste sur les divers supports qu\u2019il investit. [&hellip;]<!-- AddThis Advanced Settings generic via filter on get_the_excerpt --><!-- AddThis Share Buttons generic via filter on get_the_excerpt --><\/p>\n","protected":false},"author":1,"featured_media":0,"parent":15,"menu_order":0,"comment_status":"closed","ping_status":"open","template":"","meta":[],"translation":{"provider":"WPGlobus","version":"2.8.4","language":"es","enabled_languages":["en","es","de","fr","ru"],"languages":{"en":{"title":true,"content":true,"excerpt":false},"es":{"title":false,"content":false,"excerpt":false},"de":{"title":false,"content":false,"excerpt":false},"fr":{"title":false,"content":false,"excerpt":false},"ru":{"title":false,"content":false,"excerpt":false}}},"yoast_head":"<!-- This site is optimized with the Yoast SEO plugin v17.4 - https:\/\/yoast.com\/wordpress\/plugins\/seo\/ -->\n<meta name=\"robots\" content=\"index, follow, max-snippet:-1, max-image-preview:large, max-video-preview:-1\" \/>\n<link rel=\"canonical\" href=\"https:\/\/incognito24h24.com\/es\/artistes-guest\u200e\/aldo-caredda\/\" \/>\n<meta property=\"og:locale\" content=\"es_ES\" \/>\n<meta property=\"og:type\" content=\"article\" \/>\n<meta property=\"og:title\" content=\"Aldo Caredda - incognito artclub\" \/>\n<meta property=\"og:url\" content=\"https:\/\/incognito24h24.com\/es\/artistes-guest\u200e\/aldo-caredda\/\" \/>\n<meta property=\"og:site_name\" content=\"incognito artclub\" \/>\n<meta property=\"article:modified_time\" content=\"2017-01-16T10:28:30+00:00\" \/>\n<meta property=\"og:image\" content=\"https:\/\/incognito24h24.com\/wordpress\/wp-content\/uploads\/bounce.png\" \/>\n<meta name=\"twitter:label1\" content=\"Est. reading time\" \/>\n\t<meta name=\"twitter:data1\" content=\"2 minutes\" \/>\n<script type=\"application\/ld+json\" class=\"yoast-schema-graph\">{\"@context\":\"https:\/\/schema.org\",\"@graph\":[{\"@type\":\"WebSite\",\"@id\":\"https:\/\/incognito24h24.com\/es\/#website\",\"url\":\"https:\/\/incognito24h24.com\/es\/\",\"name\":\"incognito artclub\",\"description\":\"galerie d&#039;art contemporain \\u00e0 Paris\",\"potentialAction\":[{\"@type\":\"SearchAction\",\"target\":{\"@type\":\"EntryPoint\",\"urlTemplate\":\"https:\/\/incognito24h24.com\/es\/?s={search_term_string}\"},\"query-input\":\"required name=search_term_string\"}],\"inLanguage\":\"es-ES\"},{\"@type\":\"ImageObject\",\"@id\":\"https:\/\/incognito24h24.com\/es\/artistes-guest%e2%80%8e\/aldo-caredda\/#primaryimage\",\"inLanguage\":\"es-ES\",\"url\":\"\/wordpress\/wp-content\/uploads\/bounce.png\",\"contentUrl\":\"\/wordpress\/wp-content\/uploads\/bounce.png\"},{\"@type\":\"WebPage\",\"@id\":\"https:\/\/incognito24h24.com\/es\/artistes-guest%e2%80%8e\/aldo-caredda\/#webpage\",\"url\":\"https:\/\/incognito24h24.com\/es\/artistes-guest%e2%80%8e\/aldo-caredda\/\",\"name\":\"Aldo Caredda - incognito artclub\",\"isPartOf\":{\"@id\":\"https:\/\/incognito24h24.com\/es\/#website\"},\"primaryImageOfPage\":{\"@id\":\"https:\/\/incognito24h24.com\/es\/artistes-guest%e2%80%8e\/aldo-caredda\/#primaryimage\"},\"datePublished\":\"2014-03-06T11:00:00+00:00\",\"dateModified\":\"2017-01-16T10:28:30+00:00\",\"breadcrumb\":{\"@id\":\"https:\/\/incognito24h24.com\/es\/artistes-guest%e2%80%8e\/aldo-caredda\/#breadcrumb\"},\"inLanguage\":\"es-ES\",\"potentialAction\":[{\"@type\":\"ReadAction\",\"target\":[\"https:\/\/incognito24h24.com\/es\/artistes-guest%e2%80%8e\/aldo-caredda\/\"]}]},{\"@type\":\"BreadcrumbList\",\"@id\":\"https:\/\/incognito24h24.com\/es\/artistes-guest%e2%80%8e\/aldo-caredda\/#breadcrumb\",\"itemListElement\":[{\"@type\":\"ListItem\",\"position\":1,\"name\":\"Accueil\",\"item\":\"https:\/\/incognito24h24.com\/es\/\"},{\"@type\":\"ListItem\",\"position\":2,\"name\":\"artistes guest\",\"item\":\"https:\/\/incognito24h24.com\/es\/artistes-guest%e2%80%8e\/\"},{\"@type\":\"ListItem\",\"position\":3,\"name\":\"Aldo Caredda\"}]}]}<\/script>\n<!-- \/ Yoast SEO plugin. -->","yoast_head_json":{"robots":{"index":"index","follow":"follow","max-snippet":"max-snippet:-1","max-image-preview":"max-image-preview:large","max-video-preview":"max-video-preview:-1"},"canonical":"https:\/\/incognito24h24.com\/es\/artistes-guest\u200e\/aldo-caredda\/","og_locale":"es_ES","og_type":"article","og_title":"Aldo Caredda - incognito artclub","og_url":"https:\/\/incognito24h24.com\/es\/artistes-guest\u200e\/aldo-caredda\/","og_site_name":"incognito artclub","article_modified_time":"2017-01-16T10:28:30+00:00","og_image":[{"url":"https:\/\/incognito24h24.com\/wordpress\/wp-content\/uploads\/bounce.png"}],"twitter_misc":{"Est. reading time":"2 minutes"},"schema":{"@context":"https:\/\/schema.org","@graph":[{"@type":"WebSite","@id":"https:\/\/incognito24h24.com\/es\/#website","url":"https:\/\/incognito24h24.com\/es\/","name":"incognito artclub","description":"galerie d&#039;art contemporain \u00e0 Paris","potentialAction":[{"@type":"SearchAction","target":{"@type":"EntryPoint","urlTemplate":"https:\/\/incognito24h24.com\/es\/?s={search_term_string}"},"query-input":"required name=search_term_string"}],"inLanguage":"es-ES"},{"@type":"ImageObject","@id":"https:\/\/incognito24h24.com\/es\/artistes-guest%e2%80%8e\/aldo-caredda\/#primaryimage","inLanguage":"es-ES","url":"\/wordpress\/wp-content\/uploads\/bounce.png","contentUrl":"\/wordpress\/wp-content\/uploads\/bounce.png"},{"@type":"WebPage","@id":"https:\/\/incognito24h24.com\/es\/artistes-guest%e2%80%8e\/aldo-caredda\/#webpage","url":"https:\/\/incognito24h24.com\/es\/artistes-guest%e2%80%8e\/aldo-caredda\/","name":"Aldo Caredda - incognito artclub","isPartOf":{"@id":"https:\/\/incognito24h24.com\/es\/#website"},"primaryImageOfPage":{"@id":"https:\/\/incognito24h24.com\/es\/artistes-guest%e2%80%8e\/aldo-caredda\/#primaryimage"},"datePublished":"2014-03-06T11:00:00+00:00","dateModified":"2017-01-16T10:28:30+00:00","breadcrumb":{"@id":"https:\/\/incognito24h24.com\/es\/artistes-guest%e2%80%8e\/aldo-caredda\/#breadcrumb"},"inLanguage":"es-ES","potentialAction":[{"@type":"ReadAction","target":["https:\/\/incognito24h24.com\/es\/artistes-guest%e2%80%8e\/aldo-caredda\/"]}]},{"@type":"BreadcrumbList","@id":"https:\/\/incognito24h24.com\/es\/artistes-guest%e2%80%8e\/aldo-caredda\/#breadcrumb","itemListElement":[{"@type":"ListItem","position":1,"name":"Accueil","item":"https:\/\/incognito24h24.com\/es\/"},{"@type":"ListItem","position":2,"name":"artistes guest","item":"https:\/\/incognito24h24.com\/es\/artistes-guest%e2%80%8e\/"},{"@type":"ListItem","position":3,"name":"Aldo Caredda"}]}]}},"_links":{"self":[{"href":"https:\/\/incognito24h24.com\/es\/wp-json\/wp\/v2\/pages\/137"}],"collection":[{"href":"https:\/\/incognito24h24.com\/es\/wp-json\/wp\/v2\/pages"}],"about":[{"href":"https:\/\/incognito24h24.com\/es\/wp-json\/wp\/v2\/types\/page"}],"author":[{"embeddable":true,"href":"https:\/\/incognito24h24.com\/es\/wp-json\/wp\/v2\/users\/1"}],"replies":[{"embeddable":true,"href":"https:\/\/incognito24h24.com\/es\/wp-json\/wp\/v2\/comments?post=137"}],"version-history":[{"count":1,"href":"https:\/\/incognito24h24.com\/es\/wp-json\/wp\/v2\/pages\/137\/revisions"}],"predecessor-version":[{"id":860,"href":"https:\/\/incognito24h24.com\/es\/wp-json\/wp\/v2\/pages\/137\/revisions\/860"}],"up":[{"embeddable":true,"href":"https:\/\/incognito24h24.com\/es\/wp-json\/wp\/v2\/pages\/15"}],"wp:attachment":[{"href":"https:\/\/incognito24h24.com\/es\/wp-json\/wp\/v2\/media?parent=137"}],"curies":[{"name":"wp","href":"https:\/\/api.w.org\/{rel}","templated":true}]}}