{"id":123,"date":"2014-03-06T12:00:00","date_gmt":"2014-03-06T11:00:00","guid":{"rendered":"http:\/\/incognito.vu\/wordpress\/?page_id=123"},"modified":"2017-01-16T11:29:06","modified_gmt":"2017-01-16T10:29:06","slug":"olivier-liegent","status":"publish","type":"page","link":"https:\/\/incognito24h24.com\/es\/artistes-resident\/olivier-liegent\/","title":{"rendered":"Olivier Liegent"},"content":{"rendered":"<p>Improbable d\u00e9couverte du cha\u00eenon manquant entre arts plastiques et design.<br \/>\nDes tables, des chaises et d\u2019autres objets sont r\u00e9alis\u00e9s \u00e0 partir de monochromes peints \u00e0 l\u2019huile sur des toiles, elles-m\u00eames tendues sur des ch\u00e2ssis telles des peintures.<br \/>\nPeinture domestique ou domestication de la peinture ? une autre mani\u00e8re d\u2019habiter la \u00ab peinture \u00bb.<br \/>\nLe projet de cette cr\u00e9ation et sa fonctionnalit\u00e9 sont conjugu\u00e9s dans un ensemble o\u00f9 convergent nombre de supports et de r\u00e9f\u00e9rences li\u00e9es \u00e0 l\u2019histoire des arts.<\/p>\n<h2>Vernissages \/ \u00e9v\u00e9nements :<\/h2>\n<p> &bull; (2003-03-13 &#8211; 0000-00-00) mobilier de Liegent<\/p>\n<p>Visuels :<br \/><img src=\"\/wordpress\/wp-content\/uploads\/img\/vern1wb.jpg\" title=\"Olivier Liegent chez incognito ( -  : )\" \/>&nbsp;&nbsp;<img src=\"\/wordpress\/wp-content\/uploads\/img\/vern2wb_copy.jpg\" title=\" ( -  : )\" \/>&nbsp;&nbsp;<img src=\"\/wordpress\/wp-content\/uploads\/img\/vern3wb_copy.jpg\" title=\" ( -  : )\" \/>&nbsp;&nbsp;<img src=\"\/wordpress\/wp-content\/uploads\/img\/vern4wb_copy.jpg\" title=\" ( -  : )\" \/>&nbsp;&nbsp;<img src=\"\/wordpress\/wp-content\/uploads\/img\/vern5wb_copy.jpg\" title=\"mobilier in situ... ( -  : )\" \/>&nbsp;&nbsp;<img src=\"\/wordpress\/wp-content\/uploads\/img\/vern6wb_copy.jpg\" title=\" ( -  : )\" \/>&nbsp;&nbsp;<br \/>&bull; (2003-03-14 &#8211; 2003-04-20) Living Painting<\/p>\n<p>Visuels :<br \/><img src=\"\/wordpress\/wp-content\/uploads\/img\/mob6wb.jpg\" title=\" ( -  : )\" \/>&nbsp;&nbsp;<img src=\"\/wordpress\/wp-content\/uploads\/img\/mob1wb.jpg\" title=\" ( -  : )\" \/>&nbsp;&nbsp;<img src=\"\/wordpress\/wp-content\/uploads\/img\/mob2wb.jpg\" title=\" ( -  : )\" \/>&nbsp;&nbsp;<img src=\"\/wordpress\/wp-content\/uploads\/img\/mob3wb.jpg\" title=\" ( -  : )\" \/>&nbsp;&nbsp;<img src=\"\/wordpress\/wp-content\/uploads\/img\/mob4wb.jpg\" title=\" ( -  : )\" \/>&nbsp;&nbsp;<img src=\"\/wordpress\/wp-content\/uploads\/img\/mob5wb.jpg\" title=\" ( -  : )\" \/>&nbsp;&nbsp;<img src=\"\/wordpress\/wp-content\/uploads\/img\/mob7wb.jpg\" title=\" ( -  : )\" \/>&nbsp;&nbsp;<img src=\"\/wordpress\/wp-content\/uploads\/img\/mob8wb.jpg\" title=\" ( -  : )\" \/>&nbsp;&nbsp;<\/p>\n<!-- AddThis Advanced Settings generic via filter on the_content --><!-- AddThis Share Buttons generic via filter on the_content -->","protected":false},"excerpt":{"rendered":"<p>Improbable d\u00e9couverte du cha\u00eenon manquant entre arts plastiques et design. Des tables, des chaises et d\u2019autres objets sont r\u00e9alis\u00e9s \u00e0 partir de monochromes peints \u00e0 l\u2019huile sur des toiles, elles-m\u00eames tendues sur des ch\u00e2ssis telles des peintures. Peinture domestique ou domestication de la peinture ? une autre mani\u00e8re d\u2019habiter la \u00ab peinture \u00bb. Le projet [&hellip;]<!-- AddThis Advanced Settings generic via filter on get_the_excerpt --><!-- AddThis Share Buttons generic via filter on get_the_excerpt --><\/p>\n","protected":false},"author":1,"featured_media":0,"parent":13,"menu_order":0,"comment_status":"closed","ping_status":"open","template":"","meta":[],"translation":{"provider":"WPGlobus","version":"2.8.4","language":"es","enabled_languages":["en","es","de","fr","ru"],"languages":{"en":{"title":true,"content":true,"excerpt":false},"es":{"title":false,"content":false,"excerpt":false},"de":{"title":false,"content":false,"excerpt":false},"fr":{"title":false,"content":false,"excerpt":false},"ru":{"title":false,"content":false,"excerpt":false}}},"yoast_head":"<!-- This site is optimized with the Yoast SEO plugin v17.4 - https:\/\/yoast.com\/wordpress\/plugins\/seo\/ -->\n<meta name=\"robots\" content=\"index, follow, max-snippet:-1, max-image-preview:large, max-video-preview:-1\" \/>\n<link rel=\"canonical\" href=\"https:\/\/incognito24h24.com\/es\/artistes-resident\/olivier-liegent\/\" \/>\n<meta property=\"og:locale\" content=\"es_ES\" \/>\n<meta property=\"og:type\" content=\"article\" \/>\n<meta property=\"og:title\" content=\"Olivier Liegent - incognito artclub\" \/>\n<meta property=\"og:url\" content=\"https:\/\/incognito24h24.com\/es\/artistes-resident\/olivier-liegent\/\" \/>\n<meta property=\"og:site_name\" content=\"incognito artclub\" \/>\n<meta property=\"article:modified_time\" content=\"2017-01-16T10:29:06+00:00\" \/>\n<meta property=\"og:image\" content=\"https:\/\/incognito24h24.com\/wordpress\/wp-content\/uploads\/img\/vern1wb.jpg\" \/>\n<meta name=\"twitter:label1\" content=\"Est. reading time\" \/>\n\t<meta name=\"twitter:data1\" content=\"1 minute\" \/>\n<script type=\"application\/ld+json\" class=\"yoast-schema-graph\">{\"@context\":\"https:\/\/schema.org\",\"@graph\":[{\"@type\":\"WebSite\",\"@id\":\"https:\/\/incognito24h24.com\/es\/#website\",\"url\":\"https:\/\/incognito24h24.com\/es\/\",\"name\":\"incognito artclub\",\"description\":\"galerie d&#039;art contemporain \\u00e0 Paris\",\"potentialAction\":[{\"@type\":\"SearchAction\",\"target\":{\"@type\":\"EntryPoint\",\"urlTemplate\":\"https:\/\/incognito24h24.com\/es\/?s={search_term_string}\"},\"query-input\":\"required name=search_term_string\"}],\"inLanguage\":\"es-ES\"},{\"@type\":\"ImageObject\",\"@id\":\"https:\/\/incognito24h24.com\/es\/artistes-resident\/olivier-liegent\/#primaryimage\",\"inLanguage\":\"es-ES\",\"url\":\"\/wordpress\/wp-content\/uploads\/img\/vern1wb.jpg\",\"contentUrl\":\"\/wordpress\/wp-content\/uploads\/img\/vern1wb.jpg\"},{\"@type\":\"WebPage\",\"@id\":\"https:\/\/incognito24h24.com\/es\/artistes-resident\/olivier-liegent\/#webpage\",\"url\":\"https:\/\/incognito24h24.com\/es\/artistes-resident\/olivier-liegent\/\",\"name\":\"Olivier Liegent - incognito artclub\",\"isPartOf\":{\"@id\":\"https:\/\/incognito24h24.com\/es\/#website\"},\"primaryImageOfPage\":{\"@id\":\"https:\/\/incognito24h24.com\/es\/artistes-resident\/olivier-liegent\/#primaryimage\"},\"datePublished\":\"2014-03-06T11:00:00+00:00\",\"dateModified\":\"2017-01-16T10:29:06+00:00\",\"breadcrumb\":{\"@id\":\"https:\/\/incognito24h24.com\/es\/artistes-resident\/olivier-liegent\/#breadcrumb\"},\"inLanguage\":\"es-ES\",\"potentialAction\":[{\"@type\":\"ReadAction\",\"target\":[\"https:\/\/incognito24h24.com\/es\/artistes-resident\/olivier-liegent\/\"]}]},{\"@type\":\"BreadcrumbList\",\"@id\":\"https:\/\/incognito24h24.com\/es\/artistes-resident\/olivier-liegent\/#breadcrumb\",\"itemListElement\":[{\"@type\":\"ListItem\",\"position\":1,\"name\":\"Accueil\",\"item\":\"https:\/\/incognito24h24.com\/es\/\"},{\"@type\":\"ListItem\",\"position\":2,\"name\":\"artistes resident\",\"item\":\"https:\/\/incognito24h24.com\/es\/artistes-resident\/\"},{\"@type\":\"ListItem\",\"position\":3,\"name\":\"Olivier Liegent\"}]}]}<\/script>\n<!-- \/ Yoast SEO plugin. -->","yoast_head_json":{"robots":{"index":"index","follow":"follow","max-snippet":"max-snippet:-1","max-image-preview":"max-image-preview:large","max-video-preview":"max-video-preview:-1"},"canonical":"https:\/\/incognito24h24.com\/es\/artistes-resident\/olivier-liegent\/","og_locale":"es_ES","og_type":"article","og_title":"Olivier Liegent - incognito artclub","og_url":"https:\/\/incognito24h24.com\/es\/artistes-resident\/olivier-liegent\/","og_site_name":"incognito artclub","article_modified_time":"2017-01-16T10:29:06+00:00","og_image":[{"url":"https:\/\/incognito24h24.com\/wordpress\/wp-content\/uploads\/img\/vern1wb.jpg"}],"twitter_misc":{"Est. reading time":"1 minute"},"schema":{"@context":"https:\/\/schema.org","@graph":[{"@type":"WebSite","@id":"https:\/\/incognito24h24.com\/es\/#website","url":"https:\/\/incognito24h24.com\/es\/","name":"incognito artclub","description":"galerie d&#039;art contemporain \u00e0 Paris","potentialAction":[{"@type":"SearchAction","target":{"@type":"EntryPoint","urlTemplate":"https:\/\/incognito24h24.com\/es\/?s={search_term_string}"},"query-input":"required name=search_term_string"}],"inLanguage":"es-ES"},{"@type":"ImageObject","@id":"https:\/\/incognito24h24.com\/es\/artistes-resident\/olivier-liegent\/#primaryimage","inLanguage":"es-ES","url":"\/wordpress\/wp-content\/uploads\/img\/vern1wb.jpg","contentUrl":"\/wordpress\/wp-content\/uploads\/img\/vern1wb.jpg"},{"@type":"WebPage","@id":"https:\/\/incognito24h24.com\/es\/artistes-resident\/olivier-liegent\/#webpage","url":"https:\/\/incognito24h24.com\/es\/artistes-resident\/olivier-liegent\/","name":"Olivier Liegent - incognito artclub","isPartOf":{"@id":"https:\/\/incognito24h24.com\/es\/#website"},"primaryImageOfPage":{"@id":"https:\/\/incognito24h24.com\/es\/artistes-resident\/olivier-liegent\/#primaryimage"},"datePublished":"2014-03-06T11:00:00+00:00","dateModified":"2017-01-16T10:29:06+00:00","breadcrumb":{"@id":"https:\/\/incognito24h24.com\/es\/artistes-resident\/olivier-liegent\/#breadcrumb"},"inLanguage":"es-ES","potentialAction":[{"@type":"ReadAction","target":["https:\/\/incognito24h24.com\/es\/artistes-resident\/olivier-liegent\/"]}]},{"@type":"BreadcrumbList","@id":"https:\/\/incognito24h24.com\/es\/artistes-resident\/olivier-liegent\/#breadcrumb","itemListElement":[{"@type":"ListItem","position":1,"name":"Accueil","item":"https:\/\/incognito24h24.com\/es\/"},{"@type":"ListItem","position":2,"name":"artistes resident","item":"https:\/\/incognito24h24.com\/es\/artistes-resident\/"},{"@type":"ListItem","position":3,"name":"Olivier Liegent"}]}]}},"_links":{"self":[{"href":"https:\/\/incognito24h24.com\/es\/wp-json\/wp\/v2\/pages\/123"}],"collection":[{"href":"https:\/\/incognito24h24.com\/es\/wp-json\/wp\/v2\/pages"}],"about":[{"href":"https:\/\/incognito24h24.com\/es\/wp-json\/wp\/v2\/types\/page"}],"author":[{"embeddable":true,"href":"https:\/\/incognito24h24.com\/es\/wp-json\/wp\/v2\/users\/1"}],"replies":[{"embeddable":true,"href":"https:\/\/incognito24h24.com\/es\/wp-json\/wp\/v2\/comments?post=123"}],"version-history":[{"count":0,"href":"https:\/\/incognito24h24.com\/es\/wp-json\/wp\/v2\/pages\/123\/revisions"}],"up":[{"embeddable":true,"href":"https:\/\/incognito24h24.com\/es\/wp-json\/wp\/v2\/pages\/13"}],"wp:attachment":[{"href":"https:\/\/incognito24h24.com\/es\/wp-json\/wp\/v2\/media?parent=123"}],"curies":[{"name":"wp","href":"https:\/\/api.w.org\/{rel}","templated":true}]}}