{"id":1161,"date":"2020-09-29T10:54:48","date_gmt":"2020-09-29T09:54:48","guid":{"rendered":"http:\/\/incognito.vu\/?page_id=1161"},"modified":"2020-09-29T10:56:45","modified_gmt":"2020-09-29T09:56:45","slug":"voyage","status":"publish","type":"page","link":"https:\/\/incognito24h24.com\/es\/artistes-resident\/asami-nishimura\/voyage\/","title":{"rendered":"Voyage"},"content":{"rendered":"\n<p>10-17 septembre 2016<\/p>\n\n\n\n<div class=\"wp-container-1 wp-block-group\"><div class=\"wp-block-group__inner-container\">\n<figure class=\"wp-block-image size-medium\"><img loading=\"lazy\" width=\"300\" height=\"300\" src=\"http:\/\/incognito.vu\/wordpress\/wp-content\/uploads\/2020\/09\/Asami-Nishimura-Ceramique-Piece-Unique-300x300.jpg\" alt=\"porcelaines cr\u00e9es par Asam\u00ef Nishimura pour la traditionnelle c\u00e9r\u00e9monie du th\u00e9 au Japon.\" class=\"wp-image-1162\" srcset=\"https:\/\/incognito24h24.com\/wordpress\/wp-content\/uploads\/2020\/09\/Asami-Nishimura-Ceramique-Piece-Unique-300x300.jpg 300w, https:\/\/incognito24h24.com\/wordpress\/wp-content\/uploads\/2020\/09\/Asami-Nishimura-Ceramique-Piece-Unique-1024x1024.jpg 1024w, https:\/\/incognito24h24.com\/wordpress\/wp-content\/uploads\/2020\/09\/Asami-Nishimura-Ceramique-Piece-Unique-80x80.jpg 80w, https:\/\/incognito24h24.com\/wordpress\/wp-content\/uploads\/2020\/09\/Asami-Nishimura-Ceramique-Piece-Unique-768x768.jpg 768w, https:\/\/incognito24h24.com\/wordpress\/wp-content\/uploads\/2020\/09\/Asami-Nishimura-Ceramique-Piece-Unique-1536x1536.jpg 1536w, https:\/\/incognito24h24.com\/wordpress\/wp-content\/uploads\/2020\/09\/Asami-Nishimura-Ceramique-Piece-Unique-48x48.jpg 48w, https:\/\/incognito24h24.com\/wordpress\/wp-content\/uploads\/2020\/09\/Asami-Nishimura-Ceramique-Piece-Unique-130x130.jpg 130w, https:\/\/incognito24h24.com\/wordpress\/wp-content\/uploads\/2020\/09\/Asami-Nishimura-Ceramique-Piece-Unique-240x240.jpg 240w, https:\/\/incognito24h24.com\/wordpress\/wp-content\/uploads\/2020\/09\/Asami-Nishimura-Ceramique-Piece-Unique-430x430.jpg 430w, https:\/\/incognito24h24.com\/wordpress\/wp-content\/uploads\/2020\/09\/Asami-Nishimura-Ceramique-Piece-Unique-1500x1500.jpg 1500w, https:\/\/incognito24h24.com\/wordpress\/wp-content\/uploads\/2020\/09\/Asami-Nishimura-Ceramique-Piece-Unique-350x350.jpg 350w, https:\/\/incognito24h24.com\/wordpress\/wp-content\/uploads\/2020\/09\/Asami-Nishimura-Ceramique-Piece-Unique.jpg 2047w\" sizes=\"(max-width: 300px) 100vw, 300px\" \/><figcaption>9 c\u00e9ramiques, Parcours des Mondes 2016 <\/figcaption><\/figure>\n<\/div><\/div>\n<!-- AddThis Advanced Settings generic via filter on the_content --><!-- AddThis Share Buttons generic via filter on the_content -->","protected":false},"excerpt":{"rendered":"<p>10-17 septembre 2016<!-- AddThis Advanced Settings generic via filter on get_the_excerpt --><!-- AddThis Share Buttons generic via filter on get_the_excerpt --><\/p>\n","protected":false},"author":1,"featured_media":0,"parent":1153,"menu_order":1,"comment_status":"closed","ping_status":"closed","template":"","meta":[],"translation":{"provider":"WPGlobus","version":"2.8.4","language":"es","enabled_languages":["en","es","de","fr","ru"],"languages":{"en":{"title":true,"content":true,"excerpt":false},"es":{"title":false,"content":false,"excerpt":false},"de":{"title":false,"content":false,"excerpt":false},"fr":{"title":false,"content":false,"excerpt":false},"ru":{"title":false,"content":false,"excerpt":false}}},"yoast_head":"<!-- This site is optimized with the Yoast SEO plugin v17.4 - https:\/\/yoast.com\/wordpress\/plugins\/seo\/ -->\n<meta name=\"robots\" content=\"index, follow, max-snippet:-1, max-image-preview:large, max-video-preview:-1\" \/>\n<link rel=\"canonical\" href=\"https:\/\/incognito24h24.com\/es\/artistes-resident\/asami-nishimura\/voyage\/\" \/>\n<meta property=\"og:locale\" content=\"es_ES\" \/>\n<meta property=\"og:type\" content=\"article\" \/>\n<meta property=\"og:title\" content=\"Voyage - incognito artclub\" \/>\n<meta property=\"og:url\" content=\"https:\/\/incognito24h24.com\/es\/artistes-resident\/asami-nishimura\/voyage\/\" \/>\n<meta property=\"og:site_name\" content=\"incognito artclub\" \/>\n<meta property=\"article:modified_time\" content=\"2020-09-29T09:56:45+00:00\" \/>\n<meta property=\"og:image\" content=\"http:\/\/incognito.vu\/wordpress\/wp-content\/uploads\/2020\/09\/Asami-Nishimura-Ceramique-Piece-Unique-300x300.jpg\" \/>\n<script type=\"application\/ld+json\" class=\"yoast-schema-graph\">{\"@context\":\"https:\/\/schema.org\",\"@graph\":[{\"@type\":\"WebSite\",\"@id\":\"https:\/\/incognito24h24.com\/es\/#website\",\"url\":\"https:\/\/incognito24h24.com\/es\/\",\"name\":\"incognito artclub\",\"description\":\"galerie d&#039;art contemporain \\u00e0 Paris\",\"potentialAction\":[{\"@type\":\"SearchAction\",\"target\":{\"@type\":\"EntryPoint\",\"urlTemplate\":\"https:\/\/incognito24h24.com\/es\/?s={search_term_string}\"},\"query-input\":\"required name=search_term_string\"}],\"inLanguage\":\"es-ES\"},{\"@type\":\"ImageObject\",\"@id\":\"https:\/\/incognito24h24.com\/es\/artistes-resident\/asami-nishimura\/voyage\/#primaryimage\",\"inLanguage\":\"es-ES\",\"url\":\"http:\/\/incognito.vu\/wordpress\/wp-content\/uploads\/2020\/09\/Asami-Nishimura-Ceramique-Piece-Unique-300x300.jpg\",\"contentUrl\":\"http:\/\/incognito.vu\/wordpress\/wp-content\/uploads\/2020\/09\/Asami-Nishimura-Ceramique-Piece-Unique-300x300.jpg\"},{\"@type\":\"WebPage\",\"@id\":\"https:\/\/incognito24h24.com\/es\/artistes-resident\/asami-nishimura\/voyage\/#webpage\",\"url\":\"https:\/\/incognito24h24.com\/es\/artistes-resident\/asami-nishimura\/voyage\/\",\"name\":\"Voyage - incognito artclub\",\"isPartOf\":{\"@id\":\"https:\/\/incognito24h24.com\/es\/#website\"},\"primaryImageOfPage\":{\"@id\":\"https:\/\/incognito24h24.com\/es\/artistes-resident\/asami-nishimura\/voyage\/#primaryimage\"},\"datePublished\":\"2020-09-29T09:54:48+00:00\",\"dateModified\":\"2020-09-29T09:56:45+00:00\",\"breadcrumb\":{\"@id\":\"https:\/\/incognito24h24.com\/es\/artistes-resident\/asami-nishimura\/voyage\/#breadcrumb\"},\"inLanguage\":\"es-ES\",\"potentialAction\":[{\"@type\":\"ReadAction\",\"target\":[\"https:\/\/incognito24h24.com\/es\/artistes-resident\/asami-nishimura\/voyage\/\"]}]},{\"@type\":\"BreadcrumbList\",\"@id\":\"https:\/\/incognito24h24.com\/es\/artistes-resident\/asami-nishimura\/voyage\/#breadcrumb\",\"itemListElement\":[{\"@type\":\"ListItem\",\"position\":1,\"name\":\"Accueil\",\"item\":\"https:\/\/incognito24h24.com\/es\/\"},{\"@type\":\"ListItem\",\"position\":2,\"name\":\"artistes resident\",\"item\":\"https:\/\/incognito24h24.com\/es\/artistes-resident\/\"},{\"@type\":\"ListItem\",\"position\":3,\"name\":\"Asam\\u00ef Nishimura\",\"item\":\"https:\/\/incognito24h24.com\/es\/artistes-resident\/asami-nishimura\/\"},{\"@type\":\"ListItem\",\"position\":4,\"name\":\"Voyage\"}]}]}<\/script>\n<!-- \/ Yoast SEO plugin. -->","yoast_head_json":{"robots":{"index":"index","follow":"follow","max-snippet":"max-snippet:-1","max-image-preview":"max-image-preview:large","max-video-preview":"max-video-preview:-1"},"canonical":"https:\/\/incognito24h24.com\/es\/artistes-resident\/asami-nishimura\/voyage\/","og_locale":"es_ES","og_type":"article","og_title":"Voyage - incognito artclub","og_url":"https:\/\/incognito24h24.com\/es\/artistes-resident\/asami-nishimura\/voyage\/","og_site_name":"incognito artclub","article_modified_time":"2020-09-29T09:56:45+00:00","og_image":[{"url":"http:\/\/incognito.vu\/wordpress\/wp-content\/uploads\/2020\/09\/Asami-Nishimura-Ceramique-Piece-Unique-300x300.jpg"}],"schema":{"@context":"https:\/\/schema.org","@graph":[{"@type":"WebSite","@id":"https:\/\/incognito24h24.com\/es\/#website","url":"https:\/\/incognito24h24.com\/es\/","name":"incognito artclub","description":"galerie d&#039;art contemporain \u00e0 Paris","potentialAction":[{"@type":"SearchAction","target":{"@type":"EntryPoint","urlTemplate":"https:\/\/incognito24h24.com\/es\/?s={search_term_string}"},"query-input":"required name=search_term_string"}],"inLanguage":"es-ES"},{"@type":"ImageObject","@id":"https:\/\/incognito24h24.com\/es\/artistes-resident\/asami-nishimura\/voyage\/#primaryimage","inLanguage":"es-ES","url":"http:\/\/incognito.vu\/wordpress\/wp-content\/uploads\/2020\/09\/Asami-Nishimura-Ceramique-Piece-Unique-300x300.jpg","contentUrl":"http:\/\/incognito.vu\/wordpress\/wp-content\/uploads\/2020\/09\/Asami-Nishimura-Ceramique-Piece-Unique-300x300.jpg"},{"@type":"WebPage","@id":"https:\/\/incognito24h24.com\/es\/artistes-resident\/asami-nishimura\/voyage\/#webpage","url":"https:\/\/incognito24h24.com\/es\/artistes-resident\/asami-nishimura\/voyage\/","name":"Voyage - incognito artclub","isPartOf":{"@id":"https:\/\/incognito24h24.com\/es\/#website"},"primaryImageOfPage":{"@id":"https:\/\/incognito24h24.com\/es\/artistes-resident\/asami-nishimura\/voyage\/#primaryimage"},"datePublished":"2020-09-29T09:54:48+00:00","dateModified":"2020-09-29T09:56:45+00:00","breadcrumb":{"@id":"https:\/\/incognito24h24.com\/es\/artistes-resident\/asami-nishimura\/voyage\/#breadcrumb"},"inLanguage":"es-ES","potentialAction":[{"@type":"ReadAction","target":["https:\/\/incognito24h24.com\/es\/artistes-resident\/asami-nishimura\/voyage\/"]}]},{"@type":"BreadcrumbList","@id":"https:\/\/incognito24h24.com\/es\/artistes-resident\/asami-nishimura\/voyage\/#breadcrumb","itemListElement":[{"@type":"ListItem","position":1,"name":"Accueil","item":"https:\/\/incognito24h24.com\/es\/"},{"@type":"ListItem","position":2,"name":"artistes resident","item":"https:\/\/incognito24h24.com\/es\/artistes-resident\/"},{"@type":"ListItem","position":3,"name":"Asam\u00ef Nishimura","item":"https:\/\/incognito24h24.com\/es\/artistes-resident\/asami-nishimura\/"},{"@type":"ListItem","position":4,"name":"Voyage"}]}]}},"_links":{"self":[{"href":"https:\/\/incognito24h24.com\/es\/wp-json\/wp\/v2\/pages\/1161"}],"collection":[{"href":"https:\/\/incognito24h24.com\/es\/wp-json\/wp\/v2\/pages"}],"about":[{"href":"https:\/\/incognito24h24.com\/es\/wp-json\/wp\/v2\/types\/page"}],"author":[{"embeddable":true,"href":"https:\/\/incognito24h24.com\/es\/wp-json\/wp\/v2\/users\/1"}],"replies":[{"embeddable":true,"href":"https:\/\/incognito24h24.com\/es\/wp-json\/wp\/v2\/comments?post=1161"}],"version-history":[{"count":1,"href":"https:\/\/incognito24h24.com\/es\/wp-json\/wp\/v2\/pages\/1161\/revisions"}],"predecessor-version":[{"id":1163,"href":"https:\/\/incognito24h24.com\/es\/wp-json\/wp\/v2\/pages\/1161\/revisions\/1163"}],"up":[{"embeddable":true,"href":"https:\/\/incognito24h24.com\/es\/wp-json\/wp\/v2\/pages\/1153"}],"wp:attachment":[{"href":"https:\/\/incognito24h24.com\/es\/wp-json\/wp\/v2\/media?parent=1161"}],"curies":[{"name":"wp","href":"https:\/\/api.w.org\/{rel}","templated":true}]}}