{"id":1159,"date":"2020-09-29T10:45:57","date_gmt":"2020-09-29T09:45:57","guid":{"rendered":"http:\/\/incognito.vu\/?page_id=1159"},"modified":"2020-09-29T11:03:22","modified_gmt":"2020-09-29T10:03:22","slug":"two-moons-deux-lunes","status":"publish","type":"page","link":"https:\/\/incognito24h24.com\/es\/artistes-resident\/asami-nishimura\/two-moons-deux-lunes\/","title":{"rendered":"Two Moons Deux Lunes"},"content":{"rendered":"\n<p>8 septembre au 3 octobre 2020<\/p>\n\n\n\n<p>Le 15e jour du mois d&#8217;ao\u00fbt de l&#8217;ancien calendrier est \u00ab Tsukimi \u00bb, c&#8217;est \u00e0 dire jeudi 1 octobre en 2020. Nous aimons regarder la lune depuis l&#8217;\u00e9poque de J\u00f4mon.<\/p>\n\n\n\n<p>Dans le pass\u00e9, \u00ab Je t&#8217;aime \u00bb \u00e9tait traduit en japonais par \u00ab La lune \u00e9tant belle \u00bb par Natsume S\u014dseki.<\/p>\n\n\n\n<p>\u00c9voquant la pleine lune, on appelle cette forme jarre de lune. La fa\u00e7on particuli\u00e8re de la r\u00e9aliser fait que cette forme est toujours organique.<\/p>\n\n\n\n<p>Le moon jar est repr\u00e9sent\u00e9 comme symbole de la beaut\u00e9 de l&#8217;imperfection, les humains sont aussi la beaut\u00e9 imparfaite, la terre est inclin\u00e9e, et cette inclinaison fait la beaut\u00e9 des changements de saisons.<\/p>\n\n\n\n<p>Il \u00e9tait interdit de sortir et les voitures et les avions ont disparu de la ville, pendant ce confinement le temps \u00e9tait agr\u00e9able comme en \u00e9t\u00e9, et tous les jours \u00e9taient compl\u00e8tement plats et se r\u00e9p\u00e9taient. J&#8217;ai senti le vent souffler de temps en temps, et quand j&#8217;ai trouv\u00e9 un nuage qui apparaissait parfois, j&#8217;\u00e9tais heureuse parce que c&#8217;\u00e9tait comme une rencontre apr\u00e8s un long moment. Quand il pleuvait, je me suis senti chanceuse, je n&#8217;\u00e9tais pas Parisienne comme d\u2019habitude.<\/p>\n<!-- AddThis Advanced Settings generic via filter on the_content --><!-- AddThis Share Buttons generic via filter on the_content -->","protected":false},"excerpt":{"rendered":"<p>8 septembre au 3 octobre 2020 Le 15e jour du mois d&#8217;ao\u00fbt de l&#8217;ancien calendrier est \u00ab Tsukimi \u00bb, c&#8217;est \u00e0 dire jeudi 1 octobre en 2020. Nous aimons regarder la lune depuis l&#8217;\u00e9poque de J\u00f4mon. Dans le pass\u00e9, \u00ab Je t&#8217;aime \u00bb \u00e9tait traduit en japonais par \u00ab La lune \u00e9tant belle \u00bb par [&hellip;]<!-- AddThis Advanced Settings generic via filter on get_the_excerpt --><!-- AddThis Share Buttons generic via filter on get_the_excerpt --><\/p>\n","protected":false},"author":1,"featured_media":0,"parent":1153,"menu_order":2,"comment_status":"closed","ping_status":"closed","template":"","meta":[],"translation":{"provider":"WPGlobus","version":"2.8.4","language":"es","enabled_languages":["en","es","de","fr","ru"],"languages":{"en":{"title":true,"content":true,"excerpt":false},"es":{"title":false,"content":false,"excerpt":false},"de":{"title":false,"content":false,"excerpt":false},"fr":{"title":false,"content":false,"excerpt":false},"ru":{"title":false,"content":false,"excerpt":false}}},"yoast_head":"<!-- This site is optimized with the Yoast SEO plugin v17.4 - https:\/\/yoast.com\/wordpress\/plugins\/seo\/ -->\n<meta name=\"robots\" content=\"index, follow, max-snippet:-1, max-image-preview:large, max-video-preview:-1\" \/>\n<link rel=\"canonical\" href=\"https:\/\/incognito24h24.com\/es\/artistes-resident\/asami-nishimura\/two-moons-deux-lunes\/\" \/>\n<meta property=\"og:locale\" content=\"es_ES\" \/>\n<meta property=\"og:type\" content=\"article\" \/>\n<meta property=\"og:title\" content=\"Two Moons Deux Lunes - incognito artclub\" \/>\n<meta property=\"og:url\" content=\"https:\/\/incognito24h24.com\/es\/artistes-resident\/asami-nishimura\/two-moons-deux-lunes\/\" \/>\n<meta property=\"og:site_name\" content=\"incognito artclub\" \/>\n<meta property=\"article:modified_time\" content=\"2020-09-29T10:03:22+00:00\" \/>\n<meta name=\"twitter:label1\" content=\"Est. reading time\" \/>\n\t<meta name=\"twitter:data1\" content=\"1 minute\" \/>\n<script type=\"application\/ld+json\" class=\"yoast-schema-graph\">{\"@context\":\"https:\/\/schema.org\",\"@graph\":[{\"@type\":\"WebSite\",\"@id\":\"https:\/\/incognito24h24.com\/es\/#website\",\"url\":\"https:\/\/incognito24h24.com\/es\/\",\"name\":\"incognito artclub\",\"description\":\"galerie d&#039;art contemporain \\u00e0 Paris\",\"potentialAction\":[{\"@type\":\"SearchAction\",\"target\":{\"@type\":\"EntryPoint\",\"urlTemplate\":\"https:\/\/incognito24h24.com\/es\/?s={search_term_string}\"},\"query-input\":\"required name=search_term_string\"}],\"inLanguage\":\"es-ES\"},{\"@type\":\"WebPage\",\"@id\":\"https:\/\/incognito24h24.com\/es\/artistes-resident\/asami-nishimura\/two-moons-deux-lunes\/#webpage\",\"url\":\"https:\/\/incognito24h24.com\/es\/artistes-resident\/asami-nishimura\/two-moons-deux-lunes\/\",\"name\":\"Two Moons Deux Lunes - incognito artclub\",\"isPartOf\":{\"@id\":\"https:\/\/incognito24h24.com\/es\/#website\"},\"datePublished\":\"2020-09-29T09:45:57+00:00\",\"dateModified\":\"2020-09-29T10:03:22+00:00\",\"breadcrumb\":{\"@id\":\"https:\/\/incognito24h24.com\/es\/artistes-resident\/asami-nishimura\/two-moons-deux-lunes\/#breadcrumb\"},\"inLanguage\":\"es-ES\",\"potentialAction\":[{\"@type\":\"ReadAction\",\"target\":[\"https:\/\/incognito24h24.com\/es\/artistes-resident\/asami-nishimura\/two-moons-deux-lunes\/\"]}]},{\"@type\":\"BreadcrumbList\",\"@id\":\"https:\/\/incognito24h24.com\/es\/artistes-resident\/asami-nishimura\/two-moons-deux-lunes\/#breadcrumb\",\"itemListElement\":[{\"@type\":\"ListItem\",\"position\":1,\"name\":\"Accueil\",\"item\":\"https:\/\/incognito24h24.com\/es\/\"},{\"@type\":\"ListItem\",\"position\":2,\"name\":\"artistes resident\",\"item\":\"https:\/\/incognito24h24.com\/es\/artistes-resident\/\"},{\"@type\":\"ListItem\",\"position\":3,\"name\":\"Asam\\u00ef Nishimura\",\"item\":\"https:\/\/incognito24h24.com\/es\/artistes-resident\/asami-nishimura\/\"},{\"@type\":\"ListItem\",\"position\":4,\"name\":\"Two Moons Deux Lunes\"}]}]}<\/script>\n<!-- \/ Yoast SEO plugin. -->","yoast_head_json":{"robots":{"index":"index","follow":"follow","max-snippet":"max-snippet:-1","max-image-preview":"max-image-preview:large","max-video-preview":"max-video-preview:-1"},"canonical":"https:\/\/incognito24h24.com\/es\/artistes-resident\/asami-nishimura\/two-moons-deux-lunes\/","og_locale":"es_ES","og_type":"article","og_title":"Two Moons Deux Lunes - incognito artclub","og_url":"https:\/\/incognito24h24.com\/es\/artistes-resident\/asami-nishimura\/two-moons-deux-lunes\/","og_site_name":"incognito artclub","article_modified_time":"2020-09-29T10:03:22+00:00","twitter_misc":{"Est. reading time":"1 minute"},"schema":{"@context":"https:\/\/schema.org","@graph":[{"@type":"WebSite","@id":"https:\/\/incognito24h24.com\/es\/#website","url":"https:\/\/incognito24h24.com\/es\/","name":"incognito artclub","description":"galerie d&#039;art contemporain \u00e0 Paris","potentialAction":[{"@type":"SearchAction","target":{"@type":"EntryPoint","urlTemplate":"https:\/\/incognito24h24.com\/es\/?s={search_term_string}"},"query-input":"required name=search_term_string"}],"inLanguage":"es-ES"},{"@type":"WebPage","@id":"https:\/\/incognito24h24.com\/es\/artistes-resident\/asami-nishimura\/two-moons-deux-lunes\/#webpage","url":"https:\/\/incognito24h24.com\/es\/artistes-resident\/asami-nishimura\/two-moons-deux-lunes\/","name":"Two Moons Deux Lunes - incognito artclub","isPartOf":{"@id":"https:\/\/incognito24h24.com\/es\/#website"},"datePublished":"2020-09-29T09:45:57+00:00","dateModified":"2020-09-29T10:03:22+00:00","breadcrumb":{"@id":"https:\/\/incognito24h24.com\/es\/artistes-resident\/asami-nishimura\/two-moons-deux-lunes\/#breadcrumb"},"inLanguage":"es-ES","potentialAction":[{"@type":"ReadAction","target":["https:\/\/incognito24h24.com\/es\/artistes-resident\/asami-nishimura\/two-moons-deux-lunes\/"]}]},{"@type":"BreadcrumbList","@id":"https:\/\/incognito24h24.com\/es\/artistes-resident\/asami-nishimura\/two-moons-deux-lunes\/#breadcrumb","itemListElement":[{"@type":"ListItem","position":1,"name":"Accueil","item":"https:\/\/incognito24h24.com\/es\/"},{"@type":"ListItem","position":2,"name":"artistes resident","item":"https:\/\/incognito24h24.com\/es\/artistes-resident\/"},{"@type":"ListItem","position":3,"name":"Asam\u00ef Nishimura","item":"https:\/\/incognito24h24.com\/es\/artistes-resident\/asami-nishimura\/"},{"@type":"ListItem","position":4,"name":"Two Moons Deux Lunes"}]}]}},"_links":{"self":[{"href":"https:\/\/incognito24h24.com\/es\/wp-json\/wp\/v2\/pages\/1159"}],"collection":[{"href":"https:\/\/incognito24h24.com\/es\/wp-json\/wp\/v2\/pages"}],"about":[{"href":"https:\/\/incognito24h24.com\/es\/wp-json\/wp\/v2\/types\/page"}],"author":[{"embeddable":true,"href":"https:\/\/incognito24h24.com\/es\/wp-json\/wp\/v2\/users\/1"}],"replies":[{"embeddable":true,"href":"https:\/\/incognito24h24.com\/es\/wp-json\/wp\/v2\/comments?post=1159"}],"version-history":[{"count":2,"href":"https:\/\/incognito24h24.com\/es\/wp-json\/wp\/v2\/pages\/1159\/revisions"}],"predecessor-version":[{"id":1165,"href":"https:\/\/incognito24h24.com\/es\/wp-json\/wp\/v2\/pages\/1159\/revisions\/1165"}],"up":[{"embeddable":true,"href":"https:\/\/incognito24h24.com\/es\/wp-json\/wp\/v2\/pages\/1153"}],"wp:attachment":[{"href":"https:\/\/incognito24h24.com\/es\/wp-json\/wp\/v2\/media?parent=1159"}],"curies":[{"name":"wp","href":"https:\/\/api.w.org\/{rel}","templated":true}]}}