{"id":108,"date":"2014-03-06T12:00:00","date_gmt":"2014-03-06T11:00:00","guid":{"rendered":"http:\/\/incognito.vu\/wordpress\/?page_id=108"},"modified":"2017-01-16T11:28:46","modified_gmt":"2017-01-16T10:28:46","slug":"guillaume-horen","status":"publish","type":"page","link":"https:\/\/incognito24h24.com\/es\/artistes-resident\/guillaume-horen\/","title":{"rendered":"Guillaume Horen"},"content":{"rendered":"<p>BIOTOPES : milieux \u00e9quilibr\u00e9s occup\u00e9s par des organismes en association<br \/>\n<a href=\"www.guillaume-horen.net\"><img class=\"alignleft size-full wp-image-72\" src=\"\/wordpress\/wp-content\/uploads\/bounce.png\" alt=\"lien vers le site Guillaume Horen\" \/><\/a> <a href=\"http:\/\/www.horen.net\"> Guillaume Horen<\/a><\/p>\n<h2>Vernissages \/ \u00e9v\u00e9nements :<\/h2>\n<p>\u2022 (2010-01-15 &#8211; 2010-02-14) Biotopes<\/p>\n<p>Visuels :<br \/>\n<img title=\"Biotope 1, Seine et Marne, 8 mai (Photographie - 50 x 70 cm : 5 exemplaires)\" src=\"\/wordpress\/wp-content\/uploads\/img\/d206_wb.jpg\" alt=\"\" \/>\u00a0\u00a0<img title=\"Biotope 6, Seine et Marne, 10 fevrier (Photographie - 40 x 50 cm : 5 exemplaires)\" src=\"\/wordpress\/wp-content\/uploads\/img\/b207_wb.jpg\" alt=\"\" \/>\u00a0\u00a0<img title=\"Biotope 9, Seine et Marne, 18 septembre (Photographie - 70 x 50 cm : 12 exemplaires)\" src=\"\/wordpress\/wp-content\/uploads\/img\/d1755.jpg\" alt=\"\" \/>\u00a0\u00a0<img title=\"Biotope 5, Seine et Marne, 31 oct (Photographie - 50 x 70 cm : 5 exemplaires)\" src=\"\/wordpress\/wp-content\/uploads\/img\/d2107_wb.jpg\" alt=\"\" \/>\u00a0\u00a0<img title=\"Biiotope 12, Seine et Marne, 18 septembre (Photographie - 70 x 50 cm : 12 exemplaires)\" src=\"\/wordpress\/wp-content\/uploads\/img\/d1747.jpg\" alt=\"\" \/>\u00a0\u00a0<img title=\"Biotope 13, For\u00eat de Fontainebleau, 4 octobre (Photographie - 70 x 50 cm : 12 exemplaires)\" src=\"\/wordpress\/wp-content\/uploads\/img\/c3486.jpg\" alt=\"\" \/>\u00a0\u00a0<img title=\"Biotope 2, For\u00eat de Fontainebleau, 21 novembre (Photographie Diasec - 130 x 33 cm : 3 exemplaires)\" src=\"\/wordpress\/wp-content\/uploads\/img\/d230407.jpg\" alt=\"\" \/>\u00a0\u00a0<img title=\"Biotope 3, For\u00eat de Fontainebleau, 21 novembre (Photographie Diasec - 26 x 300 cm : 3 exemplaires)\" src=\"\/wordpress\/wp-content\/uploads\/img\/d221118.jpg_wb.jpg\" alt=\"\" \/><\/p>\n<!-- AddThis Advanced Settings generic via filter on the_content --><!-- AddThis Share Buttons generic via filter on the_content -->","protected":false},"excerpt":{"rendered":"<p>BIOTOPES : milieux \u00e9quilibr\u00e9s occup\u00e9s par des organismes en association Guillaume Horen Vernissages \/ \u00e9v\u00e9nements : \u2022 (2010-01-15 &#8211; 2010-02-14) Biotopes Visuels : \u00a0\u00a0\u00a0\u00a0\u00a0\u00a0\u00a0\u00a0\u00a0\u00a0\u00a0\u00a0\u00a0\u00a0<!-- AddThis Advanced Settings generic via filter on get_the_excerpt --><!-- AddThis Share Buttons generic via filter on get_the_excerpt --><\/p>\n","protected":false},"author":1,"featured_media":0,"parent":13,"menu_order":0,"comment_status":"closed","ping_status":"open","template":"","meta":[],"translation":{"provider":"WPGlobus","version":"2.8.4","language":"es","enabled_languages":["en","es","de","fr","ru"],"languages":{"en":{"title":true,"content":true,"excerpt":false},"es":{"title":false,"content":false,"excerpt":false},"de":{"title":false,"content":false,"excerpt":false},"fr":{"title":false,"content":false,"excerpt":false},"ru":{"title":false,"content":false,"excerpt":false}}},"yoast_head":"<!-- This site is optimized with the Yoast SEO plugin v17.4 - https:\/\/yoast.com\/wordpress\/plugins\/seo\/ -->\n<meta name=\"robots\" content=\"index, follow, max-snippet:-1, max-image-preview:large, max-video-preview:-1\" \/>\n<link rel=\"canonical\" href=\"https:\/\/incognito24h24.com\/es\/artistes-resident\/guillaume-horen\/\" \/>\n<meta property=\"og:locale\" content=\"es_ES\" \/>\n<meta property=\"og:type\" content=\"article\" \/>\n<meta property=\"og:title\" content=\"Guillaume Horen - incognito artclub\" \/>\n<meta property=\"og:url\" content=\"https:\/\/incognito24h24.com\/es\/artistes-resident\/guillaume-horen\/\" \/>\n<meta property=\"og:site_name\" content=\"incognito artclub\" \/>\n<meta property=\"article:modified_time\" content=\"2017-01-16T10:28:46+00:00\" \/>\n<meta property=\"og:image\" content=\"https:\/\/incognito24h24.com\/wordpress\/wp-content\/uploads\/bounce.png\" \/>\n<script type=\"application\/ld+json\" class=\"yoast-schema-graph\">{\"@context\":\"https:\/\/schema.org\",\"@graph\":[{\"@type\":\"WebSite\",\"@id\":\"https:\/\/incognito24h24.com\/es\/#website\",\"url\":\"https:\/\/incognito24h24.com\/es\/\",\"name\":\"incognito artclub\",\"description\":\"galerie d&#039;art contemporain \\u00e0 Paris\",\"potentialAction\":[{\"@type\":\"SearchAction\",\"target\":{\"@type\":\"EntryPoint\",\"urlTemplate\":\"https:\/\/incognito24h24.com\/es\/?s={search_term_string}\"},\"query-input\":\"required name=search_term_string\"}],\"inLanguage\":\"es-ES\"},{\"@type\":\"ImageObject\",\"@id\":\"https:\/\/incognito24h24.com\/es\/artistes-resident\/guillaume-horen\/#primaryimage\",\"inLanguage\":\"es-ES\",\"url\":\"\/wordpress\/wp-content\/uploads\/bounce.png\",\"contentUrl\":\"\/wordpress\/wp-content\/uploads\/bounce.png\"},{\"@type\":\"WebPage\",\"@id\":\"https:\/\/incognito24h24.com\/es\/artistes-resident\/guillaume-horen\/#webpage\",\"url\":\"https:\/\/incognito24h24.com\/es\/artistes-resident\/guillaume-horen\/\",\"name\":\"Guillaume Horen - incognito artclub\",\"isPartOf\":{\"@id\":\"https:\/\/incognito24h24.com\/es\/#website\"},\"primaryImageOfPage\":{\"@id\":\"https:\/\/incognito24h24.com\/es\/artistes-resident\/guillaume-horen\/#primaryimage\"},\"datePublished\":\"2014-03-06T11:00:00+00:00\",\"dateModified\":\"2017-01-16T10:28:46+00:00\",\"breadcrumb\":{\"@id\":\"https:\/\/incognito24h24.com\/es\/artistes-resident\/guillaume-horen\/#breadcrumb\"},\"inLanguage\":\"es-ES\",\"potentialAction\":[{\"@type\":\"ReadAction\",\"target\":[\"https:\/\/incognito24h24.com\/es\/artistes-resident\/guillaume-horen\/\"]}]},{\"@type\":\"BreadcrumbList\",\"@id\":\"https:\/\/incognito24h24.com\/es\/artistes-resident\/guillaume-horen\/#breadcrumb\",\"itemListElement\":[{\"@type\":\"ListItem\",\"position\":1,\"name\":\"Accueil\",\"item\":\"https:\/\/incognito24h24.com\/es\/\"},{\"@type\":\"ListItem\",\"position\":2,\"name\":\"artistes resident\",\"item\":\"https:\/\/incognito24h24.com\/es\/artistes-resident\/\"},{\"@type\":\"ListItem\",\"position\":3,\"name\":\"Guillaume Horen\"}]}]}<\/script>\n<!-- \/ Yoast SEO plugin. -->","yoast_head_json":{"robots":{"index":"index","follow":"follow","max-snippet":"max-snippet:-1","max-image-preview":"max-image-preview:large","max-video-preview":"max-video-preview:-1"},"canonical":"https:\/\/incognito24h24.com\/es\/artistes-resident\/guillaume-horen\/","og_locale":"es_ES","og_type":"article","og_title":"Guillaume Horen - incognito artclub","og_url":"https:\/\/incognito24h24.com\/es\/artistes-resident\/guillaume-horen\/","og_site_name":"incognito artclub","article_modified_time":"2017-01-16T10:28:46+00:00","og_image":[{"url":"https:\/\/incognito24h24.com\/wordpress\/wp-content\/uploads\/bounce.png"}],"schema":{"@context":"https:\/\/schema.org","@graph":[{"@type":"WebSite","@id":"https:\/\/incognito24h24.com\/es\/#website","url":"https:\/\/incognito24h24.com\/es\/","name":"incognito artclub","description":"galerie d&#039;art contemporain \u00e0 Paris","potentialAction":[{"@type":"SearchAction","target":{"@type":"EntryPoint","urlTemplate":"https:\/\/incognito24h24.com\/es\/?s={search_term_string}"},"query-input":"required name=search_term_string"}],"inLanguage":"es-ES"},{"@type":"ImageObject","@id":"https:\/\/incognito24h24.com\/es\/artistes-resident\/guillaume-horen\/#primaryimage","inLanguage":"es-ES","url":"\/wordpress\/wp-content\/uploads\/bounce.png","contentUrl":"\/wordpress\/wp-content\/uploads\/bounce.png"},{"@type":"WebPage","@id":"https:\/\/incognito24h24.com\/es\/artistes-resident\/guillaume-horen\/#webpage","url":"https:\/\/incognito24h24.com\/es\/artistes-resident\/guillaume-horen\/","name":"Guillaume Horen - incognito artclub","isPartOf":{"@id":"https:\/\/incognito24h24.com\/es\/#website"},"primaryImageOfPage":{"@id":"https:\/\/incognito24h24.com\/es\/artistes-resident\/guillaume-horen\/#primaryimage"},"datePublished":"2014-03-06T11:00:00+00:00","dateModified":"2017-01-16T10:28:46+00:00","breadcrumb":{"@id":"https:\/\/incognito24h24.com\/es\/artistes-resident\/guillaume-horen\/#breadcrumb"},"inLanguage":"es-ES","potentialAction":[{"@type":"ReadAction","target":["https:\/\/incognito24h24.com\/es\/artistes-resident\/guillaume-horen\/"]}]},{"@type":"BreadcrumbList","@id":"https:\/\/incognito24h24.com\/es\/artistes-resident\/guillaume-horen\/#breadcrumb","itemListElement":[{"@type":"ListItem","position":1,"name":"Accueil","item":"https:\/\/incognito24h24.com\/es\/"},{"@type":"ListItem","position":2,"name":"artistes resident","item":"https:\/\/incognito24h24.com\/es\/artistes-resident\/"},{"@type":"ListItem","position":3,"name":"Guillaume Horen"}]}]}},"_links":{"self":[{"href":"https:\/\/incognito24h24.com\/es\/wp-json\/wp\/v2\/pages\/108"}],"collection":[{"href":"https:\/\/incognito24h24.com\/es\/wp-json\/wp\/v2\/pages"}],"about":[{"href":"https:\/\/incognito24h24.com\/es\/wp-json\/wp\/v2\/types\/page"}],"author":[{"embeddable":true,"href":"https:\/\/incognito24h24.com\/es\/wp-json\/wp\/v2\/users\/1"}],"replies":[{"embeddable":true,"href":"https:\/\/incognito24h24.com\/es\/wp-json\/wp\/v2\/comments?post=108"}],"version-history":[{"count":0,"href":"https:\/\/incognito24h24.com\/es\/wp-json\/wp\/v2\/pages\/108\/revisions"}],"up":[{"embeddable":true,"href":"https:\/\/incognito24h24.com\/es\/wp-json\/wp\/v2\/pages\/13"}],"wp:attachment":[{"href":"https:\/\/incognito24h24.com\/es\/wp-json\/wp\/v2\/media?parent=108"}],"curies":[{"name":"wp","href":"https:\/\/api.w.org\/{rel}","templated":true}]}}