{"id":1046,"date":"2020-03-17T16:29:43","date_gmt":"2020-03-17T15:29:43","guid":{"rendered":"http:\/\/incognito.vu\/?page_id=1046"},"modified":"2020-03-17T17:20:58","modified_gmt":"2020-03-17T16:20:58","slug":"laura-bel","status":"publish","type":"page","link":"https:\/\/incognito24h24.com\/es\/artistes-guest%e2%80%8e\/laura-bel\/","title":{"rendered":"Laura BEL"},"content":{"rendered":"\n<div class=\"wp-block-media-text alignwide\"><figure class=\"wp-block-media-text__media\"><img loading=\"lazy\" width=\"496\" height=\"404\" src=\"http:\/\/incognito.vu\/wordpress\/wp-content\/uploads\/2020\/03\/visuel-PARIS-230\u00b0_wb.jpg\" alt=\"carton d'invitation de l'exposition de Laura Bel\" class=\"wp-image-1034\" srcset=\"https:\/\/incognito24h24.com\/wordpress\/wp-content\/uploads\/2020\/03\/visuel-PARIS-230\u00b0_wb.jpg 496w, https:\/\/incognito24h24.com\/wordpress\/wp-content\/uploads\/2020\/03\/visuel-PARIS-230\u00b0_wb-300x244.jpg 300w, https:\/\/incognito24h24.com\/wordpress\/wp-content\/uploads\/2020\/03\/visuel-PARIS-230\u00b0_wb-240x195.jpg 240w, https:\/\/incognito24h24.com\/wordpress\/wp-content\/uploads\/2020\/03\/visuel-PARIS-230\u00b0_wb-430x350.jpg 430w\" sizes=\"(max-width: 496px) 100vw, 496px\" \/><\/figure><div class=\"wp-block-media-text__content\">\n<p class=\"has-large-font-size\">Paris 230\u00b0<\/p>\n\n\n\n<p>19 mars &#8211; 2 mai 2020<\/p>\n<\/div><\/div>\n\n\n\n<p>Pens\u00e9e dans le cadre de son projet <em>Parcours empreint\u00e9s<\/em>, Laura Bel r\u00e9alise une d\u00e9ambulation physique et visuelle \u00e0 travers la petite ceinture parisienne, dont elle a plus pr\u00e9cis\u00e9ment couvert le territoire \u00e0 hauteur de 230 degr\u00e9s sur les 360 que comptent une rotation compl\u00e8te.  <\/p>\n\n\n\n<p>\nElle\nen rend compte \u00e0 travers une s\u00e9rie de photographies de petit format\nqui isole et r\u00e9pertorie plusieurs fragments de ces paysages,\nangles-morts p\u00e9riurbains, aussi p\u00e9riph\u00e9riques \u00e0 la ville qu\u2019ils\nle sont \u00e0 la vision. Tunnels, ponts et voies ferr\u00e9es, terrains\nvagues ou squats, ils peuvent se rapporter \u00e0 ce que Gilles Cl\u00e9ment\nnomme des \u00ab tiers-lieux \u00bb, des espaces abandonn\u00e9s au sein d\u2019un\npaysage urbanis\u00e9, comme laiss\u00e9s \u00e0 leur sort, refuges des\nexistences marginales, qu\u2019il s\u2019agisse de la nature sauvage ou de\npersonnes migrantes. \n<\/p>\n\n\n\n<p>Laura Bel est particuli\u00e8rement attentive \u00e0 des d\u00e9tails (une cabane juch\u00e9e sur un arbre, un tag au sol, un panneau de signalisation, une plaque d\u2019\u00e9gout\u2026) qui en troublent l\u2019apparente neutralit\u00e9 ou qui trahissent la pr\u00e9sence d\u2019habitants clandestins. Dans cette zone de d\u00e9limitation entre le tout-urbain et le semi-v\u00e9g\u00e9talis\u00e9, elle isole \u00e9galement les seuils et les fronti\u00e8res (un mur, un grillage, un portail) pour souligner l\u2019ambivalence de ces barri\u00e8res de protection qui sont aussi lieux de passage.<\/p>\n\n\n\n<p>Pour\n<em>Parcours\nempreint\u00e9s<\/em>,\nLaura Bel rel\u00e8ve essentiellement les traces des passages effectu\u00e9s\nsur des aires frontali\u00e8res, de nombreuses fois arpent\u00e9es par elle\ncomme par des inconnus. Chaque photographie est enfin associ\u00e9e aux\ncoordonn\u00e9es GPS du lieu pris en photo, comme pour mieux situer ces\nespaces concrets plus ou moins accessibles, qui se d\u00e9robent le plus\nsouvent \u00e0 la vue des riverains. \n<\/p>\n\n\n\n<p>\nCette\ns\u00e9rie est plac\u00e9e en regard d\u2019un travail de cartographie concr\u00e8te\nsur un leporello, un livre accord\u00e9on sur les pages duquel Laura Bel\na reproduit, par grattage, certaines surfaces qu\u2019elle a pu\nrencontrer sur sa trajectoire. Formant une frise lin\u00e9aire et\ncontinue \u00e0 partir de ces empreintes relev\u00e9es \u00e0 m\u00eame le sol ou sur\ndes objets-fragments (panneau de signalisation, plaque d&#8217;\u00e9gout\u2026),\nelle lui permet de rendre compte des textures du territoire et de\ndresser en quelque sorte un portrait du paysage. Le choix de\npr\u00e9senter le leporello \u00e0 l\u2019horizontale dessine en outre un relief\ndent\u00e9 qui illustre l\u2019irr\u00e9gularit\u00e9 des paysages arpent\u00e9s tout en\ncontrariant la plan\u00e9it\u00e9 ordinaire de la carte. \n<\/p>\n\n\n\n<p>\nPar\nce dispositif, Laura Bel fabrique donc un plan en parfaite\nsynchronicit\u00e9 avec le temps de sa marche, celui d\u2019une observation\npatiente entrecoup\u00e9e de ses regards spontan\u00e9s. Revenant au premier\nsens de g\u00e9ographie, ce \u00ab dessin \u00bb ou \u00ab \u00e9criture \u00bb de la terre,\naussi sensible qu\u2019incarn\u00e9(e), peut alors \u00e0 sa mesure donner forme\n\u00e0 l\u2019utopie de Jorge Luis Borg\u00e8s, celle d\u2019une carte suppos\u00e9ment\nimpossible, dessin\u00e9e \u00e0 l\u2019\u00e9chelle m\u00eame du territoire.<\/p>\n\n\n\n<p><strong>Florian\nGait\u00e9<\/strong><\/p>\n\n\n\n<p>\nchercheur\nen philosophie (Sorbonne Paris 1-CNRS) \n<\/p>\n\n\n\n<p>\net\ncritique d&#8217;art (AICA)<\/p>\n<!-- AddThis Advanced Settings generic via filter on the_content --><!-- AddThis Share Buttons generic via filter on the_content -->","protected":false},"excerpt":{"rendered":"<p>Paris 230\u00b0 19 mars &#8211; 2 mai 2020 Pens\u00e9e dans le cadre de son projet Parcours empreint\u00e9s, Laura Bel r\u00e9alise une d\u00e9ambulation physique et visuelle \u00e0 travers la petite ceinture parisienne, dont elle a plus pr\u00e9cis\u00e9ment couvert le territoire \u00e0 hauteur de 230 degr\u00e9s sur les 360 que comptent une rotation compl\u00e8te. Elle en rend [&hellip;]<!-- AddThis Advanced Settings generic via filter on get_the_excerpt --><!-- AddThis Share Buttons generic via filter on get_the_excerpt --><\/p>\n","protected":false},"author":1,"featured_media":0,"parent":15,"menu_order":0,"comment_status":"closed","ping_status":"closed","template":"","meta":[],"translation":{"provider":"WPGlobus","version":"2.8.4","language":"es","enabled_languages":["en","es","de","fr","ru"],"languages":{"en":{"title":true,"content":true,"excerpt":false},"es":{"title":false,"content":false,"excerpt":false},"de":{"title":false,"content":false,"excerpt":false},"fr":{"title":false,"content":false,"excerpt":false},"ru":{"title":false,"content":false,"excerpt":false}}},"yoast_head":"<!-- This site is optimized with the Yoast SEO plugin v17.4 - https:\/\/yoast.com\/wordpress\/plugins\/seo\/ -->\n<meta name=\"robots\" content=\"index, follow, max-snippet:-1, max-image-preview:large, max-video-preview:-1\" \/>\n<link rel=\"canonical\" href=\"https:\/\/incognito24h24.com\/es\/artistes-guest\u200e\/laura-bel\/\" \/>\n<meta property=\"og:locale\" content=\"es_ES\" \/>\n<meta property=\"og:type\" content=\"article\" \/>\n<meta property=\"og:title\" content=\"Laura BEL - incognito artclub\" \/>\n<meta property=\"og:url\" content=\"https:\/\/incognito24h24.com\/es\/artistes-guest\u200e\/laura-bel\/\" \/>\n<meta property=\"og:site_name\" content=\"incognito artclub\" \/>\n<meta property=\"article:modified_time\" content=\"2020-03-17T16:20:58+00:00\" \/>\n<meta property=\"og:image\" content=\"http:\/\/incognito.vu\/wordpress\/wp-content\/uploads\/2020\/03\/visuel-PARIS-230\u00b0_wb.jpg\" \/>\n<meta name=\"twitter:label1\" content=\"Est. reading time\" \/>\n\t<meta name=\"twitter:data1\" content=\"3 minutes\" \/>\n<script type=\"application\/ld+json\" class=\"yoast-schema-graph\">{\"@context\":\"https:\/\/schema.org\",\"@graph\":[{\"@type\":\"WebSite\",\"@id\":\"https:\/\/incognito24h24.com\/es\/#website\",\"url\":\"https:\/\/incognito24h24.com\/es\/\",\"name\":\"incognito artclub\",\"description\":\"galerie d&#039;art contemporain \\u00e0 Paris\",\"potentialAction\":[{\"@type\":\"SearchAction\",\"target\":{\"@type\":\"EntryPoint\",\"urlTemplate\":\"https:\/\/incognito24h24.com\/es\/?s={search_term_string}\"},\"query-input\":\"required name=search_term_string\"}],\"inLanguage\":\"es-ES\"},{\"@type\":\"ImageObject\",\"@id\":\"https:\/\/incognito24h24.com\/es\/artistes-guest%e2%80%8e\/laura-bel\/#primaryimage\",\"inLanguage\":\"es-ES\",\"url\":\"http:\/\/incognito.vu\/wordpress\/wp-content\/uploads\/2020\/03\/visuel-PARIS-230\\u00b0_wb.jpg\",\"contentUrl\":\"http:\/\/incognito.vu\/wordpress\/wp-content\/uploads\/2020\/03\/visuel-PARIS-230\\u00b0_wb.jpg\"},{\"@type\":\"WebPage\",\"@id\":\"https:\/\/incognito24h24.com\/es\/artistes-guest%e2%80%8e\/laura-bel\/#webpage\",\"url\":\"https:\/\/incognito24h24.com\/es\/artistes-guest%e2%80%8e\/laura-bel\/\",\"name\":\"Laura BEL - incognito artclub\",\"isPartOf\":{\"@id\":\"https:\/\/incognito24h24.com\/es\/#website\"},\"primaryImageOfPage\":{\"@id\":\"https:\/\/incognito24h24.com\/es\/artistes-guest%e2%80%8e\/laura-bel\/#primaryimage\"},\"datePublished\":\"2020-03-17T15:29:43+00:00\",\"dateModified\":\"2020-03-17T16:20:58+00:00\",\"breadcrumb\":{\"@id\":\"https:\/\/incognito24h24.com\/es\/artistes-guest%e2%80%8e\/laura-bel\/#breadcrumb\"},\"inLanguage\":\"es-ES\",\"potentialAction\":[{\"@type\":\"ReadAction\",\"target\":[\"https:\/\/incognito24h24.com\/es\/artistes-guest%e2%80%8e\/laura-bel\/\"]}]},{\"@type\":\"BreadcrumbList\",\"@id\":\"https:\/\/incognito24h24.com\/es\/artistes-guest%e2%80%8e\/laura-bel\/#breadcrumb\",\"itemListElement\":[{\"@type\":\"ListItem\",\"position\":1,\"name\":\"Accueil\",\"item\":\"https:\/\/incognito24h24.com\/es\/\"},{\"@type\":\"ListItem\",\"position\":2,\"name\":\"artistes guest\",\"item\":\"https:\/\/incognito24h24.com\/es\/artistes-guest%e2%80%8e\/\"},{\"@type\":\"ListItem\",\"position\":3,\"name\":\"Laura BEL\"}]}]}<\/script>\n<!-- \/ Yoast SEO plugin. -->","yoast_head_json":{"robots":{"index":"index","follow":"follow","max-snippet":"max-snippet:-1","max-image-preview":"max-image-preview:large","max-video-preview":"max-video-preview:-1"},"canonical":"https:\/\/incognito24h24.com\/es\/artistes-guest\u200e\/laura-bel\/","og_locale":"es_ES","og_type":"article","og_title":"Laura BEL - incognito artclub","og_url":"https:\/\/incognito24h24.com\/es\/artistes-guest\u200e\/laura-bel\/","og_site_name":"incognito artclub","article_modified_time":"2020-03-17T16:20:58+00:00","og_image":[{"url":"http:\/\/incognito.vu\/wordpress\/wp-content\/uploads\/2020\/03\/visuel-PARIS-230\u00b0_wb.jpg"}],"twitter_misc":{"Est. reading time":"3 minutes"},"schema":{"@context":"https:\/\/schema.org","@graph":[{"@type":"WebSite","@id":"https:\/\/incognito24h24.com\/es\/#website","url":"https:\/\/incognito24h24.com\/es\/","name":"incognito artclub","description":"galerie d&#039;art contemporain \u00e0 Paris","potentialAction":[{"@type":"SearchAction","target":{"@type":"EntryPoint","urlTemplate":"https:\/\/incognito24h24.com\/es\/?s={search_term_string}"},"query-input":"required name=search_term_string"}],"inLanguage":"es-ES"},{"@type":"ImageObject","@id":"https:\/\/incognito24h24.com\/es\/artistes-guest%e2%80%8e\/laura-bel\/#primaryimage","inLanguage":"es-ES","url":"http:\/\/incognito.vu\/wordpress\/wp-content\/uploads\/2020\/03\/visuel-PARIS-230\u00b0_wb.jpg","contentUrl":"http:\/\/incognito.vu\/wordpress\/wp-content\/uploads\/2020\/03\/visuel-PARIS-230\u00b0_wb.jpg"},{"@type":"WebPage","@id":"https:\/\/incognito24h24.com\/es\/artistes-guest%e2%80%8e\/laura-bel\/#webpage","url":"https:\/\/incognito24h24.com\/es\/artistes-guest%e2%80%8e\/laura-bel\/","name":"Laura BEL - incognito artclub","isPartOf":{"@id":"https:\/\/incognito24h24.com\/es\/#website"},"primaryImageOfPage":{"@id":"https:\/\/incognito24h24.com\/es\/artistes-guest%e2%80%8e\/laura-bel\/#primaryimage"},"datePublished":"2020-03-17T15:29:43+00:00","dateModified":"2020-03-17T16:20:58+00:00","breadcrumb":{"@id":"https:\/\/incognito24h24.com\/es\/artistes-guest%e2%80%8e\/laura-bel\/#breadcrumb"},"inLanguage":"es-ES","potentialAction":[{"@type":"ReadAction","target":["https:\/\/incognito24h24.com\/es\/artistes-guest%e2%80%8e\/laura-bel\/"]}]},{"@type":"BreadcrumbList","@id":"https:\/\/incognito24h24.com\/es\/artistes-guest%e2%80%8e\/laura-bel\/#breadcrumb","itemListElement":[{"@type":"ListItem","position":1,"name":"Accueil","item":"https:\/\/incognito24h24.com\/es\/"},{"@type":"ListItem","position":2,"name":"artistes guest","item":"https:\/\/incognito24h24.com\/es\/artistes-guest%e2%80%8e\/"},{"@type":"ListItem","position":3,"name":"Laura BEL"}]}]}},"_links":{"self":[{"href":"https:\/\/incognito24h24.com\/es\/wp-json\/wp\/v2\/pages\/1046"}],"collection":[{"href":"https:\/\/incognito24h24.com\/es\/wp-json\/wp\/v2\/pages"}],"about":[{"href":"https:\/\/incognito24h24.com\/es\/wp-json\/wp\/v2\/types\/page"}],"author":[{"embeddable":true,"href":"https:\/\/incognito24h24.com\/es\/wp-json\/wp\/v2\/users\/1"}],"replies":[{"embeddable":true,"href":"https:\/\/incognito24h24.com\/es\/wp-json\/wp\/v2\/comments?post=1046"}],"version-history":[{"count":4,"href":"https:\/\/incognito24h24.com\/es\/wp-json\/wp\/v2\/pages\/1046\/revisions"}],"predecessor-version":[{"id":1051,"href":"https:\/\/incognito24h24.com\/es\/wp-json\/wp\/v2\/pages\/1046\/revisions\/1051"}],"up":[{"embeddable":true,"href":"https:\/\/incognito24h24.com\/es\/wp-json\/wp\/v2\/pages\/15"}],"wp:attachment":[{"href":"https:\/\/incognito24h24.com\/es\/wp-json\/wp\/v2\/media?parent=1046"}],"curies":[{"name":"wp","href":"https:\/\/api.w.org\/{rel}","templated":true}]}}