{"id":282,"date":"2014-10-14T10:07:59","date_gmt":"2014-10-14T09:07:59","guid":{"rendered":"http:\/\/incognito.vu\/wordpress\/?page_id=282"},"modified":"2017-01-16T11:28:46","modified_gmt":"2017-01-16T10:28:46","slug":"bernard-batfort","status":"publish","type":"page","link":"https:\/\/incognito24h24.com\/de\/artistes-resident\/bernard-batfort\/","title":{"rendered":"Bernard Batfort"},"content":{"rendered":"<p><img loading=\"lazy\" src=\"http:\/\/incognito.vu\/wordpress\/wp-content\/uploads\/2014\/10\/fiac-face-300x275.jpg\" alt=\"fiac face\" width=\"300\" height=\"275\" class=\"aligncenter size-medium wp-image-283\" srcset=\"https:\/\/incognito24h24.com\/wordpress\/wp-content\/uploads\/2014\/10\/fiac-face-300x275.jpg 300w, https:\/\/incognito24h24.com\/wordpress\/wp-content\/uploads\/2014\/10\/fiac-face-1024x940.jpg 1024w, https:\/\/incognito24h24.com\/wordpress\/wp-content\/uploads\/2014\/10\/fiac-face-240x220.jpg 240w, https:\/\/incognito24h24.com\/wordpress\/wp-content\/uploads\/2014\/10\/fiac-face-430x394.jpg 430w, https:\/\/incognito24h24.com\/wordpress\/wp-content\/uploads\/2014\/10\/fiac-face-1500x1377.jpg 1500w\" sizes=\"(max-width: 300px) 100vw, 300px\" \/><\/p>\n<p>&#8220;A flanc d&#8217;images&#8221;<\/p>\n<p>On pourrait parler d&#8217;images d\u00e9compos\u00e9es pour avoir travers\u00e9 l&#8217;\u00e9cran (la toile).<br \/>\nDans cette travers\u00e9e. L&#8217;image semble se charger de p\u00e2te picturale, \u00e0 moins que ce soit l&#8217;image qui fa\u00e7onne la p\u00e2te en passant au travers de l&#8217;\u00e9cran.<br \/>\nDans ce passage tumultueux, la p\u00e2te picturale parcourue de vallons, accident\u00e9e et montagneuse pr\u00e9sente de petites ondulations de terrain et cr\u00e9e un paysage ondulaire, dans lequel l&#8217;image se fait et se d\u00e9fait.<\/p>\n<!-- AddThis Advanced Settings generic via filter on the_content --><!-- AddThis Share Buttons generic via filter on the_content -->","protected":false},"excerpt":{"rendered":"<p>&#8220;A flanc d&#8217;images&#8221; On pourrait parler d&#8217;images d\u00e9compos\u00e9es pour avoir travers\u00e9 l&#8217;\u00e9cran (la toile). Dans cette travers\u00e9e. L&#8217;image semble se charger de p\u00e2te picturale, \u00e0 moins que ce soit l&#8217;image qui fa\u00e7onne la p\u00e2te en passant au travers de l&#8217;\u00e9cran. Dans ce passage tumultueux, la p\u00e2te picturale parcourue de vallons, accident\u00e9e et montagneuse pr\u00e9sente de [&hellip;]<!-- AddThis Advanced Settings generic via filter on get_the_excerpt --><!-- AddThis Share Buttons generic via filter on get_the_excerpt --><\/p>\n","protected":false},"author":1,"featured_media":0,"parent":13,"menu_order":0,"comment_status":"closed","ping_status":"open","template":"","meta":[],"translation":{"provider":"WPGlobus","version":"2.8.4","language":"de","enabled_languages":["en","es","de","fr","ru"],"languages":{"en":{"title":true,"content":true,"excerpt":false},"es":{"title":false,"content":false,"excerpt":false},"de":{"title":false,"content":false,"excerpt":false},"fr":{"title":false,"content":false,"excerpt":false},"ru":{"title":false,"content":false,"excerpt":false}}},"yoast_head":"<!-- This site is optimized with the Yoast SEO plugin v17.4 - https:\/\/yoast.com\/wordpress\/plugins\/seo\/ -->\n<meta name=\"robots\" content=\"index, follow, max-snippet:-1, max-image-preview:large, max-video-preview:-1\" \/>\n<link rel=\"canonical\" href=\"https:\/\/incognito24h24.com\/de\/artistes-resident\/bernard-batfort\/\" \/>\n<meta property=\"og:locale\" content=\"de_DE\" \/>\n<meta property=\"og:type\" content=\"article\" \/>\n<meta property=\"og:title\" content=\"Bernard Batfort - incognito artclub\" \/>\n<meta property=\"og:url\" content=\"https:\/\/incognito24h24.com\/de\/artistes-resident\/bernard-batfort\/\" \/>\n<meta property=\"og:site_name\" content=\"incognito artclub\" \/>\n<meta property=\"article:modified_time\" content=\"2017-01-16T10:28:46+00:00\" \/>\n<meta property=\"og:image\" content=\"http:\/\/incognito.vu\/wordpress\/wp-content\/uploads\/2014\/10\/fiac-face-300x275.jpg\" \/>\n<script type=\"application\/ld+json\" class=\"yoast-schema-graph\">{\"@context\":\"https:\/\/schema.org\",\"@graph\":[{\"@type\":\"WebSite\",\"@id\":\"https:\/\/incognito24h24.com\/de\/#website\",\"url\":\"https:\/\/incognito24h24.com\/de\/\",\"name\":\"incognito artclub\",\"description\":\"galerie d&#039;art contemporain \\u00e0 Paris\",\"potentialAction\":[{\"@type\":\"SearchAction\",\"target\":{\"@type\":\"EntryPoint\",\"urlTemplate\":\"https:\/\/incognito24h24.com\/de\/?s={search_term_string}\"},\"query-input\":\"required name=search_term_string\"}],\"inLanguage\":\"de-DE\"},{\"@type\":\"ImageObject\",\"@id\":\"https:\/\/incognito24h24.com\/de\/artistes-resident\/bernard-batfort\/#primaryimage\",\"inLanguage\":\"de-DE\",\"url\":\"http:\/\/incognito.vu\/wordpress\/wp-content\/uploads\/2014\/10\/fiac-face-300x275.jpg\",\"contentUrl\":\"http:\/\/incognito.vu\/wordpress\/wp-content\/uploads\/2014\/10\/fiac-face-300x275.jpg\"},{\"@type\":\"WebPage\",\"@id\":\"https:\/\/incognito24h24.com\/de\/artistes-resident\/bernard-batfort\/#webpage\",\"url\":\"https:\/\/incognito24h24.com\/de\/artistes-resident\/bernard-batfort\/\",\"name\":\"Bernard Batfort - incognito artclub\",\"isPartOf\":{\"@id\":\"https:\/\/incognito24h24.com\/de\/#website\"},\"primaryImageOfPage\":{\"@id\":\"https:\/\/incognito24h24.com\/de\/artistes-resident\/bernard-batfort\/#primaryimage\"},\"datePublished\":\"2014-10-14T09:07:59+00:00\",\"dateModified\":\"2017-01-16T10:28:46+00:00\",\"breadcrumb\":{\"@id\":\"https:\/\/incognito24h24.com\/de\/artistes-resident\/bernard-batfort\/#breadcrumb\"},\"inLanguage\":\"de-DE\",\"potentialAction\":[{\"@type\":\"ReadAction\",\"target\":[\"https:\/\/incognito24h24.com\/de\/artistes-resident\/bernard-batfort\/\"]}]},{\"@type\":\"BreadcrumbList\",\"@id\":\"https:\/\/incognito24h24.com\/de\/artistes-resident\/bernard-batfort\/#breadcrumb\",\"itemListElement\":[{\"@type\":\"ListItem\",\"position\":1,\"name\":\"Accueil\",\"item\":\"https:\/\/incognito24h24.com\/de\/\"},{\"@type\":\"ListItem\",\"position\":2,\"name\":\"artistes resident\",\"item\":\"https:\/\/incognito24h24.com\/de\/artistes-resident\/\"},{\"@type\":\"ListItem\",\"position\":3,\"name\":\"Bernard Batfort\"}]}]}<\/script>\n<!-- \/ Yoast SEO plugin. -->","yoast_head_json":{"robots":{"index":"index","follow":"follow","max-snippet":"max-snippet:-1","max-image-preview":"max-image-preview:large","max-video-preview":"max-video-preview:-1"},"canonical":"https:\/\/incognito24h24.com\/de\/artistes-resident\/bernard-batfort\/","og_locale":"de_DE","og_type":"article","og_title":"Bernard Batfort - incognito artclub","og_url":"https:\/\/incognito24h24.com\/de\/artistes-resident\/bernard-batfort\/","og_site_name":"incognito artclub","article_modified_time":"2017-01-16T10:28:46+00:00","og_image":[{"url":"http:\/\/incognito.vu\/wordpress\/wp-content\/uploads\/2014\/10\/fiac-face-300x275.jpg"}],"schema":{"@context":"https:\/\/schema.org","@graph":[{"@type":"WebSite","@id":"https:\/\/incognito24h24.com\/de\/#website","url":"https:\/\/incognito24h24.com\/de\/","name":"incognito artclub","description":"galerie d&#039;art contemporain \u00e0 Paris","potentialAction":[{"@type":"SearchAction","target":{"@type":"EntryPoint","urlTemplate":"https:\/\/incognito24h24.com\/de\/?s={search_term_string}"},"query-input":"required name=search_term_string"}],"inLanguage":"de-DE"},{"@type":"ImageObject","@id":"https:\/\/incognito24h24.com\/de\/artistes-resident\/bernard-batfort\/#primaryimage","inLanguage":"de-DE","url":"http:\/\/incognito.vu\/wordpress\/wp-content\/uploads\/2014\/10\/fiac-face-300x275.jpg","contentUrl":"http:\/\/incognito.vu\/wordpress\/wp-content\/uploads\/2014\/10\/fiac-face-300x275.jpg"},{"@type":"WebPage","@id":"https:\/\/incognito24h24.com\/de\/artistes-resident\/bernard-batfort\/#webpage","url":"https:\/\/incognito24h24.com\/de\/artistes-resident\/bernard-batfort\/","name":"Bernard Batfort - incognito artclub","isPartOf":{"@id":"https:\/\/incognito24h24.com\/de\/#website"},"primaryImageOfPage":{"@id":"https:\/\/incognito24h24.com\/de\/artistes-resident\/bernard-batfort\/#primaryimage"},"datePublished":"2014-10-14T09:07:59+00:00","dateModified":"2017-01-16T10:28:46+00:00","breadcrumb":{"@id":"https:\/\/incognito24h24.com\/de\/artistes-resident\/bernard-batfort\/#breadcrumb"},"inLanguage":"de-DE","potentialAction":[{"@type":"ReadAction","target":["https:\/\/incognito24h24.com\/de\/artistes-resident\/bernard-batfort\/"]}]},{"@type":"BreadcrumbList","@id":"https:\/\/incognito24h24.com\/de\/artistes-resident\/bernard-batfort\/#breadcrumb","itemListElement":[{"@type":"ListItem","position":1,"name":"Accueil","item":"https:\/\/incognito24h24.com\/de\/"},{"@type":"ListItem","position":2,"name":"artistes resident","item":"https:\/\/incognito24h24.com\/de\/artistes-resident\/"},{"@type":"ListItem","position":3,"name":"Bernard Batfort"}]}]}},"_links":{"self":[{"href":"https:\/\/incognito24h24.com\/de\/wp-json\/wp\/v2\/pages\/282"}],"collection":[{"href":"https:\/\/incognito24h24.com\/de\/wp-json\/wp\/v2\/pages"}],"about":[{"href":"https:\/\/incognito24h24.com\/de\/wp-json\/wp\/v2\/types\/page"}],"author":[{"embeddable":true,"href":"https:\/\/incognito24h24.com\/de\/wp-json\/wp\/v2\/users\/1"}],"replies":[{"embeddable":true,"href":"https:\/\/incognito24h24.com\/de\/wp-json\/wp\/v2\/comments?post=282"}],"version-history":[{"count":0,"href":"https:\/\/incognito24h24.com\/de\/wp-json\/wp\/v2\/pages\/282\/revisions"}],"up":[{"embeddable":true,"href":"https:\/\/incognito24h24.com\/de\/wp-json\/wp\/v2\/pages\/13"}],"wp:attachment":[{"href":"https:\/\/incognito24h24.com\/de\/wp-json\/wp\/v2\/media?parent=282"}],"curies":[{"name":"wp","href":"https:\/\/api.w.org\/{rel}","templated":true}]}}