{"id":19,"date":"2013-06-19T13:25:03","date_gmt":"2013-06-19T12:25:03","guid":{"rendered":"http:\/\/incognito.vu\/wordpress\/?page_id=19"},"modified":"2017-01-16T11:29:23","modified_gmt":"2017-01-16T10:29:23","slug":"artclubber","status":"publish","type":"page","link":"https:\/\/incognito24h24.com\/de\/contact\/artclubber\/","title":{"rendered":"artclubber ?"},"content":{"rendered":"<h3>I N C O G N I T O Carte de membre<\/h3>\n<p>Nom :<br \/>\nPr\u00e9nom :<br \/>\nAdresse :<br \/>\nT\u00e9l. 1 :<br \/>\nT\u00e9l. 2 :<br \/>\nFax :<br \/>\nMail :<\/p>\n<p>&#8211; Art 1 : INCOGNITO est un lieu d&#8217;exposition situ\u00e9 au 16 rue Gu\u00e9n\u00e9gaud Paris 6\u00e9me<br \/>\n&#8211; Art 2 : INCOGNITO est accessible 7 \/ 7 jours et 24h \/ 24 par carte magn\u00e9tique.<br \/>\n&#8211; Art 3 : Le membre du club verse une cotisation de 500 \u20ac \/ an.<br \/>\n&#8211; Art 4 : INCOGNITO se r\u00e9serve le droit d&#8217;admission de ses membres.<br \/>\n&#8211; Art 5 : Le membre re\u00e7oit une carte magn\u00e9tique personnelle et non cessible d&#8217;acc\u00e8s \u00e0 la galerie.<br \/>\n&#8211; Art 6 : La carte de membre a une validit\u00e9 renouvelable de 1 an.<br \/>\n&#8211; Art 7 : La cotisation permet au membre d&#8217;acqu\u00e9rir une \u0153uvre ou une r\u00e9duction sur une oeuvre dans l&#8217;ann\u00e9e.<br \/>\n&#8211; Art 8 : En cas d&#8217;acquisition, le membre re-cr\u00e9ditera son compte chez INCOGNITO du montant de la cotisation.<br \/>\n&#8211; Art 9 : Le cr\u00e9dit en compte apr\u00e8s acquisition sera restitu\u00e9 au membre ou report\u00e9 sur l&#8217;ann\u00e9e suivante.<br \/>\n&#8211; Art 10 : La cotisation est acquise \u00e0 INCOGNITO si le membre n&#8217;ach\u00e8te pas d&#8217;\u0153uvres au cours de l&#8217;ann\u00e9e.<br \/>\n&#8211; Art 11 : En cas de perte ou de vol, le membre pr\u00e9viendra INCOGNITO dans les 24 heures par tel, fax, mail.<br \/>\n&#8211; Art 12 : L&#8217;acc\u00e8s \u00e0 l&#8217;espace se fera en respectant les locaux et les \u0153uvres expos\u00e9es.<br \/>\n&#8211; Art 13 : Le membre du club sera responsable des d\u00e9g\u00e2ts caus\u00e9s \u00e0 leur valeur r\u00e9elle<br \/>\n&#8211; Art 14 : En cas de d\u00e9gradation, INCOGNITO conservera la cotisation au titre d&#8217;avance pour la r\u00e9paration.<br \/>\n&#8211; Art 15 : Le non-respect du r\u00e8glement entra\u00eene le renvoie imm\u00e9diat du club.<\/p>\n<p>Le MEMBRE INCOGNITO<br \/>\n(signature pr\u00e9c\u00e9d\u00e9e de la mention &#8220;Lu et Approuv\u00e9&#8221;)<\/p>\n<p>&nbsp;<\/p>\n<p>&nbsp;<\/p>\n<p>Imprimer, compl\u00e9ter, joindre les pi\u00e8ces et adresser \u00e0:<\/p>\n<p>INCOGNITO 16 Rue Gu\u00e9n\u00e9gaud 75006 Paris, France.<\/p>\n<p>&#8211; Photocopie Pi\u00e8ce d&#8217;Identit\u00e9<br \/>\n&#8211; Formulaire dat\u00e9 et sign\u00e9<br \/>\n&#8211; Cotisation de 500 \u20ac par ch\u00e8que<\/p>\n<!-- AddThis Advanced Settings generic via filter on the_content --><!-- AddThis Share Buttons generic via filter on the_content -->","protected":false},"excerpt":{"rendered":"<p>I N C O G N I T O Carte de membre Nom : Pr\u00e9nom : Adresse : T\u00e9l. 1 : T\u00e9l. 2 : Fax : Mail : &#8211; Art 1 : INCOGNITO est un lieu d&#8217;exposition situ\u00e9 au 16 rue Gu\u00e9n\u00e9gaud Paris 6\u00e9me &#8211; Art 2 : INCOGNITO est accessible 7 \/ 7 jours [&hellip;]<!-- AddThis Advanced Settings generic via filter on get_the_excerpt --><!-- AddThis Share Buttons generic via filter on get_the_excerpt --><\/p>\n","protected":false},"author":1,"featured_media":0,"parent":25,"menu_order":0,"comment_status":"closed","ping_status":"open","template":"","meta":[],"translation":{"provider":"WPGlobus","version":"2.8.4","language":"de","enabled_languages":["en","es","de","fr","ru"],"languages":{"en":{"title":true,"content":true,"excerpt":false},"es":{"title":false,"content":false,"excerpt":false},"de":{"title":false,"content":false,"excerpt":false},"fr":{"title":false,"content":false,"excerpt":false},"ru":{"title":false,"content":false,"excerpt":false}}},"yoast_head":"<!-- This site is optimized with the Yoast SEO plugin v17.4 - https:\/\/yoast.com\/wordpress\/plugins\/seo\/ -->\n<meta name=\"robots\" content=\"index, follow, max-snippet:-1, max-image-preview:large, max-video-preview:-1\" \/>\n<link rel=\"canonical\" href=\"https:\/\/incognito24h24.com\/de\/contact\/artclubber\/\" \/>\n<meta property=\"og:locale\" content=\"de_DE\" \/>\n<meta property=\"og:type\" content=\"article\" \/>\n<meta property=\"og:title\" content=\"artclubber ? - incognito artclub\" \/>\n<meta property=\"og:url\" content=\"https:\/\/incognito24h24.com\/de\/contact\/artclubber\/\" \/>\n<meta property=\"og:site_name\" content=\"incognito artclub\" \/>\n<meta property=\"article:modified_time\" content=\"2017-01-16T10:29:23+00:00\" \/>\n<meta name=\"twitter:label1\" content=\"Est. reading time\" \/>\n\t<meta name=\"twitter:data1\" content=\"2 minutes\" \/>\n<script type=\"application\/ld+json\" class=\"yoast-schema-graph\">{\"@context\":\"https:\/\/schema.org\",\"@graph\":[{\"@type\":\"WebSite\",\"@id\":\"https:\/\/incognito24h24.com\/de\/#website\",\"url\":\"https:\/\/incognito24h24.com\/de\/\",\"name\":\"incognito artclub\",\"description\":\"galerie d&#039;art contemporain \\u00e0 Paris\",\"potentialAction\":[{\"@type\":\"SearchAction\",\"target\":{\"@type\":\"EntryPoint\",\"urlTemplate\":\"https:\/\/incognito24h24.com\/de\/?s={search_term_string}\"},\"query-input\":\"required name=search_term_string\"}],\"inLanguage\":\"de-DE\"},{\"@type\":\"WebPage\",\"@id\":\"https:\/\/incognito24h24.com\/de\/contact\/artclubber\/#webpage\",\"url\":\"https:\/\/incognito24h24.com\/de\/contact\/artclubber\/\",\"name\":\"artclubber ? - incognito artclub\",\"isPartOf\":{\"@id\":\"https:\/\/incognito24h24.com\/de\/#website\"},\"datePublished\":\"2013-06-19T12:25:03+00:00\",\"dateModified\":\"2017-01-16T10:29:23+00:00\",\"breadcrumb\":{\"@id\":\"https:\/\/incognito24h24.com\/de\/contact\/artclubber\/#breadcrumb\"},\"inLanguage\":\"de-DE\",\"potentialAction\":[{\"@type\":\"ReadAction\",\"target\":[\"https:\/\/incognito24h24.com\/de\/contact\/artclubber\/\"]}]},{\"@type\":\"BreadcrumbList\",\"@id\":\"https:\/\/incognito24h24.com\/de\/contact\/artclubber\/#breadcrumb\",\"itemListElement\":[{\"@type\":\"ListItem\",\"position\":1,\"name\":\"Accueil\",\"item\":\"https:\/\/incognito24h24.com\/de\/\"},{\"@type\":\"ListItem\",\"position\":2,\"name\":\"contact\",\"item\":\"https:\/\/incognito24h24.com\/de\/contact\/\"},{\"@type\":\"ListItem\",\"position\":3,\"name\":\"artclubber ?\"}]}]}<\/script>\n<!-- \/ Yoast SEO plugin. -->","yoast_head_json":{"robots":{"index":"index","follow":"follow","max-snippet":"max-snippet:-1","max-image-preview":"max-image-preview:large","max-video-preview":"max-video-preview:-1"},"canonical":"https:\/\/incognito24h24.com\/de\/contact\/artclubber\/","og_locale":"de_DE","og_type":"article","og_title":"artclubber ? - incognito artclub","og_url":"https:\/\/incognito24h24.com\/de\/contact\/artclubber\/","og_site_name":"incognito artclub","article_modified_time":"2017-01-16T10:29:23+00:00","twitter_misc":{"Est. reading time":"2 minutes"},"schema":{"@context":"https:\/\/schema.org","@graph":[{"@type":"WebSite","@id":"https:\/\/incognito24h24.com\/de\/#website","url":"https:\/\/incognito24h24.com\/de\/","name":"incognito artclub","description":"galerie d&#039;art contemporain \u00e0 Paris","potentialAction":[{"@type":"SearchAction","target":{"@type":"EntryPoint","urlTemplate":"https:\/\/incognito24h24.com\/de\/?s={search_term_string}"},"query-input":"required name=search_term_string"}],"inLanguage":"de-DE"},{"@type":"WebPage","@id":"https:\/\/incognito24h24.com\/de\/contact\/artclubber\/#webpage","url":"https:\/\/incognito24h24.com\/de\/contact\/artclubber\/","name":"artclubber ? - incognito artclub","isPartOf":{"@id":"https:\/\/incognito24h24.com\/de\/#website"},"datePublished":"2013-06-19T12:25:03+00:00","dateModified":"2017-01-16T10:29:23+00:00","breadcrumb":{"@id":"https:\/\/incognito24h24.com\/de\/contact\/artclubber\/#breadcrumb"},"inLanguage":"de-DE","potentialAction":[{"@type":"ReadAction","target":["https:\/\/incognito24h24.com\/de\/contact\/artclubber\/"]}]},{"@type":"BreadcrumbList","@id":"https:\/\/incognito24h24.com\/de\/contact\/artclubber\/#breadcrumb","itemListElement":[{"@type":"ListItem","position":1,"name":"Accueil","item":"https:\/\/incognito24h24.com\/de\/"},{"@type":"ListItem","position":2,"name":"contact","item":"https:\/\/incognito24h24.com\/de\/contact\/"},{"@type":"ListItem","position":3,"name":"artclubber ?"}]}]}},"_links":{"self":[{"href":"https:\/\/incognito24h24.com\/de\/wp-json\/wp\/v2\/pages\/19"}],"collection":[{"href":"https:\/\/incognito24h24.com\/de\/wp-json\/wp\/v2\/pages"}],"about":[{"href":"https:\/\/incognito24h24.com\/de\/wp-json\/wp\/v2\/types\/page"}],"author":[{"embeddable":true,"href":"https:\/\/incognito24h24.com\/de\/wp-json\/wp\/v2\/users\/1"}],"replies":[{"embeddable":true,"href":"https:\/\/incognito24h24.com\/de\/wp-json\/wp\/v2\/comments?post=19"}],"version-history":[{"count":0,"href":"https:\/\/incognito24h24.com\/de\/wp-json\/wp\/v2\/pages\/19\/revisions"}],"up":[{"embeddable":true,"href":"https:\/\/incognito24h24.com\/de\/wp-json\/wp\/v2\/pages\/25"}],"wp:attachment":[{"href":"https:\/\/incognito24h24.com\/de\/wp-json\/wp\/v2\/media?parent=19"}],"curies":[{"name":"wp","href":"https:\/\/api.w.org\/{rel}","templated":true}]}}