{"id":181,"date":"2014-03-14T07:47:38","date_gmt":"2014-03-14T06:47:38","guid":{"rendered":"http:\/\/incognito.vu\/wordpress\/?page_id=181"},"modified":"2017-01-16T11:28:46","modified_gmt":"2017-01-16T10:28:46","slug":"voyeur-fukushima","status":"publish","type":"page","link":"https:\/\/incognito24h24.com\/de\/artistes-resident\/baptiste-cesar\/voyeur-fukushima\/","title":{"rendered":"Le Voyeur de Fukushima"},"content":{"rendered":"<p>Le voyeurisme catastrophique est un comportement bas\u00e9 sur l&#8217;attirance \u00e0 observer des \u00e9v\u00e8nements d\u00e9sastreux se d\u00e9roulant en temps r\u00e9els et \u00e0 l&#8217;autre bout de la Terre, en y \u00e9prouvant une forme de jouissance ou d&#8217;excitation.<\/p>\n<p>Le voyeur catastrophique est souvent repr\u00e9sent\u00e9 assis, observant la situation de loin par le biais de l&#8217;information t\u00e9l\u00e9visuelle, web ou tout autre support qui lui permette d&#8217;acc\u00e9der aux terribles \u00e9v\u00e9nements (guerre, tsunami, accident nucl\u00e9aire, inondation, incendie) sans bouger de chez lui.<\/p>\n<p>La tendance spectaculaire du monde provoque une incapacit\u00e9 au voyeur d&#8217;agir r\u00e9ellement face aux situations qu&#8217;il observe.<\/p>\n<p>Le r\u00f4le de l&#8217;artiste est de proposer des images qui sortent de l&#8217;information spectacle et voyeuriste propre au syst\u00e8me m\u00e9diatique.<\/p>\n<p>Ainsi, \u00e0 d\u00e9faut de pouvoir se rendre sur les lieux de catastrophe, l&#8217;artiste en donnera une vision personnelle qui offrira une nouvelle lisibilit\u00e9 aux images effroyables auxquels chaque jour il est confront\u00e9. L&#8217;exposition Le voyeur de Fukushima traite de cette ambivalence humaine.<\/p>\n<p>D&#8217;un c\u00f4t\u00e9, le voyeur, qui accumule les images du Tsunami, les photos d&#8217;explosions de centrale nucl\u00e9aire, les sch\u00e9mas explicatifs et articles concernant le d\u00e9sastre. De l&#8217;autre, l&#8217;artiste, qui compose avec ces \u00e9v\u00e9nements pour faire des dessins, de la peinture, inventer sa propre histoire, son sc\u00e9nario critique face \u00e0 une soci\u00e9t\u00e9 d\u00e9lirante.<\/p>\n\n\t\t<style type=\"text\/css\">\n\t\t\t#gallery-1 {\n\t\t\t\tmargin: auto;\n\t\t\t}\n\t\t\t#gallery-1 .gallery-item {\n\t\t\t\tfloat: left;\n\t\t\t\tmargin-top: 10px;\n\t\t\t\ttext-align: center;\n\t\t\t\twidth: 33%;\n\t\t\t}\n\t\t\t#gallery-1 img {\n\t\t\t\tborder: 2px solid #cfcfcf;\n\t\t\t}\n\t\t\t#gallery-1 .gallery-caption {\n\t\t\t\tmargin-left: 0;\n\t\t\t}\n\t\t\t\/* see gallery_shortcode() in wp-includes\/media.php *\/\n\t\t<\/style>\n\t\t<div id='gallery-1' class='gallery galleryid-181 gallery-columns-3 gallery-size-thumbnail'><dl class='gallery-item'>\n\t\t\t<dt class='gallery-icon landscape'>\n\t\t\t\t<a href='https:\/\/incognito24h24.com\/de\/artistes-resident\/baptiste-cesar\/voyeur-fukushima\/transfert-coton-3\/'><img width=\"80\" height=\"80\" src=\"https:\/\/incognito24h24.com\/wordpress\/wp-content\/uploads\/2014\/03\/transfert-coton-3-150x150.jpg\" class=\"attachment-thumbnail size-thumbnail\" alt=\"\" loading=\"lazy\" \/><\/a>\n\t\t\t<\/dt><\/dl><dl class='gallery-item'>\n\t\t\t<dt class='gallery-icon portrait'>\n\t\t\t\t<a href='https:\/\/incognito24h24.com\/de\/artistes-resident\/baptiste-cesar\/voyeur-fukushima\/transfert-coton-2\/'><img width=\"80\" height=\"80\" src=\"https:\/\/incognito24h24.com\/wordpress\/wp-content\/uploads\/2014\/03\/transfert-coton-2-150x150.jpg\" class=\"attachment-thumbnail size-thumbnail\" alt=\"\" loading=\"lazy\" \/><\/a>\n\t\t\t<\/dt><\/dl><dl class='gallery-item'>\n\t\t\t<dt class='gallery-icon portrait'>\n\t\t\t\t<a href='https:\/\/incognito24h24.com\/de\/artistes-resident\/baptiste-cesar\/voyeur-fukushima\/transfert-coton-1\/'><img width=\"80\" height=\"80\" src=\"https:\/\/incognito24h24.com\/wordpress\/wp-content\/uploads\/2014\/03\/transfert-coton-1-150x150.jpg\" class=\"attachment-thumbnail size-thumbnail\" alt=\"\" loading=\"lazy\" \/><\/a>\n\t\t\t<\/dt><\/dl><br style=\"clear: both\" \/><dl class='gallery-item'>\n\t\t\t<dt class='gallery-icon portrait'>\n\t\t\t\t<a href='https:\/\/incognito24h24.com\/de\/artistes-resident\/baptiste-cesar\/voyeur-fukushima\/japon-1\/'><img width=\"80\" height=\"80\" src=\"https:\/\/incognito24h24.com\/wordpress\/wp-content\/uploads\/2014\/03\/japon-1-150x150.jpg\" class=\"attachment-thumbnail size-thumbnail\" alt=\"\" loading=\"lazy\" \/><\/a>\n\t\t\t<\/dt><\/dl><dl class='gallery-item'>\n\t\t\t<dt class='gallery-icon landscape'>\n\t\t\t\t<a href='https:\/\/incognito24h24.com\/de\/artistes-resident\/baptiste-cesar\/voyeur-fukushima\/fuku-8\/'><img width=\"80\" height=\"80\" src=\"https:\/\/incognito24h24.com\/wordpress\/wp-content\/uploads\/2014\/03\/fuku-8-150x150.jpg\" class=\"attachment-thumbnail size-thumbnail\" alt=\"\" loading=\"lazy\" \/><\/a>\n\t\t\t<\/dt><\/dl><dl class='gallery-item'>\n\t\t\t<dt class='gallery-icon landscape'>\n\t\t\t\t<a href='https:\/\/incognito24h24.com\/de\/artistes-resident\/baptiste-cesar\/voyeur-fukushima\/fuku-6\/'><img width=\"80\" height=\"80\" src=\"https:\/\/incognito24h24.com\/wordpress\/wp-content\/uploads\/2014\/03\/fuku-6-150x150.jpg\" class=\"attachment-thumbnail size-thumbnail\" alt=\"\" loading=\"lazy\" \/><\/a>\n\t\t\t<\/dt><\/dl><br style=\"clear: both\" \/><dl class='gallery-item'>\n\t\t\t<dt class='gallery-icon landscape'>\n\t\t\t\t<a href='https:\/\/incognito24h24.com\/de\/artistes-resident\/baptiste-cesar\/voyeur-fukushima\/fuku-5\/'><img width=\"80\" height=\"80\" src=\"https:\/\/incognito24h24.com\/wordpress\/wp-content\/uploads\/2014\/03\/fuku-5-150x150.jpg\" class=\"attachment-thumbnail size-thumbnail\" alt=\"\" loading=\"lazy\" \/><\/a>\n\t\t\t<\/dt><\/dl><dl class='gallery-item'>\n\t\t\t<dt class='gallery-icon landscape'>\n\t\t\t\t<a href='https:\/\/incognito24h24.com\/de\/artistes-resident\/baptiste-cesar\/voyeur-fukushima\/fuku-4\/'><img width=\"80\" height=\"80\" src=\"https:\/\/incognito24h24.com\/wordpress\/wp-content\/uploads\/2014\/03\/fuku-4-150x150.jpg\" class=\"attachment-thumbnail size-thumbnail\" alt=\"\" loading=\"lazy\" \/><\/a>\n\t\t\t<\/dt><\/dl><dl class='gallery-item'>\n\t\t\t<dt class='gallery-icon landscape'>\n\t\t\t\t<a href='https:\/\/incognito24h24.com\/de\/artistes-resident\/baptiste-cesar\/voyeur-fukushima\/fucku-4\/'><img width=\"80\" height=\"80\" src=\"https:\/\/incognito24h24.com\/wordpress\/wp-content\/uploads\/2014\/03\/fucku-4-150x150.jpg\" class=\"attachment-thumbnail size-thumbnail\" alt=\"\" loading=\"lazy\" aria-describedby=\"gallery-1-187\" \/><\/a>\n\t\t\t<\/dt>\n\t\t\t\t<dd class='wp-caption-text gallery-caption' id='gallery-1-187'>\n\t\t\t\tTechnique mixte sur papier, 80 x 147 cm\n\t\t\t\t<\/dd><\/dl><br style=\"clear: both\" \/><dl class='gallery-item'>\n\t\t\t<dt class='gallery-icon landscape'>\n\t\t\t\t<a href='https:\/\/incognito24h24.com\/de\/artistes-resident\/baptiste-cesar\/voyeur-fukushima\/fucku-3\/'><img width=\"80\" height=\"80\" src=\"https:\/\/incognito24h24.com\/wordpress\/wp-content\/uploads\/2014\/03\/fucku-3-150x150.jpg\" class=\"attachment-thumbnail size-thumbnail\" alt=\"\" loading=\"lazy\" aria-describedby=\"gallery-1-186\" \/><\/a>\n\t\t\t<\/dt>\n\t\t\t\t<dd class='wp-caption-text gallery-caption' id='gallery-1-186'>\n\t\t\t\tTechnique mixte sur papier, 80 x 148 cm\n\t\t\t\t<\/dd><\/dl><dl class='gallery-item'>\n\t\t\t<dt class='gallery-icon landscape'>\n\t\t\t\t<a href='https:\/\/incognito24h24.com\/de\/artistes-resident\/baptiste-cesar\/voyeur-fukushima\/centrale-explose-1\/'><img width=\"80\" height=\"80\" src=\"https:\/\/incognito24h24.com\/wordpress\/wp-content\/uploads\/2014\/03\/centrale-explose-1-150x150.jpg\" class=\"attachment-thumbnail size-thumbnail\" alt=\"\" loading=\"lazy\" aria-describedby=\"gallery-1-185\" \/><\/a>\n\t\t\t<\/dt>\n\t\t\t\t<dd class='wp-caption-text gallery-caption' id='gallery-1-185'>\n\t\t\t\tCentrale explose, Technique mixte sur papier, 96.4 x 138.3 cm\n\t\t\t\t<\/dd><\/dl>\n\t\t\t<br style='clear: both' \/>\n\t\t<\/div>\n\n<!-- AddThis Advanced Settings generic via filter on the_content --><!-- AddThis Share Buttons generic via filter on the_content -->","protected":false},"excerpt":{"rendered":"<p>Le voyeurisme catastrophique est un comportement bas\u00e9 sur l&#8217;attirance \u00e0 observer des \u00e9v\u00e8nements d\u00e9sastreux se d\u00e9roulant en temps r\u00e9els et \u00e0 l&#8217;autre bout de la Terre, en y \u00e9prouvant une forme de jouissance ou d&#8217;excitation. Le voyeur catastrophique est souvent repr\u00e9sent\u00e9 assis, observant la situation de loin par le biais de l&#8217;information t\u00e9l\u00e9visuelle, web ou [&hellip;]<!-- AddThis Advanced Settings generic via filter on get_the_excerpt --><!-- AddThis Share Buttons generic via filter on get_the_excerpt --><\/p>\n","protected":false},"author":1,"featured_media":0,"parent":173,"menu_order":0,"comment_status":"closed","ping_status":"closed","template":"","meta":[],"translation":{"provider":"WPGlobus","version":"2.8.4","language":"de","enabled_languages":["en","es","de","fr","ru"],"languages":{"en":{"title":true,"content":true,"excerpt":false},"es":{"title":false,"content":false,"excerpt":false},"de":{"title":false,"content":false,"excerpt":false},"fr":{"title":false,"content":false,"excerpt":false},"ru":{"title":false,"content":false,"excerpt":false}}},"yoast_head":"<!-- This site is optimized with the Yoast SEO plugin v17.4 - https:\/\/yoast.com\/wordpress\/plugins\/seo\/ -->\n<meta name=\"robots\" content=\"index, follow, max-snippet:-1, max-image-preview:large, max-video-preview:-1\" \/>\n<link rel=\"canonical\" href=\"https:\/\/incognito24h24.com\/de\/artistes-resident\/baptiste-cesar\/voyeur-fukushima\/\" \/>\n<meta property=\"og:locale\" content=\"de_DE\" \/>\n<meta property=\"og:type\" content=\"article\" \/>\n<meta property=\"og:title\" content=\"Le Voyeur de Fukushima - incognito artclub\" \/>\n<meta property=\"og:url\" content=\"https:\/\/incognito24h24.com\/de\/artistes-resident\/baptiste-cesar\/voyeur-fukushima\/\" \/>\n<meta property=\"og:site_name\" content=\"incognito artclub\" \/>\n<meta property=\"article:modified_time\" content=\"2017-01-16T10:28:46+00:00\" \/>\n<meta property=\"og:image\" content=\"https:\/\/incognito24h24.com\/wordpress\/wp-content\/uploads\/2014\/03\/transfert-coton-3-150x150.jpg\" \/>\n<meta name=\"twitter:label1\" content=\"Est. reading time\" \/>\n\t<meta name=\"twitter:data1\" content=\"1 minute\" \/>\n<script type=\"application\/ld+json\" class=\"yoast-schema-graph\">{\"@context\":\"https:\/\/schema.org\",\"@graph\":[{\"@type\":\"WebSite\",\"@id\":\"https:\/\/incognito24h24.com\/de\/#website\",\"url\":\"https:\/\/incognito24h24.com\/de\/\",\"name\":\"incognito artclub\",\"description\":\"galerie d&#039;art contemporain \\u00e0 Paris\",\"potentialAction\":[{\"@type\":\"SearchAction\",\"target\":{\"@type\":\"EntryPoint\",\"urlTemplate\":\"https:\/\/incognito24h24.com\/de\/?s={search_term_string}\"},\"query-input\":\"required name=search_term_string\"}],\"inLanguage\":\"de-DE\"},{\"@type\":\"WebPage\",\"@id\":\"https:\/\/incognito24h24.com\/de\/artistes-resident\/baptiste-cesar\/voyeur-fukushima\/#webpage\",\"url\":\"https:\/\/incognito24h24.com\/de\/artistes-resident\/baptiste-cesar\/voyeur-fukushima\/\",\"name\":\"Le Voyeur de Fukushima - incognito artclub\",\"isPartOf\":{\"@id\":\"https:\/\/incognito24h24.com\/de\/#website\"},\"datePublished\":\"2014-03-14T06:47:38+00:00\",\"dateModified\":\"2017-01-16T10:28:46+00:00\",\"breadcrumb\":{\"@id\":\"https:\/\/incognito24h24.com\/de\/artistes-resident\/baptiste-cesar\/voyeur-fukushima\/#breadcrumb\"},\"inLanguage\":\"de-DE\",\"potentialAction\":[{\"@type\":\"ReadAction\",\"target\":[\"https:\/\/incognito24h24.com\/de\/artistes-resident\/baptiste-cesar\/voyeur-fukushima\/\"]}]},{\"@type\":\"BreadcrumbList\",\"@id\":\"https:\/\/incognito24h24.com\/de\/artistes-resident\/baptiste-cesar\/voyeur-fukushima\/#breadcrumb\",\"itemListElement\":[{\"@type\":\"ListItem\",\"position\":1,\"name\":\"Accueil\",\"item\":\"https:\/\/incognito24h24.com\/de\/\"},{\"@type\":\"ListItem\",\"position\":2,\"name\":\"artistes resident\",\"item\":\"https:\/\/incognito24h24.com\/de\/artistes-resident\/\"},{\"@type\":\"ListItem\",\"position\":3,\"name\":\"Baptiste C\\u00e9sar\",\"item\":\"https:\/\/incognito24h24.com\/de\/artistes-resident\/baptiste-cesar\/\"},{\"@type\":\"ListItem\",\"position\":4,\"name\":\"Le Voyeur de Fukushima\"}]}]}<\/script>\n<!-- \/ Yoast SEO plugin. -->","yoast_head_json":{"robots":{"index":"index","follow":"follow","max-snippet":"max-snippet:-1","max-image-preview":"max-image-preview:large","max-video-preview":"max-video-preview:-1"},"canonical":"https:\/\/incognito24h24.com\/de\/artistes-resident\/baptiste-cesar\/voyeur-fukushima\/","og_locale":"de_DE","og_type":"article","og_title":"Le Voyeur de Fukushima - incognito artclub","og_url":"https:\/\/incognito24h24.com\/de\/artistes-resident\/baptiste-cesar\/voyeur-fukushima\/","og_site_name":"incognito artclub","article_modified_time":"2017-01-16T10:28:46+00:00","og_image":[{"url":"https:\/\/incognito24h24.com\/wordpress\/wp-content\/uploads\/2014\/03\/transfert-coton-3-150x150.jpg"}],"twitter_misc":{"Est. reading time":"1 minute"},"schema":{"@context":"https:\/\/schema.org","@graph":[{"@type":"WebSite","@id":"https:\/\/incognito24h24.com\/de\/#website","url":"https:\/\/incognito24h24.com\/de\/","name":"incognito artclub","description":"galerie d&#039;art contemporain \u00e0 Paris","potentialAction":[{"@type":"SearchAction","target":{"@type":"EntryPoint","urlTemplate":"https:\/\/incognito24h24.com\/de\/?s={search_term_string}"},"query-input":"required name=search_term_string"}],"inLanguage":"de-DE"},{"@type":"WebPage","@id":"https:\/\/incognito24h24.com\/de\/artistes-resident\/baptiste-cesar\/voyeur-fukushima\/#webpage","url":"https:\/\/incognito24h24.com\/de\/artistes-resident\/baptiste-cesar\/voyeur-fukushima\/","name":"Le Voyeur de Fukushima - incognito artclub","isPartOf":{"@id":"https:\/\/incognito24h24.com\/de\/#website"},"datePublished":"2014-03-14T06:47:38+00:00","dateModified":"2017-01-16T10:28:46+00:00","breadcrumb":{"@id":"https:\/\/incognito24h24.com\/de\/artistes-resident\/baptiste-cesar\/voyeur-fukushima\/#breadcrumb"},"inLanguage":"de-DE","potentialAction":[{"@type":"ReadAction","target":["https:\/\/incognito24h24.com\/de\/artistes-resident\/baptiste-cesar\/voyeur-fukushima\/"]}]},{"@type":"BreadcrumbList","@id":"https:\/\/incognito24h24.com\/de\/artistes-resident\/baptiste-cesar\/voyeur-fukushima\/#breadcrumb","itemListElement":[{"@type":"ListItem","position":1,"name":"Accueil","item":"https:\/\/incognito24h24.com\/de\/"},{"@type":"ListItem","position":2,"name":"artistes resident","item":"https:\/\/incognito24h24.com\/de\/artistes-resident\/"},{"@type":"ListItem","position":3,"name":"Baptiste C\u00e9sar","item":"https:\/\/incognito24h24.com\/de\/artistes-resident\/baptiste-cesar\/"},{"@type":"ListItem","position":4,"name":"Le Voyeur de Fukushima"}]}]}},"_links":{"self":[{"href":"https:\/\/incognito24h24.com\/de\/wp-json\/wp\/v2\/pages\/181"}],"collection":[{"href":"https:\/\/incognito24h24.com\/de\/wp-json\/wp\/v2\/pages"}],"about":[{"href":"https:\/\/incognito24h24.com\/de\/wp-json\/wp\/v2\/types\/page"}],"author":[{"embeddable":true,"href":"https:\/\/incognito24h24.com\/de\/wp-json\/wp\/v2\/users\/1"}],"replies":[{"embeddable":true,"href":"https:\/\/incognito24h24.com\/de\/wp-json\/wp\/v2\/comments?post=181"}],"version-history":[{"count":1,"href":"https:\/\/incognito24h24.com\/de\/wp-json\/wp\/v2\/pages\/181\/revisions"}],"predecessor-version":[{"id":1151,"href":"https:\/\/incognito24h24.com\/de\/wp-json\/wp\/v2\/pages\/181\/revisions\/1151"}],"up":[{"embeddable":true,"href":"https:\/\/incognito24h24.com\/de\/wp-json\/wp\/v2\/pages\/173"}],"wp:attachment":[{"href":"https:\/\/incognito24h24.com\/de\/wp-json\/wp\/v2\/media?parent=181"}],"curies":[{"name":"wp","href":"https:\/\/api.w.org\/{rel}","templated":true}]}}