{"id":147,"date":"2014-03-06T12:00:00","date_gmt":"2014-03-06T11:00:00","guid":{"rendered":"http:\/\/incognito.vu\/wordpress\/?page_id=147"},"modified":"2017-01-16T11:28:30","modified_gmt":"2017-01-16T10:28:30","slug":"kriki","status":"publish","type":"page","link":"https:\/\/incognito24h24.com\/de\/artistes-guest%e2%80%8e\/kriki\/","title":{"rendered":"Kriki"},"content":{"rendered":"<p><img loading=\"lazy\" src=\"http:\/\/incognito.vu\/wordpress\/wp-content\/uploads\/2014\/03\/FUZZ_1copie-200x300.jpg\" alt=\"FUZZ_1copie\" width=\"200\" height=\"300\" class=\"aligncenter size-medium wp-image-318\" srcset=\"https:\/\/incognito24h24.com\/wordpress\/wp-content\/uploads\/2014\/03\/FUZZ_1copie-200x300.jpg 200w, https:\/\/incognito24h24.com\/wordpress\/wp-content\/uploads\/2014\/03\/FUZZ_1copie-682x1024.jpg 682w, https:\/\/incognito24h24.com\/wordpress\/wp-content\/uploads\/2014\/03\/FUZZ_1copie-240x359.jpg 240w, https:\/\/incognito24h24.com\/wordpress\/wp-content\/uploads\/2014\/03\/FUZZ_1copie-430x644.jpg 430w, https:\/\/incognito24h24.com\/wordpress\/wp-content\/uploads\/2014\/03\/FUZZ_1copie-1000x1500.jpg 1000w, https:\/\/incognito24h24.com\/wordpress\/wp-content\/uploads\/2014\/03\/FUZZ_1copie.jpg 1575w\" sizes=\"(max-width: 200px) 100vw, 200px\" \/><br \/>\nL\u2019une des choses essentielles dont nous avons pris conscience au XX\u00e8me si\u00e8cle est que l\u2019\u0153uvre d\u2019art n\u2019est pas un but en soi, mais un outil linguistique, un langage.<br \/>\nC\u2019est dans cette perspective que s\u2019inscrit la proposition plastique du projet \u00ab Fuzz \u00ab de l\u2019artiste : KRIKI.<\/p>\n<p>\u00ab Le Fuzz \u00ab a \u00e9t\u00e9 aper\u00e7u pour la premi\u00e8re fois par trois chasseurs de Mourles, pr\u00e9s de Lourdes, aux yeux de qui il a disparu aussi soudainement qu\u2019il \u00e9tait apparu et qui se sont d\u00e9s lors lanc\u00e9s \u00e0 sa recherche en compagnie d\u2019autres habitants de la r\u00e9gion.<\/p>\n<p>Qu\u2019ils l\u2019aient trouv\u00e9 ou non n\u2019a que peu d\u2019importance pour la suite. Ce qui compte ici, c\u2019est que l\u2019animal, comme un rai de lumi\u00e8re, comme un miroir lumineux a stimul\u00e9 en eux les fonctions proprement humaines de la m\u00e9moire, du d\u00e9sir, du r\u00eave, de l\u2019imagination, de la r\u00e9flexion, de l\u2019observation.<br \/>\nIl est devenu la projection collective d\u2019eux-m\u00eames.<\/p>\n<p>Apr\u00e8s avoir consult\u00e9 les sp\u00e9cialistes, l\u2019artiste a commenc\u00e9 \u00e0 lui donner naissance. C\u2019est ainsi qu\u2019il a model\u00e9 tout son parcours : apparition, exploration, exp\u00e9rimentation, domestication, prolif\u00e9ration, extermination, conservation.<br \/>\nUn parcours qui fait penser \u00e0 des manipulations g\u00e9n\u00e9tiques d\u2019ADN. Un parcours qui est en m\u00eame temps miroir, contemplation et d\u00e9couverte de soi-m\u00eame, car c\u2019est le chemin que nous devons suivre pour parvenir \u00e0 la connaissance.<\/p>\n<p>( extraits ), courtoisie D\u00e9mosth\u00e8ne Davvestas.<\/p>\n<p><a href=\"www.kriki.com\"><img class=\"alignleft size-full wp-image-72\" alt=\"lien vers le site Fuzz Project\" src=\"\/wordpress\/wp-content\/uploads\/bounce.png\" \/><\/a> <a href=\"http:\/\/www.kriki.com\" target=\"_blank\"> Fuzz Project<\/a><\/p>\n<!-- AddThis Advanced Settings generic via filter on the_content --><!-- AddThis Share Buttons generic via filter on the_content -->","protected":false},"excerpt":{"rendered":"<p>L\u2019une des choses essentielles dont nous avons pris conscience au XX\u00e8me si\u00e8cle est que l\u2019\u0153uvre d\u2019art n\u2019est pas un but en soi, mais un outil linguistique, un langage. C\u2019est dans cette perspective que s\u2019inscrit la proposition plastique du projet \u00ab Fuzz \u00ab de l\u2019artiste : KRIKI. \u00ab Le Fuzz \u00ab a \u00e9t\u00e9 aper\u00e7u pour la [&hellip;]<!-- AddThis Advanced Settings generic via filter on get_the_excerpt --><!-- AddThis Share Buttons generic via filter on get_the_excerpt --><\/p>\n","protected":false},"author":1,"featured_media":0,"parent":15,"menu_order":0,"comment_status":"closed","ping_status":"open","template":"","meta":[],"translation":{"provider":"WPGlobus","version":"2.8.4","language":"de","enabled_languages":["en","es","de","fr","ru"],"languages":{"en":{"title":true,"content":true,"excerpt":false},"es":{"title":false,"content":false,"excerpt":false},"de":{"title":false,"content":false,"excerpt":false},"fr":{"title":false,"content":false,"excerpt":false},"ru":{"title":false,"content":false,"excerpt":false}}},"yoast_head":"<!-- This site is optimized with the Yoast SEO plugin v17.4 - https:\/\/yoast.com\/wordpress\/plugins\/seo\/ -->\n<meta name=\"robots\" content=\"index, follow, max-snippet:-1, max-image-preview:large, max-video-preview:-1\" \/>\n<link rel=\"canonical\" href=\"https:\/\/incognito24h24.com\/de\/artistes-guest\u200e\/kriki\/\" \/>\n<meta property=\"og:locale\" content=\"de_DE\" \/>\n<meta property=\"og:type\" content=\"article\" \/>\n<meta property=\"og:title\" content=\"Kriki - incognito artclub\" \/>\n<meta property=\"og:url\" content=\"https:\/\/incognito24h24.com\/de\/artistes-guest\u200e\/kriki\/\" \/>\n<meta property=\"og:site_name\" content=\"incognito artclub\" \/>\n<meta property=\"article:modified_time\" content=\"2017-01-16T10:28:30+00:00\" \/>\n<meta property=\"og:image\" content=\"http:\/\/incognito.vu\/wordpress\/wp-content\/uploads\/2014\/03\/FUZZ_1copie-200x300.jpg\" \/>\n<meta name=\"twitter:label1\" content=\"Est. reading time\" \/>\n\t<meta name=\"twitter:data1\" content=\"1 minute\" \/>\n<script type=\"application\/ld+json\" class=\"yoast-schema-graph\">{\"@context\":\"https:\/\/schema.org\",\"@graph\":[{\"@type\":\"WebSite\",\"@id\":\"https:\/\/incognito24h24.com\/de\/#website\",\"url\":\"https:\/\/incognito24h24.com\/de\/\",\"name\":\"incognito artclub\",\"description\":\"galerie d&#039;art contemporain \\u00e0 Paris\",\"potentialAction\":[{\"@type\":\"SearchAction\",\"target\":{\"@type\":\"EntryPoint\",\"urlTemplate\":\"https:\/\/incognito24h24.com\/de\/?s={search_term_string}\"},\"query-input\":\"required name=search_term_string\"}],\"inLanguage\":\"de-DE\"},{\"@type\":\"ImageObject\",\"@id\":\"https:\/\/incognito24h24.com\/de\/artistes-guest%e2%80%8e\/kriki\/#primaryimage\",\"inLanguage\":\"de-DE\",\"url\":\"http:\/\/incognito.vu\/wordpress\/wp-content\/uploads\/2014\/03\/FUZZ_1copie-200x300.jpg\",\"contentUrl\":\"http:\/\/incognito.vu\/wordpress\/wp-content\/uploads\/2014\/03\/FUZZ_1copie-200x300.jpg\"},{\"@type\":\"WebPage\",\"@id\":\"https:\/\/incognito24h24.com\/de\/artistes-guest%e2%80%8e\/kriki\/#webpage\",\"url\":\"https:\/\/incognito24h24.com\/de\/artistes-guest%e2%80%8e\/kriki\/\",\"name\":\"Kriki - incognito artclub\",\"isPartOf\":{\"@id\":\"https:\/\/incognito24h24.com\/de\/#website\"},\"primaryImageOfPage\":{\"@id\":\"https:\/\/incognito24h24.com\/de\/artistes-guest%e2%80%8e\/kriki\/#primaryimage\"},\"datePublished\":\"2014-03-06T11:00:00+00:00\",\"dateModified\":\"2017-01-16T10:28:30+00:00\",\"breadcrumb\":{\"@id\":\"https:\/\/incognito24h24.com\/de\/artistes-guest%e2%80%8e\/kriki\/#breadcrumb\"},\"inLanguage\":\"de-DE\",\"potentialAction\":[{\"@type\":\"ReadAction\",\"target\":[\"https:\/\/incognito24h24.com\/de\/artistes-guest%e2%80%8e\/kriki\/\"]}]},{\"@type\":\"BreadcrumbList\",\"@id\":\"https:\/\/incognito24h24.com\/de\/artistes-guest%e2%80%8e\/kriki\/#breadcrumb\",\"itemListElement\":[{\"@type\":\"ListItem\",\"position\":1,\"name\":\"Accueil\",\"item\":\"https:\/\/incognito24h24.com\/de\/\"},{\"@type\":\"ListItem\",\"position\":2,\"name\":\"artistes guest\",\"item\":\"https:\/\/incognito24h24.com\/de\/artistes-guest%e2%80%8e\/\"},{\"@type\":\"ListItem\",\"position\":3,\"name\":\"Kriki\"}]}]}<\/script>\n<!-- \/ Yoast SEO plugin. -->","yoast_head_json":{"robots":{"index":"index","follow":"follow","max-snippet":"max-snippet:-1","max-image-preview":"max-image-preview:large","max-video-preview":"max-video-preview:-1"},"canonical":"https:\/\/incognito24h24.com\/de\/artistes-guest\u200e\/kriki\/","og_locale":"de_DE","og_type":"article","og_title":"Kriki - incognito artclub","og_url":"https:\/\/incognito24h24.com\/de\/artistes-guest\u200e\/kriki\/","og_site_name":"incognito artclub","article_modified_time":"2017-01-16T10:28:30+00:00","og_image":[{"url":"http:\/\/incognito.vu\/wordpress\/wp-content\/uploads\/2014\/03\/FUZZ_1copie-200x300.jpg"}],"twitter_misc":{"Est. reading time":"1 minute"},"schema":{"@context":"https:\/\/schema.org","@graph":[{"@type":"WebSite","@id":"https:\/\/incognito24h24.com\/de\/#website","url":"https:\/\/incognito24h24.com\/de\/","name":"incognito artclub","description":"galerie d&#039;art contemporain \u00e0 Paris","potentialAction":[{"@type":"SearchAction","target":{"@type":"EntryPoint","urlTemplate":"https:\/\/incognito24h24.com\/de\/?s={search_term_string}"},"query-input":"required name=search_term_string"}],"inLanguage":"de-DE"},{"@type":"ImageObject","@id":"https:\/\/incognito24h24.com\/de\/artistes-guest%e2%80%8e\/kriki\/#primaryimage","inLanguage":"de-DE","url":"http:\/\/incognito.vu\/wordpress\/wp-content\/uploads\/2014\/03\/FUZZ_1copie-200x300.jpg","contentUrl":"http:\/\/incognito.vu\/wordpress\/wp-content\/uploads\/2014\/03\/FUZZ_1copie-200x300.jpg"},{"@type":"WebPage","@id":"https:\/\/incognito24h24.com\/de\/artistes-guest%e2%80%8e\/kriki\/#webpage","url":"https:\/\/incognito24h24.com\/de\/artistes-guest%e2%80%8e\/kriki\/","name":"Kriki - incognito artclub","isPartOf":{"@id":"https:\/\/incognito24h24.com\/de\/#website"},"primaryImageOfPage":{"@id":"https:\/\/incognito24h24.com\/de\/artistes-guest%e2%80%8e\/kriki\/#primaryimage"},"datePublished":"2014-03-06T11:00:00+00:00","dateModified":"2017-01-16T10:28:30+00:00","breadcrumb":{"@id":"https:\/\/incognito24h24.com\/de\/artistes-guest%e2%80%8e\/kriki\/#breadcrumb"},"inLanguage":"de-DE","potentialAction":[{"@type":"ReadAction","target":["https:\/\/incognito24h24.com\/de\/artistes-guest%e2%80%8e\/kriki\/"]}]},{"@type":"BreadcrumbList","@id":"https:\/\/incognito24h24.com\/de\/artistes-guest%e2%80%8e\/kriki\/#breadcrumb","itemListElement":[{"@type":"ListItem","position":1,"name":"Accueil","item":"https:\/\/incognito24h24.com\/de\/"},{"@type":"ListItem","position":2,"name":"artistes guest","item":"https:\/\/incognito24h24.com\/de\/artistes-guest%e2%80%8e\/"},{"@type":"ListItem","position":3,"name":"Kriki"}]}]}},"_links":{"self":[{"href":"https:\/\/incognito24h24.com\/de\/wp-json\/wp\/v2\/pages\/147"}],"collection":[{"href":"https:\/\/incognito24h24.com\/de\/wp-json\/wp\/v2\/pages"}],"about":[{"href":"https:\/\/incognito24h24.com\/de\/wp-json\/wp\/v2\/types\/page"}],"author":[{"embeddable":true,"href":"https:\/\/incognito24h24.com\/de\/wp-json\/wp\/v2\/users\/1"}],"replies":[{"embeddable":true,"href":"https:\/\/incognito24h24.com\/de\/wp-json\/wp\/v2\/comments?post=147"}],"version-history":[{"count":0,"href":"https:\/\/incognito24h24.com\/de\/wp-json\/wp\/v2\/pages\/147\/revisions"}],"up":[{"embeddable":true,"href":"https:\/\/incognito24h24.com\/de\/wp-json\/wp\/v2\/pages\/15"}],"wp:attachment":[{"href":"https:\/\/incognito24h24.com\/de\/wp-json\/wp\/v2\/media?parent=147"}],"curies":[{"name":"wp","href":"https:\/\/api.w.org\/{rel}","templated":true}]}}