{"id":133,"date":"2014-03-06T12:00:00","date_gmt":"2014-03-06T11:00:00","guid":{"rendered":"http:\/\/incognito.vu\/wordpress\/?page_id=133"},"modified":"2017-01-16T11:29:23","modified_gmt":"2017-01-16T10:29:23","slug":"tim-sander","status":"publish","type":"page","link":"https:\/\/incognito24h24.com\/de\/artistes-resident\/tim-sander\/","title":{"rendered":"Tim Sander"},"content":{"rendered":"<h2>Vernissages \/ \u00e9v\u00e9nements :<\/h2>\n<p> &bull; (2009-09-15 &#8211; 2009-10-01) <b>It was a dark and stormy night&#8230;<\/b><br \/>\nOn conna\u00eet Tim Sander pour son Requiem for 100 cars, dont la premi\u00e8re sauvage en 2007 avait \u00e9t\u00e9 interrompue par l\u2019intervention de la police. Les pi\u00e8ces pr\u00e9sent\u00e9es par la galerie incognito sur une proposition de Nicolas Giraud sont plus sages mais portent encore la marque de son \u201caccrochage\u201d avec la culture traditionnelle.<br \/>\nNothing more est un masque socl\u00e9. Le socle en m\u00e9tal est de ceux qui portent en<br \/>\noccident les masques et objets d\u2019arts premiers, le masque en plastique noir est<br \/>\ncelui du super-h\u00e9ros Batman. Pris dans cette perspective l\u2019objet est suspendu entre<br \/>\nune lecture ethnographique et une pure pr\u00e9sence plastique. La double distanciation introduite par le geste de soclage place l\u2019objet, on ne parlera pas de readymade, au croisement de postures et de discours contradictoires.<\/p>\n<p>Le masque est accompagn\u00e9 d\u2019un groupe de peintures noires, intitul\u00e9s After Dark.<\/p>\n<p>Elles confrontent la figure populaire du h\u00e9ros masqu\u00e9 et un traitement plastique<br \/>\npurement gestuel. Chacune est une irruption de la figure du super-h\u00e9ros mais qui s\u2019arr\u00eate \u00e0 ce seuil d\u2019apparition, d\u2019invocation. La facture des pi\u00e8ces est brutale et chaque peinture s\u2019organise comme un glyphe, le moment d\u2019\u00e9mergence d\u2019une image, d\u2019un d\u00e9tail.<\/p>\n<p>Tim Sander est n\u00e9 en 1985 \u00e0 Los Angeles. A l\u2019\u00e2ge de quinze ans il abandonne ses \u00e9tudes pour travailler comme m\u00e9canicien. De ses rencontres et contacts avec les vestiges des subcultures de Californie, speedfreaks, hells angels, Sander produit des pi\u00e8ces directes et ironiques qui sont confront\u00e9es depuis peu, et parfois de mani\u00e8re conflictuelle, aux circuits de l\u2019art contemporain.<\/p>\n<p>La pratique de Nicolas Giraud est une d\u00e9marche d\u2019investigation artistique qui emprunte diverses formes &#8211; films, textes, installations, objets. Il s\u2019agit toujours d\u2019un mouvement de traduction d\u2019un domaine \u00e0 un autre, d\u2019un objet vers un autre. Le d\u00e9nominateur commun est une recherche autour de l\u2019image et une mise \u00e0 nu de ses m\u00e9canismes. Les pi\u00e8ces ouvrent sur des correspondances esth\u00e9tiques, historiques, conceptuelles et dans le m\u00eame temps s\u2019en \u00e9chappent comme autant d\u2019\u00e9nigmes plastiques.<\/p>\n<p>Visuels :<br \/><img src=\"\/wordpress\/wp-content\/uploads\/img\/mask1_wb.jpg\" title=\"Gotham, 2009 (Technique mixte sur socle - Edition \u00e0 3 exemplaires : )\" \/>&nbsp;&nbsp;<img src=\"\/wordpress\/wp-content\/uploads\/img\/ts1_wb.jpg\" title=\"After dark, #1 (2009 - Acrylique sur papier : 59,5 x 42 cm)\" \/>&nbsp;&nbsp;<img src=\"\/wordpress\/wp-content\/uploads\/img\/ts2_wb.jpg\" title=\"After dark, #2 (2009 - Acrylique sur papier : 59,5 x 42 cm)\" \/>&nbsp;&nbsp;<img src=\"\/wordpress\/wp-content\/uploads\/img\/ts4_wb.jpg\" title=\"After dark, #3 (2009 - Acrylique sur papier : 59, 5 x 42 cm)\" \/>&nbsp;&nbsp;<img src=\"\/wordpress\/wp-content\/uploads\/img\/ts5_wb.jpg\" title=\"After dark, #4 (2009 - Acrylique sur papier : 59,5 x 42 cm)\" \/>&nbsp;&nbsp;<img src=\"\/wordpress\/wp-content\/uploads\/img\/ts3_wb.jpg\" title=\"After dark, #5 (2009 - Acrylique sur papier : 59, 5 x 42 cm)\" \/>&nbsp;&nbsp;<img src=\"\/wordpress\/wp-content\/uploads\/img\/ts6_wb.jpg\" title=\"After dark, #6 (2009 - Acrylique sur papier : 59,5 x 42 cm)\" \/>&nbsp;&nbsp;<img src=\"\/wordpress\/wp-content\/uploads\/img\/ha_wb.jpg\" title=\"HA (2009 - Acrylique sur papier : 29 x 21 cm)\" \/>&nbsp;&nbsp;<\/p>\n<!-- AddThis Advanced Settings generic via filter on the_content --><!-- AddThis Share Buttons generic via filter on the_content -->","protected":false},"excerpt":{"rendered":"<p>Vernissages \/ \u00e9v\u00e9nements : &bull; (2009-09-15 &#8211; 2009-10-01) It was a dark and stormy night&#8230; On conna\u00eet Tim Sander pour son Requiem for 100 cars, dont la premi\u00e8re sauvage en 2007 avait \u00e9t\u00e9 interrompue par l\u2019intervention de la police. Les pi\u00e8ces pr\u00e9sent\u00e9es par la galerie incognito sur une proposition de Nicolas Giraud sont plus sages [&hellip;]<!-- AddThis Advanced Settings generic via filter on get_the_excerpt --><!-- AddThis Share Buttons generic via filter on get_the_excerpt --><\/p>\n","protected":false},"author":1,"featured_media":0,"parent":13,"menu_order":0,"comment_status":"closed","ping_status":"open","template":"","meta":[],"translation":{"provider":"WPGlobus","version":"2.8.4","language":"de","enabled_languages":["en","es","de","fr","ru"],"languages":{"en":{"title":true,"content":true,"excerpt":false},"es":{"title":false,"content":false,"excerpt":false},"de":{"title":false,"content":false,"excerpt":false},"fr":{"title":false,"content":false,"excerpt":false},"ru":{"title":false,"content":false,"excerpt":false}}},"yoast_head":"<!-- This site is optimized with the Yoast SEO plugin v17.4 - https:\/\/yoast.com\/wordpress\/plugins\/seo\/ -->\n<meta name=\"robots\" content=\"index, follow, max-snippet:-1, max-image-preview:large, max-video-preview:-1\" \/>\n<link rel=\"canonical\" href=\"https:\/\/incognito24h24.com\/de\/artistes-resident\/tim-sander\/\" \/>\n<meta property=\"og:locale\" content=\"de_DE\" \/>\n<meta property=\"og:type\" content=\"article\" \/>\n<meta property=\"og:title\" content=\"Tim Sander - incognito artclub\" \/>\n<meta property=\"og:url\" content=\"https:\/\/incognito24h24.com\/de\/artistes-resident\/tim-sander\/\" \/>\n<meta property=\"og:site_name\" content=\"incognito artclub\" \/>\n<meta property=\"article:modified_time\" content=\"2017-01-16T10:29:23+00:00\" \/>\n<meta property=\"og:image\" content=\"https:\/\/incognito24h24.com\/wordpress\/wp-content\/uploads\/img\/mask1_wb.jpg\" \/>\n<meta name=\"twitter:label1\" content=\"Est. reading time\" \/>\n\t<meta name=\"twitter:data1\" content=\"2 minutes\" \/>\n<script type=\"application\/ld+json\" class=\"yoast-schema-graph\">{\"@context\":\"https:\/\/schema.org\",\"@graph\":[{\"@type\":\"WebSite\",\"@id\":\"https:\/\/incognito24h24.com\/de\/#website\",\"url\":\"https:\/\/incognito24h24.com\/de\/\",\"name\":\"incognito artclub\",\"description\":\"galerie d&#039;art contemporain \\u00e0 Paris\",\"potentialAction\":[{\"@type\":\"SearchAction\",\"target\":{\"@type\":\"EntryPoint\",\"urlTemplate\":\"https:\/\/incognito24h24.com\/de\/?s={search_term_string}\"},\"query-input\":\"required name=search_term_string\"}],\"inLanguage\":\"de-DE\"},{\"@type\":\"ImageObject\",\"@id\":\"https:\/\/incognito24h24.com\/de\/artistes-resident\/tim-sander\/#primaryimage\",\"inLanguage\":\"de-DE\",\"url\":\"\/wordpress\/wp-content\/uploads\/img\/mask1_wb.jpg\",\"contentUrl\":\"\/wordpress\/wp-content\/uploads\/img\/mask1_wb.jpg\"},{\"@type\":\"WebPage\",\"@id\":\"https:\/\/incognito24h24.com\/de\/artistes-resident\/tim-sander\/#webpage\",\"url\":\"https:\/\/incognito24h24.com\/de\/artistes-resident\/tim-sander\/\",\"name\":\"Tim Sander - incognito artclub\",\"isPartOf\":{\"@id\":\"https:\/\/incognito24h24.com\/de\/#website\"},\"primaryImageOfPage\":{\"@id\":\"https:\/\/incognito24h24.com\/de\/artistes-resident\/tim-sander\/#primaryimage\"},\"datePublished\":\"2014-03-06T11:00:00+00:00\",\"dateModified\":\"2017-01-16T10:29:23+00:00\",\"breadcrumb\":{\"@id\":\"https:\/\/incognito24h24.com\/de\/artistes-resident\/tim-sander\/#breadcrumb\"},\"inLanguage\":\"de-DE\",\"potentialAction\":[{\"@type\":\"ReadAction\",\"target\":[\"https:\/\/incognito24h24.com\/de\/artistes-resident\/tim-sander\/\"]}]},{\"@type\":\"BreadcrumbList\",\"@id\":\"https:\/\/incognito24h24.com\/de\/artistes-resident\/tim-sander\/#breadcrumb\",\"itemListElement\":[{\"@type\":\"ListItem\",\"position\":1,\"name\":\"Accueil\",\"item\":\"https:\/\/incognito24h24.com\/de\/\"},{\"@type\":\"ListItem\",\"position\":2,\"name\":\"artistes resident\",\"item\":\"https:\/\/incognito24h24.com\/de\/artistes-resident\/\"},{\"@type\":\"ListItem\",\"position\":3,\"name\":\"Tim Sander\"}]}]}<\/script>\n<!-- \/ Yoast SEO plugin. -->","yoast_head_json":{"robots":{"index":"index","follow":"follow","max-snippet":"max-snippet:-1","max-image-preview":"max-image-preview:large","max-video-preview":"max-video-preview:-1"},"canonical":"https:\/\/incognito24h24.com\/de\/artistes-resident\/tim-sander\/","og_locale":"de_DE","og_type":"article","og_title":"Tim Sander - incognito artclub","og_url":"https:\/\/incognito24h24.com\/de\/artistes-resident\/tim-sander\/","og_site_name":"incognito artclub","article_modified_time":"2017-01-16T10:29:23+00:00","og_image":[{"url":"https:\/\/incognito24h24.com\/wordpress\/wp-content\/uploads\/img\/mask1_wb.jpg"}],"twitter_misc":{"Est. reading time":"2 minutes"},"schema":{"@context":"https:\/\/schema.org","@graph":[{"@type":"WebSite","@id":"https:\/\/incognito24h24.com\/de\/#website","url":"https:\/\/incognito24h24.com\/de\/","name":"incognito artclub","description":"galerie d&#039;art contemporain \u00e0 Paris","potentialAction":[{"@type":"SearchAction","target":{"@type":"EntryPoint","urlTemplate":"https:\/\/incognito24h24.com\/de\/?s={search_term_string}"},"query-input":"required name=search_term_string"}],"inLanguage":"de-DE"},{"@type":"ImageObject","@id":"https:\/\/incognito24h24.com\/de\/artistes-resident\/tim-sander\/#primaryimage","inLanguage":"de-DE","url":"\/wordpress\/wp-content\/uploads\/img\/mask1_wb.jpg","contentUrl":"\/wordpress\/wp-content\/uploads\/img\/mask1_wb.jpg"},{"@type":"WebPage","@id":"https:\/\/incognito24h24.com\/de\/artistes-resident\/tim-sander\/#webpage","url":"https:\/\/incognito24h24.com\/de\/artistes-resident\/tim-sander\/","name":"Tim Sander - incognito artclub","isPartOf":{"@id":"https:\/\/incognito24h24.com\/de\/#website"},"primaryImageOfPage":{"@id":"https:\/\/incognito24h24.com\/de\/artistes-resident\/tim-sander\/#primaryimage"},"datePublished":"2014-03-06T11:00:00+00:00","dateModified":"2017-01-16T10:29:23+00:00","breadcrumb":{"@id":"https:\/\/incognito24h24.com\/de\/artistes-resident\/tim-sander\/#breadcrumb"},"inLanguage":"de-DE","potentialAction":[{"@type":"ReadAction","target":["https:\/\/incognito24h24.com\/de\/artistes-resident\/tim-sander\/"]}]},{"@type":"BreadcrumbList","@id":"https:\/\/incognito24h24.com\/de\/artistes-resident\/tim-sander\/#breadcrumb","itemListElement":[{"@type":"ListItem","position":1,"name":"Accueil","item":"https:\/\/incognito24h24.com\/de\/"},{"@type":"ListItem","position":2,"name":"artistes resident","item":"https:\/\/incognito24h24.com\/de\/artistes-resident\/"},{"@type":"ListItem","position":3,"name":"Tim Sander"}]}]}},"_links":{"self":[{"href":"https:\/\/incognito24h24.com\/de\/wp-json\/wp\/v2\/pages\/133"}],"collection":[{"href":"https:\/\/incognito24h24.com\/de\/wp-json\/wp\/v2\/pages"}],"about":[{"href":"https:\/\/incognito24h24.com\/de\/wp-json\/wp\/v2\/types\/page"}],"author":[{"embeddable":true,"href":"https:\/\/incognito24h24.com\/de\/wp-json\/wp\/v2\/users\/1"}],"replies":[{"embeddable":true,"href":"https:\/\/incognito24h24.com\/de\/wp-json\/wp\/v2\/comments?post=133"}],"version-history":[{"count":0,"href":"https:\/\/incognito24h24.com\/de\/wp-json\/wp\/v2\/pages\/133\/revisions"}],"up":[{"embeddable":true,"href":"https:\/\/incognito24h24.com\/de\/wp-json\/wp\/v2\/pages\/13"}],"wp:attachment":[{"href":"https:\/\/incognito24h24.com\/de\/wp-json\/wp\/v2\/media?parent=133"}],"curies":[{"name":"wp","href":"https:\/\/api.w.org\/{rel}","templated":true}]}}