{"id":1068,"date":"2020-07-24T09:53:38","date_gmt":"2020-07-24T08:53:38","guid":{"rendered":"http:\/\/incognito.vu\/?page_id=1068"},"modified":"2020-07-24T10:01:37","modified_gmt":"2020-07-24T09:01:37","slug":"sarcophage","status":"publish","type":"page","link":"https:\/\/incognito24h24.com\/de\/artistes-resident\/gerard-zlotykamien\/sarcophage\/","title":{"rendered":"Sarcophage"},"content":{"rendered":"\n<p>1-31 Ao\u00fbt 2020<\/p>\n\n\n\n<p>La galerie incognito est heureuse de pr\u00e9senter la septi\u00e8me exposition personnelle de l&#8217;artiste G\u00e9rard Zlotykamien, apparent\u00e9 \u00e0 l&#8217;Art urbain.<\/p>\n\n\n\n<p>Pour ce nouvel opus, Zloty connu pour ses Eph\u00e9meres, formes symbolisant la fragilit\u00e9 de l&#8217;homme au regard de l&#8217;humanit\u00e9, revient avec un nouveau regard, forc\u00e9ment un nouveau regard.<\/p>\n\n\n\n<p>La mouche sarcophage de la famille des Sarcophagidae vit dans les zones temp\u00e9r\u00e9es.<\/p>\n\n\n\n<p>Elle entre dans les maisons pour pondre sur la viande et dans la nature, sur les animaux morts.<\/p>\n\n\n\n<p>C&#8217;est une des esp\u00e8ces que les <em>Hygi\u00e9nistes<\/em> cherchent \u00e0 \u00e9loigner des habitations en raison des risques de bact\u00e9ries qu&#8217;elle peut v\u00e9hiculer.<\/p>\n\n\n\n<p>A la diff\u00e9rence de l&#8217;\u00eatre humain, elle ne tue pas ses cong\u00e9n\u00e8res.<\/p>\n\n\n\n<p>L&#8217;id\u00e9e du nouveau travail de G\u00e9rard Zlotykamien est inspir\u00e9 de sa lecture de l&#8217;ouvrage &#8220;Dieu et les Hommes&#8221; dialogue entre l&#8217;Abb\u00e9 Pierre et Bernard Kouchner aux Editions Corps 16.<\/p>\n\n\n\n[Extrait]\n\n\n\n<p><strong>Abb\u00e9 Pierre<\/strong> :<\/p>\n\n\n\n<p>Tu r\u00e9p\u00e8tes que l&#8217;homme est mauvais.IL m&#8217;est impossible d&#8217;accepter cette formulation.L&#8217;homme <em>peut \u00eatre <\/em>mauvais, et pas qu&#8217;un peu.Mais il faut qu&#8217;il y ait une allumette pour l&#8217;enflammer. [&#8230;]\n\n\n\n<p><strong>Bernard Kouchner<\/strong> :<\/p>\n\n\n\n<p>Ecoute, mon p\u00e8re, quelque chose dont je n&#8217;ai jamais parl\u00e9&#8230;je pense que j&#8217;ai d\u00fb manger de la chair humaine.Oui, moi, au Biafra.On invitait les m\u00e9decins en brousse, dans les temps de famine o\u00f9 mouraient les enfants alors que les serpents se vendaient au march\u00e9.On nous offrait \u00e0 diner, or dans le pays il n&#8217;y avait plus rien \u00e0 manger&#8230;On s&#8217;est aper\u00e7u, plus tard, qu&#8217;il y avait un trafic des restes des combattants qui venaient du front.<\/p>\n\n\n\n<p>Cela a provoqu\u00e9 chez nous des hauts-le-coeur retrospectifs. Mais que veux-tu, mon p\u00e8re, c&#8217;est ainsi.[&#8230;]\n\n\n\n<p><strong>*<\/strong>qui ronge les chairs<\/p>\n\n\n\n<p>2008 <strong>&gt;<\/strong> La Grande Retrospective<\/p>\n\n\n\n<p>2011<strong> &gt;<\/strong> Cendres d&#8217;Eph\u00e9m\u00e8res<\/p>\n\n\n\n<p>2012<strong> &gt;<\/strong> Porte d&#8217;un mirador de Berlin<\/p>\n\n\n\n<p>2015<strong> &gt;<\/strong> Hommage \u00e0 Yves Klein<\/p>\n\n\n\n<p>2016<strong> &gt;<\/strong> Galaxy Art<\/p>\n\n\n\n<p>2018<strong> &gt;<\/strong> Le D\u00e9part<\/p>\n\n\n\n<p>2020<strong> &gt;<\/strong> Sarcophage<\/p>\n<!-- AddThis Advanced Settings generic via filter on the_content --><!-- AddThis Share Buttons generic via filter on the_content -->","protected":false},"excerpt":{"rendered":"<p>1-31 Ao\u00fbt 2020 La galerie incognito est heureuse de pr\u00e9senter la septi\u00e8me exposition personnelle de l&#8217;artiste G\u00e9rard Zlotykamien, apparent\u00e9 \u00e0 l&#8217;Art urbain. Pour ce nouvel opus, Zloty connu pour ses Eph\u00e9meres, formes symbolisant la fragilit\u00e9 de l&#8217;homme au regard de l&#8217;humanit\u00e9, revient avec un nouveau regard, forc\u00e9ment un nouveau regard. La mouche sarcophage de la [&hellip;]<!-- AddThis Advanced Settings generic via filter on get_the_excerpt --><!-- AddThis Share Buttons generic via filter on get_the_excerpt --><\/p>\n","protected":false},"author":1,"featured_media":1055,"parent":397,"menu_order":0,"comment_status":"closed","ping_status":"closed","template":"","meta":[],"translation":{"provider":"WPGlobus","version":"2.8.4","language":"de","enabled_languages":["en","es","de","fr","ru"],"languages":{"en":{"title":true,"content":true,"excerpt":false},"es":{"title":false,"content":false,"excerpt":false},"de":{"title":false,"content":false,"excerpt":false},"fr":{"title":false,"content":false,"excerpt":false},"ru":{"title":false,"content":false,"excerpt":false}}},"yoast_head":"<!-- This site is optimized with the Yoast SEO plugin v17.4 - https:\/\/yoast.com\/wordpress\/plugins\/seo\/ -->\n<meta name=\"robots\" content=\"index, follow, max-snippet:-1, max-image-preview:large, max-video-preview:-1\" \/>\n<link rel=\"canonical\" href=\"https:\/\/incognito24h24.com\/de\/artistes-resident\/gerard-zlotykamien\/sarcophage\/\" \/>\n<meta property=\"og:locale\" content=\"de_DE\" \/>\n<meta property=\"og:type\" content=\"article\" \/>\n<meta property=\"og:title\" content=\"Sarcophage - incognito artclub\" \/>\n<meta property=\"og:url\" content=\"https:\/\/incognito24h24.com\/de\/artistes-resident\/gerard-zlotykamien\/sarcophage\/\" \/>\n<meta property=\"og:site_name\" content=\"incognito artclub\" \/>\n<meta property=\"article:modified_time\" content=\"2020-07-24T09:01:37+00:00\" \/>\n<meta property=\"og:image\" content=\"https:\/\/incognito24h24.com\/wordpress\/wp-content\/uploads\/2020\/07\/d\u00e9tail-horizontal.jpg\" \/>\n\t<meta property=\"og:image:width\" content=\"2145\" \/>\n\t<meta property=\"og:image:height\" content=\"925\" \/>\n<meta name=\"twitter:label1\" content=\"Est. reading time\" \/>\n\t<meta name=\"twitter:data1\" content=\"2 minutes\" \/>\n<script type=\"application\/ld+json\" class=\"yoast-schema-graph\">{\"@context\":\"https:\/\/schema.org\",\"@graph\":[{\"@type\":\"WebSite\",\"@id\":\"https:\/\/incognito24h24.com\/de\/#website\",\"url\":\"https:\/\/incognito24h24.com\/de\/\",\"name\":\"incognito artclub\",\"description\":\"galerie d&#039;art contemporain \\u00e0 Paris\",\"potentialAction\":[{\"@type\":\"SearchAction\",\"target\":{\"@type\":\"EntryPoint\",\"urlTemplate\":\"https:\/\/incognito24h24.com\/de\/?s={search_term_string}\"},\"query-input\":\"required name=search_term_string\"}],\"inLanguage\":\"de-DE\"},{\"@type\":\"ImageObject\",\"@id\":\"https:\/\/incognito24h24.com\/de\/artistes-resident\/gerard-zlotykamien\/sarcophage\/#primaryimage\",\"inLanguage\":\"de-DE\",\"url\":\"https:\/\/incognito24h24.com\/wordpress\/wp-content\/uploads\/2020\/07\/d\\u00e9tail-horizontal.jpg\",\"contentUrl\":\"https:\/\/incognito24h24.com\/wordpress\/wp-content\/uploads\/2020\/07\/d\\u00e9tail-horizontal.jpg\",\"width\":2145,\"height\":925},{\"@type\":\"WebPage\",\"@id\":\"https:\/\/incognito24h24.com\/de\/artistes-resident\/gerard-zlotykamien\/sarcophage\/#webpage\",\"url\":\"https:\/\/incognito24h24.com\/de\/artistes-resident\/gerard-zlotykamien\/sarcophage\/\",\"name\":\"Sarcophage - incognito artclub\",\"isPartOf\":{\"@id\":\"https:\/\/incognito24h24.com\/de\/#website\"},\"primaryImageOfPage\":{\"@id\":\"https:\/\/incognito24h24.com\/de\/artistes-resident\/gerard-zlotykamien\/sarcophage\/#primaryimage\"},\"datePublished\":\"2020-07-24T08:53:38+00:00\",\"dateModified\":\"2020-07-24T09:01:37+00:00\",\"breadcrumb\":{\"@id\":\"https:\/\/incognito24h24.com\/de\/artistes-resident\/gerard-zlotykamien\/sarcophage\/#breadcrumb\"},\"inLanguage\":\"de-DE\",\"potentialAction\":[{\"@type\":\"ReadAction\",\"target\":[\"https:\/\/incognito24h24.com\/de\/artistes-resident\/gerard-zlotykamien\/sarcophage\/\"]}]},{\"@type\":\"BreadcrumbList\",\"@id\":\"https:\/\/incognito24h24.com\/de\/artistes-resident\/gerard-zlotykamien\/sarcophage\/#breadcrumb\",\"itemListElement\":[{\"@type\":\"ListItem\",\"position\":1,\"name\":\"Accueil\",\"item\":\"https:\/\/incognito24h24.com\/de\/\"},{\"@type\":\"ListItem\",\"position\":2,\"name\":\"artistes resident\",\"item\":\"https:\/\/incognito24h24.com\/de\/artistes-resident\/\"},{\"@type\":\"ListItem\",\"position\":3,\"name\":\"G\\u00e9rard Zlotykamien\",\"item\":\"https:\/\/incognito24h24.com\/de\/artistes-resident\/gerard-zlotykamien\/\"},{\"@type\":\"ListItem\",\"position\":4,\"name\":\"Sarcophage\"}]}]}<\/script>\n<!-- \/ Yoast SEO plugin. -->","yoast_head_json":{"robots":{"index":"index","follow":"follow","max-snippet":"max-snippet:-1","max-image-preview":"max-image-preview:large","max-video-preview":"max-video-preview:-1"},"canonical":"https:\/\/incognito24h24.com\/de\/artistes-resident\/gerard-zlotykamien\/sarcophage\/","og_locale":"de_DE","og_type":"article","og_title":"Sarcophage - incognito artclub","og_url":"https:\/\/incognito24h24.com\/de\/artistes-resident\/gerard-zlotykamien\/sarcophage\/","og_site_name":"incognito artclub","article_modified_time":"2020-07-24T09:01:37+00:00","og_image":[{"width":2145,"height":925,"url":"https:\/\/incognito24h24.com\/wordpress\/wp-content\/uploads\/2020\/07\/d\u00e9tail-horizontal.jpg","type":"image\/jpeg"}],"twitter_misc":{"Est. reading time":"2 minutes"},"schema":{"@context":"https:\/\/schema.org","@graph":[{"@type":"WebSite","@id":"https:\/\/incognito24h24.com\/de\/#website","url":"https:\/\/incognito24h24.com\/de\/","name":"incognito artclub","description":"galerie d&#039;art contemporain \u00e0 Paris","potentialAction":[{"@type":"SearchAction","target":{"@type":"EntryPoint","urlTemplate":"https:\/\/incognito24h24.com\/de\/?s={search_term_string}"},"query-input":"required name=search_term_string"}],"inLanguage":"de-DE"},{"@type":"ImageObject","@id":"https:\/\/incognito24h24.com\/de\/artistes-resident\/gerard-zlotykamien\/sarcophage\/#primaryimage","inLanguage":"de-DE","url":"https:\/\/incognito24h24.com\/wordpress\/wp-content\/uploads\/2020\/07\/d\u00e9tail-horizontal.jpg","contentUrl":"https:\/\/incognito24h24.com\/wordpress\/wp-content\/uploads\/2020\/07\/d\u00e9tail-horizontal.jpg","width":2145,"height":925},{"@type":"WebPage","@id":"https:\/\/incognito24h24.com\/de\/artistes-resident\/gerard-zlotykamien\/sarcophage\/#webpage","url":"https:\/\/incognito24h24.com\/de\/artistes-resident\/gerard-zlotykamien\/sarcophage\/","name":"Sarcophage - incognito artclub","isPartOf":{"@id":"https:\/\/incognito24h24.com\/de\/#website"},"primaryImageOfPage":{"@id":"https:\/\/incognito24h24.com\/de\/artistes-resident\/gerard-zlotykamien\/sarcophage\/#primaryimage"},"datePublished":"2020-07-24T08:53:38+00:00","dateModified":"2020-07-24T09:01:37+00:00","breadcrumb":{"@id":"https:\/\/incognito24h24.com\/de\/artistes-resident\/gerard-zlotykamien\/sarcophage\/#breadcrumb"},"inLanguage":"de-DE","potentialAction":[{"@type":"ReadAction","target":["https:\/\/incognito24h24.com\/de\/artistes-resident\/gerard-zlotykamien\/sarcophage\/"]}]},{"@type":"BreadcrumbList","@id":"https:\/\/incognito24h24.com\/de\/artistes-resident\/gerard-zlotykamien\/sarcophage\/#breadcrumb","itemListElement":[{"@type":"ListItem","position":1,"name":"Accueil","item":"https:\/\/incognito24h24.com\/de\/"},{"@type":"ListItem","position":2,"name":"artistes resident","item":"https:\/\/incognito24h24.com\/de\/artistes-resident\/"},{"@type":"ListItem","position":3,"name":"G\u00e9rard Zlotykamien","item":"https:\/\/incognito24h24.com\/de\/artistes-resident\/gerard-zlotykamien\/"},{"@type":"ListItem","position":4,"name":"Sarcophage"}]}]}},"_links":{"self":[{"href":"https:\/\/incognito24h24.com\/de\/wp-json\/wp\/v2\/pages\/1068"}],"collection":[{"href":"https:\/\/incognito24h24.com\/de\/wp-json\/wp\/v2\/pages"}],"about":[{"href":"https:\/\/incognito24h24.com\/de\/wp-json\/wp\/v2\/types\/page"}],"author":[{"embeddable":true,"href":"https:\/\/incognito24h24.com\/de\/wp-json\/wp\/v2\/users\/1"}],"replies":[{"embeddable":true,"href":"https:\/\/incognito24h24.com\/de\/wp-json\/wp\/v2\/comments?post=1068"}],"version-history":[{"count":2,"href":"https:\/\/incognito24h24.com\/de\/wp-json\/wp\/v2\/pages\/1068\/revisions"}],"predecessor-version":[{"id":1070,"href":"https:\/\/incognito24h24.com\/de\/wp-json\/wp\/v2\/pages\/1068\/revisions\/1070"}],"up":[{"embeddable":true,"href":"https:\/\/incognito24h24.com\/de\/wp-json\/wp\/v2\/pages\/397"}],"wp:featuredmedia":[{"embeddable":true,"href":"https:\/\/incognito24h24.com\/de\/wp-json\/wp\/v2\/media\/1055"}],"wp:attachment":[{"href":"https:\/\/incognito24h24.com\/de\/wp-json\/wp\/v2\/media?parent=1068"}],"curies":[{"name":"wp","href":"https:\/\/api.w.org\/{rel}","templated":true}]}}